{"id":16688,"date":"2020-12-03T10:36:13","date_gmt":"2020-12-03T10:36:13","guid":{"rendered":"https:\/\/www.hri-research.org\/?page_id=16688"},"modified":"2020-12-07T16:36:52","modified_gmt":"2020-12-07T16:36:52","slug":"financement","status":"publish","type":"page","link":"https:\/\/www.hri-research.org\/fr\/a-propos-du-hri\/financement\/","title":{"rendered":"Financement"},"content":{"rendered":"<h3 class=\"accent\">Principaux donateurs<\/h3>\n<p>Toute l&rsquo;\u00e9quipe du HRI veut exprimer son immense reconnaissance \u00e0 ses m\u00e9c\u00e8nes, dont le soutien financier a \u00e9t\u00e9 et reste essentiel pour mener \u00e0 bien les activit\u00e9s de notre Institut. Sans leur aide, nous ne serions jamais arriv\u00e9s aussi loin et nous n&rsquo;aurions pas pu poursuivre ce travail qui nous tient tant \u00e0 c\u0153ur.<\/p>\n<p>Nous souhaitons notamment remercier M. Charles Wansbrough, qui est personnellement \u00e0 l&rsquo;origine de la plupart des fonds du HRI.<\/p>\n<p><span style=\"font-size: 14px;\"><div class=\"profile\"><\/span><\/p>\n<div class=\"profile-headshot col-2 no-margin-left\">\n<p><a href=\"https:\/\/www.hri-research.org\/wp-content\/uploads\/2013\/11\/Charles_small.jpg\"><img loading=\"lazy\" decoding=\"async\" class=\"alignnone size-people_listing_headshot wp-image-131\" src=\"https:\/\/www.hri-research.org\/wp-content\/uploads\/2013\/11\/Charles_small-147x180.jpg\" alt=\"Charles\" width=\"98\" height=\"120\" srcset=\"https:\/\/www.hri-research.org\/wp-content\/uploads\/2013\/11\/Charles_small-147x180.jpg 147w, https:\/\/www.hri-research.org\/wp-content\/uploads\/2013\/11\/Charles_small-243x300.jpg 243w, https:\/\/www.hri-research.org\/wp-content\/uploads\/2013\/11\/Charles_small.jpg 400w\" sizes=\"auto, (max-width: 98px) 100vw, 98px\" \/><\/a><\/p>\n<\/div>\n<div class=\"profile-bio col-7 no-margin-right\">\n<h3>Charles Wansbrough<\/h3>\n<p>\u00ab\u00a0Ce qui m&rsquo;int\u00e9resse, c&rsquo;est le changement de paradigme scientifique que peut repr\u00e9senter l&rsquo;hom\u00e9opathie. Nous faisons confiance \u00e0 la m\u00e9decine et aux technologies modernes mais nous nous m\u00e9fions de l&rsquo;hom\u00e9opathie parce qu&rsquo;elle refuse de se conformer aux mod\u00e8les scientifiques actuels. Pour surmonter ces pr\u00e9jug\u00e9s essentiels, il faut financer des instituts qui osent remettre en question la vision scientifique dominante sur le monde, et explorer de nouveaux mod\u00e8les qui nous permettent de mieux le comprendre.<\/p>\n<p>L&rsquo;hom\u00e9opathie est trop bien ancr\u00e9e et pris\u00e9e des patients pour \u00eatre purement et simplement bannie. Mais tant qu&rsquo;on ne comprendra pas son m\u00e9canisme d&rsquo;action, elle continuera \u00e0 faire l&rsquo;objet de controverses. Faute d&rsquo;un mod\u00e8le coh\u00e9rent pour expliquer son fonctionnement, l&rsquo;impact de l&rsquo;hom\u00e9opathie sur la sant\u00e9 mondiale est limit\u00e9, malgr\u00e9 les formidables perspectives qu&rsquo;elle ouvre sur les relations entre corps et esprit et sur les propri\u00e9t\u00e9s de la mati\u00e8re, par exemple. Il est donc indispensable de financer des instituts comme celui-ci, qui encourage les scientifiques dans leurs efforts pour r\u00e9pondre \u00e0 la question essentielle du fonctionnement de l&rsquo;hom\u00e9opathie.\u00a0\u00bb<\/p>\n<\/div>\n<div class=\"clear\"><\/div><\/div><\/p>\n<hr class=\"hri-admin-seperator\" \/>\n<div class=\"profile\">\n<div class=\"profile-headshot col-2 no-margin-left\">\n<p><a href=\"https:\/\/www.hri-research.org\/wp-content\/uploads\/2013\/11\/Lady-Holmes_small.jpg\"><img loading=\"lazy\" decoding=\"async\" class=\"alignnone size-people_listing_headshot wp-image-130\" src=\"https:\/\/www.hri-research.org\/wp-content\/uploads\/2013\/11\/Lady-Holmes_small-147x161.jpg\" alt=\"Lady Holmes\" width=\"98\" height=\"107\" srcset=\"https:\/\/www.hri-research.org\/wp-content\/uploads\/2013\/11\/Lady-Holmes_small-147x161.jpg 147w, https:\/\/www.hri-research.org\/wp-content\/uploads\/2013\/11\/Lady-Holmes_small-272x300.jpg 272w, https:\/\/www.hri-research.org\/wp-content\/uploads\/2013\/11\/Lady-Holmes_small.jpg 400w\" sizes=\"auto, (max-width: 98px) 100vw, 98px\" \/><\/a><\/p>\n<\/div>\n<div class=\"profile-bio col-7 no-margin-right\">\n<h3>Lady Mary Holmes<\/h3>\n<p>\u00ab\u00a0Moi qui ai suivi un traitement hom\u00e9opathique d\u00e8s l&rsquo;\u00e2ge de six ou sept ans, je suis bien plac\u00e9e pour conna\u00eetre ses nombreux avantages. Au cours des trente derni\u00e8res ann\u00e9es, j&rsquo;ai \u00e9t\u00e9 soumise \u00e0 plusieurs reprises \u00e0 un stress important qui a eu des cons\u00e9quences n\u00e9gatives sur ma sant\u00e9 et mon bien-\u00eatre en g\u00e9n\u00e9ral. L&rsquo;hom\u00e9opathie m&rsquo;a \u00e9t\u00e9 d&rsquo;un secours inestimable pour traverser ces \u00e9pisodes&#8230; sans effets secondaires\u00a0! C&rsquo;est l&rsquo;un des grands avantages de l&rsquo;hom\u00e9opathie\u00a0: le m\u00e9dicament est pertinent mais n&rsquo;a pas d&rsquo;effets secondaires. J&rsquo;ai aujourd&rsquo;hui plus de soixante-dix ans et je continue \u00e0 mener une vie active, gr\u00e2ce \u00e0 l&rsquo;hom\u00e9opathie qui m&rsquo;aide \u00e0 rester en bonne sant\u00e9.\u00a0\u00bb<\/p>\n<\/div>\n<div class=\"clear\"><\/div><\/div>\n<hr class=\"hri-admin-seperator\" \/>\n<p>Pour plus d&rsquo;informations sur les sources de financement du HRI, cliquez <a href=\"https:\/\/www.hri-research.org\/fr\/vos-dons-sont-une-aide-precieuse\/ils-nous-soutiennent\/\">ici<\/a>.<\/p>\n","protected":false},"excerpt":{"rendered":"<p>Principaux donateurs Toute l&rsquo;\u00e9quipe du HRI veut exprimer son immense reconnaissance \u00e0 ses m\u00e9c\u00e8nes, dont le soutien financier a \u00e9t\u00e9 et reste essentiel pour mener \u00e0 bien les activit\u00e9s de notre Institut. Sans leur aide, nous ne serions jamais arriv\u00e9s aussi loin et nous n&rsquo;aurions pas pu poursuivre ce travail qui nous tient tant \u00e0 [&hellip;]<\/p>\n","protected":false},"author":835,"featured_media":0,"parent":16657,"menu_order":0,"comment_status":"closed","ping_status":"closed","template":"","meta":{"footnotes":""},"class_list":["post-16688","page","type-page","status-publish","hentry"],"jetpack_sharing_enabled":true,"_links":{"self":[{"href":"https:\/\/www.hri-research.org\/fr\/wp-json\/wp\/v2\/pages\/16688","targetHints":{"allow":["GET"]}}],"collection":[{"href":"https:\/\/www.hri-research.org\/fr\/wp-json\/wp\/v2\/pages"}],"about":[{"href":"https:\/\/www.hri-research.org\/fr\/wp-json\/wp\/v2\/types\/page"}],"author":[{"embeddable":true,"href":"https:\/\/www.hri-research.org\/fr\/wp-json\/wp\/v2\/users\/835"}],"replies":[{"embeddable":true,"href":"https:\/\/www.hri-research.org\/fr\/wp-json\/wp\/v2\/comments?post=16688"}],"version-history":[{"count":0,"href":"https:\/\/www.hri-research.org\/fr\/wp-json\/wp\/v2\/pages\/16688\/revisions"}],"up":[{"embeddable":true,"href":"https:\/\/www.hri-research.org\/fr\/wp-json\/wp\/v2\/pages\/16657"}],"wp:attachment":[{"href":"https:\/\/www.hri-research.org\/fr\/wp-json\/wp\/v2\/media?parent=16688"}],"curies":[{"name":"wp","href":"https:\/\/api.w.org\/{rel}","templated":true}]}}