{"id":16660,"date":"2020-12-03T10:13:22","date_gmt":"2020-12-03T10:13:22","guid":{"rendered":"https:\/\/www.hri-research.org\/?page_id=16660"},"modified":"2023-04-28T17:14:46","modified_gmt":"2023-04-28T17:14:46","slug":"comite-scientifique-consultatif","status":"publish","type":"page","link":"https:\/\/www.hri-research.org\/fr\/a-propos-du-hri\/comite-scientifique-consultatif\/","title":{"rendered":"Comit\u00e9 scientifique consultatif"},"content":{"rendered":"<p>Le Comit\u00e9 scientifique consultatif du HRI est une \u00e9quipe ind\u00e9pendante rassemblant des experts de la recherche en hom\u00e9opathie et en m\u00e9decines parall\u00e8les, qui apporte les fondements scientifiques essentiels pour consolider la mission de notre Institut.<\/p>\n<p>Les membres du Comit\u00e9 sont nomm\u00e9s sur la base de leurs comp\u00e9tences et de leurs connaissances. Ils sont tenus de d\u00e9clarer tout conflit d&rsquo;int\u00e9r\u00eats.<\/p>\n<p>Outre les conseils qu&rsquo;ils formulent sur des questions th\u00e9oriques, les membres du Comit\u00e9 \u00e9valuent tous les projets de recherche qui nous sont pr\u00e9sent\u00e9s, en les soumettant \u00e0 un rigoureux processus d&rsquo;examen coll\u00e9gial, qui nous permet d&rsquo;orienter les dons vers les projets les plus prometteurs.<\/p>\n<p>L&rsquo;intervention du Comit\u00e9 scientifique consultatif permet au HRI de travailler en toute confiance en faveur d&rsquo;une recherche de grande qualit\u00e9 et de d\u00e9velopper des liens solides au sein de la communaut\u00e9 scientifique internationale.<\/p>\n<h3>Membres du Comit\u00e9<\/h3>\n<div class=\"profile\">\n<div class=\"profile-headshot col-2 no-margin-left\">\n<p><a href=\"https:\/\/www.hri-research.org\/wp-content\/uploads\/2013\/11\/Stephan-Baumgartner_small.jpg\"><img loading=\"lazy\" decoding=\"async\" class=\"alignnone size-people_listing_headshot wp-image-136\" src=\"https:\/\/www.hri-research.org\/wp-content\/uploads\/2013\/11\/Stephan-Baumgartner_small-147x174.jpg\" alt=\"Stephan Baumgartner\" width=\"98\" height=\"116\" srcset=\"https:\/\/www.hri-research.org\/wp-content\/uploads\/2013\/11\/Stephan-Baumgartner_small-147x174.jpg 147w, https:\/\/www.hri-research.org\/wp-content\/uploads\/2013\/11\/Stephan-Baumgartner_small-252x300.jpg 252w, https:\/\/www.hri-research.org\/wp-content\/uploads\/2013\/11\/Stephan-Baumgartner_small.jpg 400w\" sizes=\"auto, (max-width: 98px) 100vw, 98px\" \/><\/a><\/p>\n<\/div>\n<div class=\"profile-bio col-7 no-margin-right\">\n<h3>D<sup>r<\/sup> Stephan Baumgartner <span class=\"smaller\">PhD<\/span><\/h3>\n<p><strong>Charg\u00e9 de cours \u00e0 l&rsquo;Institut de m\u00e9decine compl\u00e9mentaire et int\u00e9grative (IKIM &#8211; Institut f\u00fcr Komplement\u00e4re und Integrative Medizin)de l&rsquo;Universit\u00e9 de Berne et chercheur \u00e0 la Soci\u00e9t\u00e9 pour la recherche sur le cancer (Verein f\u00fcr Krebsforschung) \u00e0 Arlesheim (Suisse).<\/strong><\/p>\n<p><a href=\"#\" class=\"expand-content\" id=\"69f4ae7a21f0d\"><span class=\"expand-content-more\">En savoir plus<\/span><span class=\"expand-content-less\">Moins<\/span><\/a><\/p><div class=\"collapse-content\" id=\"panel-69f4ae7a21f0d\">\n<p>Le D<sup>r\u00a0<\/sup>Baumgartner a \u00e9tudi\u00e9 la physique, les math\u00e9matiques et l&rsquo;astronomie \u00e0 l&rsquo;Universit\u00e9 de B\u00e2le (Suisse). Il est titulaire d&rsquo;un doctorat en sciences de l&rsquo;environnement de l&rsquo;\u00c9cole polytechnique f\u00e9d\u00e9rale de Zurich (Suisse). Son domaine d&rsquo;expertise est la recherche fondamentale sur l&rsquo;hom\u00e9opathie, notamment la proc\u00e9dure de potentialisation (bio-essais et recherches physicochimiques). Il est membre fondateur de la Soci\u00e9t\u00e9 internationale de recherche en m\u00e9decine compl\u00e9mentaire (ISCMR &#8211; <em>International Society for Complementary Medicine Research<\/em>), fondateur du Groupe de recherche sur la dynamisation et membre du Groupe international de recherche sur l&rsquo;infinit\u00e9simal (GIRI). Le D<sup>r<\/sup> Baumgartner est actuellement charg\u00e9 de cours \u00e0 l&rsquo;Institut IKIM de l&rsquo;Universit\u00e9 de Berne, et chercheur \u00e0 la Soci\u00e9t\u00e9 pour la recherche sur le cancer \u00e0 Arlesheim (Suisse).<\/p>\n<\/div><!-- fr -->\n<\/div>\n<div class=\"clear\"><\/div><\/div>\n<hr class=\"hri-admin-seperator\" \/>\n<div class=\"profile\">\n<div class=\"profile-headshot col-2 no-margin-left\">\n<p><a href=\"https:\/\/www.hri-research.org\/wp-content\/uploads\/2013\/11\/Iris-Bell.jpg\"><img loading=\"lazy\" decoding=\"async\" class=\"alignnone size-people_listing_headshot wp-image-139\" src=\"https:\/\/www.hri-research.org\/wp-content\/uploads\/2013\/11\/Iris-Bell-147x196.jpg\" alt=\"Iris Bell\" width=\"98\" height=\"130\" srcset=\"https:\/\/www.hri-research.org\/wp-content\/uploads\/2013\/11\/Iris-Bell-147x196.jpg 147w, https:\/\/www.hri-research.org\/wp-content\/uploads\/2013\/11\/Iris-Bell.jpg 150w\" sizes=\"auto, (max-width: 98px) 100vw, 98px\" \/><\/a><\/p>\n<\/div>\n<div class=\"profile-bio col-7 no-margin-right\">\n<h3>Prof D<sup>r<\/sup>\u00a0Iris Bell\u00a0<span class=\"smaller\">MD PhD<\/span><\/h3>\n<p><strong>Professeure, D\u00e9partement de m\u00e9decine familiale et communautaire, Coll\u00e8ge de m\u00e9decine de l&rsquo;Universit\u00e9 de l&rsquo;Arizona (\u00c9tats-Unis)<\/strong><\/p>\n<p><a href=\"#\" class=\"expand-content\" id=\"69f4ae7a21f96\"><span class=\"expand-content-more\">En savoir plus<\/span><span class=\"expand-content-less\">Moins<\/span><\/a><\/p><div class=\"collapse-content\" id=\"panel-69f4ae7a21f96\">\n<p>Le D<sup>r<\/sup> Bell m\u00e8ne depuis plus de 30 ans des recherches en m\u00e9decine holistique et alternative. Elle a travaill\u00e9 \u00e0 Harvard, \u00e0 Universit\u00e9 de Californie \u00e0 San Francisco et \u00e0 l&rsquo;Universit\u00e9 de l&rsquo;Arizona. Titulaire d&rsquo;un dipl\u00f4me en psychiatrie, elle est membre de l&rsquo;American College of Nutrition. Elle est certifi\u00e9e en biofeedback \u00e0 l&rsquo;\u00e9chelle nationale et en hom\u00e9opathie et m\u00e9decine int\u00e9gr\u00e9e en Arizona. Le D<sup>r<\/sup> Bell a publi\u00e9 des articles et des chapitres de livres sur ses recherches cliniques, une monographie sur les maladies environnementales et des ouvrages pour les patients souffrant de troubles anxieux et de maladies chroniques.<\/p>\n<\/div><!-- fr -->\n<\/div>\n<div class=\"clear\"><\/div><\/div>\n<hr class=\"hri-admin-seperator\" \/>\n<div class=\"profile\">\n<div class=\"profile-headshot col-2 no-margin-left\">\n<p><a href=\"https:\/\/www.hri-research.org\/wp-content\/uploads\/2013\/11\/PaoloBellavite.png\"><img loading=\"lazy\" decoding=\"async\" class=\"alignnone wp-image-3824 size-people_listing_headshot\" src=\"https:\/\/www.hri-research.org\/wp-content\/uploads\/2013\/11\/PaoloBellavite-98x121.png\" alt=\"Prof Paolo Bellavite\" width=\"98\" height=\"121\" srcset=\"https:\/\/www.hri-research.org\/wp-content\/uploads\/2013\/11\/PaoloBellavite-98x121.png 98w, https:\/\/www.hri-research.org\/wp-content\/uploads\/2013\/11\/PaoloBellavite-244x300.png 244w, https:\/\/www.hri-research.org\/wp-content\/uploads\/2013\/11\/PaoloBellavite-198x244.png 198w, https:\/\/www.hri-research.org\/wp-content\/uploads\/2013\/11\/PaoloBellavite-158x195.png 158w, https:\/\/www.hri-research.org\/wp-content\/uploads\/2013\/11\/PaoloBellavite-160x197.png 160w, https:\/\/www.hri-research.org\/wp-content\/uploads\/2013\/11\/PaoloBellavite.png 255w\" sizes=\"auto, (max-width: 98px) 100vw, 98px\" \/><\/a><\/p>\n<\/div>\n<div class=\"profile-bio col-7 no-margin-right\">\n<h3><strong>D<sup>r<\/sup> Paolo Bellavite<\/strong><\/h3>\n<p><strong>Professeur de pathologie g\u00e9n\u00e9rale \u00e0 l&rsquo;\u00c9cole de m\u00e9decine de l&rsquo;Universit\u00e9 de V\u00e9rone (Italie).<\/strong><\/p>\n<p><a href=\"#\" class=\"expand-content\" id=\"69f4ae7a22014\"><span class=\"expand-content-more\">En savoir plus<\/span><span class=\"expand-content-less\">Moins<\/span><\/a><\/p><div class=\"collapse-content\" id=\"panel-69f4ae7a22014\">\n<p>Le D<sup>r<\/sup> Bellavite est m\u00e9decin, enseignant et chercheur. Il est sp\u00e9cialis\u00e9 en h\u00e9matologie clinique et de laboratoire. Son groupe de recherche s&rsquo;est notamment pench\u00e9 sur les aspects mol\u00e9culaires et cellulaires de l&rsquo;inflammation, en particulier sur la structure, la biochimie et la fonction (normale et pathologique) des granulocytes (neutrophiles et basophiles), des macrophages et des plaquettes. Le D<sup>r\u00a0<\/sup>Bellavite a mis au point de nombreuses micro-m\u00e9thodes en laboratoire clinique pour \u00e9tudier la physiopathologie et la pharmacologie des cellules sanguines et des radicaux libres. Il a men\u00e9 des recherches scientifiques sur des approches th\u00e9rapeutiques compl\u00e9mentaires et en particulier de hautes dilutions d&rsquo;agonistes et de m\u00e9dicaments sur des mod\u00e8les cellulaires et murins.<\/p>\n<\/div><!-- fr -->\n<\/div>\n<div class=\"clear\"><\/div><\/div>\n<hr class=\"hri-admin-seperator\" \/>\n<div class=\"profile\">\n<div class=\"profile-headshot col-2 no-margin-left\">\n<p><a href=\"https:\/\/www.hri-research.org\/wp-content\/uploads\/2013\/11\/d912f4ff6cad76e75d_l_6a785.jpg\"><img loading=\"lazy\" decoding=\"async\" class=\"alignnone wp-image-3837 size-people_listing_headshot\" src=\"https:\/\/www.hri-research.org\/wp-content\/uploads\/2013\/11\/d912f4ff6cad76e75d_l_6a785-98x98.jpg\" alt=\"d912f4ff6cad76e75d_l_6a785\" width=\"98\" height=\"98\" srcset=\"https:\/\/www.hri-research.org\/wp-content\/uploads\/2013\/11\/d912f4ff6cad76e75d_l_6a785-98x98.jpg 98w, https:\/\/www.hri-research.org\/wp-content\/uploads\/2013\/11\/d912f4ff6cad76e75d_l_6a785-150x150.jpg 150w, https:\/\/www.hri-research.org\/wp-content\/uploads\/2013\/11\/d912f4ff6cad76e75d_l_6a785-158x158.jpg 158w, https:\/\/www.hri-research.org\/wp-content\/uploads\/2013\/11\/d912f4ff6cad76e75d_l_6a785-160x160.jpg 160w, https:\/\/www.hri-research.org\/wp-content\/uploads\/2013\/11\/d912f4ff6cad76e75d_l_6a785.jpg 179w\" sizes=\"auto, (max-width: 98px) 100vw, 98px\" \/><\/a><\/p>\n<\/div>\n<div class=\"profile-bio col-7 no-margin-right\">\n<h3>Prof Dr Christian Endler<\/h3>\n<p><strong>Professeur, Directeur administratif et scientifique du Coll\u00e8ge interuniversitaire pour la sant\u00e9 et le d\u00e9veloppement de Graz (Autriche) <\/strong><\/p>\n<p><a href=\"#\" class=\"expand-content\" id=\"69f4ae7a22076\"><span class=\"expand-content-more\">En savoir plus<\/span><span class=\"expand-content-less\">Moins<\/span><\/a><\/p><div class=\"collapse-content\" id=\"panel-69f4ae7a22076\">\n<p>Les recherches du D<sup>r\u00a0<\/sup>Endler portent sur le d\u00e9veloppement du mod\u00e8le amphibien pour l&rsquo;\u00e9tude <em>in vitro<\/em> de l&rsquo;action des tr\u00e8s hautes dilutions. Il si\u00e8ge au conseil d&rsquo;administration du Groupe international de recherche sur les doses infinit\u00e9simales (GIRI).<\/p>\n<\/div><!-- fr -->\n<\/div>\n<div class=\"clear\"><\/div><\/div>\n<hr class=\"hri-admin-seperator\" \/>\n<div class=\"profile\">\n<div class=\"profile-headshot col-2 no-margin-left\">\n<p><a href=\"https:\/\/www.hri-research.org\/wp-content\/uploads\/2013\/11\/JenniferJacobs-sqr.jpeg\"><img loading=\"lazy\" decoding=\"async\" class=\"alignnone wp-image-3820 size-people_listing_headshot\" src=\"https:\/\/www.hri-research.org\/wp-content\/uploads\/2013\/11\/JenniferJacobs-sqr-98x98.jpeg\" alt=\"Prof Jennifer Jacobs\" width=\"98\" height=\"98\" srcset=\"https:\/\/www.hri-research.org\/wp-content\/uploads\/2013\/11\/JenniferJacobs-sqr-98x98.jpeg 98w, https:\/\/www.hri-research.org\/wp-content\/uploads\/2013\/11\/JenniferJacobs-sqr-150x150.jpeg 150w, https:\/\/www.hri-research.org\/wp-content\/uploads\/2013\/11\/JenniferJacobs-sqr-300x300.jpeg 300w, https:\/\/www.hri-research.org\/wp-content\/uploads\/2013\/11\/JenniferJacobs-sqr-198x198.jpeg 198w, https:\/\/www.hri-research.org\/wp-content\/uploads\/2013\/11\/JenniferJacobs-sqr-158x158.jpeg 158w, https:\/\/www.hri-research.org\/wp-content\/uploads\/2013\/11\/JenniferJacobs-sqr-160x160.jpeg 160w, https:\/\/www.hri-research.org\/wp-content\/uploads\/2013\/11\/JenniferJacobs-sqr-520x521.jpeg 520w, https:\/\/www.hri-research.org\/wp-content\/uploads\/2013\/11\/JenniferJacobs-sqr.jpeg 744w\" sizes=\"auto, (max-width: 98px) 100vw, 98px\" \/><\/a><\/p>\n<p>&nbsp;<\/p>\n<\/div>\n<div class=\"profile-bio col-7 no-margin-right\">\n<h3>D<sup>r<\/sup>\u00a0Jennifer Jacobs\u00a0<span class=\"smaller\">MD, MPH<\/span><\/h3>\n<p><strong>Professeure clinique assistante en \u00e9pid\u00e9miologie \u00e0 l&rsquo;\u00c9cole de sant\u00e9 publique et de m\u00e9decine communautaire de l&rsquo;Universit\u00e9 de Washington<\/strong><\/p>\n<p><a href=\"#\" class=\"expand-content\" id=\"69f4ae7a220e4\"><span class=\"expand-content-more\">En savoir plus<\/span><span class=\"expand-content-less\">Moins<\/span><\/a><\/p><div class=\"collapse-content\" id=\"panel-69f4ae7a220e4\">\n<p>Le D<sup>r<\/sup> Jacobs a obtenu son dipl\u00f4me de m\u00e9decine \u00e0 la Wayne State University et une ma\u00eetrise en sant\u00e9 publique \u00e0 l&rsquo;universit\u00e9 de Washington. Elle a \u00e9t\u00e9 pr\u00e9sidente de l&rsquo;Institut am\u00e9ricain d&rsquo;hom\u00e9opathie (<em>American Institute of Homeopathy<\/em>), a cofond\u00e9 le groupe d&rsquo;int\u00e9r\u00eat de l&rsquo;Association am\u00e9ricaine de sant\u00e9 publique (APHA &#8211; <em>American Public Health Association<\/em>) sur les pratiques de sant\u00e9 compl\u00e9mentaires et alternatives, et a si\u00e9g\u00e9 au conseil consultatif du Bureau des m\u00e9decines alternatives (OAM &#8211; <em>Office of Alternative Medicine<\/em>) des \u00c9tats-unis. Elle a \u00e9galement publi\u00e9 de nombreuses \u00e9tudes de recherche hom\u00e9opathique dans des revues m\u00e9dicales \u00e0 comit\u00e9 de lecture. Le Dr Jacobs n&rsquo;exerce plus la m\u00e9decine mais poursuit ses activit\u00e9s de consultante en recherche clinique hom\u00e9opathique.<\/p>\n<\/div><!-- fr -->\n<\/div>\n<div class=\"clear\"><\/div><\/div>\n<hr class=\"hri-admin-seperator\" \/>\n<div class=\"profile\">\n<div class=\"profile-headshot col-2 no-margin-left\">\n<p><a href=\"https:\/\/www.hri-research.org\/wp-content\/uploads\/2013\/11\/Robert-Mathie_small.jpg\"><img loading=\"lazy\" decoding=\"async\" class=\"alignnone size-people_listing_headshot wp-image-151\" src=\"https:\/\/www.hri-research.org\/wp-content\/uploads\/2013\/11\/Robert-Mathie_small-147x184.jpg\" alt=\"Robert Mathie\" width=\"98\" height=\"122\" srcset=\"https:\/\/www.hri-research.org\/wp-content\/uploads\/2013\/11\/Robert-Mathie_small-147x184.jpg 147w, https:\/\/www.hri-research.org\/wp-content\/uploads\/2013\/11\/Robert-Mathie_small-239x300.jpg 239w, https:\/\/www.hri-research.org\/wp-content\/uploads\/2013\/11\/Robert-Mathie_small.jpg 322w\" sizes=\"auto, (max-width: 98px) 100vw, 98px\" \/><\/a><\/p>\n<\/div>\n<div class=\"profile-bio col-7 no-margin-right\">\n<h3>Dr Robert Mathie <span class=\"smaller\">BSc PhD<\/span><\/h3>\n<p><strong>Chercheur ind\u00e9pendant<\/strong><\/p>\n<p><a href=\"#\" class=\"expand-content\" id=\"69f4ae7a22154\"><span class=\"expand-content-more\">En savoir plus<\/span><span class=\"expand-content-less\">Moins<\/span><\/a><\/p><div class=\"collapse-content\" id=\"panel-69f4ae7a22154\">\n<p>Le D<sup>r<\/sup> Mathie a \u00e9tudi\u00e9 la physiologie \u00e0 l&rsquo;universit\u00e9 de Glasgow, au Royaume-Uni. Apr\u00e8s avoir obtenu son doctorat, il a occup\u00e9 le poste de ma\u00eetre de conf\u00e9rences au d\u00e9partement de chirurgie de la Royal Postgraduate Medical School, \u00e0 Londres. Au cours d&rsquo;une carri\u00e8re universitaire de 25\u00a0ans, le D<sup>r<\/sup> Mathie a publi\u00e9 pr\u00e8s de 80\u00a0articles \u00e9valu\u00e9s par des pairs et a r\u00e9dig\u00e9 de nombreux articles de synth\u00e8se et chapitres de livres. Avant de devenir conseiller en recherche au HRI, le D<sup>r<\/sup> Mathie a occup\u00e9 le poste de conseiller en d\u00e9veloppement de la recherche au sein de l&rsquo;Association BHA (<em>British Homeopathic Association) <\/em>et de la Facult\u00e9 d&rsquo;hom\u00e9opathie du Royaume-Uni <em>(Faculty of Homeopathy<\/em>). Pendant 9 ans, il a accompagn\u00e9 les membres de la Facult\u00e9 d&rsquo;hom\u00e9opathie du Royaume-Uni (<em>Faculty of Homeopathy) <\/em>pour les aider \u00e0 am\u00e9liorer leurs r\u00e9sultats de recherche, tant sur le plan quantitatif que qualitatif. \u00c0 cette fin, il a d\u00e9velopp\u00e9 des collaborations avec des chercheurs universitaires et a dirig\u00e9 des travaux de collecte de donn\u00e9es cliniques avec des m\u00e9decins, des dentistes et des v\u00e9t\u00e9rinaires de la Facult\u00e9. Dans un objectif plus large, le D<sup>r<\/sup> Mathie est engag\u00e9 dans une s\u00e9rie de revues syst\u00e9matiques d&rsquo;essais cliniques publi\u00e9s, afin de mettre en \u00e9vidence la recherche en hom\u00e9opathie et d&rsquo;en am\u00e9liorer la nature et la qualit\u00e9.<\/p>\n<\/div><!-- fr -->\n<\/div>\n<div class=\"clear\"><\/div><\/div>\n<hr class=\"hri-admin-seperator\" \/>\n<div class=\"profile\">\n<div class=\"profile-headshot col-2 no-margin-left\">\n<p><img loading=\"lazy\" decoding=\"async\" class=\"alignnone size-people_listing_headshot wp-image-26999\" src=\"https:\/\/www.hri-research.org\/wp-content\/uploads\/2023\/04\/profaross-e1682701951640-98x147.jpeg\" alt=\"\" width=\"98\" height=\"147\" srcset=\"https:\/\/www.hri-research.org\/wp-content\/uploads\/2023\/04\/profaross-e1682701951640-98x147.jpeg 98w, https:\/\/www.hri-research.org\/wp-content\/uploads\/2023\/04\/profaross-e1682701951640-200x300.jpeg 200w, https:\/\/www.hri-research.org\/wp-content\/uploads\/2023\/04\/profaross-e1682701951640-198x297.jpeg 198w, https:\/\/www.hri-research.org\/wp-content\/uploads\/2023\/04\/profaross-e1682701951640-158x237.jpeg 158w, https:\/\/www.hri-research.org\/wp-content\/uploads\/2023\/04\/profaross-e1682701951640-160x240.jpeg 160w, https:\/\/www.hri-research.org\/wp-content\/uploads\/2023\/04\/profaross-e1682701951640-520x779.jpeg 520w, https:\/\/www.hri-research.org\/wp-content\/uploads\/2023\/04\/profaross-e1682701951640.jpeg 598w\" sizes=\"auto, (max-width: 98px) 100vw, 98px\" \/><\/p>\n<\/div>\n<div class=\"profile-bio col-7 no-margin-right\">\n<h3>Prof Ashley Ross <span class=\"smaller\">B<\/span><span class=\"smaller\">Mus PGDip MTech PhD<\/span><\/h3>\n<p><strong>Directeur du d\u00e9partement d\u2019hom\u00e9opathie de l\u2019universit\u00e9 technologique de Durban (DUT)<\/strong><\/p>\n<p><a href=\"#\" class=\"expand-content\" id=\"69f4ae7a221bd\"><span class=\"expand-content-more\">En savoir plus<\/span><span class=\"expand-content-less\">Moins<\/span><\/a><\/p><div class=\"collapse-content\" id=\"panel-69f4ae7a221bd\">\n<p>Le professeur Ross, directeur du d\u00e9partement d\u2019hom\u00e9opathie de l\u2019universit\u00e9 technologique de Durban (DUT), en Afrique du Sud, a pratiqu\u00e9 et enseign\u00e9 l\u2019hom\u00e9opathie pendant plus de 25 ans. En plus de sa pratique priv\u00e9e et de l\u2019enseignement de la philosophie hom\u00e9opathique et de la materia medica, il s\u2019est activement engag\u00e9 dans la supervision de la recherche dans toute une s\u00e9rie de disciplines de la sant\u00e9, tout en poursuivant ses propres int\u00e9r\u00eats de recherche.<\/p>\n<\/div><!-- fr -->\n<\/div>\n<div class=\"clear\"><\/div><\/div>\n<hr class=\"hri-admin-seperator\" \/>\n<div class=\"profile\">\n<div class=\"profile-headshot col-2 no-margin-left\">\n<p><a href=\"https:\/\/www.hri-research.org\/wp-content\/uploads\/2013\/11\/Liz-Thompson_small.jpg\"><img loading=\"lazy\" decoding=\"async\" class=\"alignnone size-people_listing_headshot wp-image-126\" src=\"https:\/\/www.hri-research.org\/wp-content\/uploads\/2013\/11\/Liz-Thompson_small-147x202.jpg\" alt=\"Liz Thompson\" width=\"98\" height=\"134\" srcset=\"https:\/\/www.hri-research.org\/wp-content\/uploads\/2013\/11\/Liz-Thompson_small-147x202.jpg 147w, https:\/\/www.hri-research.org\/wp-content\/uploads\/2013\/11\/Liz-Thompson_small-217x300.jpg 217w, https:\/\/www.hri-research.org\/wp-content\/uploads\/2013\/11\/Liz-Thompson_small.jpg 400w\" sizes=\"auto, (max-width: 98px) 100vw, 98px\" \/><\/a><\/p>\n<\/div>\n<div class=\"profile-bio col-7 no-margin-right\">\n<h3>D<sup>r<\/sup> Elizabeth Thompson <span class=\"smaller\">BAOxon MBBS MRCP FFHom<\/span><\/h3>\n<p><strong>PDG et consultante en hom\u00e9opathie au Centre national de la m\u00e9decine int\u00e9grative du Royaume-Uni (NCIM &#8211; National Centre for Integrative Medicine)<\/strong><\/p>\n<p><a href=\"#\" class=\"expand-content\" id=\"69f4ae7a2222b\"><span class=\"expand-content-more\">En savoir plus<\/span><span class=\"expand-content-less\">Moins<\/span><\/a><\/p><div class=\"collapse-content\" id=\"panel-69f4ae7a2222b\">\n<p>Le D<sup>r\u00a0<\/sup>Thompson est m\u00e9decin hom\u00e9opathe, sp\u00e9cialis\u00e9e en oncologie et membre de la Facult\u00e9 d&rsquo;hom\u00e9opathie du Royaume-Uni (<em>Faculty of Homeopathy<\/em>). Elle a occup\u00e9 pendant de nombreuses ann\u00e9es le poste de chef de service, directrice acad\u00e9mique et ma\u00eetresse de conf\u00e9rences honoraire en m\u00e9decine palliative \u00e0 l&rsquo;h\u00f4pital hom\u00e9opathique de Bristol. Le D<sup>r\u00a0<\/sup>Thompson dirige aujourd&rsquo;hui l&rsquo;\u00e9quipe du Centre national de m\u00e9decine int\u00e9grative de Bristol. Ses recherches portent sur la capacit\u00e9 de l&rsquo;hom\u00e9opathie \u00e0 offrir une nouvelle approche du contr\u00f4le des sympt\u00f4mes chez le patient atteint de cancer, et notamment la gestion des effets secondaires des traitements anticanc\u00e9reux. Elle s&rsquo;int\u00e9resse \u00e9galement \u00e0 la conception des essais.<\/p>\n<\/div><!-- fr -->\n<\/div>\n<div class=\"clear\"><\/div><\/div>\n<hr class=\"hri-admin-seperator\" \/>\n<div class=\"profile\">\n<div class=\"profile-headshot col-2 no-margin-left\">\n<p><a href=\"https:\/\/www.hri-research.org\/wp-content\/uploads\/2017\/09\/atournier-1.jpg\"><img loading=\"lazy\" decoding=\"async\" class=\"alignnone size-people_listing_headshot wp-image-8998\" src=\"https:\/\/www.hri-research.org\/wp-content\/uploads\/2017\/09\/atournier-1-98x115.jpg\" alt=\"\" width=\"98\" height=\"115\" srcset=\"https:\/\/www.hri-research.org\/wp-content\/uploads\/2017\/09\/atournier-1-98x115.jpg 98w, https:\/\/www.hri-research.org\/wp-content\/uploads\/2017\/09\/atournier-1-158x186.jpg 158w, https:\/\/www.hri-research.org\/wp-content\/uploads\/2017\/09\/atournier-1.jpg 160w\" sizes=\"auto, (max-width: 98px) 100vw, 98px\" \/><\/a><\/p>\n<\/div>\n<div class=\"profile-bio col-7 no-margin-right\">\n<h3>D<sup>r<\/sup> Alexander Tournier <span class=\"smaller\">BSc DIC MASt Cantab PhD LCHE RSHom<\/span><\/h3>\n<p><strong>Directeur ex\u00e9cutif du HRI<\/strong><\/p>\n<p><a href=\"#\" class=\"expand-content\" id=\"69f4ae7a222bd\"><span class=\"expand-content-more\">En savoir plus<\/span><span class=\"expand-content-less\">Moins<\/span><\/a><\/p><div class=\"collapse-content\" id=\"panel-69f4ae7a222bd\">\n<p>Le D<sup>r<\/sup> Tournier est titulaire d&rsquo;un dipl\u00f4me en physique de l&rsquo;Imperial College London, remport\u00e9 avec mention tr\u00e8s bien, et d&rsquo;un Master en \u00e9tudes avanc\u00e9es en physique th\u00e9orique de l&rsquo;Universit\u00e9 de Cambridge. Il a obtenu un doctorat \u00e0 l&rsquo;Universit\u00e9 de Heidelberg en Allemagne, avec une th\u00e8se portant sur la biophysique de l&rsquo;eau en relation aux mol\u00e9cules biologiques.<\/p>\n<p>Il a travaill\u00e9 pendant 10 ans au centre de recherche Cancer Research UK (cinqui\u00e8me institut mondial de biologie mol\u00e9culaire), o\u00f9 il a \u00e9tudi\u00e9 les relations entre la biologie, la physique et les math\u00e9matiques.<\/p>\n<\/div><!-- fr -->\n<\/div>\n<div class=\"clear\"><\/div><\/div>\n<hr class=\"hri-admin-seperator\" \/>\n<p>&nbsp;<\/p>\n","protected":false},"excerpt":{"rendered":"<p>Le Comit\u00e9 scientifique consultatif du HRI est une \u00e9quipe ind\u00e9pendante rassemblant des experts de la recherche en hom\u00e9opathie et en m\u00e9decines parall\u00e8les, qui apporte les fondements scientifiques essentiels pour consolider la mission de notre Institut. Les membres du Comit\u00e9 sont nomm\u00e9s sur la base de leurs comp\u00e9tences et de leurs connaissances. Ils sont tenus de [&hellip;]<\/p>\n","protected":false},"author":835,"featured_media":0,"parent":16657,"menu_order":0,"comment_status":"closed","ping_status":"closed","template":"","meta":{"footnotes":""},"class_list":["post-16660","page","type-page","status-publish","hentry"],"jetpack_sharing_enabled":true,"_links":{"self":[{"href":"https:\/\/www.hri-research.org\/fr\/wp-json\/wp\/v2\/pages\/16660","targetHints":{"allow":["GET"]}}],"collection":[{"href":"https:\/\/www.hri-research.org\/fr\/wp-json\/wp\/v2\/pages"}],"about":[{"href":"https:\/\/www.hri-research.org\/fr\/wp-json\/wp\/v2\/types\/page"}],"author":[{"embeddable":true,"href":"https:\/\/www.hri-research.org\/fr\/wp-json\/wp\/v2\/users\/835"}],"replies":[{"embeddable":true,"href":"https:\/\/www.hri-research.org\/fr\/wp-json\/wp\/v2\/comments?post=16660"}],"version-history":[{"count":0,"href":"https:\/\/www.hri-research.org\/fr\/wp-json\/wp\/v2\/pages\/16660\/revisions"}],"up":[{"embeddable":true,"href":"https:\/\/www.hri-research.org\/fr\/wp-json\/wp\/v2\/pages\/16657"}],"wp:attachment":[{"href":"https:\/\/www.hri-research.org\/fr\/wp-json\/wp\/v2\/media?parent=16660"}],"curies":[{"name":"wp","href":"https:\/\/api.w.org\/{rel}","templated":true}]}}