{"id":16659,"date":"2020-12-03T10:07:45","date_gmt":"2020-12-03T10:07:45","guid":{"rendered":"https:\/\/www.hri-research.org\/?page_id=16659"},"modified":"2025-07-14T10:04:08","modified_gmt":"2025-07-14T10:04:08","slug":"conseil-administration","status":"publish","type":"page","link":"https:\/\/www.hri-research.org\/fr\/a-propos-du-hri\/conseil-administration\/","title":{"rendered":"Conseil d&rsquo;administration"},"content":{"rendered":"<p>Les membres du Conseil d\u2019administration du HRI apportent leur exp\u00e9rience dans de nombreux domaines : de la recherche clinique \u00e0 la gestion des affaires, en passant par la recherche fondamentale, l&rsquo;hom\u00e9opathie, l&rsquo;administration des associations de bienfaisance et les relations avec les m\u00e9dias et le grand public.<\/p>\n<div class=\"profile\">\n<div class=\"profile-headshot col-2 no-margin-left\">\n<p><a href=\"https:\/\/www.hri-research.org\/wp-content\/uploads\/2017\/09\/atournier-1.jpg\"><img loading=\"lazy\" decoding=\"async\" class=\"alignnone size-people_listing_headshot wp-image-8998\" src=\"https:\/\/www.hri-research.org\/wp-content\/uploads\/2017\/09\/atournier-1-98x115.jpg\" alt=\"\" width=\"98\" height=\"115\" srcset=\"https:\/\/www.hri-research.org\/wp-content\/uploads\/2017\/09\/atournier-1-98x115.jpg 98w, https:\/\/www.hri-research.org\/wp-content\/uploads\/2017\/09\/atournier-1-158x186.jpg 158w, https:\/\/www.hri-research.org\/wp-content\/uploads\/2017\/09\/atournier-1.jpg 160w\" sizes=\"auto, (max-width: 98px) 100vw, 98px\" \/><\/a><\/p>\n<\/div>\n<div class=\"profile-bio col-7 no-margin-right\">\n<h3>D<sup>r<\/sup> Alexander Tournier <span class=\"smaller\">BSc DIC M.A.St Cantab PhD LCHE RSHom<\/span><\/h3>\n<p><strong>Pr\u00e9sident<\/strong><\/p>\n<p>Le D<sup>r\u00a0<\/sup>Tournier est titulaire d&rsquo;un dipl\u00f4me en physique de l&rsquo;Imperial College London, remport\u00e9 avec mention tr\u00e8s bien, et d&rsquo;un Master en \u00e9tudes avanc\u00e9es en physique th\u00e9orique de l&rsquo;Universit\u00e9 de Cambridge. Sa th\u00e8se de doctorat, pass\u00e9e \u00e0 l&rsquo;Universit\u00e9 de Heidelberg en Allemagne, porte sur la biophysique de l&rsquo;eau en relation aux mol\u00e9cules biologiques. Le D<sup>r\u00a0<\/sup>Tournier a \u00e9tudi\u00e9 l&rsquo;hom\u00e9opathie au Centre for Homeopathic Education de Londres et exerce en tant qu&rsquo;hom\u00e9opathe agr\u00e9\u00e9.<\/p>\n<p>Il a travaill\u00e9 pendant 10 ans au centre de recherche Cancer Research UK (cinqui\u00e8me institut mondial de biologie mol\u00e9culaire), o\u00f9 il a \u00e9tudi\u00e9 les relations entre la biologie, la physique et les math\u00e9matiques. En 2007, le D<sup>r\u00a0<\/sup>Tournier a fond\u00e9 l&rsquo;Institut de recherche sur l&rsquo;hom\u00e9opathie (HRI).<\/p>\n<\/div>\n<div class=\"clear\"><\/div><\/div>\n<hr class=\"hri-admin-seperator\" \/>\n<div class=\"profile\">\n<div class=\"profile-headshot col-2 no-margin-left\">\n<p><a href=\"https:\/\/www.hri-research.org\/wp-content\/uploads\/2013\/11\/Charles_small.jpg\"><img loading=\"lazy\" decoding=\"async\" class=\"alignnone size-people_listing_headshot wp-image-131\" src=\"https:\/\/www.hri-research.org\/wp-content\/uploads\/2013\/11\/Charles_small-147x180.jpg\" alt=\"Charles\" width=\"98\" height=\"120\" srcset=\"https:\/\/www.hri-research.org\/wp-content\/uploads\/2013\/11\/Charles_small-147x180.jpg 147w, https:\/\/www.hri-research.org\/wp-content\/uploads\/2013\/11\/Charles_small-243x300.jpg 243w, https:\/\/www.hri-research.org\/wp-content\/uploads\/2013\/11\/Charles_small.jpg 400w\" sizes=\"auto, (max-width: 98px) 100vw, 98px\" \/><\/a><\/p>\n<\/div>\n<div class=\"profile-bio col-7 no-margin-right\">\n<h3>Charles Wansbrough <span class=\"smaller\">BDS RSHom<\/span><\/h3>\n<p>Apr\u00e8s avoir obtenu son dipl\u00f4me de dentiste en 1977, M. Wansbrough a exerc\u00e9 pendant cinq ans dans le public. Suite \u00e0 des troubles neurologiques, il s&rsquo;est tourn\u00e9 vers les m\u00e9decines parall\u00e8les et s&rsquo;est form\u00e9 au Coll\u00e8ge d&rsquo;hom\u00e9opathie de Londres en 1988. Apr\u00e8s de longues ann\u00e9es de pratique, son int\u00e9r\u00eat s&rsquo;est tourn\u00e9 vers la recherche, et notamment les relations entre technologie et hom\u00e9opathie.<\/p>\n<\/div>\n<div class=\"clear\"><\/div><\/div>\n<hr class=\"hri-admin-seperator\" \/>\n<div class=\"profile\">\n<div class=\"profile-headshot col-2 no-margin-left\">\n<p><img loading=\"lazy\" decoding=\"async\" class=\"alignnone wp-image-19485 size-people_listing_headshot\" src=\"https:\/\/www.hri-research.org\/wp-content\/uploads\/2021\/07\/A-ROSS-98x155.png\" alt=\"\" width=\"98\" height=\"155\" srcset=\"https:\/\/www.hri-research.org\/wp-content\/uploads\/2021\/07\/A-ROSS-98x155.png 98w, https:\/\/www.hri-research.org\/wp-content\/uploads\/2021\/07\/A-ROSS-190x300.png 190w, https:\/\/www.hri-research.org\/wp-content\/uploads\/2021\/07\/A-ROSS-198x312.png 198w, https:\/\/www.hri-research.org\/wp-content\/uploads\/2021\/07\/A-ROSS-158x249.png 158w, https:\/\/www.hri-research.org\/wp-content\/uploads\/2021\/07\/A-ROSS-160x252.png 160w, https:\/\/www.hri-research.org\/wp-content\/uploads\/2021\/07\/A-ROSS.png 426w\" sizes=\"auto, (max-width: 98px) 100vw, 98px\" \/><\/p>\n<\/div>\n<div class=\"profile-bio col-7 no-margin-right\">\n<h3>Prof Ashley Ross\u00a0<span class=\"smaller\">BMus PGDip MTech PhD<\/span><\/h3>\n<p>Le professeur Ross, directeur du d\u00e9partement d&rsquo;hom\u00e9opathie de l&rsquo;universit\u00e9 technologique de Durban (DUT), en Afrique du Sud, a pratiqu\u00e9 et enseign\u00e9 l&rsquo;hom\u00e9opathie pendant plus de 25 ans. En plus de sa pratique priv\u00e9e et de l&rsquo;enseignement de la philosophie hom\u00e9opathique et de la materia medica, il s&rsquo;est activement engag\u00e9 dans la supervision de la recherche dans toute une s\u00e9rie de disciplines de la sant\u00e9, tout en poursuivant ses propres int\u00e9r\u00eats de recherche.<\/p>\n<\/div>\n<div class=\"clear\"><\/div><\/div>\n<hr class=\"hri-admin-seperator\" \/>\n<div class=\"profile\"><div class=\"clear\"><\/div><\/div>\n<div class=\"profile-headshot col-2 no-margin-left\">\n<p><img loading=\"lazy\" decoding=\"async\" class=\"alignnone wp-image-24894 size-people_listing_headshot\" src=\"https:\/\/www.hri-research.org\/wp-content\/uploads\/2022\/11\/HRIAW2.2022-98x182.png\" alt=\"\" width=\"98\" height=\"182\" srcset=\"https:\/\/www.hri-research.org\/wp-content\/uploads\/2022\/11\/HRIAW2.2022-98x182.png 98w, https:\/\/www.hri-research.org\/wp-content\/uploads\/2022\/11\/HRIAW2.2022-162x300.png 162w, https:\/\/www.hri-research.org\/wp-content\/uploads\/2022\/11\/HRIAW2.2022-198x367.png 198w, https:\/\/www.hri-research.org\/wp-content\/uploads\/2022\/11\/HRIAW2.2022-158x293.png 158w, https:\/\/www.hri-research.org\/wp-content\/uploads\/2022\/11\/HRIAW2.2022-160x297.png 160w, https:\/\/www.hri-research.org\/wp-content\/uploads\/2022\/11\/HRIAW2.2022.png 296w\" sizes=\"auto, (max-width: 98px) 100vw, 98px\" \/><\/p>\n<\/div>\n<div class=\"profile-bio col-7 no-margin-right\">\n<div>\n<h3>Alexandre Winkler <span class=\"smaller\">ESCP BSc (Hons) LCHE RSHom<\/span><\/h3>\n<\/div>\n<p data-start=\"51\" data-end=\"377\">Alexandre est d\u2019origine allemande et espagnole, n\u00e9 et \u00e9lev\u00e9 \u00e0 Paris. Apr\u00e8s avoir \u00e9t\u00e9 dipl\u00f4m\u00e9 de l\u2019une des meilleures \u00e9coles de commerce fran\u00e7aises, il a entam\u00e9 une carri\u00e8re en banque d\u2019investissement, travaillant sur des transactions de d\u00e9riv\u00e9s de taux d\u2019int\u00e9r\u00eat \u00e0 Paris, Tokyo, Francfort et Londres, o\u00f9 il r\u00e9side depuis 2001.<\/p>\n<p data-start=\"379\" data-end=\"1058\">Il a d\u00e9cid\u00e9 de quitter le monde de la finance en 2008 pour se consacrer \u00e0 sa plus grande passion, l\u2019hom\u00e9opathie, qui est entr\u00e9e dans sa vie alors qu\u2019il n\u2019avait que deux mois. Alexandre est dipl\u00f4m\u00e9 du Centre of Homeopathic Education, o\u00f9 il a obtenu son dipl\u00f4me de Licenciate ainsi qu\u2019un Bachelor of Science (avec mention) en hom\u00e9opathie. Il exerce d\u00e9sormais principalement dans l\u2019Est de Londres. Parall\u00e8lement, il s\u2019est \u00e9galement form\u00e9 en tant que th\u00e9rapeute EMDR et en th\u00e9rapie des \u00c9tats du Moi. Parmi ses autres centres d\u2019int\u00e9r\u00eat majeurs figurent l\u2019histoire, la psychologie jungienne et les derni\u00e8res avanc\u00e9es scientifiques sur les propri\u00e9t\u00e9s de l\u2019eau et de l\u2019\u00e9lectromagn\u00e9tisme.<\/p>\n<p data-start=\"1060\" data-end=\"1210\">En plus de son r\u00f4le au sein du conseil d\u2019administration de l\u2019HRI, Alex est membre du conseil d\u2019administration de la Society of Homeopaths depuis 2016.<\/div>\n","protected":false},"excerpt":{"rendered":"<p>Les membres du Conseil d\u2019administration du HRI apportent leur exp\u00e9rience dans de nombreux domaines : de la recherche clinique \u00e0 la gestion des affaires, en passant par la recherche fondamentale, l&rsquo;hom\u00e9opathie, l&rsquo;administration des associations de bienfaisance et les relations avec les m\u00e9dias et le grand public.<\/p>\n","protected":false},"author":835,"featured_media":0,"parent":16657,"menu_order":0,"comment_status":"closed","ping_status":"closed","template":"","meta":{"footnotes":""},"class_list":["post-16659","page","type-page","status-publish","hentry"],"jetpack_sharing_enabled":true,"_links":{"self":[{"href":"https:\/\/www.hri-research.org\/fr\/wp-json\/wp\/v2\/pages\/16659","targetHints":{"allow":["GET"]}}],"collection":[{"href":"https:\/\/www.hri-research.org\/fr\/wp-json\/wp\/v2\/pages"}],"about":[{"href":"https:\/\/www.hri-research.org\/fr\/wp-json\/wp\/v2\/types\/page"}],"author":[{"embeddable":true,"href":"https:\/\/www.hri-research.org\/fr\/wp-json\/wp\/v2\/users\/835"}],"replies":[{"embeddable":true,"href":"https:\/\/www.hri-research.org\/fr\/wp-json\/wp\/v2\/comments?post=16659"}],"version-history":[{"count":0,"href":"https:\/\/www.hri-research.org\/fr\/wp-json\/wp\/v2\/pages\/16659\/revisions"}],"up":[{"embeddable":true,"href":"https:\/\/www.hri-research.org\/fr\/wp-json\/wp\/v2\/pages\/16657"}],"wp:attachment":[{"href":"https:\/\/www.hri-research.org\/fr\/wp-json\/wp\/v2\/media?parent=16659"}],"curies":[{"name":"wp","href":"https:\/\/api.w.org\/{rel}","templated":true}]}}