{"id":16658,"date":"2020-12-03T10:00:11","date_gmt":"2020-12-03T10:00:11","guid":{"rendered":"https:\/\/www.hri-research.org\/?page_id=16658"},"modified":"2020-12-07T16:35:40","modified_gmt":"2020-12-07T16:35:40","slug":"les-objectifs-strategiques-du-hri","status":"publish","type":"page","link":"https:\/\/www.hri-research.org\/fr\/a-propos-du-hri\/les-objectifs-strategiques-du-hri\/","title":{"rendered":"Les objectifs strat\u00e9giques du HRI"},"content":{"rendered":"<p>Dans le but d&rsquo;encourager des recherches de pointe en hom\u00e9opathie, le HRI observe la plus grande rigueur m\u00e9thodologique et prend soin de diffuser les r\u00e9sultats de ces travaux au-del\u00e0 des cercles acad\u00e9miques habituels.<\/p>\n<p>\u00c0 une \u00e9poque o\u00f9 les grands m\u00e9dias alimentent la d\u00e9sinformation sur l&rsquo;hom\u00e9opathie, il est essentiel de favoriser une communication transparente reposant sur les donn\u00e9es existantes, aussi bien vis-\u00e0-vis de la communaut\u00e9 scientifique que du grand public.<\/p>\n<p>Le HRI se donne donc pour mission de fournir aux dirigeants politiques, aux universitaires, aux professionnels de sant\u00e9 et aux patients des informations fiables et scientifiquement fond\u00e9es sur l&rsquo;hom\u00e9opathie.<\/p>\n<p>Dans le cadre de cette mission, nos efforts se concentrent sur les domaines suivants\u00a0:<\/p>\n<h3 class=\"accent\">1. Encourager la plus grand rigueur scientifique<\/h3>\n<ul>\n<li><strong>Conf\u00e9rences internationales de recherche en hom\u00e9opathie de HRI<\/strong>: tous les deux ans, le HRI organise une\u00a0<a href=\"https:\/\/www.hri-research.org\/fr\/ressources\/conferences-du-hri\/\" target=\"_blank\" rel=\"noopener noreferrer\">conf\u00e9rence<\/a>\u00a0o\u00f9 sont pr\u00e9sent\u00e9es les derni\u00e8res d\u00e9couvertes en mati\u00e8re d&rsquo;hom\u00e9opathie. Ces \u00e9v\u00e9nements, qui rassemblent des chercheurs du monde entier, issus en g\u00e9n\u00e9ral de 28 \u00e0 30\u00a0pays, sont une occasion unique de partager des id\u00e9es. De nombreuses collaborations internationales y ont vu le jour<\/li>\n<li><strong>Groupes de r\u00e9flexion\/r\u00e9unions d&rsquo;experts<\/strong>: le HRI organise des\u00a0<a href=\"https:\/\/www.hri-research.org\/fr\/recherche-hri\/travailler-pour-la-recherche-de-demain\/\" target=\"_blank\" rel=\"noopener noreferrer\">r\u00e9unions d&rsquo;experts<\/a> au cours desquelles des experts des diff\u00e9rents sous-domaines de la recherche en hom\u00e9opathie \u00e9changent leurs id\u00e9es, pour favoriser des avanc\u00e9es dans ce domaine.<\/li>\n<li><strong>Allocation de fonds aux projets de recherche les plus prometteurs<\/strong>: les experts du <a href=\"https:\/\/www.hri-research.org\/fr\/a-propos-du-hri\/comite-scientifique-consultatif\/\" target=\"_blank\" rel=\"noopener noreferrer\">Comit\u00e9 scientifique consultatif<\/a> du HRI effectuent un examen de protocoles afin d&rsquo;identifier les projets les plus \u00e0 m\u00eame d&rsquo;enrichir la base de donn\u00e9es probantes sur l&rsquo;hom\u00e9opathie. Cet examen permet aussi de d\u00e9tecter les \u00e9cueils \u00e0 un stade pr\u00e9coce. La r\u00e9ussite de cet examen par les pairs est une condition pr\u00e9alable pour obtenir un financement du HRI.<\/li>\n<li style=\"list-style-type: none;\"><\/li>\n<\/ul>\n<h3 class=\"accent\">2. Divulguer les donn\u00e9es probantes \u00e0 notre disposition<\/h3>\n<ul>\n<li><strong>Des ressources multilingues pour le grand public<\/strong>: sur son site Internet et ses r\u00e9seaux sociaux, le HRI veille \u00e0 ce que la diffusion des informations scientifiques soit adapt\u00e9e aux publics les plus divers, dans un format abordable. Le site Internet du HRI est accessible dans plus de 50 pays. En r\u00e9ponse \u00e0 cette importante demande, le site complet est \u00e0 pr\u00e9sent disponible en anglais, fran\u00e7ais et allemand, tandis que la rubrique la plus visit\u00e9e du site, <a href=\"https:\/\/www.hri-research.org\/fr\/ressources\/homeopathy-faqs\/\" target=\"_blank\" rel=\"noopener noreferrer\"><em>la FAQ sur l&rsquo;hom\u00e9opathie<\/em>,<\/a><em>\u00a0<\/em>est disponible en 12 langues.<\/li>\n<li><strong>Pallier la d\u00e9sinformation\u00a0<\/strong>: le HRI travaille en permanence pour r\u00e9pondre aux informations erron\u00e9es sur l\u2019hom\u00e9opathie, issues de rapports universitaires inexacts volontiers relay\u00e9s par les m\u00e9dias. La participation active du HRI \u00e0 la remise en question du\u00a0<a href=\"https:\/\/www.hri-research.org\/fr\/ressources\/homeopathie-en-debat\/rapport-australien\/\" target=\"_blank\" rel=\"noopener noreferrer\"><strong>Rapport australien<\/strong><\/a> de 2015 illustre \u00e0 merveille notre t\u00e2che dans ce domaine. Cette \u00e9tude au sujet des \u00e9l\u00e9ments de preuve de l&rsquo;hom\u00e9opathie est encore aujourd&rsquo;hui la plus cit\u00e9e, alors m\u00eame que\u00a0<a href=\"https:\/\/youtu.be\/QvF8KxbCXzA\" target=\"_blank\" rel=\"noopener noreferrer\">l&rsquo;analyse du HRI<\/a>\u00a0a d\u00e9montr\u00e9 qu&rsquo;elle pr\u00e9sente trop de lacunes pour r\u00e9pondre \u00e0 son objectif.<\/li>\n<li><strong>Base de donn\u00e9es CORE-Hom<\/strong>: le HRI est fier d&rsquo;avoir contribu\u00e9 \u00e0 ce projet aux c\u00f4t\u00e9s de la prestigieuse Fondation Carstens en Allemagne. La\u00a0<a href=\"https:\/\/www.hri-research.org\/fr\/ressources\/bases-de-donnees-de-recherche\/\" target=\"_blank\" rel=\"noopener noreferrer\">base de donn\u00e9es CORE-Hom<\/a>\u00a0donne un acc\u00e8s direct, gratuit et universel, \u00e0 plus de 1\u00a0200 \u00e9tudes de recherche clinique sur l&rsquo;hom\u00e9opathie.<\/li>\n<li><strong>Articles \u00ab\u00a0Research in Focus\u00a0\u00bb du HRI\u00a0<\/strong>: des\u00a0<a href=\"https:\/\/www.hri-research.org\/fr\/ressources\/recherche-a-la-une\/\" target=\"_blank\" rel=\"noopener noreferrer\">articles de deux pages<\/a> o\u00f9 sont pr\u00e9sent\u00e9s les principaux r\u00e9sultats de recherche dans un style simple et journalistique, afin de faciliter l&rsquo;acc\u00e8s \u00e0 des donn\u00e9es scientifiques de qualit\u00e9 sur l&rsquo;hom\u00e9opathie.<\/li>\n<li><strong>L&rsquo;expertise au service des particuliers et des organismes<\/strong>: sur demande, le HRI apporte r\u00e9guli\u00e8rement des donn\u00e9es fiables et pr\u00e9cises au sujet de la recherche en hom\u00e9opathie.<\/li>\n<li style=\"list-style-type: none;\"><\/li>\n<\/ul>\n","protected":false},"excerpt":{"rendered":"<p>Dans le but d&rsquo;encourager des recherches de pointe en hom\u00e9opathie, le HRI observe la plus grande rigueur m\u00e9thodologique et prend soin de diffuser les r\u00e9sultats de ces travaux au-del\u00e0 des cercles acad\u00e9miques habituels. \u00c0 une \u00e9poque o\u00f9 les grands m\u00e9dias alimentent la d\u00e9sinformation sur l&rsquo;hom\u00e9opathie, il est essentiel de favoriser une communication transparente reposant sur [&hellip;]<\/p>\n","protected":false},"author":835,"featured_media":0,"parent":16657,"menu_order":0,"comment_status":"closed","ping_status":"closed","template":"","meta":{"footnotes":""},"class_list":["post-16658","page","type-page","status-publish","hentry"],"jetpack_sharing_enabled":true,"_links":{"self":[{"href":"https:\/\/www.hri-research.org\/fr\/wp-json\/wp\/v2\/pages\/16658","targetHints":{"allow":["GET"]}}],"collection":[{"href":"https:\/\/www.hri-research.org\/fr\/wp-json\/wp\/v2\/pages"}],"about":[{"href":"https:\/\/www.hri-research.org\/fr\/wp-json\/wp\/v2\/types\/page"}],"author":[{"embeddable":true,"href":"https:\/\/www.hri-research.org\/fr\/wp-json\/wp\/v2\/users\/835"}],"replies":[{"embeddable":true,"href":"https:\/\/www.hri-research.org\/fr\/wp-json\/wp\/v2\/comments?post=16658"}],"version-history":[{"count":0,"href":"https:\/\/www.hri-research.org\/fr\/wp-json\/wp\/v2\/pages\/16658\/revisions"}],"up":[{"embeddable":true,"href":"https:\/\/www.hri-research.org\/fr\/wp-json\/wp\/v2\/pages\/16657"}],"wp:attachment":[{"href":"https:\/\/www.hri-research.org\/fr\/wp-json\/wp\/v2\/media?parent=16658"}],"curies":[{"name":"wp","href":"https:\/\/api.w.org\/{rel}","templated":true}]}}