{"id":16657,"date":"2020-12-03T09:52:56","date_gmt":"2020-12-03T09:52:56","guid":{"rendered":"https:\/\/www.hri-research.org\/?page_id=16657"},"modified":"2022-03-18T15:30:29","modified_gmt":"2022-03-18T15:30:29","slug":"a-propos-du-hri","status":"publish","type":"page","link":"https:\/\/www.hri-research.org\/fr\/a-propos-du-hri\/","title":{"rendered":"Bienvenue sur le site du HRI"},"content":{"rendered":"<p>Le HRI est une organisation de bienfaisance bas\u00e9e au Royaume-Uni qui se consacre \u00e0 la promotion de la recherche hom\u00e9opathique de haute qualit\u00e9 au niveau international. Elle a \u00e9t\u00e9 institu\u00e9e par le D<sup>r<\/sup> Alexander Tournier, physicien de formation, et ancien collaborateur du centre de recherche Cancer Research UK, o\u00f9 il avait men\u00e9 des travaux de recherche interdisciplinaires aux fronti\u00e8res entre les math\u00e9matiques, la physique et la biologie.<\/p>\n<p><em>Comment fonctionne l&rsquo;hom\u00e9opathie ? Que peut-elle traiter ?<b><br \/>\n<\/b><\/em>Pour aborder ces questions avec la plus grande rigueur scientifique, le HRI fait appel \u00e0 des scientifiques, des docteurs en m\u00e9decine et des hom\u00e9opathes en exercice.<\/p>\n<p><span class=\"embed-youtube\" style=\"text-align:center; display: block;\"><iframe loading=\"lazy\" class=\"youtube-player\" width=\"520\" height=\"293\" src=\"https:\/\/www.youtube.com\/embed\/b4bglxom8t4?version=3&#038;rel=1&#038;showsearch=0&#038;showinfo=1&#038;iv_load_policy=1&#038;fs=1&#038;hl=fr-FR&#038;autohide=2&#038;wmode=transparent\" allowfullscreen=\"true\" style=\"border:0;\" sandbox=\"allow-scripts allow-same-origin allow-popups allow-presentation allow-popups-to-escape-sandbox\"><\/iframe><\/span><\/p>\n<p><span class=\"embed-youtube\" style=\"text-align:center; display: block;\"><iframe loading=\"lazy\" class=\"youtube-player\" width=\"520\" height=\"293\" src=\"https:\/\/www.youtube.com\/embed\/CncCaEYj5a4?version=3&#038;rel=1&#038;showsearch=0&#038;showinfo=1&#038;iv_load_policy=1&#038;fs=1&#038;hl=fr-FR&#038;autohide=2&#038;wmode=transparent\" allowfullscreen=\"true\" style=\"border:0;\" sandbox=\"allow-scripts allow-same-origin allow-popups allow-presentation allow-popups-to-escape-sandbox\"><\/iframe><\/span><\/p>\n<h3>Qu&rsquo;est-ce que l&rsquo;hom\u00e9opathie ?<\/h3>\n<p>Utilis\u00e9e depuis plus de 200 ans pour traiter les maladies aigu\u00ebs et chroniques, l&rsquo;hom\u00e9opathie est une forme de m\u00e9decine holistique qui a peu \u00e0 peu gagn\u00e9 en popularit\u00e9. \u00c0 l&rsquo;heure actuelle, des millions de personnes ont uniquement recours \u00e0 l&rsquo;hom\u00e9opathie pour se soigner : 6 millions au Royaume-Uni<a href=\"https:\/\/www.hri-research.org\/fr\/ressources\/homeopathie-en-debat\/le-rapport-britannique\/\" target=\"_blank\" rel=\"noopener noreferrer\"><sup>1<\/sup><\/a>, 100 millions pour toute l&rsquo;Union Europ\u00e9enne<a href=\"http:\/\/www.homeopathy-ecch.org\/content\/view\/38\/66\/\" target=\"_blank\" rel=\"noopener noreferrer\"><sup>2<\/sup><\/a> et 100 millions de personnes en Inde.<a href=\"http:\/\/www.ncbi.nlm.nih.gov\/pubmed\/18035598\" target=\"_blank\" rel=\"noopener noreferrer\"><sup>3<\/sup><\/a><\/p>\n<h3>Pourquoi faut-il approfondir les recherches ?<\/h3>\n<p>Une forme de m\u00e9decine aussi r\u00e9pandue que l&rsquo;hom\u00e9opathie devrait \u00eatre un sujet pris\u00e9 des chercheurs. Pourtant, elle constitue un champ de recherche relativement nouveau. Cela explique qu&rsquo;un grand nombre de questions essentielles n&rsquo;aient pas encore de r\u00e9ponse\u00a0: <em>\u00ab\u00a0Quelle est l&rsquo;efficacit\u00e9 de l&rsquo;hom\u00e9opathie pour traiter certains probl\u00e8mes de sant\u00e9, par rapport \u00e0 la m\u00e9decine conventionnelle\u00a0? Quel est le co\u00fbt de l&rsquo;hom\u00e9opathie par rapport aux traitements classiques\u00a0? Quels sont les effets in vitro des m\u00e9dicaments hom\u00e9opathiques\u00a0? <\/em><\/p>\n<p>Des chercheurs du monde entier ont commenc\u00e9 \u00e0 se pencher sur ce type de questions, aboutissant \u00e0 la publication de r\u00e9sultats prometteurs. Mais de nouvelles recherches doivent \u00eatre men\u00e9es pour apporter des r\u00e9ponses d\u00e9finitives aux patients et aux prestataires de soins de sant\u00e9.<\/p>\n<h3>Que peut apporter le HRI ?<\/h3>\n<p>L&rsquo;hom\u00e9opathie est un sujet complexe dont on commence \u00e0 peine \u00e0 d\u00e9m\u00ealer les fils. D&rsquo;apr\u00e8s nos connaissances actuelles, l&rsquo;hom\u00e9opathie pourrait apporter des solutions \u00e0 un grand nombre d&rsquo;enjeux contemporains, depuis le recours excessif aux antibiotiques jusqu&rsquo;\u00e0 la hausse vertigineuse des d\u00e9penses de sant\u00e9. Mais il faut collecter davantage de donn\u00e9es probantes pour le confirmer.<\/p>\n<p>Malgr\u00e9 les perspectives qu&rsquo;elle offre, la recherche en hom\u00e9opathie n&rsquo;est pas une priorit\u00e9 pour les pouvoirs publics. Au Royaume-Uni par exemple, \u00e0 peine 0,0085\u00a0%<sup style=\"font-family: -apple-system, BlinkMacSystemFont, 'Segoe UI', Roboto, Oxygen-Sans, Ubuntu, Cantarell, 'Helvetica Neue', sans-serif;\"><a style=\"font-family: -apple-system, BlinkMacSystemFont, 'Segoe UI', Roboto, Oxygen-Sans, Ubuntu, Cantarell, 'Helvetica Neue', sans-serif;\" title=\"George T Lewith, Funding for CAM, BMJ. Nov 10, 2007; 335(7627): 951. \" href=\"http:\/\/www.ncbi.nlm.nih.gov\/pmc\/articles\/PMC2071985\/\" target=\"_blank\" rel=\"noopener noreferrer\">4<\/a><\/sup><span style=\"font-family: -apple-system, BlinkMacSystemFont, 'Segoe UI', Roboto, Oxygen-Sans, Ubuntu, Cantarell, 'Helvetica Neue', sans-serif;\">\u00a0du budget total de recherche m\u00e9dicale est allou\u00e9e au champ des m\u00e9decines parall\u00e8les, dont l&rsquo;hom\u00e9opathie n&rsquo;est qu&rsquo;une branche. Tant que la situation n&rsquo;\u00e9voluera pas, la mission du HRI restera essentielle.<\/span><\/p>\n<blockquote><p><em>\u00ab La cr\u00e9ation du HRI a \u00e9t\u00e9 un formidable atout pour la communaut\u00e9 mondiale de l&rsquo;hom\u00e9opathie. Apr\u00e8s 10 ans de travail acharn\u00e9 pour pr\u00e9senter des preuves dans le monde entier, l&rsquo;Institut s&rsquo;est \u00e9rig\u00e9 en autorit\u00e9 en mati\u00e8re de recherche en hom\u00e9opathie \u00bb<br \/>\nFaculty of Homeopathy<\/em><\/p><\/blockquote>\n<p>Notre association repose enti\u00e8rement sur des dons. Gr\u00e2ce \u00e0 vous, nous pouvons mener des recherches de grande qualit\u00e9 qui permettent de d\u00e9terminer le r\u00f4le exact que l&rsquo;hom\u00e9opathie pourrait et devrait jouer dans les syst\u00e8mes de sant\u00e9 de demain.<\/p>\n<p>Pour plus d&rsquo;informations sur le travail du HRI, veuillez consulter notre <a href=\"https:\/\/www.hri-research.org\/fr\/recherche-hri\/strategie-de-recherche\/\" target=\"_blank\" rel=\"noopener noreferrer\">mission et nos strat\u00e9gies de recherche<\/a>.<\/p>\n<p>Le HRI est une association l\u00e9galement constitu\u00e9e au Royaume-Uni. Vous trouverez plus d&rsquo;informations \u00e0 notre sujet sur le site Internet du\u00a0<a href=\"https:\/\/beta.charitycommission.gov.uk\/charity-details\/?regId=1132901&amp;subId=0\" target=\"_blank\" rel=\"noopener noreferrer\">Registre des associations de bienfaisance d&rsquo;Angleterre et du pays de Galles<\/a>.<\/p>\n<p><a href=\"#\" class=\"expand-content button accent-bg\" id=\"69f21a54cfb9f\"><span class=\"expand-content-more\">R\u00e9f\u00e9rences<\/span><span class=\"expand-content-less\">Moins<\/span><\/a><\/p><div class=\"collapse-content\" id=\"panel-69f21a54cfb9f\">\n<p>1. Professor Woods of the MHRA, response to Q211, House of Commons Science and Technology Committee hearing of evidence in preparation of Evidence Check 2: Homeopathy report (London: The Stationery Office Limited, 2010) |\u00a0<a href=\"https:\/\/www.hri-research.org\/fr\/ressources\/homeopathie-en-debat\/le-rapport-britannique\/\">our page<\/a><\/p>\n<p>2. European Central Council of Homeopaths | <a href=\"http:\/\/www.homeopathy-ecch.org\/content\/view\/38\/66\/\" target=\"_blank\" rel=\"noopener noreferrer\">Link<\/a><\/p>\n<p>3. Prasad R. Homoeopathy booming in India.\u00a0<em>Lancet,<\/em>\u00a02007; 370:November 17: 1679-80 |\u00a0<a href=\"http:\/\/www.ncbi.nlm.nih.gov\/pubmed\/18035598\" target=\"_blank\" rel=\"noopener noreferrer\">PubMed<\/a><\/p>\n<p>4.\u00a0George T Lewith, Funding for CAM,\u00a0<em>BMJ<\/em>. Nov 10, 2007; 335(7627): 951 |\u00a0<a href=\"http:\/\/www.ncbi.nlm.nih.gov\/pmc\/articles\/PMC2071985\/\" target=\"_blank\" rel=\"noopener noreferrer\">PubMed<\/a><\/p>\n<\/div><!-- fr -->\n","protected":false},"excerpt":{"rendered":"<p>Le HRI est une organisation de bienfaisance bas\u00e9e au Royaume-Uni qui se consacre \u00e0 la promotion de la recherche hom\u00e9opathique de haute qualit\u00e9 au niveau international. Elle a \u00e9t\u00e9 institu\u00e9e par le Dr Alexander Tournier, physicien de formation, et ancien collaborateur du centre de recherche Cancer Research UK, o\u00f9 il avait men\u00e9 des travaux de [&hellip;]<\/p>\n","protected":false},"author":835,"featured_media":17209,"parent":0,"menu_order":200,"comment_status":"closed","ping_status":"closed","template":"","meta":{"footnotes":""},"class_list":["post-16657","page","type-page","status-publish","has-post-thumbnail","hentry"],"jetpack_sharing_enabled":true,"_links":{"self":[{"href":"https:\/\/www.hri-research.org\/fr\/wp-json\/wp\/v2\/pages\/16657","targetHints":{"allow":["GET"]}}],"collection":[{"href":"https:\/\/www.hri-research.org\/fr\/wp-json\/wp\/v2\/pages"}],"about":[{"href":"https:\/\/www.hri-research.org\/fr\/wp-json\/wp\/v2\/types\/page"}],"author":[{"embeddable":true,"href":"https:\/\/www.hri-research.org\/fr\/wp-json\/wp\/v2\/users\/835"}],"replies":[{"embeddable":true,"href":"https:\/\/www.hri-research.org\/fr\/wp-json\/wp\/v2\/comments?post=16657"}],"version-history":[{"count":0,"href":"https:\/\/www.hri-research.org\/fr\/wp-json\/wp\/v2\/pages\/16657\/revisions"}],"wp:featuredmedia":[{"embeddable":true,"href":"https:\/\/www.hri-research.org\/fr\/wp-json\/wp\/v2\/media\/17209"}],"wp:attachment":[{"href":"https:\/\/www.hri-research.org\/fr\/wp-json\/wp\/v2\/media?parent=16657"}],"curies":[{"name":"wp","href":"https:\/\/api.w.org\/{rel}","templated":true}]}}