{"id":16656,"date":"2020-12-03T15:46:58","date_gmt":"2020-12-03T15:46:58","guid":{"rendered":"https:\/\/www.hri-research.org\/?page_id=16656"},"modified":"2025-02-27T09:46:41","modified_gmt":"2025-02-27T09:46:41","slug":"recherches-a-venir","status":"publish","type":"page","link":"https:\/\/www.hri-research.org\/fr\/ressources\/recherches-a-venir\/","title":{"rendered":"Recherches \u00e0 venir"},"content":{"rendered":"<p class=\"p2\"><strong><a href=\"https:\/\/www.hri-research.org\/wp-content\/uploads\/2024\/12\/HRI_EvidenceSummary_2024.pdf\" target=\"_blank\" rel=\"noopener\">\u00c9tat des donn\u00e9es HRI 2024<\/a><br \/>\n<\/strong>Cet aper\u00e7u couvre la recherche physico-chimique, biologique et clinique, offrant une perspective compl\u00e8te sur les preuves scientifiques actuelles sur l&rsquo;hom\u00e9opathie.<strong><br \/>\n<\/strong><\/p>\n<p><a href=\"https:\/\/www.hri-research.org\/wp-content\/uploads\/2020\/12\/HRI_ResearchArticle_29_RobertsTournier_IndividualisedHomeopathyReview_FR.pdf\" target=\"_blank\" rel=\"noopener noreferrer\"><strong>Essais du traitement hom\u00e9opathique individualis\u00e9 contre placebo<\/strong><\/a><br \/>\nR\u00e9dig\u00e9 de fa\u00e7on br\u00e8ve et simple, cet article pr\u00e9sente les r\u00e9sultats d\u2019une m\u00e9ta-analyse de 2014, effectu\u00e9e par le Dr Robert Mathie\u00a0<em>et al.<\/em><em>,\u00a0<\/em>qui a \u00e9valu\u00e9 les effets du traitement hom\u00e9opathique individualis\u00e9 compar\u00e9 \u00e0 un placebo dans le cadre d\u2019essais contr\u00f4l\u00e9s randomis\u00e9s en double aveugle.<\/p>\n<p><strong><a href=\"https:\/\/www.hri-research.org\/wp-content\/uploads\/2021\/12\/HRI_RIF_36_Robertsetal_EPI3_LASER_study_FR.pdf\" target=\"_blank\" rel=\"noopener\">EPI3 &#8211; donn\u00e9es d\u2019observation sur l\u2019hom\u00e9opathie<\/a><br \/>\n<\/strong>Les \u00e9tudes d\u2019observation permettent aux chercheurs, aux m\u00e9decins et aux patients de compter sur des informations pr\u00e9cieuses et pertinentes d\u2019un point de vue clinique sur le fonctionnement effectif d\u2019un traitement. Nous r\u00e9sumons ici les r\u00e9sultats de l\u2019\u00e9tude EPI3-LASER; men\u00e9e en France aupr\u00e8s de patients recevant de l\u2019hom\u00e9opathie dans le cadre de soins de sant\u00e9 primaires<\/p>\n<p><a href=\"https:\/\/www.hri-research.org\/wp-content\/uploads\/2020\/12\/HRI_RIF_PLAUSIBILITY-BIAS-FR-1.pdf\" target=\"_blank\" rel=\"noopener noreferrer\"><strong>Biais de plausibilit\u00e9 et d\u00e9bat autour de l\u2019hom\u00e9opathie<\/strong><\/a><br \/>\nLe D<sup>r<\/sup> Peter Fisher \u00e9tudie pourquoi les preuves existantes sur l\u2019hom\u00e9opathie font l\u2019objet d\u2019interpr\u00e9tations divergentes et introduit le concept de \u00ab\u00a0biais de plausibilit\u00e9\u00a0\u00bb.<\/p>\n","protected":false},"excerpt":{"rendered":"<p>\u00c9tat des donn\u00e9es HRI 2024 Cet aper\u00e7u couvre la recherche physico-chimique, biologique et clinique, offrant une perspective compl\u00e8te sur les preuves scientifiques actuelles sur l&rsquo;hom\u00e9opathie. Essais du traitement hom\u00e9opathique individualis\u00e9 contre placebo R\u00e9dig\u00e9 de fa\u00e7on br\u00e8ve et simple, cet article pr\u00e9sente les r\u00e9sultats d\u2019une m\u00e9ta-analyse de 2014, effectu\u00e9e par le Dr Robert Mathie\u00a0et al.,\u00a0qui a [&hellip;]<\/p>\n","protected":false},"author":835,"featured_media":0,"parent":16206,"menu_order":0,"comment_status":"closed","ping_status":"closed","template":"","meta":{"footnotes":""},"class_list":["post-16656","page","type-page","status-publish","hentry"],"jetpack_sharing_enabled":true,"_links":{"self":[{"href":"https:\/\/www.hri-research.org\/fr\/wp-json\/wp\/v2\/pages\/16656","targetHints":{"allow":["GET"]}}],"collection":[{"href":"https:\/\/www.hri-research.org\/fr\/wp-json\/wp\/v2\/pages"}],"about":[{"href":"https:\/\/www.hri-research.org\/fr\/wp-json\/wp\/v2\/types\/page"}],"author":[{"embeddable":true,"href":"https:\/\/www.hri-research.org\/fr\/wp-json\/wp\/v2\/users\/835"}],"replies":[{"embeddable":true,"href":"https:\/\/www.hri-research.org\/fr\/wp-json\/wp\/v2\/comments?post=16656"}],"version-history":[{"count":0,"href":"https:\/\/www.hri-research.org\/fr\/wp-json\/wp\/v2\/pages\/16656\/revisions"}],"up":[{"embeddable":true,"href":"https:\/\/www.hri-research.org\/fr\/wp-json\/wp\/v2\/pages\/16206"}],"wp:attachment":[{"href":"https:\/\/www.hri-research.org\/fr\/wp-json\/wp\/v2\/media?parent=16656"}],"curies":[{"name":"wp","href":"https:\/\/api.w.org\/{rel}","templated":true}]}}