{"id":16650,"date":"2020-12-08T14:39:08","date_gmt":"2020-12-08T14:39:08","guid":{"rendered":"https:\/\/www.hri-research.org\/?page_id=16650"},"modified":"2020-12-08T15:10:18","modified_gmt":"2020-12-08T15:10:18","slug":"articles-dans-des-revues-scientifiques","status":"publish","type":"page","link":"https:\/\/www.hri-research.org\/fr\/ressources\/articles-dans-des-revues-scientifiques\/","title":{"rendered":"Articles dans des revues scientifiques"},"content":{"rendered":"<p>Les revues \u00e9valu\u00e9es par des pairs sont consid\u00e9r\u00e9es comme la source d\u2019information scientifique la plus fiable. L\u2019\u00e9quipe du HRI a s\u00e9lectionn\u00e9 ces articles en fonction de leur pertinence pour les personnes int\u00e9ress\u00e9es par la recherche en hom\u00e9opathie.<\/p>\n","protected":false},"excerpt":{"rendered":"<p>Les revues \u00e9valu\u00e9es par des pairs sont consid\u00e9r\u00e9es comme la source d\u2019information scientifique la plus fiable. L\u2019\u00e9quipe du HRI a s\u00e9lectionn\u00e9 ces articles en fonction de leur pertinence pour les personnes int\u00e9ress\u00e9es par la recherche en hom\u00e9opathie.<\/p>\n","protected":false},"author":835,"featured_media":16278,"parent":16206,"menu_order":50,"comment_status":"closed","ping_status":"closed","template":"page-publications.php","meta":{"footnotes":""},"class_list":["post-16650","page","type-page","status-publish","has-post-thumbnail","hentry"],"jetpack_sharing_enabled":true,"_links":{"self":[{"href":"https:\/\/www.hri-research.org\/fr\/wp-json\/wp\/v2\/pages\/16650","targetHints":{"allow":["GET"]}}],"collection":[{"href":"https:\/\/www.hri-research.org\/fr\/wp-json\/wp\/v2\/pages"}],"about":[{"href":"https:\/\/www.hri-research.org\/fr\/wp-json\/wp\/v2\/types\/page"}],"author":[{"embeddable":true,"href":"https:\/\/www.hri-research.org\/fr\/wp-json\/wp\/v2\/users\/835"}],"replies":[{"embeddable":true,"href":"https:\/\/www.hri-research.org\/fr\/wp-json\/wp\/v2\/comments?post=16650"}],"version-history":[{"count":0,"href":"https:\/\/www.hri-research.org\/fr\/wp-json\/wp\/v2\/pages\/16650\/revisions"}],"up":[{"embeddable":true,"href":"https:\/\/www.hri-research.org\/fr\/wp-json\/wp\/v2\/pages\/16206"}],"wp:featuredmedia":[{"embeddable":true,"href":"https:\/\/www.hri-research.org\/fr\/wp-json\/wp\/v2\/media\/16278"}],"wp:attachment":[{"href":"https:\/\/www.hri-research.org\/fr\/wp-json\/wp\/v2\/media?parent=16650"}],"curies":[{"name":"wp","href":"https:\/\/api.w.org\/{rel}","templated":true}]}}