{"id":16649,"date":"2020-12-08T14:37:19","date_gmt":"2020-12-08T14:37:19","guid":{"rendered":"https:\/\/www.hri-research.org\/?page_id=16649"},"modified":"2020-12-08T14:37:19","modified_gmt":"2020-12-08T14:37:19","slug":"apports-a-la-consultation","status":"publish","type":"page","link":"https:\/\/www.hri-research.org\/fr\/ressources\/publications-du-hri\/apports-a-la-consultation\/","title":{"rendered":"Apports \u00e0 la consultation"},"content":{"rendered":"<p>Le HRI apporte sa contribution aux consultations publiques, en donnant acc\u00e8s \u00e0 des opinions d\u2019experts sur la base de donn\u00e9es de l\u2019hom\u00e9opathie aux responsables de la prise de d\u00e9cision.<\/p>\n","protected":false},"excerpt":{"rendered":"<p>Le HRI apporte sa contribution aux consultations publiques, en donnant acc\u00e8s \u00e0 des opinions d\u2019experts sur la base de donn\u00e9es de l\u2019hom\u00e9opathie aux responsables de la prise de d\u00e9cision.<\/p>\n","protected":false},"author":835,"featured_media":0,"parent":16648,"menu_order":40,"comment_status":"closed","ping_status":"closed","template":"page-publications.php","meta":{"footnotes":""},"class_list":["post-16649","page","type-page","status-publish","hentry"],"jetpack_sharing_enabled":true,"_links":{"self":[{"href":"https:\/\/www.hri-research.org\/fr\/wp-json\/wp\/v2\/pages\/16649","targetHints":{"allow":["GET"]}}],"collection":[{"href":"https:\/\/www.hri-research.org\/fr\/wp-json\/wp\/v2\/pages"}],"about":[{"href":"https:\/\/www.hri-research.org\/fr\/wp-json\/wp\/v2\/types\/page"}],"author":[{"embeddable":true,"href":"https:\/\/www.hri-research.org\/fr\/wp-json\/wp\/v2\/users\/835"}],"replies":[{"embeddable":true,"href":"https:\/\/www.hri-research.org\/fr\/wp-json\/wp\/v2\/comments?post=16649"}],"version-history":[{"count":0,"href":"https:\/\/www.hri-research.org\/fr\/wp-json\/wp\/v2\/pages\/16649\/revisions"}],"up":[{"embeddable":true,"href":"https:\/\/www.hri-research.org\/fr\/wp-json\/wp\/v2\/pages\/16648"}],"wp:attachment":[{"href":"https:\/\/www.hri-research.org\/fr\/wp-json\/wp\/v2\/media?parent=16649"}],"curies":[{"name":"wp","href":"https:\/\/api.w.org\/{rel}","templated":true}]}}