{"id":16648,"date":"2020-12-08T14:24:59","date_gmt":"2020-12-08T14:24:59","guid":{"rendered":"https:\/\/www.hri-research.org\/?page_id=16648"},"modified":"2020-12-09T12:07:25","modified_gmt":"2020-12-09T12:07:25","slug":"publications-du-hri","status":"publish","type":"page","link":"https:\/\/www.hri-research.org\/fr\/ressources\/publications-du-hri\/","title":{"rendered":"Articles dans des revues scientifiques"},"content":{"rendered":"<p>Les revues \u00e9valu\u00e9es par des pairs sont consid\u00e9r\u00e9es comme la source d\u2019information scientifique la plus fiable. Ces articles publi\u00e9s dans des publications \u00e0 comit\u00e9 de lecture ont \u00e9t\u00e9 r\u00e9dig\u00e9s par des membres de l\u2019\u00e9quipe du HRI ou portent sur des projets financ\u00e9s par le HRI.<\/p>\n","protected":false},"excerpt":{"rendered":"<p>Les revues \u00e9valu\u00e9es par des pairs sont consid\u00e9r\u00e9es comme la source d\u2019information scientifique la plus fiable. Ces articles publi\u00e9s dans des publications \u00e0 comit\u00e9 de lecture ont \u00e9t\u00e9 r\u00e9dig\u00e9s par des membres de l\u2019\u00e9quipe du HRI ou portent sur des projets financ\u00e9s par le HRI.<\/p>\n","protected":false},"author":835,"featured_media":17719,"parent":16206,"menu_order":30,"comment_status":"closed","ping_status":"closed","template":"page-publications.php","meta":{"footnotes":""},"class_list":["post-16648","page","type-page","status-publish","has-post-thumbnail","hentry"],"jetpack_sharing_enabled":true,"_links":{"self":[{"href":"https:\/\/www.hri-research.org\/fr\/wp-json\/wp\/v2\/pages\/16648","targetHints":{"allow":["GET"]}}],"collection":[{"href":"https:\/\/www.hri-research.org\/fr\/wp-json\/wp\/v2\/pages"}],"about":[{"href":"https:\/\/www.hri-research.org\/fr\/wp-json\/wp\/v2\/types\/page"}],"author":[{"embeddable":true,"href":"https:\/\/www.hri-research.org\/fr\/wp-json\/wp\/v2\/users\/835"}],"replies":[{"embeddable":true,"href":"https:\/\/www.hri-research.org\/fr\/wp-json\/wp\/v2\/comments?post=16648"}],"version-history":[{"count":0,"href":"https:\/\/www.hri-research.org\/fr\/wp-json\/wp\/v2\/pages\/16648\/revisions"}],"up":[{"embeddable":true,"href":"https:\/\/www.hri-research.org\/fr\/wp-json\/wp\/v2\/pages\/16206"}],"wp:featuredmedia":[{"embeddable":true,"href":"https:\/\/www.hri-research.org\/fr\/wp-json\/wp\/v2\/media\/17719"}],"wp:attachment":[{"href":"https:\/\/www.hri-research.org\/fr\/wp-json\/wp\/v2\/media?parent=16648"}],"curies":[{"name":"wp","href":"https:\/\/api.w.org\/{rel}","templated":true}]}}