{"id":16647,"date":"2020-12-08T14:36:51","date_gmt":"2020-12-08T14:36:51","guid":{"rendered":"https:\/\/www.hri-research.org\/?page_id=16647"},"modified":"2020-12-08T14:36:51","modified_gmt":"2020-12-08T14:36:51","slug":"synopsis","status":"publish","type":"page","link":"https:\/\/www.hri-research.org\/fr\/ressources\/publications-du-hri\/synopsis\/","title":{"rendered":"Synopsis"},"content":{"rendered":"<p>Parfois, on a juste besoin d\u2019aller \u00e0 l\u2019essentiel. Vous trouverez ici des r\u00e9sum\u00e9s simples et brefs au sujet d\u2019articles d\u2019int\u00e9r\u00eat publi\u00e9s dans des revues scientifiques.<\/p>\n","protected":false},"excerpt":{"rendered":"<p>Parfois, on a juste besoin d\u2019aller \u00e0 l\u2019essentiel. Vous trouverez ici des r\u00e9sum\u00e9s simples et brefs au sujet d\u2019articles d\u2019int\u00e9r\u00eat publi\u00e9s dans des revues scientifiques.<\/p>\n","protected":false},"author":835,"featured_media":0,"parent":16648,"menu_order":20,"comment_status":"closed","ping_status":"closed","template":"page-publications.php","meta":{"footnotes":""},"class_list":["post-16647","page","type-page","status-publish","hentry"],"jetpack_sharing_enabled":true,"_links":{"self":[{"href":"https:\/\/www.hri-research.org\/fr\/wp-json\/wp\/v2\/pages\/16647","targetHints":{"allow":["GET"]}}],"collection":[{"href":"https:\/\/www.hri-research.org\/fr\/wp-json\/wp\/v2\/pages"}],"about":[{"href":"https:\/\/www.hri-research.org\/fr\/wp-json\/wp\/v2\/types\/page"}],"author":[{"embeddable":true,"href":"https:\/\/www.hri-research.org\/fr\/wp-json\/wp\/v2\/users\/835"}],"replies":[{"embeddable":true,"href":"https:\/\/www.hri-research.org\/fr\/wp-json\/wp\/v2\/comments?post=16647"}],"version-history":[{"count":0,"href":"https:\/\/www.hri-research.org\/fr\/wp-json\/wp\/v2\/pages\/16647\/revisions"}],"up":[{"embeddable":true,"href":"https:\/\/www.hri-research.org\/fr\/wp-json\/wp\/v2\/pages\/16648"}],"wp:attachment":[{"href":"https:\/\/www.hri-research.org\/fr\/wp-json\/wp\/v2\/media?parent=16647"}],"curies":[{"name":"wp","href":"https:\/\/api.w.org\/{rel}","templated":true}]}}