{"id":16646,"date":"2020-12-07T16:35:13","date_gmt":"2020-12-07T16:35:13","guid":{"rendered":"https:\/\/www.hri-research.org\/?page_id=16646"},"modified":"2020-12-08T16:47:54","modified_gmt":"2020-12-08T16:47:54","slug":"recherche-a-la-une","status":"publish","type":"page","link":"https:\/\/www.hri-research.org\/fr\/ressources\/publications-du-hri\/recherche-a-la-une\/","title":{"rendered":"Recherche \u00e0 la une"},"content":{"rendered":"<p>Les articles \u00ab\u00a0Recherche \u00e0 la une\u00a0\u00bb du HRI vous pr\u00e9sentent les faits marquants de la recherche en hom\u00e9opathie dans un style simple et bref. Ils sont r\u00e9dig\u00e9s par notre \u00e9quipe interne ou par des auteurs externes convi\u00e9s par le HRI. Il s\u2019agit pour la plupart de documents recto-verso faciles \u00e0 imprimer et \u00e0 partager.<\/p>\n<p>Les nouvelles publications de cette s\u00e9rie sont annonc\u00e9es via notre bulletin d\u2019informations.<\/p>\n<p><a href=\"https:\/\/us5.list-manage.com\/subscribe?u=bffbb0f5c7e4b6f9db2a53abe&amp;id=fc00bd6337\" target=\"_blank\" rel=\"noopener noreferrer\">Inscrivez-vous ici<\/a>.<\/p>\n","protected":false},"excerpt":{"rendered":"<p>Les articles \u00ab\u00a0Recherche \u00e0 la une\u00a0\u00bb du HRI vous pr\u00e9sentent les faits marquants de la recherche en hom\u00e9opathie dans un style simple et bref. Ils sont r\u00e9dig\u00e9s par notre \u00e9quipe interne ou par des auteurs externes convi\u00e9s par le HRI. Il s\u2019agit pour la plupart de documents recto-verso faciles \u00e0 imprimer et \u00e0 partager. Les [&hellip;]<\/p>\n","protected":false},"author":835,"featured_media":0,"parent":16648,"menu_order":40,"comment_status":"closed","ping_status":"closed","template":"page-publications.php","meta":{"footnotes":""},"class_list":["post-16646","page","type-page","status-publish","hentry"],"jetpack_sharing_enabled":true,"_links":{"self":[{"href":"https:\/\/www.hri-research.org\/fr\/wp-json\/wp\/v2\/pages\/16646","targetHints":{"allow":["GET"]}}],"collection":[{"href":"https:\/\/www.hri-research.org\/fr\/wp-json\/wp\/v2\/pages"}],"about":[{"href":"https:\/\/www.hri-research.org\/fr\/wp-json\/wp\/v2\/types\/page"}],"author":[{"embeddable":true,"href":"https:\/\/www.hri-research.org\/fr\/wp-json\/wp\/v2\/users\/835"}],"replies":[{"embeddable":true,"href":"https:\/\/www.hri-research.org\/fr\/wp-json\/wp\/v2\/comments?post=16646"}],"version-history":[{"count":0,"href":"https:\/\/www.hri-research.org\/fr\/wp-json\/wp\/v2\/pages\/16646\/revisions"}],"up":[{"embeddable":true,"href":"https:\/\/www.hri-research.org\/fr\/wp-json\/wp\/v2\/pages\/16648"}],"wp:attachment":[{"href":"https:\/\/www.hri-research.org\/fr\/wp-json\/wp\/v2\/media?parent=16646"}],"curies":[{"name":"wp","href":"https:\/\/api.w.org\/{rel}","templated":true}]}}