{"id":16637,"date":"2020-12-04T16:39:18","date_gmt":"2020-12-04T16:39:18","guid":{"rendered":"https:\/\/www.hri-research.org\/?page_id=16637"},"modified":"2023-05-23T12:16:11","modified_gmt":"2023-05-23T12:16:11","slug":"core-hom","status":"publish","type":"page","link":"https:\/\/www.hri-research.org\/fr\/ressources\/bases-de-donnees-de-recherche\/core-hom\/","title":{"rendered":"CORE-Hom"},"content":{"rendered":"<div id=\"corehom-login\"><form name=\"loginform\" id=\"loginform\" action=\"https:\/\/www.hri-research.org\/wp-login.php?wpe-login=true\" method=\"post\"><p class=\"login-username\">\n\t\t\t\t<label for=\"user_login\">Identifiant ou adresse e-mail<\/label>\n\t\t\t\t<input type=\"text\" name=\"log\" id=\"user_login\" autocomplete=\"username\" class=\"input\" value=\"\" size=\"20\" \/>\n\t\t\t<\/p><p class=\"login-password\">\n\t\t\t\t<label for=\"user_pass\">Mot de passe<\/label>\n\t\t\t\t<input type=\"password\" name=\"pwd\" id=\"user_pass\" autocomplete=\"current-password\" spellcheck=\"false\" class=\"input\" value=\"\" size=\"20\" \/>\n\t\t\t<\/p><p class=\"login-remember\"><label><input name=\"rememberme\" type=\"checkbox\" id=\"rememberme\" value=\"forever\" \/> Se souvenir de moi<\/label><\/p><p class=\"login-submit\">\n\t\t\t\t<input type=\"submit\" name=\"wp-submit\" id=\"wp-submit\" class=\"button button-primary\" value=\"Se connecter\" \/>\n\t\t\t\t<input type=\"hidden\" name=\"redirect_to\" value=\"https:\/\/www.hri-research.org\/fr\/wp-json\/wp\/v2\/pages\/16637\" \/>\n\t\t\t<\/p><\/form><p><a href=\"https:\/\/www.hri-research.org\/wp-login.php?action=register&redirect_to=https%3A%2F%2Fwww.hri-research.org%2Ffr%2Fwp-json%2Fwp%2Fv2%2Fpages%2F16637%3Fnewusr%3D1\">Register<\/a> <a href=\"https:\/\/www.hri-research.org\/wp-login.php?action=lostpassword&redirect_to=https%3A%2F%2Fwww.hri-research.org%2Ffr%2Fwp-json%2Fwp%2Fv2%2Fpages%2F16637\">Lost password?<\/a><\/p><\/div>\n<p>Cette base de donn\u00e9es de recherche clinique en hom\u00e9opathie contient toutes sortes d\u2019\u00e9tudes des signes cliniques, des essais contr\u00f4l\u00e9s randomis\u00e9s aux \u00e9tudes d\u2019observation.<\/p>\n<p>Contenant aujourd\u2019hui plus de\u00a0<strong>1 300 \u00e9tudes cliniques en hom\u00e9opathie<\/strong>, la base de donn\u00e9es sera r\u00e9guli\u00e8rement enrichie et mise \u00e0 jour \u00e0 mesure que de nouveaux essais seront publi\u00e9s.<\/p>\n<p>CORE-Hom est la base de donn\u00e9es la plus exhaustive et scientifiquement rigoureuse de ce genre dans le monde, et la seule base de donn\u00e9es sur l\u2019hom\u00e9opathie apportant des informations<em>\u00a0<\/em><em>qualitatives<\/em>\u00a0au sujet des \u00e9tudes qu\u2019elle contient.<\/p>\n<p>Cette pr\u00e9cieuse ressource est le r\u00e9sultat d\u2019un travail de plusieurs ann\u00e9es en \u00e9troite collaboration entre le HRI et la prestigieuse Fondation\u00a0<a href=\"http:\/\/www.carstens-stiftung.de\/\" target=\"_blank\" rel=\"noopener noreferrer\">Karl und Veronica Carstens,<\/a>\u00a0situ\u00e9e en Allemagne.<\/p>\n<p><a href=\"https:\/\/www.hri-research.org\/wp-content\/uploads\/2014\/07\/Carstens_Logo_Pfad_V021.jpg\"><img loading=\"lazy\" decoding=\"async\" class=\"aligncenter wp-image-3463 size-full\" src=\"https:\/\/www.hri-research.org\/wp-content\/uploads\/2014\/07\/Carstens_Logo_Pfad_V021.jpg\" alt=\"Carstens_Logo_Pfad_V02\" width=\"435\" height=\"143\" srcset=\"https:\/\/www.hri-research.org\/wp-content\/uploads\/2014\/07\/Carstens_Logo_Pfad_V021.jpg 435w, https:\/\/www.hri-research.org\/wp-content\/uploads\/2014\/07\/Carstens_Logo_Pfad_V021-300x98.jpg 300w, https:\/\/www.hri-research.org\/wp-content\/uploads\/2014\/07\/Carstens_Logo_Pfad_V021-98x32.jpg 98w, https:\/\/www.hri-research.org\/wp-content\/uploads\/2014\/07\/Carstens_Logo_Pfad_V021-198x65.jpg 198w, https:\/\/www.hri-research.org\/wp-content\/uploads\/2014\/07\/Carstens_Logo_Pfad_V021-158x51.jpg 158w, https:\/\/www.hri-research.org\/wp-content\/uploads\/2014\/07\/Carstens_Logo_Pfad_V021-160x52.jpg 160w\" sizes=\"auto, (max-width: 435px) 100vw, 435px\" \/><\/a><\/p>\n","protected":false},"excerpt":{"rendered":"<p>Cette base de donn\u00e9es de recherche clinique en hom\u00e9opathie contient toutes sortes d\u2019\u00e9tudes des signes cliniques, des essais contr\u00f4l\u00e9s randomis\u00e9s aux \u00e9tudes d\u2019observation. Contenant aujourd\u2019hui plus de\u00a01 300 \u00e9tudes cliniques en hom\u00e9opathie, la base de donn\u00e9es sera r\u00e9guli\u00e8rement enrichie et mise \u00e0 jour \u00e0 mesure que de nouveaux essais seront publi\u00e9s. CORE-Hom est la base [&hellip;]<\/p>\n","protected":false},"author":835,"featured_media":0,"parent":16635,"menu_order":0,"comment_status":"closed","ping_status":"closed","template":"","meta":{"footnotes":""},"class_list":["post-16637","page","type-page","status-publish","hentry"],"jetpack_sharing_enabled":true,"_links":{"self":[{"href":"https:\/\/www.hri-research.org\/fr\/wp-json\/wp\/v2\/pages\/16637","targetHints":{"allow":["GET"]}}],"collection":[{"href":"https:\/\/www.hri-research.org\/fr\/wp-json\/wp\/v2\/pages"}],"about":[{"href":"https:\/\/www.hri-research.org\/fr\/wp-json\/wp\/v2\/types\/page"}],"author":[{"embeddable":true,"href":"https:\/\/www.hri-research.org\/fr\/wp-json\/wp\/v2\/users\/835"}],"replies":[{"embeddable":true,"href":"https:\/\/www.hri-research.org\/fr\/wp-json\/wp\/v2\/comments?post=16637"}],"version-history":[{"count":0,"href":"https:\/\/www.hri-research.org\/fr\/wp-json\/wp\/v2\/pages\/16637\/revisions"}],"up":[{"embeddable":true,"href":"https:\/\/www.hri-research.org\/fr\/wp-json\/wp\/v2\/pages\/16635"}],"wp:attachment":[{"href":"https:\/\/www.hri-research.org\/fr\/wp-json\/wp\/v2\/media?parent=16637"}],"curies":[{"name":"wp","href":"https:\/\/api.w.org\/{rel}","templated":true}]}}