{"id":16634,"date":"2020-12-04T15:40:06","date_gmt":"2020-12-04T15:40:06","guid":{"rendered":"https:\/\/www.hri-research.org\/?page_id=16634"},"modified":"2025-08-27T10:55:32","modified_gmt":"2025-08-27T10:55:32","slug":"films-hri","status":"publish","type":"page","link":"https:\/\/www.hri-research.org\/fr\/ressources\/films-hri\/","title":{"rendered":"Films HRI"},"content":{"rendered":"<p><strong>Parole d&rsquo;experts<\/strong><\/p>\n<p>Les conf\u00e9rences bisannuelles du HRI sont l\u2019occasion de rassembler certains des plus grands noms de la recherche en hom\u00e9opathie dans le monde, dans un cadre de collaboration intensive.<\/p>\n<p>Nous prenons soin de filmer toutes les pr\u00e9sentations et profitons \u00e9galement de ces pr\u00e9cieuses occasions pour nous entretenir avec des chercheurs au travail est fascinant, afin de mieux comprendre leur apport et les histoires qui se cachent derri\u00e8re leurs recherches de pointe.<\/p>\n<hr class=\"accent-border\" \/>\n<p><strong>Professeur Oskan Tasinov, Universit\u00e9 de M\u00e9decine de Varna, Bulgarie<\/strong><\/p>\n<p>Le Professeur Oskan Tasinov explique comment le rem\u00e8de hom\u00e9opathique Ferrum phosphoricum D12 stimule les cellules immunitaires (macrophages), les aidant \u00e0 combattre les infections plus efficacement.<\/p>\n<p><span class=\"embed-youtube\" style=\"text-align:center; display: block;\"><iframe loading=\"lazy\" class=\"youtube-player\" width=\"520\" height=\"293\" src=\"https:\/\/www.youtube.com\/embed\/rc9Na6CAcHU?version=3&#038;rel=1&#038;showsearch=0&#038;showinfo=1&#038;iv_load_policy=1&#038;fs=1&#038;hl=fr-FR&#038;autohide=2&#038;wmode=transparent\" allowfullscreen=\"true\" style=\"border:0;\" sandbox=\"allow-scripts allow-same-origin allow-popups allow-presentation allow-popups-to-escape-sandbox\"><\/iframe><\/span><\/p>\n<hr class=\"accent-border\" \/>\n<p><strong>Dr Leonardo Faedo, Universit\u00e9 de Coventry<\/strong><\/p>\n<p>Le Dr Leonardo Faedo, agronome sp\u00e9cialis\u00e9 dans les syst\u00e8mes agricoles durables, pr\u00e9sente ses derni\u00e8res recherches qui ont r\u00e9v\u00e9l\u00e9 que l\u2019hom\u00e9opathie semble am\u00e9liorer le rendement des cultures et accro\u00eetre leur r\u00e9sistance aux ravageurs, tout en r\u00e9duisant l\u2019utilisation de pesticides nocifs.<\/p>\n<p><span class=\"embed-youtube\" style=\"text-align:center; display: block;\"><iframe loading=\"lazy\" class=\"youtube-player\" width=\"520\" height=\"293\" src=\"https:\/\/www.youtube.com\/embed\/IG3pvtMtcCM?version=3&#038;rel=1&#038;showsearch=0&#038;showinfo=1&#038;iv_load_policy=1&#038;fs=1&#038;hl=fr-FR&#038;autohide=2&#038;wmode=transparent\" allowfullscreen=\"true\" style=\"border:0;\" sandbox=\"allow-scripts allow-same-origin allow-popups allow-presentation allow-popups-to-escape-sandbox\"><\/iframe><\/span><\/p>\n<hr class=\"accent-border\" \/>\n<p><strong>Dr Jean-Lionel Bagot &amp; Dr Ingrid Theunissen, SHISSO, France\u00a0<\/strong><\/p>\n<p>Les oncologues Dr Jean-Lionel Bagot et Dr Ingrid Theunissen discutent des travaux qu\u2019ils ont pr\u00e9sent\u00e9s lors du HRI London 2023, qui explorent le concept des essais N-of-1 dans le contexte de l\u2019hom\u00e9opathie et de l\u2019oncologie int\u00e9grative. Les essais N-of-1 visent \u00e0 identifier ce qui fonctionne pour un patient particulier, plut\u00f4t que de se baser uniquement sur des essais contr\u00f4l\u00e9s randomis\u00e9s en double aveugle (ECR), afin d\u2019aider \u00e0 \u00e9tablir des r\u00e9sultats optimaux dans un contexte r\u00e9el.<\/p>\n<p><span class=\"embed-youtube\" style=\"text-align:center; display: block;\"><iframe loading=\"lazy\" class=\"youtube-player\" width=\"520\" height=\"293\" src=\"https:\/\/www.youtube.com\/embed\/Mu89CsFuzsw?version=3&#038;rel=1&#038;showsearch=0&#038;showinfo=1&#038;iv_load_policy=1&#038;fs=1&#038;hl=fr-FR&#038;autohide=2&#038;wmode=transparent\" allowfullscreen=\"true\" style=\"border:0;\" sandbox=\"allow-scripts allow-same-origin allow-popups allow-presentation allow-popups-to-escape-sandbox\"><\/iframe><\/span><\/p>\n<hr class=\"accent-border\" \/>\n<p><strong>Dr Esther van der Werf, HRI, UK<\/strong><\/p>\n<p>La responsable de la recherche clinique du HRI, Dr Esther van der Werf, \u00e9voque une revue syst\u00e9matique en cours visant \u00e0 \u00e9valuer l\u2019efficacit\u00e9 de l\u2019hom\u00e9opathie dans le traitement de l\u2019otite moyenne, et \u00e0 d\u00e9terminer si elle pourrait \u00eatre utilis\u00e9e dans le cadre d\u2019une strat\u00e9gie th\u00e9rapeutique alternative pour lutter contre la surconsommation d\u2019antibiotiques.<\/p>\n<p><span class=\"embed-youtube\" style=\"text-align:center; display: block;\"><iframe loading=\"lazy\" class=\"youtube-player\" width=\"520\" height=\"293\" src=\"https:\/\/www.youtube.com\/embed\/2KGF4RP5umk?version=3&#038;rel=1&#038;showsearch=0&#038;showinfo=1&#038;iv_load_policy=1&#038;fs=1&#038;hl=fr-FR&#038;autohide=2&#038;wmode=transparent\" allowfullscreen=\"true\" style=\"border:0;\" sandbox=\"allow-scripts allow-same-origin allow-popups allow-presentation allow-popups-to-escape-sandbox\"><\/iframe><\/span><\/p>\n<hr class=\"accent-border\" \/>\n<p><strong>Dr Steven Cartwright, Cherwell Innovation Centre, UK\u00a0<\/strong><\/p>\n<p>Le Dr Steven Cartwright r\u00e9sume l\u2019ensemble de ses recherches de la derni\u00e8re d\u00e9cennie, au cours de laquelle il a utilis\u00e9 des colorants solvatochromiques pour \u00e9tablir un m\u00e9canisme d\u2019action des m\u00e9dicaments hom\u00e9opathiques.<\/p>\n<p><span class=\"embed-youtube\" style=\"text-align:center; display: block;\"><iframe loading=\"lazy\" class=\"youtube-player\" width=\"520\" height=\"293\" src=\"https:\/\/www.youtube.com\/embed\/DI_tnFdq1cI?version=3&#038;rel=1&#038;showsearch=0&#038;showinfo=1&#038;iv_load_policy=1&#038;fs=1&#038;hl=fr-FR&#038;autohide=2&#038;wmode=transparent\" allowfullscreen=\"true\" style=\"border:0;\" sandbox=\"allow-scripts allow-same-origin allow-popups allow-presentation allow-popups-to-escape-sandbox\"><\/iframe><\/span><\/p>\n<hr class=\"accent-border\" \/>\n<p><strong>Dr Alexander Tournier &amp; Rachel Roberts &#8211; Lib\u00e9rer le potentiel de l\u2019hom\u00e9opathie<\/strong><\/p>\n<p>Dr Alexander Tournier (Pr\u00e9sident du HRI) et Rachel Roberts (Directrice G\u00e9n\u00e9rale du HRI) expliquent le r\u00f4le cl\u00e9 que l\u2019hom\u00e9opathie pourrait jouer \u00e0 l\u2019avenir, et pourquoi un financement suppl\u00e9mentaire est n\u00e9cessaire pour lib\u00e9rer tout son potentiel.<\/p>\n<p><span class=\"embed-youtube\" style=\"text-align:center; display: block;\"><iframe loading=\"lazy\" class=\"youtube-player\" width=\"520\" height=\"293\" src=\"https:\/\/www.youtube.com\/embed\/Wdoyb_yripQ?version=3&#038;rel=1&#038;showsearch=0&#038;showinfo=1&#038;iv_load_policy=1&#038;fs=1&#038;hl=fr-FR&#038;autohide=2&#038;wmode=transparent\" allowfullscreen=\"true\" style=\"border:0;\" sandbox=\"allow-scripts allow-same-origin allow-popups allow-presentation allow-popups-to-escape-sandbox\"><\/iframe><\/span><\/p>\n<hr class=\"accent-border\" \/>\n<p><strong>\u00c9tude du traitement hom\u00e9opathique de la faune sauvage<br \/>\n<\/strong>Les \u00e9tudes de cas v\u00e9t\u00e9rinaires concernant la faune sauvage portent sur des animaux sauv\u00e9s, bless\u00e9s par l&rsquo;activit\u00e9 humaine ou soign\u00e9s par des v\u00e9t\u00e9rinaires dans des parcs zoologiques. Elles constituent une premi\u00e8re \u00e9tape utile dans l&rsquo;exploration de la mani\u00e8re dont l&rsquo;hom\u00e9opathie peut contribuer \u00e0 la sant\u00e9 et au bien-\u00eatre de ces animaux.<\/p>\n<p><span class=\"embed-youtube\" style=\"text-align:center; display: block;\"><iframe loading=\"lazy\" class=\"youtube-player\" width=\"520\" height=\"293\" src=\"https:\/\/www.youtube.com\/embed\/4TkXHcreOoM?version=3&#038;rel=1&#038;showsearch=0&#038;showinfo=1&#038;iv_load_policy=1&#038;fs=1&#038;hl=fr-FR&#038;autohide=2&#038;wmode=transparent\" allowfullscreen=\"true\" style=\"border:0;\" sandbox=\"allow-scripts allow-same-origin allow-popups allow-presentation allow-popups-to-escape-sandbox\"><\/iframe><\/span><\/p>\n<hr class=\"accent-border\" \/>\n<p><strong>Les scientifiques disent&#8230; que l&rsquo;hom\u00e9opathie n&rsquo;est pas qu&rsquo;un placebo<br \/>\n<\/strong>Des experts qui connaissent la litt\u00e9rature scientifique actuelle expliquent comment les \u00e9tudes cliniques et de laboratoire contredisent l&rsquo;id\u00e9e que l&rsquo;hom\u00e9opathie n&rsquo;est qu&rsquo;un effet placebo.<\/p>\n<p><span class=\"embed-youtube\" style=\"text-align:center; display: block;\"><iframe loading=\"lazy\" class=\"youtube-player\" width=\"520\" height=\"293\" src=\"https:\/\/www.youtube.com\/embed\/oACBheCzE9U?version=3&#038;rel=1&#038;showsearch=0&#038;showinfo=1&#038;iv_load_policy=1&#038;fs=1&#038;hl=fr-FR&#038;autohide=2&#038;wmode=transparent\" allowfullscreen=\"true\" style=\"border:0;\" sandbox=\"allow-scripts allow-same-origin allow-popups allow-presentation allow-popups-to-escape-sandbox\"><\/iframe><\/span><\/p>\n<hr class=\"accent-border\" \/>\n<p><strong>Leoni Bonamin, Professeur a l&rsquo;UNIP, Br\u00e9sil<\/strong><br \/>\nTr\u00e8s couramment utilis\u00e9e dans l\u2019agriculture br\u00e9silienne, l\u2019hom\u00e9opathie peut contribuer \u00e0 relever une s\u00e9rie de d\u00e9fis d\u2019avenir sur le plan environnemental.<\/p>\n<p><span class=\"embed-youtube\" style=\"text-align:center; display: block;\"><iframe loading=\"lazy\" class=\"youtube-player\" width=\"520\" height=\"293\" src=\"https:\/\/www.youtube.com\/embed\/qFFwmFBp_-Y?version=3&#038;rel=1&#038;showsearch=0&#038;showinfo=1&#038;iv_load_policy=1&#038;fs=1&#038;hl=fr-FR&#038;autohide=2&#038;wmode=transparent\" allowfullscreen=\"true\" style=\"border:0;\" sandbox=\"allow-scripts allow-same-origin allow-popups allow-presentation allow-popups-to-escape-sandbox\"><\/iframe><\/span><\/p>\n<p>Cliquez\u00a0<a href=\"https:\/\/youtu.be\/m7T6dIF43A4\" target=\"_blank\" rel=\"noopener noreferrer\">ici<\/a>\u00a0pour visionner la pr\u00e9sentation enti\u00e8re du Professeur Bonamin lors de la conf\u00e9rence\u00a0<a href=\"http:\/\/hrilondon2019.org\/\" target=\"_blank\" rel=\"noopener noreferrer\">HRI Londres 2019<\/a>.<\/p>\n<hr class=\"accent-border\" \/>\n<p><strong>Rachel Roberts, Directrice ex\u00e9cutive, HRI\u00a0<\/strong><br \/>\nUn bref r\u00e9sum\u00e9 de nos analyses au sujet des biais, des erreurs et des fausses d\u00e9clarations observ\u00e9s dans le fameux Rapport australien de 2015.<\/p>\n<p><span class=\"embed-youtube\" style=\"text-align:center; display: block;\"><iframe loading=\"lazy\" class=\"youtube-player\" width=\"520\" height=\"293\" src=\"https:\/\/www.youtube.com\/embed\/QvF8KxbCXzA?version=3&#038;rel=1&#038;showsearch=0&#038;showinfo=1&#038;iv_load_policy=1&#038;fs=1&#038;hl=fr-FR&#038;autohide=2&#038;wmode=transparent\" allowfullscreen=\"true\" style=\"border:0;\" sandbox=\"allow-scripts allow-same-origin allow-popups allow-presentation allow-popups-to-escape-sandbox\"><\/iframe><\/span><\/p>\n<p>Pour en savoir plus sur le Rapport australien et sur le r\u00f4le du HRI dans la plainte d\u00e9pos\u00e9e aupr\u00e8s du M\u00e9diateur f\u00e9d\u00e9ral, cliquez\u00a0<a href=\"https:\/\/www.hri-research.org\/resources\/homeopathy-the-debate\/the-australian-report-on-homeopathy\/\" target=\"_blank\" rel=\"noopener noreferrer\">ici<\/a>.<\/p>\n<hr class=\"accent-border\" \/>\n<p><strong>Giovanni Dinelli, Professeur \u00e0 l&rsquo;Universit\u00e9 de Bologne, Italie<\/strong><br \/>\nRecherche sur l\u2019utilisation de m\u00e9dicaments hom\u00e9opathiques dans l\u2019agriculture. Le professeur Dinelli revient sur l\u2019\u00e9volution de sa carri\u00e8re et explique comment il est pass\u00e9 du d\u00e9veloppement d\u2019herbicides \u00e0 l\u2019agro-hom\u00e9opathie. Il d\u00e9crit les obstacles auxquels sont confront\u00e9s les scientifiques qui veulent mener des recherches rigoureuses sur l\u2019hom\u00e9opathie.<\/p>\n<p><span class=\"embed-youtube\" style=\"text-align:center; display: block;\"><iframe loading=\"lazy\" class=\"youtube-player\" width=\"520\" height=\"293\" src=\"https:\/\/www.youtube.com\/embed\/G0k0QswkwFo?version=3&#038;rel=1&#038;showsearch=0&#038;showinfo=1&#038;iv_load_policy=1&#038;fs=1&#038;hl=fr-FR&#038;autohide=2&#038;wmode=transparent\" allowfullscreen=\"true\" style=\"border:0;\" sandbox=\"allow-scripts allow-same-origin allow-popups allow-presentation allow-popups-to-escape-sandbox\"><\/iframe><\/span><\/p>\n<p>Lisez\u00a0<a href=\"https:\/\/www.hindawi.com\/journals\/ecam\/2014\/851263\/\">la recherche<\/a>\u00a0du professeur Dinelli sur le traitement hom\u00e9opathique des semis de bl\u00e9 empoisonn\u00e9s \u00e0 l\u2019arsenic.<\/p>\n<hr class=\"accent-border\" \/>\n<p><strong>D<sup>r<\/sup> Elizabeth Thompson, m\u00e9decin consultant en soins palliatifs, Royaume-Uni<\/strong><\/p>\n<p>Les enjeux de la conception des essais dans la recherche m\u00e9dicale hom\u00e9opathique.<\/p>\n<p><span class=\"embed-youtube\" style=\"text-align:center; display: block;\"><iframe loading=\"lazy\" class=\"youtube-player\" width=\"520\" height=\"293\" src=\"https:\/\/www.youtube.com\/embed\/1eRs-bIoejw?version=3&#038;rel=1&#038;showsearch=0&#038;showinfo=1&#038;iv_load_policy=1&#038;fs=1&#038;hl=fr-FR&#038;autohide=2&#038;wmode=transparent\" allowfullscreen=\"true\" style=\"border:0;\" sandbox=\"allow-scripts allow-same-origin allow-popups allow-presentation allow-popups-to-escape-sandbox\"><\/iframe><\/span><\/p>\n<p>Lisez la recherche du D<sup>r<\/sup> Thompson sur les patients atteints de\u00a0<a href=\"http:\/\/www.ncbi.nlm.nih.gov\/pubmed\/15750359\" target=\"_blank\" rel=\"noopener noreferrer\">cancer du sein<\/a>.<\/p>\n<hr class=\"accent-border\" \/>\n<p><strong>Dr Peter Fisher, H\u00f4pital royal de Londres pour la m\u00e9decine int\u00e9gr\u00e9e, Royaume-Uni<br \/>\n<\/strong>L\u2019hom\u00e9opathie pour traiter la multimorbidit\u00e9, la polypharmacie et la r\u00e9sistance aux antibiotiques.<strong><br \/>\n<\/strong><\/p>\n<p><span class=\"embed-youtube\" style=\"text-align:center; display: block;\"><iframe loading=\"lazy\" class=\"youtube-player\" width=\"520\" height=\"293\" src=\"https:\/\/www.youtube.com\/embed\/tTX_PQrsz8Y?version=3&#038;rel=1&#038;showsearch=0&#038;showinfo=1&#038;iv_load_policy=1&#038;fs=1&#038;hl=fr-FR&#038;autohide=2&#038;wmode=transparent\" allowfullscreen=\"true\" style=\"border:0;\" sandbox=\"allow-scripts allow-same-origin allow-popups allow-presentation allow-popups-to-escape-sandbox\"><\/iframe><\/span><\/p>\n<p>En savoir plus sur les \u00e9tudes EPI 3 sur les troubles\u00a0<a href=\"https:\/\/www.ncbi.nlm.nih.gov\/pubmed\/22782803\" target=\"_blank\" rel=\"noopener noreferrer\">musculosquelettiques<\/a>,\u00a0<a href=\"https:\/\/www.ncbi.nlm.nih.gov\/pubmed\/24646513\" target=\"_blank\" rel=\"noopener noreferrer\">des voies respiratoires sup\u00e9rieures<\/a>\u00a0et\u00a0<a href=\"https:\/\/www.ncbi.nlm.nih.gov\/pubmed\/27145957\" target=\"_blank\" rel=\"noopener noreferrer\">de l\u2019anxi\u00e9t\u00e9<\/a>.<\/p>\n<hr class=\"accent-border\" \/>\n<p><strong>Dr Concepci\u00f3n Campa Huergo, Institut Finlay, Cuba<br \/>\n<\/strong>La cr\u00e9atrice du vaccin contre la m\u00e9ningite B r\u00e9v\u00e8le sa passion pour la recherche en hom\u00e9opathie.<strong><br \/>\n<\/strong><\/p>\n<p><span class=\"embed-youtube\" style=\"text-align:center; display: block;\"><iframe loading=\"lazy\" class=\"youtube-player\" width=\"520\" height=\"293\" src=\"https:\/\/www.youtube.com\/embed\/oyPvftE7Xh8?version=3&#038;rel=1&#038;showsearch=0&#038;showinfo=1&#038;iv_load_policy=1&#038;fs=1&#038;hl=fr-FR&#038;autohide=2&#038;wmode=transparent\" allowfullscreen=\"true\" style=\"border:0;\" sandbox=\"allow-scripts allow-same-origin allow-popups allow-presentation allow-popups-to-escape-sandbox\"><\/iframe><\/span><\/p>\n<p>Lisez l\u2019\u00e9tude de son \u00e9quipe sur le recours \u00e0 l\u2019hom\u00e9opathie pour contrer une\u00a0<a href=\"https:\/\/www.ncbi.nlm.nih.gov\/pubmed\/20674839\" target=\"_blank\" rel=\"noopener noreferrer\">\u00e9pid\u00e9mie de leptospirose<\/a>.<\/p>\n<hr class=\"accent-border\" \/>\n<p><strong>Dr Stephan Baumgartner, Universit\u00e9 de Bern, Suisse<br \/>\n<\/strong><span style=\"line-height: 1.5em;\">Recherche comparant l\u2019hom\u00e9opathie \u00e0 la m\u00e9decine conventionnelle.<\/span><\/p>\n<p><span class=\"embed-youtube\" style=\"text-align:center; display: block;\"><iframe loading=\"lazy\" class=\"youtube-player\" width=\"520\" height=\"293\" src=\"https:\/\/www.youtube.com\/embed\/TTbs_Xlk6bk?version=3&#038;rel=1&#038;showsearch=0&#038;showinfo=1&#038;iv_load_policy=1&#038;fs=1&#038;hl=fr-FR&#038;autohide=2&#038;wmode=transparent\" allowfullscreen=\"true\" style=\"border:0;\" sandbox=\"allow-scripts allow-same-origin allow-popups allow-presentation allow-popups-to-escape-sandbox\"><\/iframe><\/span><\/p>\n<p>Consultez quelques-unes de recherches du D<sup>r<\/sup> Baumgartner\u00a0<a href=\"http:\/\/www.ncbi.nlm.nih.gov\/pubmed\/16230858\" target=\"_blank\" rel=\"noopener noreferrer\">ici<\/a>.<\/p>\n<hr class=\"accent-border\" \/>\n<p><strong>Jeremy Sherr, hom\u00e9opathe et chercheur, Isra\u00ebl et Tanzanie<br \/>\n<\/strong><span style=\"line-height: 1.5em;\">30 ans de travail dans le domaine de l\u2019hom\u00e9opathie, notamment sur les d\u00e9monstrations.<\/span><\/p>\n<p><span class=\"embed-youtube\" style=\"text-align:center; display: block;\"><iframe loading=\"lazy\" class=\"youtube-player\" width=\"520\" height=\"293\" src=\"https:\/\/www.youtube.com\/embed\/3L4BY1aOF50?version=3&#038;rel=1&#038;showsearch=0&#038;showinfo=1&#038;iv_load_policy=1&#038;fs=1&#038;hl=fr-FR&#038;autohide=2&#038;wmode=transparent\" allowfullscreen=\"true\" style=\"border:0;\" sandbox=\"allow-scripts allow-same-origin allow-popups allow-presentation allow-popups-to-escape-sandbox\"><\/iframe><\/span><\/p>\n<p>D\u00e9couvrez les efforts de Jeremy Sherr pour \u00e9valuer si\u00a0<a href=\"https:\/\/www.ncbi.nlm.nih.gov\/pubmed\/24685415\" target=\"_blank\" rel=\"noopener noreferrer\">les sympt\u00f4mes pathog\u00e9n\u00e9tiques<\/a>\u00a0sont reproduisibles et reconnaissables.<\/p>\n<hr class=\"accent-border\" \/>\n<p><strong style=\"line-height: 1.5em;\"><a style=\"line-height: 1.5em;\" href=\"https:\/\/www.youtube.com\/user\/homeopathyresearch\" target=\"_blank\" rel=\"noopener noreferrer\">Canal YouTube du HRI<\/a><\/strong><\/p>\n<p>Visionnez des interviews avec les principaux chercheurs en hom\u00e9opathie et des membres de l\u2019\u00e9quipe du HRI. Le contenu \u00e9tant r\u00e9guli\u00e8rement mis \u00e0 jour, abonnez-vous d\u00e8s maintenant pour ne pas rater les derni\u00e8res publications.<\/p>\n<hr \/>\n<p><a href=\"https:\/\/www.hrilondon2019.org\/films\/\" target=\"_blank\" rel=\"noopener noreferrer\"><strong>Pr\u00e9sentations film\u00e9es de la conf\u00e9rence HRI Londres 2019<\/strong><\/a><\/p>\n<p>38 pr\u00e9sentations issues de la IVe conf\u00e9rence HRI \u00e0 Londres ont \u00e9t\u00e9\u00a0<a href=\"https:\/\/www.hrilondon2019.org\/films\/\" target=\"_blank\" rel=\"noopener noreferrer\">mises en ligne<\/a>\u00a0pour un visionnage<strong>\u00a0gratuit<\/strong>.<\/p>\n<hr class=\"accent-border\" \/>\n<p><a href=\"http:\/\/www.hrimalta2017.org\/films\/\"><strong>Pr\u00e9sentations film\u00e9es de la conf\u00e9rence HRI Malte 2017<\/strong><\/a><\/p>\n<p>43 pr\u00e9sentations issues de la IIIe conf\u00e9rence du HRI \u00e0 Malte ont \u00e9t\u00e9\u00a0<a href=\"http:\/\/www.hrimalta2017.org\/films\/\" target=\"_blank\" rel=\"noopener noreferrer\">mises en ligne<\/a>\u00a0pour un visionnage<strong>\u00a0gratuit<\/strong>.<\/p>\n<hr class=\"accent-border\" \/>\n<p><strong><a href=\"http:\/\/www.hrirome2015.org\/films\/#clip=1370187\" target=\"_blank\" rel=\"noopener noreferrer\">Pr\u00e9sentations film\u00e9es de la conf\u00e9rence HRI Rome 2015<\/a><\/strong><\/p>\n<p>43 pr\u00e9sentations issues de la IIe conf\u00e9rence du HRI \u00e0 Rome ont \u00e9t\u00e9\u00a0<a href=\"http:\/\/www.hrirome2015.org\/films\/\" target=\"_blank\" rel=\"noopener noreferrer\">mises en ligne<\/a><strong>\u00a0<\/strong><strong>gratuitement<\/strong>.<\/p>\n<p><span class=\"embed-youtube\" style=\"text-align:center; display: block;\"><iframe loading=\"lazy\" class=\"youtube-player\" width=\"520\" height=\"293\" src=\"https:\/\/www.youtube.com\/embed\/i5kJzE1e3FU?version=3&#038;rel=1&#038;showsearch=0&#038;showinfo=1&#038;iv_load_policy=1&#038;fs=1&#038;hl=fr-FR&#038;autohide=2&#038;wmode=transparent\" allowfullscreen=\"true\" style=\"border:0;\" sandbox=\"allow-scripts allow-same-origin allow-popups allow-presentation allow-popups-to-escape-sandbox\"><\/iframe><\/span><\/p>\n<hr class=\"accent-border\" \/>\n<p><strong><span style=\"text-decoration: underline;\"><span class=\"no-underline\"><a href=\"http:\/\/www.hribarcelona2013.org\/films\/\" target=\"_blank\" rel=\"noopener noreferrer\">Pr\u00e9sentations film\u00e9es de la conf\u00e9rence HRI Barcelone 2013<\/a><\/span><\/span><\/strong><\/p>\n<p>Les meilleurs chercheurs du monde entier ont pr\u00e9sent\u00e9 leurs derni\u00e8res d\u00e9couvertes lors de notre conf\u00e9rence de lancement. 40 pr\u00e9sentations sur la recherche exp\u00e9rimentale, clinique et v\u00e9t\u00e9rinaire sont disponibles\u00a0<a href=\"http:\/\/www.hribarcelona2013.org\/films\" target=\"_blank\" rel=\"noopener noreferrer\">en ligne<\/a>\u00a0<strong>gratuitement<\/strong>.<\/p>\n<p><span class=\"embed-youtube\" style=\"text-align:center; display: block;\"><iframe loading=\"lazy\" class=\"youtube-player\" width=\"520\" height=\"293\" src=\"https:\/\/www.youtube.com\/embed\/Mv4OmH6cnKs?version=3&#038;rel=1&#038;showsearch=0&#038;showinfo=1&#038;iv_load_policy=1&#038;fs=1&#038;hl=fr-FR&#038;autohide=2&#038;wmode=transparent\" allowfullscreen=\"true\" style=\"border:0;\" sandbox=\"allow-scripts allow-same-origin allow-popups allow-presentation allow-popups-to-escape-sandbox\"><\/iframe><\/span><\/p>\n","protected":false},"excerpt":{"rendered":"<p>Parole d&rsquo;experts Les conf\u00e9rences bisannuelles du HRI sont l\u2019occasion de rassembler certains des plus grands noms de la recherche en hom\u00e9opathie dans le monde, dans un cadre de collaboration intensive. Nous prenons soin de filmer toutes les pr\u00e9sentations et profitons \u00e9galement de ces pr\u00e9cieuses occasions pour nous entretenir avec des chercheurs au travail est fascinant, [&hellip;]<\/p>\n","protected":false},"author":835,"featured_media":0,"parent":16206,"menu_order":0,"comment_status":"closed","ping_status":"closed","template":"","meta":{"footnotes":""},"class_list":["post-16634","page","type-page","status-publish","hentry"],"jetpack_sharing_enabled":true,"_links":{"self":[{"href":"https:\/\/www.hri-research.org\/fr\/wp-json\/wp\/v2\/pages\/16634","targetHints":{"allow":["GET"]}}],"collection":[{"href":"https:\/\/www.hri-research.org\/fr\/wp-json\/wp\/v2\/pages"}],"about":[{"href":"https:\/\/www.hri-research.org\/fr\/wp-json\/wp\/v2\/types\/page"}],"author":[{"embeddable":true,"href":"https:\/\/www.hri-research.org\/fr\/wp-json\/wp\/v2\/users\/835"}],"replies":[{"embeddable":true,"href":"https:\/\/www.hri-research.org\/fr\/wp-json\/wp\/v2\/comments?post=16634"}],"version-history":[{"count":0,"href":"https:\/\/www.hri-research.org\/fr\/wp-json\/wp\/v2\/pages\/16634\/revisions"}],"up":[{"embeddable":true,"href":"https:\/\/www.hri-research.org\/fr\/wp-json\/wp\/v2\/pages\/16206"}],"wp:attachment":[{"href":"https:\/\/www.hri-research.org\/fr\/wp-json\/wp\/v2\/media?parent=16634"}],"curies":[{"name":"wp","href":"https:\/\/api.w.org\/{rel}","templated":true}]}}