{"id":16632,"date":"2020-11-06T11:43:30","date_gmt":"2020-11-06T11:43:30","guid":{"rendered":"https:\/\/www.hri-research.org\/?page_id=16632"},"modified":"2025-08-21T12:04:03","modified_gmt":"2025-08-21T12:04:03","slug":"conferences-du-hri","status":"publish","type":"page","link":"https:\/\/www.hri-research.org\/fr\/ressources\/conferences-du-hri\/","title":{"rendered":"Conf\u00e9rences du HRI"},"content":{"rendered":"<h3>Conf\u00e9rences internationales de recherche<\/h3>\n<p><span class=\"embed-youtube\" style=\"text-align:center; display: block;\"><iframe loading=\"lazy\" class=\"youtube-player\" width=\"520\" height=\"293\" src=\"https:\/\/www.youtube.com\/embed\/7ctFZCuLmS8?version=3&#038;rel=1&#038;showsearch=0&#038;showinfo=1&#038;iv_load_policy=1&#038;fs=1&#038;hl=fr-FR&#038;autohide=2&#038;wmode=transparent\" allowfullscreen=\"true\" style=\"border:0;\" sandbox=\"allow-scripts allow-same-origin allow-popups allow-presentation allow-popups-to-escape-sandbox\"><\/iframe><\/span><\/p>\n<h4>HRI Gr\u00e8ce 2025 &#8211; Recherche de pointe en hom\u00e9opathie<\/h4>\n<div class=\"icon-text-listing\">\n<div class=\"icon-text-listing-image\">\n<p><a href=\"https:\/\/hrigreece2025.org\" target=\"_blank\" rel=\"noopener\"><img loading=\"lazy\" decoding=\"async\" class=\"alignnone wp-image-32327 size-people_listing_headshot_wide\" src=\"https:\/\/www.hri-research.org\/wp-content\/uploads\/2024\/06\/HRI_GREECE_2025-e1717770288922-198x117.png\" alt=\"\" width=\"198\" height=\"117\" srcset=\"https:\/\/www.hri-research.org\/wp-content\/uploads\/2024\/06\/HRI_GREECE_2025-e1717770288922-198x117.png 198w, https:\/\/www.hri-research.org\/wp-content\/uploads\/2024\/06\/HRI_GREECE_2025-e1717770288922-300x178.png 300w, https:\/\/www.hri-research.org\/wp-content\/uploads\/2024\/06\/HRI_GREECE_2025-e1717770288922-1024x607.png 1024w, https:\/\/www.hri-research.org\/wp-content\/uploads\/2024\/06\/HRI_GREECE_2025-e1717770288922-768x456.png 768w, https:\/\/www.hri-research.org\/wp-content\/uploads\/2024\/06\/HRI_GREECE_2025-e1717770288922-1536x911.png 1536w, https:\/\/www.hri-research.org\/wp-content\/uploads\/2024\/06\/HRI_GREECE_2025-e1717770288922-98x58.png 98w, https:\/\/www.hri-research.org\/wp-content\/uploads\/2024\/06\/HRI_GREECE_2025-e1717770288922-158x94.png 158w, https:\/\/www.hri-research.org\/wp-content\/uploads\/2024\/06\/HRI_GREECE_2025-e1717770288922-160x95.png 160w, https:\/\/www.hri-research.org\/wp-content\/uploads\/2024\/06\/HRI_GREECE_2025-e1717770288922-520x308.png 520w, https:\/\/www.hri-research.org\/wp-content\/uploads\/2024\/06\/HRI_GREECE_2025-e1717770288922.png 1686w\" sizes=\"auto, (max-width: 198px) 100vw, 198px\" \/><\/a><\/p>\n<\/div>\n<div class=\"icon-text-listing-text\">\nNous sommes ravis d&rsquo;annoncer que notre 6<sup>\u00e8me<\/sup> <a href=\"https:\/\/hrigreece2025.org\">conf\u00e9rence<\/a> internationale sur la recherche en hom\u00e9opathie aura lieu dans la magnifique deuxi\u00e8me ville de Gr\u00e8ce, <strong>Thessalonique, du 20 au 22 juin 2025<\/strong>. L&rsquo;appel \u00e0 r\u00e9sum\u00e9s sera lanc\u00e9 en septembre et la date limite de soumission sera le <strong>9 d\u00e9cembre 2024<\/strong>.<\/p>\n<\/div>\n<div class=\"clear\"><\/div><\/div>\n<h4>HRI Londres 2023 &#8211; Recherche de pointe en hom\u00e9opathie<\/h4>\n<hr class=\"accent-border\" \/>\n<div class=\"icon-text-listing\"><div class=\"icon-text-listing-image\">\n<p><a href=\"https:\/\/hrilondon2023.org\"><img loading=\"lazy\" decoding=\"async\" class=\"alignnone wp-image-25999 size-people_listing_headshot_wide\" src=\"https:\/\/www.hri-research.org\/wp-content\/uploads\/2023\/02\/HRI-London-2023-Logo-198x183.jpg\" alt=\"\" width=\"198\" height=\"183\" srcset=\"https:\/\/www.hri-research.org\/wp-content\/uploads\/2023\/02\/HRI-London-2023-Logo-198x183.jpg 198w, https:\/\/www.hri-research.org\/wp-content\/uploads\/2023\/02\/HRI-London-2023-Logo-300x278.jpg 300w, https:\/\/www.hri-research.org\/wp-content\/uploads\/2023\/02\/HRI-London-2023-Logo-98x91.jpg 98w, https:\/\/www.hri-research.org\/wp-content\/uploads\/2023\/02\/HRI-London-2023-Logo-158x146.jpg 158w, https:\/\/www.hri-research.org\/wp-content\/uploads\/2023\/02\/HRI-London-2023-Logo-160x148.jpg 160w, https:\/\/www.hri-research.org\/wp-content\/uploads\/2023\/02\/HRI-London-2023-Logo.jpg 406w\" sizes=\"auto, (max-width: 198px) 100vw, 198px\" \/><\/a><\/p>\n<\/div>\n<div class=\"icon-text-listing-text\">La 5e conf\u00e9rence internationale de recherche de l&rsquo;Homeopathy Research Institute a de nouveau eu lieu au c\u0153ur de Londres, du 16 au 18 juin 2023. Apr\u00e8s une interruption de 4 ans, HRI Londres 2023 a r\u00e9uni plus de 230 participants de 27 pays, stimulant et encourageant un travail vital dans le domaine de la recherche sur l&rsquo;hom\u00e9opathie : <a href=\"https:\/\/hrilondon2023.org\">www.HRILondon2023.org<\/a>.<\/p>\n<\/div><div class=\"clear\"><\/div><\/div>\n<blockquote><p><em style=\"color: #000000;\">\u00ab C&rsquo;est tellement excitant d&rsquo;\u00eatre \u00e0 la conf\u00e9rence HRI avec tant de scientifiques partageant les m\u00eames id\u00e9es et venant du monde entier. Nous rentrons chez nous avec de nouvelles id\u00e9es et une nouvelle inspiration !\u00a0 \u00bb<\/em><\/p>\n<p><strong style=\"color: #000000;\">Prof Carla Holandino<\/strong><span style=\"color: #000000;\">, Prof Carla Holandino, Universit\u00e9 f\u00e9d\u00e9rale de Rio de Janeiro<\/span><\/p><\/blockquote>\n<hr class=\"accent-border\" \/>\n<h4>HRI Online 2022<\/h4>\n<div class=\"icon-text-listing\"><div class=\"icon-text-listing-image\">\n<p><a href=\"https:\/\/hri2022.org\"><img loading=\"lazy\" decoding=\"async\" class=\"alignnone size-right_sidebar_thumb wp-image-19995\" src=\"https:\/\/www.hri-research.org\/wp-content\/uploads\/2021\/10\/HRI_Online_Logo-744x1024-1-160x220.jpeg\" alt=\"\" width=\"160\" height=\"220\" srcset=\"https:\/\/www.hri-research.org\/wp-content\/uploads\/2021\/10\/HRI_Online_Logo-744x1024-1-160x220.jpeg 160w, https:\/\/www.hri-research.org\/wp-content\/uploads\/2021\/10\/HRI_Online_Logo-744x1024-1-218x300.jpeg 218w, https:\/\/www.hri-research.org\/wp-content\/uploads\/2021\/10\/HRI_Online_Logo-744x1024-1-98x135.jpeg 98w, https:\/\/www.hri-research.org\/wp-content\/uploads\/2021\/10\/HRI_Online_Logo-744x1024-1-198x273.jpeg 198w, https:\/\/www.hri-research.org\/wp-content\/uploads\/2021\/10\/HRI_Online_Logo-744x1024-1-158x217.jpeg 158w, https:\/\/www.hri-research.org\/wp-content\/uploads\/2021\/10\/HRI_Online_Logo-744x1024-1-520x716.jpeg 520w, https:\/\/www.hri-research.org\/wp-content\/uploads\/2021\/10\/HRI_Online_Logo-744x1024-1.jpeg 744w\" sizes=\"auto, (max-width: 160px) 100vw, 160px\" \/><\/a><\/p>\n<\/div>\n<div class=\"icon-text-listing-text\">HRI a eu le plaisir d&rsquo;organiser sa premi\u00e8re conf\u00e9rence en ligne sur les \u00ab\u00a0Collaborations cl\u00e9s dans la recherche sur l&rsquo;hom\u00e9opathie\u00a0\u00bb, qui a accueilli plus de 450 participants inscrits provenant de 35 pays. Les pr\u00e9sentations film\u00e9es peuvent \u00eatre visionn\u00e9es gratuitement \u00e0 l&rsquo;adresse <a href=\"https:\/\/hri2022.org\">www.HRI2022.org<\/a>.<\/p>\n<\/div><div class=\"clear\"><\/div><\/div>\n<hr class=\"accent-border\" \/>\n<h4><span class=\"no-underline\"><a href=\"https:\/\/hrilondon2019.org\" target=\"_blank\" rel=\"noopener noreferrer\"><strong>Londres 2019 &#8211; Recherche de pointe en hom\u00e9opathie<\/strong><\/a><\/span><\/h4>\n<div class=\"icon-text-listing\"><div class=\"icon-text-listing-image\">\n<p><a href=\"https:\/\/hrilondon2019.org\" target=\"_blank\" rel=\"noopener noreferrer\"><img loading=\"lazy\" decoding=\"async\" class=\"alignnone size-right_sidebar_thumb wp-image-9632\" src=\"https:\/\/www.hri-research.org\/wp-content\/uploads\/2018\/04\/HRI_LONDON_LOGO-160x204.jpg\" alt=\"\" width=\"160\" height=\"204\" srcset=\"https:\/\/www.hri-research.org\/wp-content\/uploads\/2018\/04\/HRI_LONDON_LOGO-160x204.jpg 160w, https:\/\/www.hri-research.org\/wp-content\/uploads\/2018\/04\/HRI_LONDON_LOGO-235x300.jpg 235w, https:\/\/www.hri-research.org\/wp-content\/uploads\/2018\/04\/HRI_LONDON_LOGO-98x125.jpg 98w, https:\/\/www.hri-research.org\/wp-content\/uploads\/2018\/04\/HRI_LONDON_LOGO-198x253.jpg 198w, https:\/\/www.hri-research.org\/wp-content\/uploads\/2018\/04\/HRI_LONDON_LOGO-158x202.jpg 158w, https:\/\/www.hri-research.org\/wp-content\/uploads\/2018\/04\/HRI_LONDON_LOGO.jpg 500w\" sizes=\"auto, (max-width: 160px) 100vw, 160px\" \/><\/a><\/p>\n<\/div>\n<div class=\"icon-text-listing-text\">\n<p>La IVe Conf\u00e9rence internationale de recherche du HRI s\u2019est tenue \u00e0 Londres du 14 au 16 juin 2019. Cette conf\u00e9rence a eu une r\u00e9elle port\u00e9e internationale, comme en t\u00e9moignent nos 352\u00a0d\u00e9l\u00e9gu\u00e9s venus de 38\u00a0pays, et les 75\u00a0chercheurs et m\u00e9decins venus de 27\u00a0pays pour pr\u00e9senter les toutes derni\u00e8res recherches en hom\u00e9opathie. Les extraits des interventions, des pr\u00e9sentations film\u00e9es et le rapport de la conf\u00e9rence peuvent \u00eatre consult\u00e9s\u00a0<a href=\"https:\/\/hrilondon2019.org\/\" target=\"_blank\" rel=\"noopener noreferrer\">ici<\/a>.<\/div><div class=\"clear\"><\/div><\/div>\n<blockquote><p><span style=\"color: #000000;\"><em>\u00ab\u00a0C\u2019est une conf\u00e9rence \u00e0 grande \u00e9chelle, qui rassemble des chercheurs des quatre coins du monde, et c\u2019est un sommet de tr\u00e8s, tr\u00e8s haut niveau d\u2019un point de vue scientifique.\u00a0\u00bb<br \/>\n<\/em><strong>Leoni Bonamin,<\/strong> Professeur \u00e0 l&rsquo;UNIP, Br\u00e9sil<\/span><\/p><\/blockquote>\n<hr class=\"accent-border\" \/>\n<h4><span class=\"no-underline\"><a href=\"http:\/\/www.HRIMalta2017.org\" target=\"_blank\" rel=\"noopener noreferrer\">Malte 2017 &#8211; Recherche de pointe en hom\u00e9opathie<\/a><\/span><\/h4>\n<div class=\"icon-text-listing\">\n<div class=\"icon-text-listing-image\">\n<p><a href=\"http:\/\/www.HRIMalta2017.org\" target=\"_blank\" rel=\"noopener noreferrer\"><img loading=\"lazy\" decoding=\"async\" class=\"size-medium wp-image-7776 alignleft\" src=\"https:\/\/www.hri-research.org\/wp-content\/uploads\/2016\/12\/HRI-Malta-Secondary-Logo-221x300.jpg\" alt=\"\" width=\"150\" height=\"209\" \/><\/a><\/p>\n<\/div><div class=\"icon-text-listing-text\">La IIIe Conf\u00e9rence internationale de recherche du HRI s\u2019est tenue \u00e0 Malte du 9 au 11 juin 2017, sur le m\u00eame th\u00e8me de la recherche de pointe. Au programme, des pr\u00e9sentations sur la recherche clinique, fondamentale et basique, par\u00a0<strong>4 professeurs et 28 docteurs\u00a0<\/strong>en m\u00e9decine originaires de 18 pays. Les extraits des interventions, des pr\u00e9sentations film\u00e9es et le rapport de la conf\u00e9rence peuvent \u00eatre consult\u00e9s\u00a0<a href=\"http:\/\/www.hrimalta2017.org\/\" target=\"_blank\" rel=\"noopener noreferrer\">ici<\/a>.<\/p>\n<\/div><div class=\"clear\"><\/div><\/div>\n<blockquote><p><span style=\"color: #000000;\"><em>\u00ab\u00a0C\u2019est la premi\u00e8re conf\u00e9rence sur la recherche en hom\u00e9opathie &#8211; c\u2019est vraiment l\u2019\u00e9v\u00e9nement le plus important du genre.\u00a0\u00bb<br \/>\n<\/em><strong>D<em><sup>r<\/sup><\/em> Peter Fisher<\/strong><\/span><\/p><\/blockquote>\n<hr class=\"accent-border\" \/>\n<h4><span class=\"no-underline\"><a href=\"http:\/\/www.HRIRome2015.org\" target=\"_blank\" rel=\"noopener noreferrer\">Rome 2015 &#8211; Recherche de pointe en hom\u00e9opathie<\/a><\/span><\/h4>\n<div class=\"icon-text-listing\">\n<div class=\"icon-text-listing-image\">\n<p><a href=\"http:\/\/www.HRIRome2015.org\" target=\"_blank\" rel=\"noopener noreferrer\"><img loading=\"lazy\" decoding=\"async\" class=\"alignnone wp-image-1108\" src=\"https:\/\/www.hri-research.org\/wp-content\/uploads\/2014\/07\/rome_Logo_White.jpg\" alt=\"\" width=\"150\" height=\"209\" srcset=\"https:\/\/www.hri-research.org\/wp-content\/uploads\/2014\/07\/rome_Logo_White.jpg 160w, https:\/\/www.hri-research.org\/wp-content\/uploads\/2014\/07\/rome_Logo_White-98x136.jpg 98w, https:\/\/www.hri-research.org\/wp-content\/uploads\/2014\/07\/rome_Logo_White-158x220.jpg 158w\" sizes=\"auto, (max-width: 150px) 100vw, 150px\" \/><\/a><\/p>\n<\/div>\n<div class=\"icon-text-listing-text\">La IIe\u00a0Conf\u00e9rence internationale de recherche du HRI s\u2019est tenue \u00e0 Rome du 5 au 7 juin 2015, sur le m\u00eame th\u00e8me de la recherche de pointe. Au programme, des pr\u00e9sentations sur la recherche clinique, fondamentale et basique, par\u00a0<strong>6 professeurs et 28 docteurs<\/strong>\u00a0en m\u00e9decine originaires de 17 pays. Les extraits des interventions, des pr\u00e9sentations film\u00e9es et le rapport de la conf\u00e9rence peuvent \u00eatre consult\u00e9s\u00a0<a href=\"http:\/\/www.hrirome2015.org\/\">ici<\/a>.<\/p>\n<\/div>\n<div class=\"clear\"><\/div><\/div>\n<blockquote><p><em>\u00ab\u00a0Merci encore pour ce merveilleux congr\u00e8s HRI. \u00c7a a \u00e9t\u00e9 un vrai plaisir tout le long. Votre travail est prometteur. Mes f\u00e9licitations\u00a0\u00bb<\/em><em><br \/>\n<\/em><strong><em>Paolo Bellavite<\/em><\/strong><em>, <\/em><em>Professeur de pathologie g\u00e9n\u00e9rale, Universit\u00e9 de V\u00e9rone, Italie<\/em><\/p><\/blockquote>\n<hr class=\"accent-border\" \/>\n<h4><span class=\"no-underline\"><a href=\"http:\/\/www.hribarcelona2013.org\" target=\"_blank\" rel=\"noopener noreferrer\">Barcelone 2013 &#8211; Recherche de pointe en hom\u00e9opathie<\/a><\/span><\/h4>\n<div class=\"icon-text-listing\">\n<div class=\"icon-text-listing-image\">\n<p><a href=\"http:\/\/www.hribarcelona2013.org\" target=\"_blank\" rel=\"noopener noreferrer\"><img loading=\"lazy\" decoding=\"async\" class=\"alignnone wp-image-745\" src=\"https:\/\/www.hri-research.org\/wp-content\/uploads\/2013\/05\/logo_med.jpg\" alt=\"\" width=\"150\" height=\"135\" srcset=\"https:\/\/www.hri-research.org\/wp-content\/uploads\/2013\/05\/logo_med.jpg 300w, https:\/\/www.hri-research.org\/wp-content\/uploads\/2013\/05\/logo_med-98x88.jpg 98w, https:\/\/www.hri-research.org\/wp-content\/uploads\/2013\/05\/logo_med-198x178.jpg 198w, https:\/\/www.hri-research.org\/wp-content\/uploads\/2013\/05\/logo_med-158x142.jpg 158w\" sizes=\"auto, (max-width: 150px) 100vw, 150px\" \/><\/a><\/p>\n<\/div>\n<div class=\"icon-text-listing-text\">La premi\u00e8re Conf\u00e9rence internationale de recherche du HRI s\u2019est tenue \u00e0 Barcelone en juin 2013. Au programme, des pr\u00e9sentations par\u00a0<strong>5 professeurs et 40 docteurs\u00a0<\/strong>en m\u00e9decine originaires de 20 pays, sur la recherche clinique, exp\u00e9rimentale et v\u00e9t\u00e9rinaire. Des extraits, des pr\u00e9sentations film\u00e9es et le rapport de la conf\u00e9rence peuvent \u00eatre consult\u00e9s\u00a0<a href=\"http:\/\/www.hribarcelona2013.org\/\" target=\"_blank\" rel=\"noopener noreferrer\">ici<\/a>.<\/p>\n<\/div>\n<div class=\"clear\"><\/div><\/div>\n<blockquote><p><em>\u00ab\u00a0La conf\u00e9rence du HRI a rassembl\u00e9 une masse critique de recherche et de chercheurs qui t\u00e9moignent du dynamisme et de l\u2019originalit\u00e9 des travaux actuels ainsi que des perspectives ouvertes par l\u2019\u00e9volution actuelle de la discipline.\u00a0\u00bb<br \/>\n<\/em><strong><em>D<sup>r<\/sup> Robert Mathie,\u00a0<\/em><\/strong><em>Chercheur ind\u00e9pendant<\/em><\/p><\/blockquote>\n","protected":false},"excerpt":{"rendered":"<p>Conf\u00e9rences internationales de recherche HRI Gr\u00e8ce 2025 &#8211; Recherche de pointe en hom\u00e9opathie HRI Londres 2023 &#8211; Recherche de pointe en hom\u00e9opathie \u00ab C&rsquo;est tellement excitant d&rsquo;\u00eatre \u00e0 la conf\u00e9rence HRI avec tant de scientifiques partageant les m\u00eames id\u00e9es et venant du monde entier. Nous rentrons chez nous avec de nouvelles id\u00e9es et une nouvelle [&hellip;]<\/p>\n","protected":false},"author":835,"featured_media":0,"parent":16206,"menu_order":0,"comment_status":"closed","ping_status":"closed","template":"","meta":{"footnotes":""},"class_list":["post-16632","page","type-page","status-publish","hentry"],"jetpack_sharing_enabled":true,"_links":{"self":[{"href":"https:\/\/www.hri-research.org\/fr\/wp-json\/wp\/v2\/pages\/16632","targetHints":{"allow":["GET"]}}],"collection":[{"href":"https:\/\/www.hri-research.org\/fr\/wp-json\/wp\/v2\/pages"}],"about":[{"href":"https:\/\/www.hri-research.org\/fr\/wp-json\/wp\/v2\/types\/page"}],"author":[{"embeddable":true,"href":"https:\/\/www.hri-research.org\/fr\/wp-json\/wp\/v2\/users\/835"}],"replies":[{"embeddable":true,"href":"https:\/\/www.hri-research.org\/fr\/wp-json\/wp\/v2\/comments?post=16632"}],"version-history":[{"count":0,"href":"https:\/\/www.hri-research.org\/fr\/wp-json\/wp\/v2\/pages\/16632\/revisions"}],"up":[{"embeddable":true,"href":"https:\/\/www.hri-research.org\/fr\/wp-json\/wp\/v2\/pages\/16206"}],"wp:attachment":[{"href":"https:\/\/www.hri-research.org\/fr\/wp-json\/wp\/v2\/media?parent=16632"}],"curies":[{"name":"wp","href":"https:\/\/api.w.org\/{rel}","templated":true}]}}