{"id":16593,"date":"2020-12-04T15:37:54","date_gmt":"2020-12-04T15:37:54","guid":{"rendered":"https:\/\/www.hri-research.org\/?page_id=16593"},"modified":"2024-08-22T11:39:58","modified_gmt":"2024-08-22T11:39:58","slug":"financement-de-la-recherche-et-des-traitements-homeopathiques","status":"publish","type":"page","link":"https:\/\/www.hri-research.org\/fr\/ressources\/des-preuves-essentielles\/financement-de-la-recherche-et-des-traitements-homeopathiques\/","title":{"rendered":"Financement de la recherche et des traitements hom\u00e9opathiques"},"content":{"rendered":"<h3>Royaume-Uni<\/h3>\n<p>Au Royaume-Uni, 0,0085\u00a0% du budget de la recherche m\u00e9dicale est allou\u00e9 aux m\u00e9decines parall\u00e8les, dont une part encore plus infime va \u00e0 la recherche hom\u00e9opathique.<sup><a title=\"Lewith G, BMJ 2007\" href=\"http:\/\/www.ncbi.nlm.nih.gov\/pmc\/articles\/PMC2071985\/pdf\/bmj-335-7627-ltr-00951.pdf\" target=\"_blank\" rel=\"noopener noreferrer\">1<\/a>\u00a0<\/sup><\/p>\n<p>L\u2019hom\u00e9opathie est financ\u00e9e \u00e0 hauteur de 4\u00a0millions de livres sterling, soit 0,004\u00a0% du budget annuel de sant\u00e9 publique, qui s\u2019\u00e9l\u00e8ve \u00e0 100\u00a0milliards de livres sterling\u00a0<u><sup>2<\/sup><\/u>. Ce budget couvre l\u2019ensemble des co\u00fbts associ\u00e9s \u00e0 l\u2019hom\u00e9opathie, des prescriptions aux salaires en passant par les d\u00e9penses de fonctionnement des installations, des cliniques et des services ambulatoires.<\/p>\n<p>En 2016, sur le montant total des d\u00e9penses en m\u00e9dicaments du syst\u00e8me de sant\u00e9 public anglais (9,2 milliards de livres sterling), 92 412 \u00a3 \u00e0 peine ont \u00e9t\u00e9 d\u00e9pens\u00e9es pour environ 40 000 prescriptions hom\u00e9opathiques<sup><a href=\"http:\/\/webarchive.nationalarchives.gov.uk\/20180328130852tf_\/http:\/\/content.digital.nhs.uk\/catalogue\/PUB23631\/pres-cost-anal-eng-2016-rep.pdf\/\" target=\"_blank\" rel=\"noopener noreferrer\">3<\/a><\/sup>. Pourtant, beaucoup ont r\u00e9clam\u00e9 l\u2019arr\u00eat des\u00a0<a href=\"https:\/\/www.hri-research.org\/resources\/homeopathy-faqs\/homeopathy-is-a-waste-of-tax-payers-money\/\" target=\"_blank\" rel=\"noopener noreferrer\">d\u00e9penses en hom\u00e9opathie,<\/a>\u00a0au motif que cela entra\u00eenerait des \u00e9conomies pour le syst\u00e8me de sant\u00e9 public.<\/p>\n<p>\u00c0 l\u2019heure actuelle, l\u2019hom\u00e9opathie n\u2019est plus financ\u00e9e par le syst\u00e8me de sant\u00e9 publique du Royaume-Uni.<\/p>\n<div class=\"highlight-box accent-border\">\n<h3 style=\"text-align: center;\"><strong>L\u2019arr\u00eat du financement public de l\u2019hom\u00e9opathie dans les grandes lignes<\/strong><\/h3>\n<ul>\n<li>En juillet 2017, le service national de sant\u00e9 d\u2019Angleterre (NHS England) a publi\u00e9 un projet de lignes directrices, conseillant aux organismes locaux responsables des services de sant\u00e9 d\u2019arr\u00eater de financer les prescriptions hom\u00e9opathiques. L\u2019argument avanc\u00e9 \u00e9tait l\u2019absence de donn\u00e9es probantes sur l\u2019efficacit\u00e9 des traitements hom\u00e9opathiques, un constat reposant sur un seul document non scientifique, \u00e0 savoir\u00a0<a href=\"https:\/\/www.hri-research.org\/resources\/homeopathy-the-debate\/uk-select-committee-report\/\" target=\"_blank\" rel=\"noopener noreferrer\">un rapport parlementaire publi\u00e9 en 2010, intitul\u00e9 <em>Evidence Check<\/em><em> 2<\/em><\/a><u>.<\/u><\/li>\n<li>Dans le cadre d\u2019une\u00a0<a href=\"https:\/\/www.engage.england.nhs.uk\/consultation\/items-routinely-prescribed\/supporting_documents\/Consultation%20Items%20not%20routinely%20prescribed%20in%20primary%20care%20FINAL1809.pdf\" target=\"_blank\" rel=\"noopener noreferrer\">consultation publique<\/a> de trois mois au sujet de ce projet de lignes directrices,\u00a0<a href=\"https:\/\/www.hri-research.org\/wp-content\/uploads\/2017\/10\/HRI-Submission-to-NHS-England-consultation-on-homeopathic-medicines-21-October-2017.pdf\" target=\"_blank\" rel=\"noopener noreferrer\">le HRI a \u00e9mis un m\u00e9moire<\/a>\u00a0d\u00e9montrant, preuves \u00e0 l\u2019appui, la valeur clinique des prescriptions hom\u00e9opathiques dans le syst\u00e8me de sant\u00e9 public, et pr\u00e9sentant des donn\u00e9es solides et scientifiques d\u2019efficacit\u00e9.<\/li>\n<li>Le HRI n\u2019a re\u00e7u aucune r\u00e9ponse et aucun argument n\u2019a \u00e9t\u00e9 avanc\u00e9 pour expliquer pourquoi son m\u00e9moire n\u2019\u00e9tait pas assez concluant pour justifier la poursuite de la prise en charge des prescriptions hom\u00e9opathiques dans le syst\u00e8me de sant\u00e9 publique.<\/li>\n<li><strong>\u00c0 la cl\u00f4ture de la consultation publique, alors qu\u2019il n\u2019\u00e9tait plus possible d\u2019apporter des propositions,<\/strong> le NHS England a cit\u00e9 le\u00a0<a href=\"https:\/\/www.hri-research.org\/resources\/homeopathy-the-debate\/the-australian-report-on-homeopathy\/\" target=\"_blank\" rel=\"noopener noreferrer\">Rapport australien du NHMRC<\/a> en tant que\u00a0<a href=\"https:\/\/www.england.nhs.uk\/publication\/items-which-should-not-be-routinely-prescribed-in-primary-care-evidence-reviews\/\" target=\"_blank\" rel=\"noopener noreferrer\">justification suppl\u00e9mentaire<\/a>\u00a0\u00e0 sa d\u00e9cision. Le HRI n\u2019a pas eu la possibilit\u00e9 de r\u00e9pliquer.<\/li>\n<li>Fin 2017, la direction du NHS s\u2019est r\u00e9unie pour\u00a0<a href=\"https:\/\/www.engage.england.nhs.uk\/consultation\/items-routinely-prescribed\/\" target=\"_blank\" rel=\"noopener noreferrer\">ratifier ce projet de lignes directrices,<\/a> avec \u00e0 peine quelques amendements r\u00e9pondant aux r\u00e9sultats de la Consultation publique. Aucune modification n\u2019a \u00e9t\u00e9 apport\u00e9e \u00e0 la recommandation de ne plus financer les prescriptions hom\u00e9opathiques.<\/li>\n<li>En r\u00e9ponse, l\u2019association BHA, repr\u00e9sentant des patients trait\u00e9s par hom\u00e9opathie,\u00a0<a href=\"https:\/\/www.britishhomeopathic.org\/bha-blog\/judicial-review-sought-nhs-england\/\" target=\"_blank\" rel=\"noopener noreferrer\">a contest\u00e9 cette d\u00e9cision devant le tribunal de grande instance.<\/a><\/li>\n<li>Malgr\u00e9 cette r\u00e9plique juridique, NHS England a commenc\u00e9 \u00e0 couper les financements allou\u00e9s \u00e0 l\u2019hom\u00e9opathie dans plusieurs localit\u00e9s, notamment \u00e0 l\u2019H\u00f4pital royal de Londres pour la m\u00e9decine int\u00e9grale, o\u00f9 travaillait le D<sup>r<\/sup> Peter Fisher, aujourd\u2019hui disparu, qui \u00e9tait alors le m\u00e9decin hom\u00e9opathe de la Reine.<\/li>\n<li>Le proc\u00e8s intent\u00e9 par l\u2019association BHA s\u2019est d\u00e9roul\u00e9 sur quatre jours en mai 2018 et a \u00e9valu\u00e9 si le NHS England avait men\u00e9 sa consultation publique en toute l\u00e9galit\u00e9. Dans sa d\u00e9claration d\u2019ouverture, le juge Supperstone, pr\u00e9sident du tribunal, a pr\u00e9cis\u00e9 que <strong>le tribunal n\u2019\u00e9tait pas habilit\u00e9 pour \u00e9valuer la base de donn\u00e9es scientifiques sur l\u2019hom\u00e9opathie.<\/strong><\/li>\n<li>Le tribunal a estim\u00e9 que la consultation publique s\u2019\u00e9tait d\u00e9roul\u00e9e en toute l\u00e9galit\u00e9.<\/li>\n<li>En ao\u00fbt 2018, l\u2019organisme de sant\u00e9 public anglais cessait tout financement de l\u2019hom\u00e9opathie.<span style=\"font-family: -apple-system, BlinkMacSystemFont, 'Segoe UI', Roboto, Oxygen-Sans, Ubuntu, Cantarell, 'Helvetica Neue', sans-serif;\"><\/div><\/span><\/li>\n<\/ul>\n<p><a href=\"#\" class=\"expand-content button accent-bg\" id=\"69f56041e4ab9\"><span class=\"expand-content-more\">R\u00e9f\u00e9rences<\/span><span class=\"expand-content-less\">Moins<\/span><\/a><\/p><div class=\"collapse-content\" id=\"panel-69f56041e4ab9\"><\/div><!-- fr -->\n<ol>\n<li>Lewith GT. Funding for CAM.\u00a0<em>BMJ,<\/em>\u00a02007;\u00a0<strong>335<\/strong>\u00a0(7627): 951 |\u00a0<a href=\"http:\/\/www.ncbi.nlm.nih.gov\/pmc\/articles\/PMC2071985\/\" target=\"_blank\" rel=\"noopener\">PubMed<\/a><\/li>\n<li>Freedom of Information Act request to the Department of Health by the Faculty of Homeopathy. Cost was \u00a311.89 million between 2005 and 2008.<\/li>\n<li>NHS Digital, March 2017. Prescription cost analysis England 2016 |\u00a0<a href=\"http:\/\/webarchive.nationalarchives.gov.uk\/20180328130852tf_\/http:\/\/content.digital.nhs.uk\/catalogue\/PUB23631\/pres-cost-anal-eng-2016-rep.pdf\/\" target=\"_blank\" rel=\"noopener\">Link<\/a><\/li>\n<\/ol>\n","protected":false},"excerpt":{"rendered":"<p>Royaume-Uni Au Royaume-Uni, 0,0085\u00a0% du budget de la recherche m\u00e9dicale est allou\u00e9 aux m\u00e9decines parall\u00e8les, dont une part encore plus infime va \u00e0 la recherche hom\u00e9opathique.1\u00a0 L\u2019hom\u00e9opathie est financ\u00e9e \u00e0 hauteur de 4\u00a0millions de livres sterling, soit 0,004\u00a0% du budget annuel de sant\u00e9 publique, qui s\u2019\u00e9l\u00e8ve \u00e0 100\u00a0milliards de livres sterling\u00a02. Ce budget couvre l\u2019ensemble [&hellip;]<\/p>\n","protected":false},"author":835,"featured_media":0,"parent":17414,"menu_order":0,"comment_status":"closed","ping_status":"closed","template":"","meta":{"footnotes":""},"class_list":["post-16593","page","type-page","status-publish","hentry"],"jetpack_sharing_enabled":true,"_links":{"self":[{"href":"https:\/\/www.hri-research.org\/fr\/wp-json\/wp\/v2\/pages\/16593","targetHints":{"allow":["GET"]}}],"collection":[{"href":"https:\/\/www.hri-research.org\/fr\/wp-json\/wp\/v2\/pages"}],"about":[{"href":"https:\/\/www.hri-research.org\/fr\/wp-json\/wp\/v2\/types\/page"}],"author":[{"embeddable":true,"href":"https:\/\/www.hri-research.org\/fr\/wp-json\/wp\/v2\/users\/835"}],"replies":[{"embeddable":true,"href":"https:\/\/www.hri-research.org\/fr\/wp-json\/wp\/v2\/comments?post=16593"}],"version-history":[{"count":0,"href":"https:\/\/www.hri-research.org\/fr\/wp-json\/wp\/v2\/pages\/16593\/revisions"}],"up":[{"embeddable":true,"href":"https:\/\/www.hri-research.org\/fr\/wp-json\/wp\/v2\/pages\/17414"}],"wp:attachment":[{"href":"https:\/\/www.hri-research.org\/fr\/wp-json\/wp\/v2\/media?parent=16593"}],"curies":[{"name":"wp","href":"https:\/\/api.w.org\/{rel}","templated":true}]}}