{"id":16591,"date":"2020-12-04T15:36:41","date_gmt":"2020-12-04T15:36:41","guid":{"rendered":"https:\/\/www.hri-research.org\/?page_id=16591"},"modified":"2020-12-07T15:33:28","modified_gmt":"2020-12-07T15:33:28","slug":"recherche-veterinaire","status":"publish","type":"page","link":"https:\/\/www.hri-research.org\/fr\/ressources\/des-preuves-essentielles\/recherche-veterinaire\/","title":{"rendered":"Recherche v\u00e9t\u00e9rinaire"},"content":{"rendered":"<p>Le volume de donn\u00e9es cliniques disponibles pour l\u2019hom\u00e9opathie v\u00e9t\u00e9rinaire est bien plus faible que pour l\u2019hom\u00e9opathie chez l\u2019\u00eatre humain. l s\u2019agit pourtant d\u2019un domaine de recherche actif dans certains pays o\u00f9 l\u2019hom\u00e9opathie est totalement int\u00e9gr\u00e9e aux techniques m\u00e9dicales conventionnelles, comme le Br\u00e9sil.<\/p>\n<p>Deux revues syst\u00e9matiques globales men\u00e9es par Mathie &amp; Clausen r\u00e9sument les donn\u00e9es issues d\u2019essais cliniques de l\u2019hom\u00e9opathie v\u00e9t\u00e9rinaire.<\/span><sup><a title=\"Mathie RT, Clausen J (2015). Veterinary homeopathy: meta-analysis of randomised placebo-controlled trials. Homeopathy, 104(1):3-8.\" href=\"https:\/\/www.ncbi.nlm.nih.gov\/pubmed\/25324413\">1<\/a>,<a title=\"Mathie RT, Clausen J (2015). Veterinary homeopathy: Systematic review of medical conditions studied by randomised trials controlled by other than placebo. BMC Vet Res., 11(1):236.\" href=\"https:\/\/bmcvetres.biomedcentral.com\/track\/pdf\/10.1186\/s12917-015-0542-2\" target=\"_blank\" rel=\"noopener noreferrer\">2<\/a><\/sup><\/p>\n<p>La premi\u00e8re revue, qui examinait les donn\u00e9es issues d\u2019essais contre placebo randomis\u00e9s et la m\u00e9ta-analyse correspondante<sup><a title=\"Mathie RT, Clausen J (2015). Veterinary homeopathy: Systematic review of medical conditions studied by randomised trials controlled by other than placebo. BMC Vet Res., 11(1):236.\" href=\"https:\/\/www.ncbi.nlm.nih.gov\/pubmed\/25576265\" target=\"_blank\" rel=\"noopener noreferrer\">3<\/a> <\/sup>n\u2019a pas obtenu de donn\u00e9es permettant de conclure que l\u2019hom\u00e9opathie diff\u00e8re du placebo (p = 0,01 pour essais N=15\u00a0; p = 0,02 pour les essais les plus fiables N=2).<\/p>\n<p>La seconde revue examinait les essais randomis\u00e9s qui comparaient l\u2019hom\u00e9opathie \u00e0 un autre moyen que le placebo (par exemple, des soins habituels). Mais la qualit\u00e9 des essais dans cette cat\u00e9gorie \u00e9tait trop faible pour apporter un \u00e9clairage utile sur l\u2019efficacit\u00e9 de l\u2019hom\u00e9opathie v\u00e9t\u00e9rinaire.<a href=\"http:\/\/www.biomedcentral.com\/content\/pdf\/s12917-015-0542-2.pdf\"><sup>2<\/sup><\/a><\/p>\n<p>Une \u00e9tude plus r\u00e9cente, publi\u00e9e en 2016 par Doehring &amp; Sundrum<a href=\"https:\/\/veterinaryrecord.bmj.com\/content\/vetrec\/179\/24\/628.full.pdf\" target=\"_blank\" rel=\"noopener noreferrer\"><sup>4<\/sup><\/a>, a collect\u00e9 des donn\u00e9es sur l\u2019hom\u00e9opathie dans les soins des animaux producteurs de denr\u00e9es, notamment dans les cas o\u00f9 les antibiotiques sont monnaie courante. Les conclusions de cette revue \u00e9taient globalement similaires \u00e0 celles de Mathie &amp; Clausen mais les m\u00e9thodes utilis\u00e9es ne correspondaient pas \u00e0 une revue syst\u00e9matique de grande qualit\u00e9 de style Cochrane. Ainsi, Doehring &amp; Sundrum ont \u00e9valu\u00e9 une s\u00e9rie de donn\u00e9es qui englobaient des \u00e9tudes d\u2019observation, non contr\u00f4l\u00e9es et non randomis\u00e9es, qui avaient \u00e9t\u00e9 exclues par Mathie &amp; Clausen.<a id=\"piglets\"><\/a><\/p>\n<h3><span class=\"accent no-underline\">Pr\u00e9vention de la diarrh\u00e9e chez les porcelets<\/span><\/h3>\n<p class=\"no-margin\">L\u2019un des essais contre placebo de grande qualit\u00e9 identifi\u00e9 par Mathie &amp; Clausen a \u00e9t\u00e9 men\u00e9 par l\u2019Universit\u00e9 Wageningen aux Pays-Bas.<sup><a title=\"Camerlink I, Ellinger L, Bakker EJ, Lantinga EA (2010). Homeopathy as replacement to antibiotics in the case of Escherichia coli diarrhoea in neonatal piglets. Homeopathy, 99; 57\u201362\" href=\"https:\/\/pubmed.ncbi.nlm.nih.gov\/20129177\/\" target=\"_blank\" rel=\"noopener noreferrer\">5<\/a><br \/>\n<\/sup><\/p>\n<p>Dans cet essai \u00e0 triple aveugle, on a administr\u00e9 \u00e0 52\u00a0truies enceintes soit du\u00a0<em>Coli 30k<\/em><em>\u00a0<\/em>(un m\u00e9dicament hom\u00e9opathique fabriqu\u00e9 \u00e0 partir de la bact\u00e9rie\u00a0<em>E. coli<\/em><em>)<\/em>\u00a0soit un placebo. Les truies ont accouch\u00e9 de\u00a0<strong>525 porcelets<\/strong><strong>.<\/strong>\u00a0<strong>Ceux du groupe trait\u00e9 au\u00a0<\/strong><em><strong>Coli 30k<\/strong><\/em>\u00a0<strong>avait 6 fois moins de diarrh\u00e9e que ceux du groupe placebo.<\/strong> Ce r\u00e9sultat est statistiquement significatif\u00a0<strong>(p&lt;0,0001)<\/strong><strong>\u00a0;<\/strong><strong>\u00a0<\/strong>il est donc tr\u00e8s peu probable qu\u2019il s\u2019agisse d\u2019un faux positif d\u00fb au hasard.<p><a href=\"#\" class=\"expand-content\" id=\"69f909f10755e\"><span class=\"expand-content-more\">Plus<\/span><span class=\"expand-content-less\">Moins<\/span><\/a><\/p><div class=\"collapse-content\" id=\"panel-69f909f10755e\">Le m\u00e9dicament hom\u00e9opathique utilis\u00e9 dans cette \u00e9tude a \u00e9t\u00e9 fabriqu\u00e9 \u00e0 partir de la bact\u00e9rie <em>E. coli<\/em>, soumise \u00e0 dilution puis succussion pour produire une ultra haute dilution de 10<sup>-60<\/sup>, ce qui signifie qu\u2019il ne devrait plus contenir aucune mol\u00e9cule de la bact\u00e9rie originale.<\/p>\n<p>La technique utilis\u00e9e ici, qui consiste \u00e0 fabriquer un m\u00e9dicament \u00e0 partir de la substance qui provoque la maladie concern\u00e9e, est un sous-type de l\u2019hom\u00e9opathie appel\u00e9 l\u2019isopathie.<\/p>\n<p>\u00c0 l\u2019heure actuelle, le recours aux antibiotiques est la seule fa\u00e7on de pr\u00e9venir cette maladie chez le b\u00e9tail. Il serait donc int\u00e9ressant de r\u00e9it\u00e9rer cette \u00e9tude pour confirmer ses conclusions et trouver une solution efficace contre l\u2019abus d\u2019antibiotiques.<\/div><!-- fr --><\/span><\/p>\n<h3><span class=\"accent no-underline\"><a id=\"horsecase\"><\/a>Troubles de la cicatrisation et r\u00e9sistance aux antimicrobiens chez le cheval<\/span><\/h3>\n<p class=\"no-margin\">Les rapports de cas sont tr\u00e8s utiles pour documenter l\u2019exp\u00e9rience directe des personnes, en particulier lorsqu\u2019ils sont consign\u00e9s syst\u00e9matiquement et font l\u2019objet d\u2019une v\u00e9rification ind\u00e9pendante. Dans un r\u00e9cent rapport de cas effectu\u00e9 par le D<sup>r<\/sup> Petra Weiermayer, v\u00e9t\u00e9rinaire hom\u00e9opathe \u00e9quin exer\u00e7ant \u00e0 Vienne, un cheval \u00e2g\u00e9 de 4\u00a0ans souffrant de\u00a0<strong>retard de cicatrisation li\u00e9 \u00e0 des bact\u00e9ries r\u00e9sistantes aux antimicrobiens, a pu \u00eatre soign\u00e9<\/strong>\u00a0<strong>avec un traitement hom\u00e9opathique<\/strong>.<a href=\"https:\/\/www.j-evs.com\/article\/S0737-0806(18)30043-1\/abstract\" target=\"_blank\" rel=\"noopener noreferrer\"><sup>6<\/sup><\/a><p><a href=\"#\" class=\"expand-content\" id=\"69f909f1075a7\"><span class=\"expand-content-more\">Plus<\/span><span class=\"expand-content-less\">Moins<\/span><\/a><\/p><div class=\"collapse-content\" id=\"panel-69f909f1075a7\">Apr\u00e8s une intervention chirurgicale sur une profonde blessure lac\u00e9r\u00e9e \u00e0 la patte avant droite, le cheval n\u2019a pas r\u00e9pondu au traitement antibiotique de rigueur. Un pr\u00e9l\u00e8vement a permis d\u2019identifier une infection par des bact\u00e9ries r\u00e9sistantes aux antimicrobiens. Le traitement hom\u00e9opathique qui a ensuite \u00e9t\u00e9 prescrit, \u00e0 base de\u00a0<em>Silicea terra<\/em>, a entra\u00een\u00e9 la r\u00e9mission compl\u00e8te des signes cliniques du retard de cicatrisation (inflammation purulente, \u0153d\u00e8me et s\u00e9rome) et une parfaite fermeture de la blessure au bout de cinq semaines. Les am\u00e9liorations se sont maintenues pendant un an sans rechute.<\/p>\n<p>Il faut noter que ce cas a \u00e9galement \u00e9t\u00e9 report\u00e9 par le v\u00e9t\u00e9rinaire ind\u00e9pendant traitant, le propri\u00e9taire du cheval et les autres propri\u00e9taires de chevaux de la m\u00eame \u00e9curie, ce qui a constitu\u00e9 une validation externe tr\u00e8s utile.<\/p>\n<p>Compte tenu de la menace globale que suppose la r\u00e9sistance aux antimicrobiens, des cas bien document\u00e9s comme celui-ci peuvent constituer la base d\u2019\u00e9tudes cliniques \u00e0 grande \u00e9chelle pour \u00e9valuer l\u2019impact potentiel de l\u2019hom\u00e9opathie sur l\u2019administration d\u2019antibiotiques et le traitement des infections r\u00e9sistantes.<\/div><!-- fr --><\/span><\/p>\n<div class=\"page\" title=\"Page 36\">\n<div class=\"layoutArea\">\n<div class=\"column\">\n<p>Dans l\u2019ensemble, les donn\u00e9es de la revue syst\u00e9matique en hom\u00e9opathie v\u00e9t\u00e9rinaire manquent de pr\u00e9cision. Leur nombre ne suffit pas \u00e0 exclure un effet au-del\u00e0 du placebo ou \u00e0 d\u00e9montrer clairement l\u2019efficacit\u00e9 th\u00e9orique ou pratique de l\u2019hom\u00e9opathie.<\/p>\n<p>Au vu des preuves positives non confirm\u00e9es rapport\u00e9es par les hom\u00e9opathes v\u00e9t\u00e9rinaires, les \u00e9leveurs et les propri\u00e9taires d\u2019animaux, ainsi que des tendances positives observ\u00e9es \u00e0 partir du petit nombre d\u2019\u00e9tudes fiables conduites \u00e0 ce jour, il est urgent de mener de nouvelles recherches de haute qualit\u00e9 pour d\u00e9terminer le r\u00f4le que peut rev\u00eatir l\u2019hom\u00e9opathie dans l\u2019am\u00e9lioration du bien-\u00eatre animal et la r\u00e9solution de probl\u00e8mes comme la r\u00e9sistance aux antimicrobiens.<\/p>\n<\/div>\n<\/div>\n<\/div>\n<p><a href=\"#\" class=\"expand-content button accent-bg\" id=\"69f909f1075ce\"><span class=\"expand-content-more\">R\u00e9f\u00e9rences<\/span><span class=\"expand-content-less\">Moins<\/span><\/a><\/p><div class=\"collapse-content\" id=\"panel-69f909f1075ce\"><\/div><!-- fr -->\n<ol>\n<li>Mathie RT, Clausen J. Veterinary homeopathy: systematic review of medical conditions studied by randomised placebo-controlled trials. <em>Vet Record<\/em>, 2014; <strong>175<\/strong>(15):373-81 | <a href=\"https:\/\/www.ncbi.nlm.nih.gov\/pubmed\/25324413\" target=\"_blank\" rel=\"noopener noreferrer\">Abstract<\/a><\/li>\n<li>Mathie RT, Clausen J. Veterinary homeopathy: Systematic review of medical conditions studied by randomised trials controlled by other than placebo.\u00a0<em>BMC Vet Res,<\/em> 2015<em>;<\/em>\u00a0<strong>11<\/strong>(1):236 |<a title=\"Homeopathy : the journal of the Faculty of Homeopathy.\" href=\"http:\/\/www.biomedcentral.com\/content\/pdf\/s12917-015-0542-2.pdf\" target=\"_blank\" rel=\"noopener noreferrer\">Full text<\/a><\/li>\n<li>Mathie RT, Clausen J. Veterinary homeopathy: meta-analysis of randomised placebo-controlled trials.\u00a0<em>Homeopathy<\/em>, 2015;\u00a0<strong>104<\/strong>(1):3-8 |\u00a0<a title=\"Homeopathy : the journal of the Faculty of Homeopathy.\" href=\"https:\/\/www.ncbi.nlm.nih.gov\/pubmed\/25576265\" target=\"_blank\" rel=\"noopener noreferrer\">Abstract<\/a><\/li>\n<li>Doehring C, Sundrum A. Efficacy of homeopathy in livestock according to peer-reviewed publications from 1981 to 2014. <em>Veterinary Record, <\/em>2016; <strong>179<\/strong>(24):628 | <a href=\"https:\/\/veterinaryrecord.bmj.com\/content\/vetrec\/179\/24\/628.full.pdf\" target=\"_blank\" rel=\"noopener noreferrer\">Full text<\/a><\/li>\n<li>Camerlink I, Ellinger L, Bakker EJ, Lantinga EA. Homeopathy as replacement to antibiotics in the case of Escherichia coli diarrhoea in neonatal piglets. <em>Homeopathy, <\/em>2010<em>;<\/em> <strong>99:<\/strong>\u00a057\u201362 |\u00a0<a href=\"http:\/\/www.ncbi.nlm.nih.gov\/pubmed\/20129177\" target=\"_blank\" rel=\"noopener noreferrer\">PubMed<\/a><\/li>\n<li>Weiermayer, P. Wound healing disorder in a horse, associated with anitmicrobial resistance, resolved with a homeopathic medicine &#8211; a case report.\u00a0<em>Journal of Equine Veterinary Science<\/em>, 2018;\u00a0<strong>67<\/strong>: 37-43 |\u00a0<a href=\"https:\/\/www.j-evs.com\/article\/S0737-0806(18)30043-1\/abstract\" target=\"_blank\" rel=\"noopener noreferrer\">Abstract<\/a><\/li>\n<\/ol>\n","protected":false},"excerpt":{"rendered":"<p>Le volume de donn\u00e9es cliniques disponibles pour l\u2019hom\u00e9opathie v\u00e9t\u00e9rinaire est bien plus faible que pour l\u2019hom\u00e9opathie chez l\u2019\u00eatre humain. l s\u2019agit pourtant d\u2019un domaine de recherche actif dans certains pays o\u00f9 l\u2019hom\u00e9opathie est totalement int\u00e9gr\u00e9e aux techniques m\u00e9dicales conventionnelles, comme le Br\u00e9sil. Deux revues syst\u00e9matiques globales men\u00e9es par Mathie &amp; Clausen r\u00e9sument les donn\u00e9es issues [&hellip;]<\/p>\n","protected":false},"author":835,"featured_media":0,"parent":17414,"menu_order":0,"comment_status":"closed","ping_status":"closed","template":"","meta":{"footnotes":""},"class_list":["post-16591","page","type-page","status-publish","hentry"],"jetpack_sharing_enabled":true,"_links":{"self":[{"href":"https:\/\/www.hri-research.org\/fr\/wp-json\/wp\/v2\/pages\/16591","targetHints":{"allow":["GET"]}}],"collection":[{"href":"https:\/\/www.hri-research.org\/fr\/wp-json\/wp\/v2\/pages"}],"about":[{"href":"https:\/\/www.hri-research.org\/fr\/wp-json\/wp\/v2\/types\/page"}],"author":[{"embeddable":true,"href":"https:\/\/www.hri-research.org\/fr\/wp-json\/wp\/v2\/users\/835"}],"replies":[{"embeddable":true,"href":"https:\/\/www.hri-research.org\/fr\/wp-json\/wp\/v2\/comments?post=16591"}],"version-history":[{"count":0,"href":"https:\/\/www.hri-research.org\/fr\/wp-json\/wp\/v2\/pages\/16591\/revisions"}],"up":[{"embeddable":true,"href":"https:\/\/www.hri-research.org\/fr\/wp-json\/wp\/v2\/pages\/17414"}],"wp:attachment":[{"href":"https:\/\/www.hri-research.org\/fr\/wp-json\/wp\/v2\/media?parent=16591"}],"curies":[{"name":"wp","href":"https:\/\/api.w.org\/{rel}","templated":true}]}}