{"id":16547,"date":"2020-12-04T15:30:41","date_gmt":"2020-12-04T15:30:41","guid":{"rendered":"https:\/\/www.hri-research.org\/?page_id=16547"},"modified":"2025-02-11T13:17:11","modified_gmt":"2025-02-11T13:17:11","slug":"utilisation-de-lhomeopathie-dans-le-monde","status":"publish","type":"page","link":"https:\/\/www.hri-research.org\/fr\/ressources\/des-preuves-essentielles\/utilisation-de-lhomeopathie-dans-le-monde\/","title":{"rendered":"Utilisation de l\u2019hom\u00e9opathie dans le monde"},"content":{"rendered":"<h3><span class=\"accent\">Monde entier<\/span><\/h3>\n<ul>\n<li><span style=\"font-weight: 400;\">Plus de 200 millions de personnes utilisent r\u00e9guli\u00e8rement l\u2019hom\u00e9opathie \u00e0 travers le monde<\/span>.<sup><a href=\"http:\/\/www.ncbi.nlm.nih.gov\/pubmed\/18035598\" target=\"_blank\" rel=\"noopener noreferrer\">1<\/a><\/sup><sup>,\u00a0<\/sup><sup><a href=\"https:\/\/www.hri-research.org\/wp-content\/uploads\/2014\/11\/Commission_Report_Dir_92-73_and_92-74_Homeo_July_1997.pdf\" target=\"_blank\" rel=\"noopener noreferrer\">2<\/a><\/sup><\/li>\n<li><span style=\"font-weight: 400;\">Dans 16 pays \u00e9tudi\u00e9s, six personnes sur dix ont eu recours \u00e0 l\u2019hom\u00e9opathie*. 55 % de la population mondiale envisage de l\u2019utiliser \u00e0 l\u2019avenir.<sup><a href=\"https:\/\/harris-interactive.fr\/opinion_polls\/lusage-de-lhomeopathie-dans-le-monde-2\/\">3<\/a><\/sup><\/span><\/li>\n<li><span style=\"font-weight: 400;\">L\u2019hom\u00e9opathie est incluse dans les syst\u00e8mes de sant\u00e9 publique d\u2019un certain nombre de pays, comme le Br\u00e9sil, le Chili, l\u2019Inde, le Mexique, le Pakistan et la Suisse.<\/span><\/li>\n<\/ul>\n<span id=\"india\"><\/span>\n<h3><span class=\"accent\">Europe<\/span><\/h3>\n<ul>\n<li><span style=\"font-weight: 400;\">Dans l\u2019Union europ\u00e9enne, 100 millions de citoyens, soit 29 % de la population, utilisent des m\u00e9dicaments hom\u00e9opathiques pour leurs soins de sant\u00e9 quotidiens.<\/span><sup><a href=\"https:\/\/www.hri-research.org\/wp-content\/uploads\/2014\/11\/Commission_Report_Dir_92-73_and_92-74_Homeo_July_1997.pdf\" target=\"_blank\" rel=\"noopener noreferrer\">2<\/a><\/sup><\/li>\n<li>L\u2019hom\u00e9opathie est pratiqu\u00e9e dans 40\u00a0pays europ\u00e9ens sur 42.<sup><a href=\"http:\/\/apps.who.int\/medicinedocs\/pdf\/h2943e\/h2943e.pdf\" target=\"_blank\" rel=\"noopener noreferrer\">4<\/a><\/sup><\/li>\n<\/ul>\n<h3><span class=\"accent\"><span style=\"font-size: 14px;\"><span id=\"uk\"><\/span><\/span><\/span><\/h3>\n<h3><span class=\"accent\">Inde<\/span><\/h3>\n<ul>\n<li><span style=\"font-weight: 400;\">L\u2019Inde occupe la premi\u00e8re place en termes d\u2019utilisateurs de l\u2019hom\u00e9opathie : Pr\u00e8s de 1,2 milliard* de personnes ont eu recours \u00e0 l\u2019hom\u00e9opathie (soit 83 % de la population indienne)<\/span><sup><a href=\"https:\/\/www.hri-research.org\/wp-content\/uploads\/2014\/11\/Commission_Report_Dir_92-73_and_92-74_Homeo_July_1997.pdf\" target=\"_blank\" rel=\"noopener noreferrer\">2<\/a>\u00a0<\/sup><span style=\"font-weight: 400;\">et 100 millions de personnes d\u00e9pendent exclusivement de l\u2019hom\u00e9opathie pour leurs soins m\u00e9dicaux.<sup><a href=\"https:\/\/harris-interactive.fr\/opinion_polls\/lusage-de-lhomeopathie-dans-le-monde-2\/\">3<\/a><\/sup><\/span><\/li>\n<li>Plus de 200 000 hom\u00e9opathes y exercent actuellement, un chiffre qui augmente d\u2019environ 12 000 tous les ans.<sup><a href=\"http:\/\/apps.who.int\/medicinedocs\/pdf\/h2943e\/h2943e.pdf\" target=\"_blank\" rel=\"noopener noreferrer\">4<\/a><\/sup><\/li>\n<\/ul>\n<span id=\"europe\"><\/span>\n<h3><span class=\"accent\">Royaume-Uni<\/span><\/h3>\n<ul>\n<li style=\"font-weight: 400;\" aria-level=\"1\"><span style=\"font-weight: 400;\">On estime que 32 millions* de citoyens britanniques ont eu recours \u00e0 l\u2019hom\u00e9opathie, soit 49 % de la population.<sup><a href=\"https:\/\/harris-interactive.fr\/opinion_polls\/lusage-de-lhomeopathie-dans-le-monde-2\/\">3<\/a><\/sup><\/span><\/li>\n<li style=\"font-weight: 400;\" aria-level=\"1\">77 % de la population britannique consid\u00e8re que la m\u00e9decine conventionnelle et les m\u00e9decines alternatives, comme l\u2019hom\u00e9opathie, sont compl\u00e9mentaires.<span style=\"font-weight: 400;\"><sup><a href=\"https:\/\/harris-interactive.fr\/opinion_polls\/lusage-de-lhomeopathie-dans-le-monde-2\/\">3<\/a><\/sup><\/span><\/li>\n<\/ul>\n<h3><span class=\"accent\">\u00c9tats-Unis<\/span><\/h3>\n<ul>\n<li style=\"font-weight: 400;\" aria-level=\"1\"><span style=\"font-weight: 400;\">Aux \u00c9tats-Unis, 193 millions* de personnes auraient eu recours \u00e0 l\u2019hom\u00e9opathie, soit 58 % de la population.<sup><a href=\"https:\/\/harris-interactive.fr\/opinion_polls\/lusage-de-lhomeopathie-dans-le-monde-2\/\">3<\/a><\/sup><\/span><\/li>\n<li style=\"font-weight: 400;\" aria-level=\"1\">90 % des personnes interrog\u00e9es se sont d\u00e9clar\u00e9es satisfaites de leur traitement hom\u00e9opathique.<span style=\"font-weight: 400;\"><sup><a href=\"https:\/\/harris-interactive.fr\/opinion_polls\/lusage-de-lhomeopathie-dans-le-monde-2\/\">3<\/a><br \/>\n<\/sup><\/span><\/li>\n<\/ul>\n<p><span style=\"font-weight: 400;\">*Personnes ayant eu recours \u00e0 l\u2019hom\u00e9opathie au cours de leur vie<\/span><\/p>\n<p><a href=\"#\" class=\"expand-content button accent-bg\" id=\"69cfff42bfb44\"><span class=\"expand-content-more\">R\u00e9f\u00e9rences<\/span><span class=\"expand-content-less\">Moins<\/span><\/a><\/p><div class=\"collapse-content\" id=\"panel-69cfff42bfb44\">\n<ol>\n<li>Prasad R. Homoeopathy booming in India.\u00a0<em>Lancet,<\/em>\u00a02007; <strong>370<\/strong>:1679-80 |\u00a0<a href=\"http:\/\/www.thelancet.com\/journals\/lancet\/article\/PIIS0140-6736(07)61709-7\/fulltext\" target=\"_blank\" rel=\"noopener noreferrer\">Full Text<\/a><\/li>\n<li>Homeopathic medicinal products. Commission report to the European Parliament and the Council on\u00a0the application of Directives 92\/73 and 92\/74 | <a href=\"https:\/\/www.hri-research.org\/wp-content\/uploads\/2014\/11\/Commission_Report_Dir_92-73_and_92-74_Homeo_July_1997.pdf\" target=\"_blank\" rel=\"noopener noreferrer\">Full Text<\/a><\/li>\n<li>Survey conducted by Toluna Harris Interactive. Summary published on\u00a0<b data-stringify-type=\"bold\">Harris Interactive<\/b> website 17 July, 2024 in French and English |\u00a0<a class=\"c-link\" href=\"https:\/\/harris-interactive.fr\/opinion_polls\/lusage-de-lhomeopathie-dans-le-monde-2\/\" target=\"_blank\" rel=\"noopener noreferrer\" data-stringify-link=\"https:\/\/harris-interactive.fr\/opinion_polls\/lusage-de-lhomeopathie-dans-le-monde-2\/\" data-sk=\"tooltip_parent\">Link<\/a><\/li>\n<li>Ghosh AK. A short history of the development of homeopathy in India.<em> Homeopathy,\u00a0<\/em>2010;<strong>99<\/strong>(2):130-6 | <a href=\"http:\/\/www.ncbi.nlm.nih.gov\/pubmed\/20471616\" target=\"_blank\" rel=\"noopener noreferrer\">PubMed<\/a><\/li>\n<\/ol>\n<\/div><!-- fr -->\n","protected":false},"excerpt":{"rendered":"<p>Monde entier Plus de 200 millions de personnes utilisent r\u00e9guli\u00e8rement l\u2019hom\u00e9opathie \u00e0 travers le monde.1,\u00a02 Dans 16 pays \u00e9tudi\u00e9s, six personnes sur dix ont eu recours \u00e0 l\u2019hom\u00e9opathie*. 55 % de la population mondiale envisage de l\u2019utiliser \u00e0 l\u2019avenir.3 L\u2019hom\u00e9opathie est incluse dans les syst\u00e8mes de sant\u00e9 publique d\u2019un certain nombre de pays, comme le [&hellip;]<\/p>\n","protected":false},"author":835,"featured_media":0,"parent":17414,"menu_order":0,"comment_status":"closed","ping_status":"closed","template":"","meta":{"footnotes":""},"class_list":["post-16547","page","type-page","status-publish","hentry"],"jetpack_sharing_enabled":true,"_links":{"self":[{"href":"https:\/\/www.hri-research.org\/fr\/wp-json\/wp\/v2\/pages\/16547","targetHints":{"allow":["GET"]}}],"collection":[{"href":"https:\/\/www.hri-research.org\/fr\/wp-json\/wp\/v2\/pages"}],"about":[{"href":"https:\/\/www.hri-research.org\/fr\/wp-json\/wp\/v2\/types\/page"}],"author":[{"embeddable":true,"href":"https:\/\/www.hri-research.org\/fr\/wp-json\/wp\/v2\/users\/835"}],"replies":[{"embeddable":true,"href":"https:\/\/www.hri-research.org\/fr\/wp-json\/wp\/v2\/comments?post=16547"}],"version-history":[{"count":0,"href":"https:\/\/www.hri-research.org\/fr\/wp-json\/wp\/v2\/pages\/16547\/revisions"}],"up":[{"embeddable":true,"href":"https:\/\/www.hri-research.org\/fr\/wp-json\/wp\/v2\/pages\/17414"}],"wp:attachment":[{"href":"https:\/\/www.hri-research.org\/fr\/wp-json\/wp\/v2\/media?parent=16547"}],"curies":[{"name":"wp","href":"https:\/\/api.w.org\/{rel}","templated":true}]}}