{"id":16544,"date":"2020-12-04T15:26:57","date_gmt":"2020-12-04T15:26:57","guid":{"rendered":"https:\/\/www.hri-research.org\/?page_id=16544"},"modified":"2020-12-07T13:19:06","modified_gmt":"2020-12-07T13:19:06","slug":"le-rapport-britannique","status":"publish","type":"page","link":"https:\/\/www.hri-research.org\/fr\/ressources\/homeopathie-en-debat\/le-rapport-britannique\/","title":{"rendered":"Le rapport britannique"},"content":{"rendered":"<p>On entend souvent dire qu\u2019il n\u2019y pas de preuves de l\u2019efficacit\u00e9 de l\u2019hom\u00e9opathie ou que les donn\u00e9es disponibles d\u00e9montrent que l\u2019hom\u00e9opathie n\u2019est pas meilleure qu\u2019un placebo.\u00a0<strong>Ces deux affirmations sont incorrectes.<\/strong><\/p>\n<p>De telles id\u00e9es re\u00e7ues proviennent en grande partie de deux documents\u00a0: le premier, \u00e9labor\u00e9 au\u00a0<strong>Royaume-Uni\u00a0<\/strong><a href=\"https:\/\/www.hri-research.org\/wp-content\/uploads\/2014\/07\/Evidence-Check-2-Homeopathy-report-2010.pdf\" target=\"_blank\" rel=\"noopener noreferrer\"><strong>par la <\/strong><strong><em>Commission parlementaire Sciences et Technologie et intitul\u00e9 Evidence check 2 Homeopathy report<\/em><\/strong><strong> (ci-apr\u00e8s, Rapport britannique ou rapport EC2)<\/strong>,<\/a>\u00a0et le second, la note d\u2019information publi\u00e9e plus r\u00e9cemment par le Conseil national australien de la sant\u00e9 et de la recherche m\u00e9dicale (NHMRC) et connu sous le nom de <a href=\"https:\/\/www.hri-research.org\/fr\/ressources\/homeopathie-en-debat\/rapport-australien\/\" target=\"_blank\" rel=\"noopener noreferrer\"><strong>Rapport australien<\/strong><\/a>.<\/p>\n<p>Le rapport britannique, Ou rapport EC2, a \u00e9t\u00e9 publi\u00e9 en 2010 par une commission parlementaire r\u00e9unissant 14\u00a0d\u00e9put\u00e9s du Parlement du Royaume-Uni\u00a0<a href=\"https:\/\/www.hri-research.org\/wp-content\/uploads\/2014\/07\/Evidence-Check-2-Homeopathy-report-2010.pdf\" target=\"_blank\" rel=\"noopener noreferrer\"><sup>1<\/sup><\/a>. Ce rapport avait conclu que l\u2019hom\u00e9opathie ne fonctionne pas mieux qu\u2019un placebo et qu\u2019il ne convient pas de poursuivre les recherches dans ce domaine.<\/p>\n<div class=\"highlight-box accent-border\">\n<h3 style=\"text-align: center;\">Le rapport britannique ou EC2 en bref<\/h3>\n<ol>\n<li>Ce rapport n\u2019est pas un document scientifique et ne peut donc pas \u00eatre inclus \u00e0 la litt\u00e9rature scientifique ou utilis\u00e9 comme donn\u00e9e probante par les responsables politiques.<\/li>\n<li>Les d\u00e9ficiences de ce rapport ont \u00e9t\u00e9 largement critiqu\u00e9es, et pas seulement au sein de la communaut\u00e9 des hom\u00e9opathes.<\/li>\n<li>Parmi toutes les donn\u00e9es existantes sur l\u2019hom\u00e9opathie, la commission parlementaire qui a r\u00e9dig\u00e9 le rapport n\u2019a retenu que 5 revues syst\u00e9matiques et a fait reposer ses conclusions sur une seule de ces \u00e9tudes.<\/li>\n<li>Ce rapport ne refl\u00e8te pas la position du gouvernement britannique et a \u00e9t\u00e9 \u00e9cart\u00e9 par le D\u00e9partement de la Sant\u00e9 du Royaume-Uni.<span style=\"font-family: -apple-system, BlinkMacSystemFont, 'Segoe UI', Roboto, Oxygen-Sans, Ubuntu, Cantarell, 'Helvetica Neue', sans-serif;\"><\/div><\/span><\/li>\n<\/ol>\n<h3>Fiabilit\u00e9 du rapport britannique<\/h3>\n<p>\u00c9tant donn\u00e9 que ce rapport continue d\u2019\u00eatre largement cit\u00e9, il convient de juger de sa fiabilit\u00e9 d\u2019un point de vue objectif. Souvent d\u00e9crit comme une \u00ab\u00a0revue exhaustive\u00a0\u00bb des donn\u00e9es,\u00a0<strong>le rapport EC2 n\u2019est pas un document scientifique<\/strong>\u00a0mais un compte-rendu \u00e9labor\u00e9 par une commission parlementaire r\u00e9unissant 14 d\u00e9put\u00e9s.\u00a0Il a \u00e9t\u00e9 \u00e9labor\u00e9 sans adopter de m\u00e9thode syst\u00e9matique et ses auteurs ne sont pas des scientifiques experts en la mati\u00e8re. Quant au choix des donn\u00e9es inclues dans le rapport, il d\u00e9note un manque d\u2019impartialit\u00e9 inqui\u00e9tant, non seulement en termes de productions \u00e9crites mais aussi de choix des t\u00e9moins autoris\u00e9s \u00e0 apporter des preuves orales.<\/p>\n<p>Les d\u00e9ficiences du rapport EC2 sont telles qu\u2019il a suscit\u00e9 de vives critiques de la part d\u2019autres parlementaires qui connaissent bien la proc\u00e9dure d\u2019\u00e9laboration des revues de preuves\u00a0:<\/p>\n<ul>\n<li>4 d\u00e9put\u00e9s ont \u00e9mis un vote sur ce rapport\u00a0:\u00a0<strong>3 d\u00e9put\u00e9s ont vot\u00e9 pour sa ratification<\/strong>et 1 d\u00e9put\u00e9 (Ian Stewart) s\u2019est abstenu, en raison de ses doutes sur l\u2019impartialit\u00e9 du contenu.<\/li>\n<li><strong>70 d\u00e9put\u00e9s ont exprim\u00e9 leur inqui\u00e9tude en d\u00e9posant une motion au Parlement<\/strong>(<em>Early Day Motion 908<\/em>)<a href=\"http:\/\/www.parliament.uk\/edm\/2009-10\/908\" target=\"_blank\" rel=\"noopener noreferrer\"><sup>2<\/sup><\/a><\/li>\n<li>Dans une critique ind\u00e9pendante, Earl Baldwin of Bewdley a conclu que le rapport \u00e9tait\u00a0<strong>\u00ab\u00a0une source de donn\u00e9es peu fiables au sujet de l\u2019hom\u00e9opathie\u00a0\u00bb<\/strong><strong>.<\/strong><a href=\"https:\/\/www.hri-research.org\/wp-content\/uploads\/2014\/07\/Baldwin_Observations-on-Evidence-Check-2-Homeopathy-report-2010.pdf\" target=\"_blank\" rel=\"noopener noreferrer\"><sup>3<\/sup><\/a> L\u2019opinion de Earl Baldwin est d\u2019autant plus int\u00e9ressante qu\u2019il a si\u00e9g\u00e9 \u00e0 la Sous-commission Sciences et Technologie de la Chambre des Lords, qui a enqu\u00eat\u00e9 sur les m\u00e9decines parall\u00e8les en 1999-2000. Il s\u2019agit donc d\u2019un fin connaisseur des proc\u00e9dures de la Commission et du sujet concern\u00e9.<\/li>\n<\/ul>\n<p>Toutes ces d\u00e9ficiences, et d\u2019autres, sont report\u00e9es dans un site Internet consacr\u00e9 \u00e0 ce sujet\u00a0:\u00a0<a href=\"http:\/\/www.homeopathyevidencecheck.org\/\" target=\"_blank\" rel=\"noopener noreferrer\">http:\/\/www.homeopathyevidencecheck.org\/<\/a>.<\/p>\n<h3>Quelles donn\u00e9es sont comprises dans ce rapport ?<\/h3>\n<p>Outre son manque de fiabilit\u00e9, le rapport EC2 p\u00eache \u00e9galement par le fait qu\u2019il ne prend en compte que les donn\u00e9es cliniques. Et\u00a0<strong>les seules donn\u00e9es cliniques prises en compte portent sur l\u2019efficacit\u00e9\u00a0<\/strong><em><strong>th\u00e9orique\u00a0<\/strong><\/em><strong>de l\u2019hom\u00e9opathie, et non sur son efficacit\u00e9 r\u00e9elle<\/strong><strong>.<\/strong>\u00a0Autrement dit, le rapport inclut uniquement les essais visant \u00e0 d\u00e9terminer si l\u2019hom\u00e9opathie fonctionne dans des conditions exp\u00e9rimentales artificielles strictement contr\u00f4l\u00e9es, et non ceux qui cherchent \u00e0 d\u00e9terminer son efficacit\u00e9 sur de vrais patients, dans des conditions cliniques r\u00e9elles.<\/p>\n<p>La commission n\u2019a pris en compte que cinq revues syst\u00e9matiques d\u2019essais contr\u00f4l\u00e9s randomis\u00e9s\u00a0<a href=\"http:\/\/www.ncbi.nlm.nih.gov\/pubmed\/1825800\" target=\"_blank\" rel=\"noopener noreferrer\"><sup>4<\/sup><\/a><sup>,<\/sup><a href=\"http:\/\/www.ncbi.nlm.nih.gov\/pubmed\/9310601\" target=\"_blank\" rel=\"noopener noreferrer\"><sup>5<\/sup><\/a><sup>,<\/sup><a href=\"http:\/\/www.ncbi.nlm.nih.gov\/pubmed\/10391656\" target=\"_blank\" rel=\"noopener noreferrer\"><sup>6<\/sup><\/a><sup>,<\/sup><a href=\"http:\/\/www.ncbi.nlm.nih.gov\/pubmed\/10853874\" target=\"_blank\" rel=\"noopener noreferrer\"><sup>7<\/sup><\/a><sup>,<\/sup><a href=\"http:\/\/www.ncbi.nlm.nih.gov\/pubmed\/16125589\" target=\"_blank\" rel=\"noopener noreferrer\"><sup>8<\/sup><\/a>\u00a0. Les quatre m\u00e9ta-analyses dont les conclusions sont largement favorables \u00e0 l\u2019hom\u00e9opathie ont \u00e9t\u00e9 exclues de cet ensemble de donn\u00e9es,\u00a0<a href=\"http:\/\/www.ncbi.nlm.nih.gov\/pubmed\/1825800\" target=\"_blank\" rel=\"noopener noreferrer\"><sup>4<\/sup><\/a><sup>,<\/sup><a href=\"http:\/\/www.ncbi.nlm.nih.gov\/pubmed\/9310601\" target=\"_blank\" rel=\"noopener noreferrer\"><sup>5<\/sup><\/a><sup>,<\/sup><a href=\"http:\/\/www.ncbi.nlm.nih.gov\/pubmed\/10391656\" target=\"_blank\" rel=\"noopener noreferrer\"><sup>6<\/sup><\/a><sup>,<\/sup><a href=\"http:\/\/www.ncbi.nlm.nih.gov\/pubmed\/10853874\" target=\"_blank\" rel=\"noopener noreferrer\"><sup>7<\/sup><\/a> sur la seule base des propos du professeur Edzard Ernst<a href=\"https:\/\/www.hri-research.org\/wp-content\/uploads\/2014\/07\/Evidence-Check-2-Homeopathy-report-2010.pdf\" target=\"_blank\" rel=\"noopener noreferrer\"><sup>9<\/sup><\/a>, qui a estim\u00e9 que trois de ces analyses \u00e9taient d\u00e9pass\u00e9es et que la derni\u00e8re devait en r\u00e9alit\u00e9 \u00eatre consid\u00e9r\u00e9e comme n\u00e9gative. La seule \u00e9tude qui a \u00e9chapp\u00e9 \u00e0 la critique de Ernst est\u00a0<a href=\"https:\/\/www.hri-research.org\/fr\/ressources\/homeopathie-en-debat\/article-de-shang-et-al-dans-la-revue-the-lancet\/\" target=\"_blank\" rel=\"noopener noreferrer\">l\u2019\u00e9tude publi\u00e9e de Shang\u00a0<em>et\u00a0al<\/em>, publi\u00e9e dans The Lancet<\/a>\u00a0en 2005<a href=\"http:\/\/www.ncbi.nlm.nih.gov\/pubmed\/16125589\" target=\"_blank\" rel=\"noopener noreferrer\"><sup>8<\/sup><\/a>, dont les conclusions sont d\u2019apr\u00e8s lui \u00ab\u00a0terriblement n\u00e9gatives\u00a0\u00bb.<\/p>\n<h3>Fiabilit\u00e9 de l\u2019\u00e9tude de Shang <em>et al.<\/em> dans The Lancet<\/h3>\n<p>\u00c9tant donn\u00e9 que les conclusions du rapport EC2 reposent en fait uniquement sur l\u2019\u00e9tude Shang\u00a0<em>et\u00a0al.<\/em>, la qualit\u00e9 et la fiabilit\u00e9 de cette donn\u00e9e probante rev\u00eatent ici encore une importance capitale.<\/p>\n<p>L\u2019\u00e9tude\u00a0<a href=\"https:\/\/www.hri-research.org\/fr\/ressources\/homeopathie-en-debat\/article-de-shang-et-al-dans-la-revue-the-lancet\/\" target=\"_blank\" rel=\"noopener noreferrer\">Shang\u00a0<em>et\u00a0al<\/em><\/a><u>.<\/u> a soulev\u00e9 de nombreuses interrogations, li\u00e9es notamment au fait que<strong>\u00a0ses conclusions ne reposent que sur 8 des 110 essais \u00e0 disposition<\/strong> des auteurs \u00e0 l\u2019\u00e9poque et qu\u2019elle ne r\u00e9siste pas \u00e0 une analyse de sensibilit\u00e9.<a href=\"http:\/\/www.ncbi.nlm.nih.gov\/pubmed\/18834714\" target=\"_blank\" rel=\"noopener noreferrer\"><sup>10<\/sup><\/a>\u00a0Ainsi,\u00a0<strong>si l\u2019on change ne serait-ce qu\u2019un seul des 8 essais inclus par les auteurs dans leur analyse, on obtient le r\u00e9sultat inverse, \u00e0 savoir que l\u2019hom\u00e9opathie fonctionne au-del\u00e0 du placebo.<\/strong>\u00a0Cela remet totalement en cause la fiabilit\u00e9 des conclusions de ce rapport.<\/p>\n<p>En outre, aucun des huit essais utilis\u00e9s ne concerne un traitement hom\u00e9opathique individualis\u00e9, qui est la forme d\u2019hom\u00e9opathie relevant des \u00ab\u00a0soins habituels\u00a0\u00bb.<\/p>\n<h3>\u00c0 l\u2019heure actuelle, le rapport EC2 est compl\u00e8tement d\u00e9pass\u00e9<\/h3>\n<p>Il a \u00e9t\u00e9 publi\u00e9 en 2010 mais ses conclusions reposent sur des revues syst\u00e9matiques publi\u00e9es jusqu\u2019en 2005 seulement. Le professeur Ernst a lui-m\u00eame affirm\u00e9 que son argumentation (contre l\u2019hom\u00e9opathie) \u00e9tait bas\u00e9e sur des donn\u00e9es publi\u00e9es jusqu\u2019en 2005<a href=\"https:\/\/www.hri-research.org\/wp-content\/uploads\/2014\/07\/Evidence-Check-2-Homeopathy-report-2010.pdf\" target=\"_blank\" rel=\"noopener noreferrer\"><sup>11<\/sup><\/a>. Cela signifie que\u00a0<strong>les donn\u00e9es pass\u00e9es au crible en 2010 \u00e9taient d\u00e9j\u00e0 vieilles de cinq ans \u00e0 l\u2019\u00e9poque<\/strong>.<\/p>\n<p>Au vue des donn\u00e9es disponibles en 2018, on ne peut nier que le champ de\u00a0<a href=\"https:\/\/www.hri-research.org\/fr\/ressources\/des-preuves-essentielles\/apercu-des-essais-cliniques\/\" target=\"_blank\" rel=\"noopener noreferrer\">la recherche en hom\u00e9opathie a fait des progr\u00e8s significatifs<\/a>\u00a0depuis la publication du rapport EC2, avec notamment la publication de revues syst\u00e9matiques plus r\u00e9centes.<\/p>\n<p>\u00c0 titre d\u2019exemple, la revue de Mathie <em>et al.<\/em>,<a href=\"http:\/\/www.ncbi.nlm.nih.gov\/pubmed\/23290875\" target=\"_blank\" rel=\"noopener noreferrer\"><sup>12<\/sup><\/a>\u00a0publi\u00e9e en 2014, a d\u00e9montr\u00e9 que\u00a0<strong>les m\u00e9dicaments hom\u00e9opathiques, \u00e0 condition d\u2019\u00eatre prescrits dans le cadre d\u2019un traitement individualis\u00e9, ont 1,5 \u00e0 2 fois plus de probabilit\u00e9 d\u2019avoir un effet b\u00e9n\u00e9fique qu\u2019un placebo.<\/strong><\/p>\n<h3>Position du gouvernement britannique<\/h3>\n<p>En juillet 2010, le D\u00e9partement de la Sant\u00e9 du Royaume-Uni a publi\u00e9 une r\u00e9ponse au rapport de la commission Sciences et Technologie<a href=\"https:\/\/www.hri-research.org\/wp-content\/uploads\/2014\/07\/Government-Response-to-the-report-Evidence-Check-2-Homeopathy.pdf\" target=\"_blank\" rel=\"noopener noreferrer\"><sup>14<\/sup><\/a>.<\/p>\n<p>\u00c0 l\u2019\u00e9poque, le gouvernement a refus\u00e9 de bannir les produits hom\u00e9opathiques sur la base des recommandations de ce rapport, en consid\u00e9rant que l\u2019hom\u00e9opathie \u00e9tait un syst\u00e8me de m\u00e9decine reconnu et largement utilis\u00e9 dans l\u2019Union europ\u00e9enne. Cette r\u00e9ponse officielle faisait du choix du patient la raison principale pour continuer \u00e0 financer l\u2019hom\u00e9opathie dans le syst\u00e8me de sant\u00e9 public.<\/p>\n<p><a href=\"#\" class=\"expand-content button accent-bg\" id=\"69d6117b1f992\"><span class=\"expand-content-more\">R\u00e9f\u00e9rences<\/span><span class=\"expand-content-less\">Moins<\/span><\/a><\/p><div class=\"collapse-content\" id=\"panel-69d6117b1f992\">\n<ol>\n<li>Evidence Check 2: Homeopathy, Report by the House of Commons Science and Technology Committee, February 2010 | <a href=\"https:\/\/www.hri-research.org\/wp-content\/uploads\/2014\/07\/Evidence-Check-2-Homeopathy-report-2010.pdf\" target=\"_blank\" rel=\"noopener noreferrer\">Link<\/a><\/li>\n<li>UK Parliament Early Day Motion 908 | <a href=\"http:\/\/www.parliament.uk\/edm\/2009-10\/908\" target=\"_blank\" rel=\"noopener noreferrer\">Link<\/a><\/li>\n<li>Earl Baldwin of Bewdley, June 2010: Observations on the report Evidence Check 2: Homeopathy by the House of\u00a0 Commons Science and Technology Committee, February 2010 | <a href=\"https:\/\/www.hri-research.org\/wp-content\/uploads\/2014\/07\/Baldwin_Observations-on-Evidence-Check-2-Homeopathy-report-2010.pdf\" target=\"_blank\" rel=\"noopener noreferrer\">Link<\/a><\/li>\n<li>Kleijnen, J., Knipschild, P. &amp; ter Riet, G. Trials of homeopathy. <em>BMJ,\u00a0<\/em>1991; <strong>302:<\/strong>960 |\u00a0<a href=\"http:\/\/www.ncbi.nlm.nih.gov\/pubmed\/1825800\" target=\"_blank\" rel=\"noopener noreferrer\">PubMed<\/a><\/li>\n<li>Linde, K. et al. Are the clinical effects of homeopathy placebo effects? A meta-analysis of placebo-controlled trials. <em>Lancet<\/em>, 1997; <strong>350:<\/strong>\u00a0834\u2013843 | <a title=\"Linde, K. et al. Are the clinical effects of homeopathy placebo effects? A meta-analysis of placebo-controlled trials. Lancet 350, 834\u2013843 (1997)\" href=\"http:\/\/www.ncbi.nlm.nih.gov\/pubmed\/9310601\" target=\"_blank\" rel=\"noopener noreferrer\">PubMed<\/a><\/li>\n<li>Linde, K. et al. Impact of study quality on outcome in placebo-controlled trials of homeopathy. <em>J. Clin. Epidemiol.,<\/em> 1999; <strong>52<\/strong>, 631\u2013636 | <a title=\"Linde, K. et al. Impact of study quality on outcome in placebo-controlled trials of homeopathy. J. Clin. Epidemiol. 52, 631\u2013636 (1999).\" href=\"http:\/\/www.ncbi.nlm.nih.gov\/pubmed\/10391656\" target=\"_blank\" rel=\"noopener noreferrer\">PubMed<\/a><\/li>\n<li>Cucherat, M., Haugh, M. C., Gooch, M. &amp; Boissel, J. P. Evidence of clinical efficacy of homeopathy. A meta-analysis of clinical trials. HMRAG. Homeopathic Medicines Research Advisory Group. <em>Eur. J. Clin. Pharmacol., <\/em>2000;<strong>56:<\/strong>\u00a027\u201333 | <a href=\"http:\/\/www.ncbi.nlm.nih.gov\/pubmed\/10853874\" target=\"_blank\" rel=\"noopener noreferrer\">PubMed<\/a><\/li>\n<li>Shang A, Huwiler-Muntener K, Nartey L, et al. Are the clinical effects of homoeopathy placebo effects? Comparative study of placebo-controlled trials of homoeopathy and allopathy. <em>Lancet,<\/em> 2005; <strong>366<\/strong>: 726\u201332 | <a href=\"http:\/\/www.ncbi.nlm.nih.gov\/pubmed\/16125589\" target=\"_blank\" rel=\"noopener noreferrer\">PubMed<\/a><\/li>\n<li>House of Commons Science and Technology Committee &#8211; Evidence Check 2: Homeopathy, Fourth Report of Session 2009-10. (February, 2010)\u00a0Page 18, Point 65 to 69 (p.22 of PDF) | <a href=\"https:\/\/www.hri-research.org\/wp-content\/uploads\/2014\/07\/Evidence-Check-2-Homeopathy-report-2010.pdf\" target=\"_blank\" rel=\"noopener noreferrer\">Link<\/a><\/li>\n<li>L\u00fcdtke, R. &amp; Rutten, A. L. B. The conclusions on the effectiveness of homeopathy highly depend on the set of analyzed trials. <em>J. Clin. Epidemiol.,\u00a0<\/em>2008; <strong>61:<\/strong>\u00a01197\u20131204 |\u00a0<a href=\"http:\/\/www.ncbi.nlm.nih.gov\/pubmed\/18834714\" target=\"_blank\" rel=\"noopener noreferrer\">PubMed<\/a><\/li>\n<li>House of Commons Science and Technology Committee &#8211; Evidence Check 2: Homeopathy, Fourth Report of Session 2009-10.\u00a0(February, 2010) Memorandum submitted by Professor Edzard Ernst (HO 16), Evidence Ev 26 (p.85 of PDF) | <a href=\"https:\/\/www.hri-research.org\/wp-content\/uploads\/2014\/07\/Evidence-Check-2-Homeopathy-report-2010.pdf\" target=\"_blank\" rel=\"noopener noreferrer\">Link<\/a><\/li>\n<li>Mathie, R. T. et al. Randomised controlled trials of homeopathy in humans: characterising the research journal literature for systematic review. <em>Homeopat. J. Fac. Homeopat., <\/em>2013<em>;<\/em> <strong>102:<\/strong>\u00a03\u201324 |\u00a0<a href=\"http:\/\/www.ncbi.nlm.nih.gov\/pubmed\/23290875\" target=\"_blank\" rel=\"noopener noreferrer\">PubMed<\/a><\/li>\n<li>Mathie, R. T. et al. Randomised, double-blind, placebo-controlled trials of non-individualised homeopathic treatment: systematic review and meta-analysis.\u00a0<em>Systematic Reviews<\/em>, 2017;\u00a0<strong>6<\/strong>:63 | <a href=\"https:\/\/www.ncbi.nlm.nih.gov\/pubmed\/28340607\">PubMed<\/a><\/li>\n<li>The UK government response to the Science &amp; Technology Committee\u2019s report | <a href=\"https:\/\/www.hri-research.org\/wp-content\/uploads\/2014\/07\/Government-Response-to-the-report-Evidence-Check-2-Homeopathy.pdf\" target=\"_blank\" rel=\"noopener noreferrer\">Link<\/a><\/li>\n<\/ol>\n<\/div><!-- fr -->\n<p><a href=\"https:\/\/www.hri-research.org\/fr\/ressources\/homeopathie-en-debat\/\">Revenir \u00e0 la page D\u00e9bat sur l\u2019hom\u00e9opathie<\/a><\/p>\n","protected":false},"excerpt":{"rendered":"<p>On entend souvent dire qu\u2019il n\u2019y pas de preuves de l\u2019efficacit\u00e9 de l\u2019hom\u00e9opathie ou que les donn\u00e9es disponibles d\u00e9montrent que l\u2019hom\u00e9opathie n\u2019est pas meilleure qu\u2019un placebo.\u00a0Ces deux affirmations sont incorrectes. De telles id\u00e9es re\u00e7ues proviennent en grande partie de deux documents\u00a0: le premier, \u00e9labor\u00e9 au\u00a0Royaume-Uni\u00a0par la Commission parlementaire Sciences et Technologie et intitul\u00e9 Evidence check [&hellip;]<\/p>\n","protected":false},"author":835,"featured_media":0,"parent":16265,"menu_order":40,"comment_status":"closed","ping_status":"closed","template":"","meta":{"footnotes":""},"class_list":["post-16544","page","type-page","status-publish","hentry"],"jetpack_sharing_enabled":true,"_links":{"self":[{"href":"https:\/\/www.hri-research.org\/fr\/wp-json\/wp\/v2\/pages\/16544","targetHints":{"allow":["GET"]}}],"collection":[{"href":"https:\/\/www.hri-research.org\/fr\/wp-json\/wp\/v2\/pages"}],"about":[{"href":"https:\/\/www.hri-research.org\/fr\/wp-json\/wp\/v2\/types\/page"}],"author":[{"embeddable":true,"href":"https:\/\/www.hri-research.org\/fr\/wp-json\/wp\/v2\/users\/835"}],"replies":[{"embeddable":true,"href":"https:\/\/www.hri-research.org\/fr\/wp-json\/wp\/v2\/comments?post=16544"}],"version-history":[{"count":0,"href":"https:\/\/www.hri-research.org\/fr\/wp-json\/wp\/v2\/pages\/16544\/revisions"}],"up":[{"embeddable":true,"href":"https:\/\/www.hri-research.org\/fr\/wp-json\/wp\/v2\/pages\/16265"}],"wp:attachment":[{"href":"https:\/\/www.hri-research.org\/fr\/wp-json\/wp\/v2\/media?parent=16544"}],"curies":[{"name":"wp","href":"https:\/\/api.w.org\/{rel}","templated":true}]}}