{"id":16510,"date":"2020-12-04T15:31:37","date_gmt":"2020-12-04T15:31:37","guid":{"rendered":"https:\/\/www.hri-research.org\/?page_id=16510"},"modified":"2022-02-14T15:32:23","modified_gmt":"2022-02-14T15:32:23","slug":"apercu-des-essais-cliniques","status":"publish","type":"page","link":"https:\/\/www.hri-research.org\/fr\/ressources\/des-preuves-essentielles\/apercu-des-essais-cliniques\/","title":{"rendered":"Aper\u00e7u des essais cliniques"},"content":{"rendered":"<h4><span class=\"accent\">Revues syst\u00e9matiques des essais cliniques en hom\u00e9opathie<\/span><\/h4>\n<p>Les donn\u00e9es les plus fiables au sujet de l&rsquo;efficacit\u00e9 de l&rsquo;hom\u00e9opathie proviennent d&rsquo;une m\u00e9ta-analyse de 2014 sur des essais cliniques randomis\u00e9s en double aveugle contre-placebo, qui a d\u00e9montr\u00e9 que les m\u00e9dicaments hom\u00e9opathiques, \u00e0 condition d\u2019\u00eatre prescrits dans le cadre d&rsquo;un traitement individualis\u00e9, ont 1,5 \u00e0 2 fois plus de probabilit\u00e9 d\u2019avoir un effet b\u00e9n\u00e9fique qu&rsquo;un placebo.<a href=\"http:\/\/www.systematicreviewsjournal.com\/content\/3\/1\/142\" target=\"_blank\" rel=\"noopener\"><sup>1 <\/sup><\/a><a href=\"https:\/\/www.hri-research.org\/wp-content\/uploads\/2018\/02\/HRI_ResearchArticle_29_RobertsTournier_IndividualisedHomeopathyReview.pdf\" target=\"_blank\" rel=\"noopener noreferrer\">Cette \u00e9tude<\/a>\u00a0est l&rsquo;une des quatre revues syst\u00e9matiques compl\u00e8tes les plus r\u00e9centes men\u00e9es par le D<sup>r<\/sup> Robert Mathie dans le cadre d&rsquo;un programme de travail de dix ans.<em><br \/>\n<\/em><\/p>\n<p>Les\u00a0revues syst\u00e9matiques globales\u00a0men\u00e9es auparavant englobaient l\u2019ensemble des essais cliniques, sans tenir compte ni du type de traitement hom\u00e9opathique utilis\u00e9 ni du probl\u00e8me de sant\u00e9 trait\u00e9 (voir\u00a0revues 1991-2005).<\/p>\n<p>Les revues syst\u00e9matiques du D<sup>r<\/sup> Mathie ont fortement contribu\u00e9 \u00e0 clarifier les donn\u00e9es probantes, en distinguant les essais en fonction du type de traitement m\u00e9dicamenteux re\u00e7u par chaque participant (individualis\u00e9 ou standard) et du comparateur administr\u00e9 au groupe de contr\u00f4le (placebo ou \u00ab\u00a0autre chose qu\u2019un placebo\u00a0\u00bb).<\/p>\n<p><a href=\"#\" class=\"expand-content\" id=\"69f37b7085b5b\"><span class=\"expand-content-more\">Savoir en plus<\/span><span class=\"expand-content-less\">Moins<\/span><\/a><\/p><div class=\"collapse-content\" id=\"panel-69f37b7085b5b\">\n<p>Le <strong>traitement hom\u00e9opathique individualis\u00e9<\/strong> est prescrit par un m\u00e9decin hom\u00e9opathe apr\u00e8s consultation du patient (semblable \u00e0 une visite chez un m\u00e9decin g\u00e9n\u00e9raliste ou sp\u00e9cialiste). Il s&rsquo;agit d&rsquo;un traitement sur mesure, tr\u00e8s diff\u00e9rent de l\u2019<strong>hom\u00e9opathie non individualis\u00e9e<\/strong>, qui consiste \u00e0 administrer \u00e0 tous les patients le m\u00eame m\u00e9dicament, vendu en g\u00e9n\u00e9ral sans ordonnance en pharmacie et contenant de multiples ingr\u00e9dients hom\u00e9opathiques.<\/p>\n<p>Une nouvelle \u00e9tape s\u2019ouvre pour la recherche en hom\u00e9opathie, qui sera amen\u00e9e \u00e0 augmenter le nombre d&rsquo;essais cliniques sur des affections sp\u00e9cifiques, afin de collecter suffisamment de donn\u00e9es pour aboutir \u00e0 des <strong>conclusions d\u00e9finitives<\/strong> au sujet de l&rsquo;efficacit\u00e9 r\u00e9elle de l&rsquo;hom\u00e9opathie sur <strong>chaque probl\u00e8me de sant\u00e9<\/strong>.<\/p>\n<\/div><!-- fr -->\n<p><strong>Dans l&rsquo;ensemble, le programme du D<sup>r<\/sup> Mathie contient d&rsquo;importantes conclusions favorables \u00e0 l&rsquo;hom\u00e9opathie.<\/strong><\/p>\n<h4><span class=\"accent\">Aper\u00e7u du programme de revue syst\u00e9matique du Dr Mathie<\/span><\/h4>\n<p><img loading=\"lazy\" decoding=\"async\" class=\"alignnone wp-image-17756 size-large\" src=\"https:\/\/www.hri-research.org\/wp-content\/uploads\/2020\/12\/ClinicalTrialsOverview_FR-1024x496.png\" alt=\"\" width=\"520\" height=\"252\" srcset=\"https:\/\/www.hri-research.org\/wp-content\/uploads\/2020\/12\/ClinicalTrialsOverview_FR-1024x496.png 1024w, https:\/\/www.hri-research.org\/wp-content\/uploads\/2020\/12\/ClinicalTrialsOverview_FR-300x145.png 300w, https:\/\/www.hri-research.org\/wp-content\/uploads\/2020\/12\/ClinicalTrialsOverview_FR-768x372.png 768w, https:\/\/www.hri-research.org\/wp-content\/uploads\/2020\/12\/ClinicalTrialsOverview_FR-98x47.png 98w, https:\/\/www.hri-research.org\/wp-content\/uploads\/2020\/12\/ClinicalTrialsOverview_FR-198x96.png 198w, https:\/\/www.hri-research.org\/wp-content\/uploads\/2020\/12\/ClinicalTrialsOverview_FR-158x76.png 158w, https:\/\/www.hri-research.org\/wp-content\/uploads\/2020\/12\/ClinicalTrialsOverview_FR-160x77.png 160w, https:\/\/www.hri-research.org\/wp-content\/uploads\/2020\/12\/ClinicalTrialsOverview_FR-520x252.png 520w, https:\/\/www.hri-research.org\/wp-content\/uploads\/2020\/12\/ClinicalTrialsOverview_FR.png 1446w\" sizes=\"auto, (max-width: 520px) 100vw, 520px\" \/><\/p>\n<h4><span class=\"accent\">Traitement hom\u00e9opathique individualis\u00e9 <\/span><\/h4>\n<p>Les deux revues syst\u00e9matiques sur le traitement hom\u00e9opathique individualis\u00e9<sup>1,2<\/sup> fournissent ensemble la r\u00e9ponse la plus rigoureuse et actualis\u00e9e \u00e0 la question cl\u00e9\u00a0: \u00ab\u00a0L&rsquo;hom\u00e9opathie est-elle efficace en tant que <em>soin habituel<\/em> prescrit par un m\u00e9decin qualifi\u00e9\u00a0?\u00a0\u00bb La r\u00e9ponse est clairement affirmative\u00a0: les m\u00e9dicaments hom\u00e9opathiques prescrits de fa\u00e7on individualis\u00e9e ont un effet qui va au-del\u00e0 du placebo.<\/p>\n<h4><span class=\"accent\">Traitement hom\u00e9opathique non individualis\u00e9 \u00a0<\/span><\/h4>\n<p>Bien que <strong>prometteuses<\/strong>, les preuves au sujet de l&rsquo;efficacit\u00e9 de l&rsquo;hom\u00e9opathie non-individualis\u00e9e sont <strong>moins claires<\/strong>. L&rsquo;analyse de 54 essais contre placebo a d\u00e9montr\u00e9 l&rsquo;existence d&rsquo;un l\u00e9ger effet b\u00e9n\u00e9fique qui va au-del\u00e0 du placebo (DMS -0,33 ; IC 95 % -0,44 \u00e0 -0,21)<sup>3<\/sup> r\u00e9sistant partiellement \u00e0 l\u2019analyse de sensibilit\u00e9 et restant positif dans 16 sous-analyses sur\u00a018.<\/p>\n<p><strong>D&rsquo;autres recherches sont n\u00e9cessaires<\/strong> pour consolider et \u00e9largir la base actuelle de donn\u00e9es probantes issue des essais cliniques en hom\u00e9opathie. N\u00e9anmoins, ces revues syst\u00e9matiques et ces m\u00e9ta-analyses ont permis d&rsquo;identifier des domaines tr\u00e8s prometteurs, sur lesquels les chercheurs vont pouvoir centrer leurs efforts afin d&rsquo;informer d\u00e9cideurs et patients au sujet du potentiel des traitements hom\u00e9opathiques.<\/p>\n<p>Il convient de pr\u00e9ciser qu&rsquo;aucune des revues du D<sup>r<\/sup> Mathie n&rsquo;a \u00e9t\u00e9 inclue au\u00a0<a href=\"https:\/\/www.hri-research.org\/fr\/ressources\/homeopathie-en-debat\/rapport-australien\/\">Rapport australien 2015<\/a>, qui a \u00e9t\u00e9 publi\u00e9 \u00e0 une date ult\u00e9rieure. Mais il est difficile de comprendre pourquoi le\u00a0<a href=\"https:\/\/www.hri-research.org\/fr\/ressources\/homeopathie-en-debat\/declaration-easac\/\">rapport de l&rsquo;EASAC sur l&rsquo;hom\u00e9opathie<\/a><u>\u00a0de 2017<\/u> ne fait aucune r\u00e9f\u00e9rence au travail du D<sup>r\u00a0<\/sup>Mathie, alors m\u00eame que sa m\u00e9ta-analyse de 2014 contient les donn\u00e9es les plus fiables et pertinentes disponibles \u00e0 cette date-l\u00e0 au sujet de l&rsquo;hom\u00e9opathie individualis\u00e9e.<\/p>\n<p>Robert Mathie pr\u00e9sentant ses conclusions sur l&rsquo;hom\u00e9opathie individualis\u00e9e \u00e0 la conf\u00e9rence internationale du HRI (Malte, 2017)\u00a0:<\/p>\n<p><span class=\"embed-youtube\" style=\"text-align:center; display: block;\"><iframe loading=\"lazy\" class=\"youtube-player\" width=\"520\" height=\"293\" src=\"https:\/\/www.youtube.com\/embed\/SEh2Z7bo1YY?version=3&#038;rel=1&#038;showsearch=0&#038;showinfo=1&#038;iv_load_policy=1&#038;fs=1&#038;hl=fr-FR&#038;autohide=2&#038;wmode=transparent\" allowfullscreen=\"true\" style=\"border:0;\" sandbox=\"allow-scripts allow-same-origin allow-popups allow-presentation allow-popups-to-escape-sandbox\"><\/iframe><\/span><\/p>\n<h4><span class=\"accent\"><a name=\"GlobalSRs\"><\/a>Revues syst\u00e9matiques (1991-2005)<\/span><\/h4>\n<p>Cinq revues syst\u00e9matiques globales ont \u00e9t\u00e9 men\u00e9es jusqu&rsquo;en 2005, chacune effectuant une m\u00e9ta-analyse d\u2019essais cliniques sur tous les traitements hom\u00e9opathiques et les probl\u00e8mes de sant\u00e9 \u00e0 la fois.<sup>5<\/sup><\/p>\n<ul>\n<li><strong>Quatre de ces \u00e9tudes sont positives. <\/strong>Elles sugg\u00e8rent en effet qu&rsquo;il existe des preuves de l&rsquo;effet de l&rsquo;hom\u00e9opathie au-del\u00e0 du placebo, mais qu&rsquo;il convient de mener des recherches de haute qualit\u00e9 pour aboutir \u00e0 des conclusions d\u00e9finitives<sup>5-8<\/sup><\/li>\n<li><strong>L\u2019une des \u00e9tudes est n\u00e9gative. Elle conclut que l&rsquo;hom\u00e9opathie n&rsquo;a qu&rsquo;un effet placebo<\/strong><sup>9<\/sup><\/li>\n<\/ul>\n<p>Ces cinq revues syst\u00e9matiques sont d\u00e9sormais obsol\u00e8tes<strong> : la plus ancienne, <\/strong>celle de Kleijnen et al., a \u00e9t\u00e9 men\u00e9e il y a 31 ans<sup>5<\/sup> et la plus r\u00e9cente, celle de Shang et al.<sup>9<\/sup> il y a 17 ans.<\/p>\n<p><a name=\"MetaAnalyses\"><\/a><p><a href=\"#\" class=\"expand-content\" id=\"69f37b7085b8a\"><span class=\"expand-content-more\">Conclusions originelles de ces 5 m\u00e9ta-analyses<\/span><span class=\"expand-content-less\">Moins<\/span><\/a><\/p><div class=\"collapse-content\" id=\"panel-69f37b7085b8a\">\n<ul>\n<li><strong>\u00a0Kleijnen et al. 1991 : <\/strong>\u00ab \u00c0 l&rsquo;heure actuelle, les preuves des essais cliniques sont positives mais elles sont insuffisantes pour tirer des conclusions d\u00e9finitives, \u00e9tant donn\u00e9 le manque de rigueur m\u00e9thodologique de la plupart des essais et le r\u00f4le inconnu du biais de publication. Il est donc l\u00e9gitime de poursuivre l&rsquo;\u00e9valuation de l&rsquo;hom\u00e9opathie, mais uniquement au moyen d&rsquo;essais bien r\u00e9alis\u00e9s \u00bb<strong><sup><a title=\"Kleijnen, J., Knipschild, P. &amp; ter Riet, G. Clinical trials of homeopathy. BMJ 302, 960 (1991)\" href=\"http:\/\/www.ncbi.nlm.nih.gov\/pubmed\/1825800\" target=\"_blank\" rel=\"noopener noreferrer\">5<\/a><\/sup><\/strong><\/li>\n<li><strong>Linde et al. 1997 : <\/strong>\u00ab Les r\u00e9sultats de notre m\u00e9ta-analyse ne sont pas compatibles avec l&rsquo;hypoth\u00e8se selon laquelle les effets cliniques de l&rsquo;hom\u00e9opathie sont enti\u00e8rement dus au placebo. Cependant, ces \u00e9tudes n&rsquo;apportent pas de preuves suffisantes pour d\u00e9terminer si l&rsquo;hom\u00e9opathie est clairement efficace pour un seul trouble clinique. Des recherches plus pouss\u00e9es sur l&rsquo;hom\u00e9opathie sont justifi\u00e9es \u00e0 condition qu&rsquo;elles soient rigoureuses et syst\u00e9matiques. \u00bb<strong><sup><a title=\"Linde, K. et al. Are the clinical effects of homeopathy placebo effects? A meta-analysis of placebo-controlled trials. Lancet 350, 834\u2013843 (1997).\" href=\"http:\/\/www.ncbi.nlm.nih.gov\/pubmed\/9310601\" target=\"_blank\" rel=\"noopener noreferrer\">6<\/a><\/sup><\/strong><\/li>\n<li><strong>Linde et al. 1999 : <\/strong>\u00ab Notre conclusion est la suivante : parmi les \u00e9tudes examin\u00e9es, celles pr\u00e9sentant une meilleure qualit\u00e9 m\u00e9thodologique ont eu clairement tendance \u00e0 donner des r\u00e9sultats moins positifs. \u00bb<strong><sup><a title=\"Linde, K. et al. Impact of study quality on outcome in placebo-controlled trials of homeopathy. J. Clin. Epidemiol. 52, 631\u2013636 (1999).\" href=\"http:\/\/www.ncbi.nlm.nih.gov\/pubmed\/10391656\" target=\"_blank\" rel=\"noopener noreferrer\">7<\/a><\/sup><\/strong><\/li>\n<li><strong>Cucherat et al. 2000<\/strong><span style=\"font-size: 12px;\">:<\/span> \u00ab On trouve des preuves que les traitements hom\u00e9opathiques sont plus efficaces qu&rsquo;un placebo mais ces preuves sont affaiblies par le manque de qualit\u00e9 m\u00e9thodologique des essais. Les \u00e9tudes pr\u00e9sentant une haute qualit\u00e9 m\u00e9thodologique ont eu davantage tendance \u00e0 \u00eatre n\u00e9gatives que les \u00e9tudes de moins bonne qualit\u00e9. Il est donc n\u00e9cessaire de mener d&rsquo;autres \u00e9tudes de haute qualit\u00e9 pour confirmer ces r\u00e9sultats. \u00bb<sup><a title=\"Cucherat, M., Haugh, M. C., Gooch, M. &amp; Boissel, J. P. Evidence of clinical efficacy of homeopathy. A meta-analysis of clinical trials. HMRAG. Homeopathic Medicines Research Advisory Group. Eur. J. Clin. Pharmacol. 56, 27\u201333 (2000).\" href=\"http:\/\/www.ncbi.nlm.nih.gov\/pubmed\/10853874\" target=\"_blank\" rel=\"noopener noreferrer\">8<\/a><\/sup><\/li>\n<li><strong>Shang et al. 2005<\/strong><span style=\"font-size: 12px;\">:<\/span> \u00ab Qu&rsquo;il s&rsquo;agisse de m\u00e9decine conventionnelle ou d&rsquo;hom\u00e9opathie, les essais contre placebo pr\u00e9sentent des biais. Quand ces biais ont \u00e9t\u00e9 pris en compte dans l&rsquo;analyse, les preuves concernant l&rsquo;effet sp\u00e9cifique des m\u00e9dicaments hom\u00e9opathiques ont \u00e9t\u00e9 peu concluantes, tandis que celles concernant l\u2019effet sp\u00e9cifique des interventions conventionnelles se sont av\u00e9r\u00e9es solides. Cette conclusion est compatible avec l&rsquo;id\u00e9e selon laquelle les effets cliniques de l&rsquo;hom\u00e9opathie sont des effets placebo. \u00bb<a href=\"http:\/\/www.ncbi.nlm.nih.gov\/pubmed\/16125589\" target=\"_blank\" rel=\"noopener noreferrer\"><sup>9<\/sup><\/a><\/li>\n<\/ul>\n<\/div><!-- fr --><\/p>\n<p>Il est \u00e9tonnant que la seule \u00e9tude n\u00e9gative,<strong> Shang et al. 2005<\/strong>, reste la plus largement cit\u00e9e dans les publications contre l&rsquo;hom\u00e9opathie, et ce encore tr\u00e8s r\u00e9cemment dans le\u00a0<a href=\"https:\/\/www.hri-research.org\/2017\/09\/easac-statement-on-homeopathy\/\" target=\"_blank\" rel=\"noopener noreferrer\">rapport de l&rsquo;EASAC<\/a> de 2017. Or, cette \u00e9tude ne contient <strong>aucune donn\u00e9e ult\u00e9rieure \u00e0 2003<\/strong>, ce qui contredit le reste des preuves dans cette cat\u00e9gorie, et elle suscite de\u00a0<a href=\"https:\/\/www.hri-research.org\/resources\/homeopathy-the-debate\/the-lancet-paper-by-shang-et-al\/\" target=\"_blank\" rel=\"noopener noreferrer\">s\u00e9rieuses interrogations quant \u00e0 sa fiabilit\u00e9 scientifique<\/a>.<\/p>\n<h4><span class=\"accent\">Revues syst\u00e9matiques des essais cliniques sans m\u00e9ta-analyse <\/span><\/h4>\n<p>L&rsquo;aper\u00e7u le plus r\u00e9cent des essais cliniques sur l&rsquo;hom\u00e9opathie est le rapport<sup>10<\/sup><\/p>\n<p>publi\u00e9 en 2015 par le Conseil national australien de la sant\u00e9 et de la recherche m\u00e9dicale (NHMRC &#8211; <em>National Health and Medical Research Council<\/em>), connu sous le nom de Rapport australien. Cette \u00e9tude <strong>englobe les donn\u00e9es d&rsquo;essais cliniques individuels jusqu&rsquo;en 2010<\/strong> (extraits de revues syst\u00e9matiques publi\u00e9es jusqu&rsquo;au 3 janvier 2013) et distingue les donn\u00e9es par probl\u00e8me de sant\u00e9. Le Rapport australien a \u00e9t\u00e9 critiqu\u00e9 dans le monde entier pour son\u00a0<a href=\"https:\/\/www.hri-research.org\/fr\/ressources\/homeopathie-en-debat\/rapport-australien\/\">manque de rigueur scientifique sans pr\u00e9c\u00e9dents<\/a>. Une enqu\u00eate est actuellement men\u00e9e par le M\u00e9diateur f\u00e9d\u00e9ral australien pour d\u00e9terminer si le NHMRC a fait preuve de fraude scientifique.<\/p>\n<p><a href=\"#\" class=\"expand-content button accent-bg\" id=\"69f37b7085ba8\"><span class=\"expand-content-more\">R\u00e9f\u00e9rences<\/span><span class=\"expand-content-less\">Moins<\/span><\/a><\/p><div class=\"collapse-content\" id=\"panel-69f37b7085ba8\">\n<ol>\n<li>Mathie RT et al. Randomised placebo-controlled trials of individualised homeopathic treatment: systematic review and meta-analysis.\u00a0<em>Systematic Reviews<\/em>, 2014;\u00a0<strong>3<\/strong>: 142\u2028 |\u00a0<a href=\"http:\/\/www.systematicreviewsjournal.com\/content\/3\/1\/142\" target=\"_blank\" rel=\"noopener noreferrer\">Full text<\/a><\/li>\n<li>Mathie RT et al. Systematic Review and Meta-Analysis of Randomised, Other-than-Placebo Controlled, Trials of Individualised Homeopathic Treatment.\u00a0<em>Homeopathy,\u00a0<\/em>2018;\u00a0<strong>107(4)<\/strong>: 229-243 |<a href=\"https:\/\/www.thieme-connect.de\/products\/ejournals\/pdf\/10.1055\/s-0038-1667129.pdf\" target=\"_blank\" rel=\"noopener noreferrer\">Full text<\/a><\/li>\n<li>Mathie RT et al. Randomised, double-blind, placebo-controlled trials of non-individualised homeopathic treatment: systematic review and meta-analysis.\u00a0<em>Systematic Reviews,<\/em>\u00a02017;\u00a0<strong>6(1)<\/strong>:63 |\u00a0<a href=\"https:\/\/systematicreviewsjournal.biomedcentral.com\/articles\/10.1186\/s13643-017-0445-3\" target=\"_blank\" rel=\"noopener noreferrer\">Full text<\/a><\/li>\n<li>Mathie RT et al.Systematic Review and Meta-Analysis of Randomised, Other-than-Placebo Controlled, Trials of Non-Individualised Homeopathic Treatment.\u00a0<em>Homeopathy,\u00a0<\/em>2019; eFirst |\u00a0<a href=\"https:\/\/www.thieme-connect.com\/products\/ejournals\/abstract\/10.1055\/s-0038-1677481\" target=\"_blank\" rel=\"noopener noreferrer\">Abstract<\/a><\/li>\n<li>Kleijnen, J., Knipschild, P. &amp; ter Riet, G. Clinical trials of homeopathy.\u00a0<em>BMJ,\u00a0<\/em>1991<em>;<\/em>\u00a0<strong>302:<\/strong>\u00a0960 |\u00a0<a href=\"http:\/\/www.ncbi.nlm.nih.gov\/pubmed\/1825800\" target=\"_blank\" rel=\"noopener noreferrer\">PubMed<\/a><\/li>\n<li>Linde, K.\u00a0<em>et al.<\/em>\u00a0Are the clinical effects of homeopathy placebo effects? A meta-analysis of placebo-controlled trials.\u00a0<em>Lancet,\u00a0<\/em>1997;\u00a0<strong>350:<\/strong>834\u2013843 |\u00a0<a href=\"http:\/\/www.ncbi.nlm.nih.gov\/pubmed\/9310601\" target=\"_blank\" rel=\"noopener noreferrer\">PubMed<\/a><\/li>\n<li>Linde, K.\u00a0<em>et al.<\/em>\u00a0Impact of study quality on outcome in placebo-controlled trials of homeopathy.\u00a0<em>J. Clin. Epidemiol.,\u00a0<\/em>1999;\u00a0<strong>52:<\/strong>\u00a0631\u2013636 |\u00a0<a href=\"http:\/\/www.ncbi.nlm.nih.gov\/pubmed\/10391656\" target=\"_blank\" rel=\"noopener noreferrer\">PubMed<\/a><\/li>\n<li>Cucherat, M., Haugh, M. C., Gooch, M. &amp; Boissel, J. P. Evidence of clinical efficacy of homeopathy. A meta-analysis of clinical trials. HMRAG. Homeopathic Medicines Research Advisory Group.\u00a0<em>Eur. J. Clin. Pharmacol.,\u00a0<\/em>2000;\u00a0<strong>56:<\/strong>\u00a027\u201333 |\u00a0<a href=\"http:\/\/www.ncbi.nlm.nih.gov\/pubmed\/10853874\" target=\"_blank\" rel=\"noopener noreferrer\">PubMed<\/a><\/li>\n<li>Shang A, Huwiler-Muntener K, Nartey L, et al. Are the clinical effects of homeopathy placebo effects? Comparative study of placebo-controlled trials of homeopathy and allopathy.\u00a0<em>Lancet<\/em>, 2005;\u00a0<strong>366<\/strong>: 726\u2013732 |\u00a0<a href=\"http:\/\/www.ncbi.nlm.nih.gov\/pubmed\/16125589\">PubMed<\/a><\/li>\n<li>Australian National Health and Medical Research Council (NHMRC) 2015 Homeopathy Review |\u00a0<a href=\"https:\/\/www.nhmrc.gov.au\/about-us\/resources\/homeopathy\" target=\"_blank\" rel=\"noopener noreferrer\">Link<\/a><\/div><!-- fr --><\/li>\n<\/ol>\n","protected":false},"excerpt":{"rendered":"<p>Revues syst\u00e9matiques des essais cliniques en hom\u00e9opathie Les donn\u00e9es les plus fiables au sujet de l&rsquo;efficacit\u00e9 de l&rsquo;hom\u00e9opathie proviennent d&rsquo;une m\u00e9ta-analyse de 2014 sur des essais cliniques randomis\u00e9s en double aveugle contre-placebo, qui a d\u00e9montr\u00e9 que les m\u00e9dicaments hom\u00e9opathiques, \u00e0 condition d\u2019\u00eatre prescrits dans le cadre d&rsquo;un traitement individualis\u00e9, ont 1,5 \u00e0 2 fois plus [&hellip;]<\/p>\n","protected":false},"author":835,"featured_media":0,"parent":17414,"menu_order":0,"comment_status":"closed","ping_status":"closed","template":"","meta":{"footnotes":""},"class_list":["post-16510","page","type-page","status-publish","hentry"],"jetpack_sharing_enabled":true,"_links":{"self":[{"href":"https:\/\/www.hri-research.org\/fr\/wp-json\/wp\/v2\/pages\/16510","targetHints":{"allow":["GET"]}}],"collection":[{"href":"https:\/\/www.hri-research.org\/fr\/wp-json\/wp\/v2\/pages"}],"about":[{"href":"https:\/\/www.hri-research.org\/fr\/wp-json\/wp\/v2\/types\/page"}],"author":[{"embeddable":true,"href":"https:\/\/www.hri-research.org\/fr\/wp-json\/wp\/v2\/users\/835"}],"replies":[{"embeddable":true,"href":"https:\/\/www.hri-research.org\/fr\/wp-json\/wp\/v2\/comments?post=16510"}],"version-history":[{"count":0,"href":"https:\/\/www.hri-research.org\/fr\/wp-json\/wp\/v2\/pages\/16510\/revisions"}],"up":[{"embeddable":true,"href":"https:\/\/www.hri-research.org\/fr\/wp-json\/wp\/v2\/pages\/17414"}],"wp:attachment":[{"href":"https:\/\/www.hri-research.org\/fr\/wp-json\/wp\/v2\/media?parent=16510"}],"curies":[{"name":"wp","href":"https:\/\/api.w.org\/{rel}","templated":true}]}}