{"id":9249,"date":"2017-10-30T22:37:41","date_gmt":"2017-10-30T22:37:41","guid":{"rendered":"https:\/\/www.hri-research.org\/?page_id=9249\/"},"modified":"2017-10-30T22:37:41","modified_gmt":"2017-10-30T22:37:41","slug":"resumenes-de-investigacion","status":"publish","type":"page","link":"https:\/\/www.hri-research.org\/es\/homeopathy-faqs\/resumenes-de-investigacion\/","title":{"rendered":"Res\u00famenes de investigaci\u00f3n"},"content":{"rendered":"<p><a href=\"https:\/\/www.hri-research.org\/wp-content\/uploads\/2017\/10\/ES_HRI_ResearchArticle_29_RobertsTournier_IndividualisedHomeopathyReview.pdf\"><strong>Los mejores estudios indican que el tratamiento homeop\u00e1tico\u00a0individualizado tiene beneficios m\u00e1s all\u00e1 del efecto placebo<\/strong><\/a><\/p>\n<p>Aunque se han efectuado una serie de revisiones sistem\u00e1ticas y metaan\u00e1lisis de la homeopat\u00eda, ninguno de ellos\u00a0ha examinado exclusivamente los ensayos controlados con placebo de tratamientos homeop\u00e1ticos\u00a0individualizados tal como los administran los home\u00f3patas en la pr\u00e1ctica. Los miembros del equipo de\u00a0investigaci\u00f3n de Mathie et al.1 han realizado ahora este tipo de an\u00e1lisis y han constatado que los medicamentos\u00a0homeop\u00e1ticos, si se prescriben como un tratamiento individualizado, tienen entre 1,5 y 2 veces m\u00e1s probabilidad\u00a0de producir beneficios que el placebo. La utilizaci\u00f3n de una metodolog\u00eda rigurosa y transparente, que incluye un\u00a0an\u00e1lisis de sensibilidad, otorga credibilidad a tales conclusiones, que b\u00e1sicamente ponen en entredicho las\u00a0afirmaciones de que la homeopat\u00eda es un mero efecto placebo.<\/p>\n<p>&nbsp;<\/p>\n","protected":false},"excerpt":{"rendered":"<p>Los mejores estudios indican que el tratamiento homeop\u00e1tico\u00a0individualizado tiene beneficios m\u00e1s all\u00e1 del efecto placebo Aunque se han efectuado una serie de revisiones sistem\u00e1ticas y metaan\u00e1lisis de la homeopat\u00eda, ninguno de ellos\u00a0ha examinado exclusivamente los ensayos controlados con placebo de tratamientos homeop\u00e1ticos\u00a0individualizados tal como los administran los home\u00f3patas en la pr\u00e1ctica. Los miembros del equipo [&hellip;]<\/p>\n","protected":false},"author":835,"featured_media":0,"parent":5332,"menu_order":0,"comment_status":"closed","ping_status":"closed","template":"","meta":{"footnotes":""},"class_list":["post-9249","page","type-page","status-publish","hentry"],"jetpack_sharing_enabled":true,"_links":{"self":[{"href":"https:\/\/www.hri-research.org\/es\/wp-json\/wp\/v2\/pages\/9249","targetHints":{"allow":["GET"]}}],"collection":[{"href":"https:\/\/www.hri-research.org\/es\/wp-json\/wp\/v2\/pages"}],"about":[{"href":"https:\/\/www.hri-research.org\/es\/wp-json\/wp\/v2\/types\/page"}],"author":[{"embeddable":true,"href":"https:\/\/www.hri-research.org\/es\/wp-json\/wp\/v2\/users\/835"}],"replies":[{"embeddable":true,"href":"https:\/\/www.hri-research.org\/es\/wp-json\/wp\/v2\/comments?post=9249"}],"version-history":[{"count":0,"href":"https:\/\/www.hri-research.org\/es\/wp-json\/wp\/v2\/pages\/9249\/revisions"}],"up":[{"embeddable":true,"href":"https:\/\/www.hri-research.org\/es\/wp-json\/wp\/v2\/pages\/5332"}],"wp:attachment":[{"href":"https:\/\/www.hri-research.org\/es\/wp-json\/wp\/v2\/media?parent=9249"}],"curies":[{"name":"wp","href":"https:\/\/api.w.org\/{rel}","templated":true}]}}