{"id":5401,"date":"2014-08-11T16:26:48","date_gmt":"2014-08-11T16:26:48","guid":{"rendered":"https:\/\/www.hri-research.org\/es\/homeopathy-faqs\/homeopathy-is-not-science\/"},"modified":"2022-02-16T13:56:18","modified_gmt":"2022-02-16T13:56:18","slug":"la-homeopatia-es-ciencia-de-verdad","status":"publish","type":"page","link":"https:\/\/www.hri-research.org\/es\/homeopathy-faqs\/la-homeopatia-es-ciencia-de-verdad\/","title":{"rendered":"La homeopat\u00eda es \u00abciencia de verdad\u201d"},"content":{"rendered":"<p>Hay cr\u00edticos que dicen que la homeopat\u00eda es una \u201cpseudociencia\u201d y que solo las personas no cient\u00edficas se interesan por este tema.<\/p>\n<p>De hecho, hay cient\u00edficos en universidades, instituciones de investigaci\u00f3n y hospitales muy prestigiosos de todo el mundo que est\u00e1n haciendo investigaci\u00f3n en homeopat\u00eda utilizando las mismas t\u00e9cnicas de investigaci\u00f3n que las que se emplean para tratamientos m\u00e9dicos convencionales.<\/p>\n<p>La investigaci\u00f3n homeop\u00e1tica es un campo relativamente nuevo, pero el n\u00famero de art\u00edculos publicados en revistas con revisi\u00f3n por pares ha subido significativamente en los \u00faltimos 40 a\u00f1os.<\/p>\n<p><span style=\"line-height: 1.5em;\">No es de extra\u00f1ar que haya este retraso comparado con la medicina convencional, si se tiene en cuenta la falta de financiaci\u00f3n disponible. Por ejemplo, en el Reino Unido, menos del 0,0085% del presupuesto de investigaci\u00f3n m\u00e9dica se dedica a investigaci\u00f3n de medicinas alternativas y complementarias.<\/span><sup style=\"line-height: 1.5em;\"><a title=\"Lewith G, BMJ 2007\" href=\"http:\/\/www.ncbi.nlm.nih.gov\/pmc\/articles\/PMC2071985\/pdf\/bmj-335-7627-ltr-00951.pdf\">1<\/a><\/sup><\/p>\n<div class=\"highlight-box accent-border\"><img loading=\"lazy\" decoding=\"async\" class=\"alignnone wp-image-5995\" src=\"https:\/\/www.hri-research.org\/wp-content\/uploads\/2014\/08\/spch5-520x336.png\" width=\"466\" height=\"301\" srcset=\"https:\/\/www.hri-research.org\/wp-content\/uploads\/2014\/08\/spch5-520x336.png 520w, https:\/\/www.hri-research.org\/wp-content\/uploads\/2014\/08\/spch5-300x194.png 300w, https:\/\/www.hri-research.org\/wp-content\/uploads\/2014\/08\/spch5-768x497.png 768w, https:\/\/www.hri-research.org\/wp-content\/uploads\/2014\/08\/spch5-98x63.png 98w, https:\/\/www.hri-research.org\/wp-content\/uploads\/2014\/08\/spch5-198x128.png 198w, https:\/\/www.hri-research.org\/wp-content\/uploads\/2014\/08\/spch5-158x102.png 158w, https:\/\/www.hri-research.org\/wp-content\/uploads\/2014\/08\/spch5-160x103.png 160w, https:\/\/www.hri-research.org\/wp-content\/uploads\/2014\/08\/spch5.png 993w\" sizes=\"auto, (max-width: 466px) 100vw, 466px\" \/><\/p>\n<\/div>\n<h3>Conferencias internacionales de investigaci\u00f3n<\/h3>\n<p><span class=\"embed-youtube\" style=\"text-align:center; display: block;\"><iframe loading=\"lazy\" class=\"youtube-player\" width=\"520\" height=\"293\" src=\"https:\/\/www.youtube.com\/embed\/kMjv90O8Nuk?version=3&#038;rel=1&#038;showsearch=0&#038;showinfo=1&#038;iv_load_policy=1&#038;fs=1&#038;hl=es-ES&#038;autohide=2&#038;wmode=transparent\" allowfullscreen=\"true\" style=\"border:0;\" sandbox=\"allow-scripts allow-same-origin allow-popups allow-presentation allow-popups-to-escape-sandbox\"><\/iframe><\/span><\/p>\n<h4><span class=\"no-underline\"><a href=\"http:\/\/www.hribarcelona2013.org\" target=\"_blank\" rel=\"noopener noreferrer\">HRI Barcelona 2013 \u2013 Investigaci\u00f3n puntera en homeopat\u00eda<\/a><\/span><\/h4>\n<div class=\"icon-text-listing\">\n<div class=\"icon-text-listing-image\">\n<p><a href=\"http:\/\/www.hribarcelona2013.org\"><img loading=\"lazy\" decoding=\"async\" class=\"alignnone wp-image-745\" src=\"https:\/\/www.hri-research.org\/wp-content\/uploads\/2013\/05\/logo_med.jpg\" alt=\"\" width=\"150\" height=\"135\" srcset=\"https:\/\/www.hri-research.org\/wp-content\/uploads\/2013\/05\/logo_med.jpg 300w, https:\/\/www.hri-research.org\/wp-content\/uploads\/2013\/05\/logo_med-98x88.jpg 98w, https:\/\/www.hri-research.org\/wp-content\/uploads\/2013\/05\/logo_med-198x178.jpg 198w, https:\/\/www.hri-research.org\/wp-content\/uploads\/2013\/05\/logo_med-158x142.jpg 158w\" sizes=\"auto, (max-width: 150px) 100vw, 150px\" \/><\/a><\/p>\n<\/div>\n<div class=\"icon-text-listing-text\">\n<p>La primera Conferencia Internacional de Investigaci\u00f3n en Homeopat\u00eda del HRI se celebr\u00f3 en Barcelona en junio de 2013. El programa cont\u00f3 con presentaciones de <strong>5 catedr\u00e1ticos y 40 doctores (PhD (doctorados de universidad )o doctores en medicina)<\/strong> de m\u00e1s de 20 pa\u00edses, y abord\u00f3 la investigaci\u00f3n cl\u00ednica, experimental y veterinaria. Los res\u00famenes, v\u00eddeos de las presentaciones y el informe de la conferencia est\u00e1n disponibles en\u00a0<a href=\"http:\/\/www.hribarcelona2013.org\" target=\"_blank\" rel=\"noopener noreferrer\">www.HRIBarcelona2013.org<\/a>.<\/p>\n<\/div>\n<div class=\"clear\"><\/div><\/div>\n<h4><span class=\"no-underline\"><a href=\"http:\/\/www.HRIRome2015.org\" target=\"_blank\" rel=\"noopener noreferrer\"><strong>HRI Roma 2015 \u2013 Investigaci\u00f3n puntera en homeopat\u00eda<\/strong><\/a><\/span><\/h4>\n<div class=\"icon-text-listing\">\n<div class=\"icon-text-listing-image\">\n<p><a href=\"http:\/\/www.HRIRome2015.org\"><img loading=\"lazy\" decoding=\"async\" class=\"alignnone wp-image-1108\" src=\"https:\/\/www.hri-research.org\/wp-content\/uploads\/2014\/07\/rome_Logo_White.jpg\" alt=\"\" width=\"150\" height=\"209\" srcset=\"https:\/\/www.hri-research.org\/wp-content\/uploads\/2014\/07\/rome_Logo_White.jpg 160w, https:\/\/www.hri-research.org\/wp-content\/uploads\/2014\/07\/rome_Logo_White-98x136.jpg 98w, https:\/\/www.hri-research.org\/wp-content\/uploads\/2014\/07\/rome_Logo_White-158x220.jpg 158w\" sizes=\"auto, (max-width: 150px) 100vw, 150px\" \/><\/a><\/p>\n<\/div>\n<div class=\"icon-text-listing-text\">\nLa 2\u00aa Conferencia Internacional de Investigaci\u00f3n en Homeopat\u00eda del HRI, celebrada en Roma del 5 al 7 de junio de 2015, continu\u00f3 con el tema de la investigaci\u00f3n puntera. El programa cont\u00f3 con presentaciones sobre investigaci\u00f3n cl\u00ednica, fundamental y b\u00e1sica de <strong>6 catedr\u00e1ticos y 28 doctores<\/strong> (PhD <strong>(doctorados de universidad )<\/strong>o doctores en medicina) de 17 pa\u00edses. Los res\u00famenes, v\u00eddeos de las presentaciones y el informe de la conferencia est\u00e1n disponibles en\u00a0<a href=\"http:\/\/www.hrirome2015.org\" target=\"_blank\" rel=\"noopener noreferrer\">www.HRIRome2015.org<\/a>.<\/p>\n<\/div>\n<div class=\"clear\"><\/div><\/div>\n<h4><span class=\"no-underline\"><a href=\"http:\/\/www.HRIMalta2017.org\" target=\"_blank\" rel=\"noopener noreferrer\">HRI Malta 2017 \u2013 Investigaci\u00f3n puntera en homeopat\u00eda<\/a><\/span><\/h4>\n<div class=\"icon-text-listing\">\n<div class=\"icon-text-listing-image\">\n<p><a href=\"https:\/\/www.hri-research.org\/wp-content\/uploads\/2016\/12\/HRI-Malta-Secondary-Logo.jpg\"><img loading=\"lazy\" decoding=\"async\" class=\"size-medium wp-image-7776 alignleft\" src=\"https:\/\/www.hri-research.org\/wp-content\/uploads\/2016\/12\/HRI-Malta-Secondary-Logo-221x300.jpg\" alt=\"\" width=\"150\" height=\"209\" \/><\/a><\/p>\n<\/div><div class=\"icon-text-listing-text\">\nLa III Conferencia Internacional de Investigaci\u00f3n HRI se celebr\u00f3 en Malta, del 9-11 de junio de 2017, siguiendo con el tema ya establecido de Investigaci\u00f3n Puntera. El programa incluy\u00f3 presentaciones sobre investigaci\u00f3n cl\u00ednica, fundamental y b\u00e1sica, con <strong>4 catedr\u00e1ticos y 28 doctores<\/strong> (PhDs o m\u00e9dicos) procedentes de 18 pa\u00edses. Los abstracts, los v\u00eddeos de las presentaciones y el informe de la conferencia pueden verse <a href=\"http:\/\/www.hrimalta2017.org\/\">aqu\u00ed<\/a>.<\/div><div class=\"clear\"><\/div><\/div>\n<h4><span class=\"no-underline\"><a href=\"https:\/\/hrilondon2019.org\"><strong>HRI Londres 2019 \u2013 Investigaci\u00f3n puntera en Homeopat\u00eda<\/strong><\/a><\/span><\/h4>\n<p><div class=\"icon-text-listing\"><div class=\"clear\"><\/div><\/div><div class=\"icon-text-listing-image\">\n<p><img loading=\"lazy\" decoding=\"async\" class=\"alignnone size-right_sidebar_thumb wp-image-9632\" src=\"https:\/\/www.hri-research.org\/wp-content\/uploads\/2018\/04\/HRI_LONDON_LOGO-160x204.jpg\" alt=\"\" width=\"160\" height=\"204\" srcset=\"https:\/\/www.hri-research.org\/wp-content\/uploads\/2018\/04\/HRI_LONDON_LOGO-160x204.jpg 160w, https:\/\/www.hri-research.org\/wp-content\/uploads\/2018\/04\/HRI_LONDON_LOGO-235x300.jpg 235w, https:\/\/www.hri-research.org\/wp-content\/uploads\/2018\/04\/HRI_LONDON_LOGO-98x125.jpg 98w, https:\/\/www.hri-research.org\/wp-content\/uploads\/2018\/04\/HRI_LONDON_LOGO-198x253.jpg 198w, https:\/\/www.hri-research.org\/wp-content\/uploads\/2018\/04\/HRI_LONDON_LOGO-158x202.jpg 158w, https:\/\/www.hri-research.org\/wp-content\/uploads\/2018\/04\/HRI_LONDON_LOGO.jpg 500w\" sizes=\"auto, (max-width: 160px) 100vw, 160px\" \/><\/p>\n<\/div><br \/>\n<div class=\"icon-text-listing-text\"><\/div>La IV Conferencia Internacional de Investigaci\u00f3n HRI se celebr\u00f3 en Londres, del 14 al 16 de junio de 2019. HRI Londres 2019 fue un evento realmente internacional, como queda demostrado por los 352 asistentes procedentes de 38 pa\u00edses, y los <strong>75 investigadores<\/strong> y m\u00e9dicos que presentaron los \u00faltimos estudios de investigaci\u00f3n en homeopat\u00eda de <strong>27 pa\u00edses<\/strong>. Los abstracts, los v\u00eddeos de las presentaciones y el informe de la conferencia pueden verse <a href=\"https:\/\/hrilondon2019.org\/\">aqu\u00ed<\/a>.<\/p>\n<h3>Entonces, \u00bfen qu\u00e9 es \u201cno cient\u00edfica\u201d la homeopat\u00eda?<\/h3>\n<p>Ahora hay cient\u00edficos bien calificados, pertenecientes a instituciones de renombre, que siguen realizando investigaci\u00f3n b\u00e1sica, investigaci\u00f3n cl\u00ednica e investigaci\u00f3n veterinaria de gran calidad en homeopat\u00eda, y est\u00e1n presentando sus resultados en revistas cient\u00edficas con revisi\u00f3n por pares. Por lo tanto, la \u00fanica base que tiene este argumento de que \u201ces una pseudociencia\u201d es que no sabemos <em>c\u00f3mo<\/em>\u00a0funciona la homeopat\u00eda.<\/p>\n<p>Normalmente, cuando se observa un fen\u00f3meno que no puede explicarse mediante los conocimientos que ya tiene la \u201cciencia\u201c, esto se considera un acicate para iniciar nuevas investigaciones cient\u00edficas, no se rechaza como \u201cno cient\u00edfico\u201d sencillamente porque todav\u00eda no se entiende.<\/p>\n<p><a href=\"#\" class=\"expand-content button accent-bg\" id=\"69ea5436f3dd4\"><span class=\"expand-content-more\">Referencias<\/span><span class=\"expand-content-less\">Menos<\/span><\/a><\/p><div class=\"collapse-content\" id=\"panel-69ea5436f3dd4\">\n<ol>\n<li>Lewith GT.Funding for CAM. <em>BMJ<\/em>., 2007;\u00a0<strong>335<\/strong>(7627):951. | <a title=\"Lewith G. BMJ 2007\" href=\"https:\/\/www.ncbi.nlm.nih.gov\/pmc\/articles\/PMC2071985\/pdf\/bmj-335-7627-ltr-00951.pdf\">Link<\/a><\/li>\n<\/ol>\n<\/div><!-- es -->\n<p><a href=\"https:\/\/www.hri-research.org\/es\/resources\/homeopathy-faqs\/\">Volver a Homeopat\u00eda FAQ<\/a><\/p>\n","protected":false},"excerpt":{"rendered":"<p>Hay cr\u00edticos que dicen que la homeopat\u00eda es una \u201cpseudociencia\u201d y que solo las personas no cient\u00edficas se interesan por este tema. De hecho, hay cient\u00edficos en universidades, instituciones de investigaci\u00f3n y hospitales muy prestigiosos de todo el mundo que est\u00e1n haciendo investigaci\u00f3n en homeopat\u00eda utilizando las mismas t\u00e9cnicas de investigaci\u00f3n que las que se [&hellip;]<\/p>\n","protected":false},"author":1,"featured_media":0,"parent":5332,"menu_order":14,"comment_status":"closed","ping_status":"closed","template":"page-translated-faq.php","meta":{"footnotes":""},"class_list":["post-5401","page","type-page","status-publish","hentry"],"jetpack_sharing_enabled":true,"_links":{"self":[{"href":"https:\/\/www.hri-research.org\/es\/wp-json\/wp\/v2\/pages\/5401","targetHints":{"allow":["GET"]}}],"collection":[{"href":"https:\/\/www.hri-research.org\/es\/wp-json\/wp\/v2\/pages"}],"about":[{"href":"https:\/\/www.hri-research.org\/es\/wp-json\/wp\/v2\/types\/page"}],"author":[{"embeddable":true,"href":"https:\/\/www.hri-research.org\/es\/wp-json\/wp\/v2\/users\/1"}],"replies":[{"embeddable":true,"href":"https:\/\/www.hri-research.org\/es\/wp-json\/wp\/v2\/comments?post=5401"}],"version-history":[{"count":0,"href":"https:\/\/www.hri-research.org\/es\/wp-json\/wp\/v2\/pages\/5401\/revisions"}],"up":[{"embeddable":true,"href":"https:\/\/www.hri-research.org\/es\/wp-json\/wp\/v2\/pages\/5332"}],"wp:attachment":[{"href":"https:\/\/www.hri-research.org\/es\/wp-json\/wp\/v2\/media?parent=5401"}],"curies":[{"name":"wp","href":"https:\/\/api.w.org\/{rel}","templated":true}]}}