{"id":5397,"date":"2014-09-24T09:41:58","date_gmt":"2014-09-24T09:41:58","guid":{"rendered":"https:\/\/www.hri-research.org\/es\/homeopathy-faqs\/conventional-medicine-is-proven-homeopathy-isnt\/"},"modified":"2022-02-16T13:55:44","modified_gmt":"2022-02-16T13:55:44","slug":"medicina-basada-en-la-evidencia","status":"publish","type":"page","link":"https:\/\/www.hri-research.org\/es\/homeopathy-faqs\/medicina-basada-en-la-evidencia\/","title":{"rendered":"\u00bfEst\u00e1n la medicina convencional y la homeopat\u00eda basadas en la evidencia?"},"content":{"rendered":"<p>Tanto si hablamos de medicina convencional o de homeopat\u00eda, la ciencia est\u00e1 mucho m\u00e1s llena de zonas grises de lo que nos gustar\u00eda.<\/p>\n<p>Un art\u00edculo de la prestigiosa <em>British Medical Journal<\/em><span style=\"line-height: 1.5em;\"><em>\u00a0(BMJ<\/em>)<\/span><sup style=\"line-height: 1.5em;\"><a href=\"http:\/\/www.ncbi.nlm.nih.gov\/pubmed\/17991940\" target=\"_blank\" rel=\"noopener noreferrer\">1<\/a><\/sup><span style=\"line-height: 1.5em;\">\u00a0sobre la evidencia cient\u00edfica de los tratamientos del NHS determin\u00f3 que <strong>el 50% de unos 3000 tratamientos habitualmente utilizados por el NHS son de efectividad desconocida<\/strong>, y solo el 11% han demostrado ser beneficiosos.<\/span><\/p>\n<div class=\"highlight-box accent-border\"><img loading=\"lazy\" decoding=\"async\" class=\"alignnone wp-image-21012\" src=\"https:\/\/www.hri-research.org\/wp-content\/uploads\/2022\/02\/BMJ_ES-e1644580925163-520x372.png\" alt=\"\" width=\"490\" height=\"351\" srcset=\"https:\/\/www.hri-research.org\/wp-content\/uploads\/2022\/02\/BMJ_ES-e1644580925163-520x372.png 520w, https:\/\/www.hri-research.org\/wp-content\/uploads\/2022\/02\/BMJ_ES-e1644580925163-300x215.png 300w, https:\/\/www.hri-research.org\/wp-content\/uploads\/2022\/02\/BMJ_ES-e1644580925163-768x550.png 768w, https:\/\/www.hri-research.org\/wp-content\/uploads\/2022\/02\/BMJ_ES-e1644580925163-98x70.png 98w, https:\/\/www.hri-research.org\/wp-content\/uploads\/2022\/02\/BMJ_ES-e1644580925163-198x142.png 198w, https:\/\/www.hri-research.org\/wp-content\/uploads\/2022\/02\/BMJ_ES-e1644580925163-158x113.png 158w, https:\/\/www.hri-research.org\/wp-content\/uploads\/2022\/02\/BMJ_ES-e1644580925163-160x114.png 160w, https:\/\/www.hri-research.org\/wp-content\/uploads\/2022\/02\/BMJ_ES-e1644580925163.png 777w\" sizes=\"auto, (max-width: 490px) 100vw, 490px\" \/><\/div>\n<p>La cantidad de investigaci\u00f3n que se realiza en medicina convencional es enorme comparada con el campo relativamente nuevo de la investigaci\u00f3n homeop\u00e1tica, pero si se hace un balance de la evidencia, examinando el <a href=\"https:\/\/www.hri-research.org\/es\/resources\/homeopathy-faqs\/there-is-no-scientific-evidence-homeopathy-works\/\">porcentaje de ensayos que son positivos, los negativos y los no concluyentes<\/a>, vemos que el resultado es sorprendentemente parecido para los dos campos.<\/p>\n<p>Es necesario seguir investigando en todos los campos para ayudar a los agentes pol\u00edticos, los pacientes y los m\u00e9dicos a tomar las mejores decisiones posibles. De momento, muchas decisiones no pueden basarse en evidencia cient\u00edfica sencillamente porque no hay datos suficientes.<\/p>\n<p>Aunque pueda parecer que la toma de decisiones en el campo de la medicina se basa en la evidencia, <em>\u201clas cifras indican que\u2026 la mayor\u00eda de las decisiones sobre tratamientos siguen dependiendo del criterio individual de los m\u00e9dicos y los pacientes<\/em><em style=\"line-height: 1.5em;\"><em>.<em>\u201d<\/em><\/em><\/em><sup style=\"line-height: 1.5em;\"><a title=\"Garrow JS BMJ 2007 335:951\" href=\"http:\/\/www.ncbi.nlm.nih.gov\/pubmed\/17991940\">1<\/a><\/sup><\/p>\n<p><a href=\"#\" class=\"expand-content button accent-bg\" id=\"69d191321e4be\"><span class=\"expand-content-more\">Referencias<\/span><span class=\"expand-content-less\">Menos<\/span><\/a><\/p><div class=\"collapse-content\" id=\"panel-69d191321e4be\">\n<ol>\n<li>Garrow\u00a0J S. What to do about CAM? How much of orthodox medicine is evidence based?\u00a0<em>BMJ,<\/em> 2007;\u00a0<strong>335<\/strong>: 951 | <a href=\"http:\/\/www.ncbi.nlm.nih.gov\/pubmed\/17991940\">PubMed<\/a><\/li>\n<\/ol>\n<\/div><!-- es -->\n<p><a href=\"https:\/\/www.hri-research.org\/es\/resources\/homeopathy-faqs\/\">Volver a Homeopat\u00eda FAQ<\/a><\/p>\n<p>&nbsp;<\/p>\n","protected":false},"excerpt":{"rendered":"<p>Tanto si hablamos de medicina convencional o de homeopat\u00eda, la ciencia est\u00e1 mucho m\u00e1s llena de zonas grises de lo que nos gustar\u00eda. Un art\u00edculo de la prestigiosa British Medical Journal\u00a0(BMJ)1\u00a0sobre la evidencia cient\u00edfica de los tratamientos del NHS determin\u00f3 que el 50% de unos 3000 tratamientos habitualmente utilizados por el NHS son de efectividad [&hellip;]<\/p>\n","protected":false},"author":4,"featured_media":0,"parent":5332,"menu_order":13,"comment_status":"closed","ping_status":"closed","template":"page-translated-faq.php","meta":{"footnotes":""},"class_list":["post-5397","page","type-page","status-publish","hentry"],"jetpack_sharing_enabled":true,"_links":{"self":[{"href":"https:\/\/www.hri-research.org\/es\/wp-json\/wp\/v2\/pages\/5397","targetHints":{"allow":["GET"]}}],"collection":[{"href":"https:\/\/www.hri-research.org\/es\/wp-json\/wp\/v2\/pages"}],"about":[{"href":"https:\/\/www.hri-research.org\/es\/wp-json\/wp\/v2\/types\/page"}],"author":[{"embeddable":true,"href":"https:\/\/www.hri-research.org\/es\/wp-json\/wp\/v2\/users\/4"}],"replies":[{"embeddable":true,"href":"https:\/\/www.hri-research.org\/es\/wp-json\/wp\/v2\/comments?post=5397"}],"version-history":[{"count":0,"href":"https:\/\/www.hri-research.org\/es\/wp-json\/wp\/v2\/pages\/5397\/revisions"}],"up":[{"embeddable":true,"href":"https:\/\/www.hri-research.org\/es\/wp-json\/wp\/v2\/pages\/5332"}],"wp:attachment":[{"href":"https:\/\/www.hri-research.org\/es\/wp-json\/wp\/v2\/media?parent=5397"}],"curies":[{"name":"wp","href":"https:\/\/api.w.org\/{rel}","templated":true}]}}