{"id":5389,"date":"2014-08-11T16:17:10","date_gmt":"2014-08-11T16:17:10","guid":{"rendered":"https:\/\/www.hri-research.org\/es\/homeopathy-faqs\/the-idea-of-like-cures-like-makes-no-sense\/"},"modified":"2022-02-16T13:54:37","modified_gmt":"2022-02-16T13:54:37","slug":"lo-similar-cura-lo-similar","status":"publish","type":"page","link":"https:\/\/www.hri-research.org\/es\/homeopathy-faqs\/lo-similar-cura-lo-similar\/","title":{"rendered":"\u00bfQu\u00e9 sentido tiene el concepto homeop\u00e1tico \u00ablo similar cura lo similar\u00bb?"},"content":{"rendered":"<p>La homeopat\u00eda se basa en el principio central de que \u201clo similar cura lo similar\u201d es decir, una sustancia que puede provocar s\u00edntomas si se toma en dosis grandes puede utilizarse en dosis diminutas para tratar s\u00edntomas parecidos.<\/p>\n<p>La idea de que una sustancia puede ser nociva en grandes cantidades pero beneficiosa en cantidades peque\u00f1as no es nueva para la ciencia; de hecho, hace d\u00e9cadas que se habla de este concepto (\u201c<a href=\"http:\/\/en.wikipedia.org\/wiki\/Hormesis\" target=\"_blank\" rel=\"noopener noreferrer\">hormesis<\/a>\u201d), y se est\u00e1 documentando cada vez m\u00e1s en campos como la biolog\u00eda y la toxicolog\u00eda.<\/p>\n<p>Incluso hay ejemplos de que \u201clo similar cura lo similar\u201d en medicina convencional, por ej:<\/p>\n<ul>\n<li><span class=\"accent\"><strong>Digitalis<\/strong><\/span> en dosis altas provoca <a href=\"#\" class=\"definition\" title=\"latido del coraz\u00f3n irregular o con un ritmo anormal.\">arritmias<\/a>, pero se utiliza habitualmente en bajas dosis para tratar este problema.<span class=\"accent\"><strong><br \/>\n<\/strong><\/span><\/li>\n<li>El f\u00e1rmaco estimulante basado en anfetaminas<span class=\"accent\"><strong> Ritalin <\/strong><\/span>se utiliza para tratar el Trastorno de D\u00e9ficit de Atenci\u00f3n con Hiperactividad.<\/li>\n<li>Para desensibilizar a los pacientes al\u00e9rgicos se utilizan dosis bajas de <span class=\"accent\"><strong>alergenos<\/strong><\/span> como el polen.<\/li>\n<\/ul>\n<p>Pero en la homeopat\u00eda hay una diferencia importante, y es que las dosis medicinales que se administran son tan peque\u00f1as que se evitan los efectos secundarios t\u00f3xicos.<\/p>\n<p>Los medicamentos homeop\u00e1ticos de baja potencia (potencias de hasta 12c o 24D) contienen algunas mol\u00e9culas de la sustancia original de la que est\u00e1n hechos. Por eso, en la mayor\u00eda de los pa\u00edses, los remedios preparados a partir de sustancias t\u00f3xicas solo est\u00e1n disponibles a potencias m\u00e1s altas, desde la \u201c<a href=\"#\" class=\"definition\" title=\"first safe dilution\">primera diluci\u00f3n segura<\/a>\u201d en adelante.<\/p>\n<p>Son estas potencias m\u00e1s altas, que no contienen mol\u00e9culas de la sustancia original, las que son m\u00e1s <a href=\"https:\/\/www.hri-research.org\/es\/resources\/homeopathy-faqs\/theres-nothing-in-it-its-just-sugar-pills\/\">pol\u00e9micas<\/a>, ya que todav\u00eda no conocemos su mecanismo de acci\u00f3n.<\/p>\n<p><a href=\"https:\/\/www.hri-research.org\/es\/resources\/homeopathy-faqs\/\">Volver a Homeopat\u00eda FAQ<\/a><\/p>\n","protected":false},"excerpt":{"rendered":"<p>La homeopat\u00eda se basa en el principio central de que \u201clo similar cura lo similar\u201d es decir, una sustancia que puede provocar s\u00edntomas si se toma en dosis grandes puede utilizarse en dosis diminutas para tratar s\u00edntomas parecidos. La idea de que una sustancia puede ser nociva en grandes cantidades pero beneficiosa en cantidades peque\u00f1as [&hellip;]<\/p>\n","protected":false},"author":1,"featured_media":0,"parent":5332,"menu_order":11,"comment_status":"closed","ping_status":"closed","template":"page-translated-faq.php","meta":{"footnotes":""},"class_list":["post-5389","page","type-page","status-publish","hentry"],"jetpack_sharing_enabled":true,"_links":{"self":[{"href":"https:\/\/www.hri-research.org\/es\/wp-json\/wp\/v2\/pages\/5389","targetHints":{"allow":["GET"]}}],"collection":[{"href":"https:\/\/www.hri-research.org\/es\/wp-json\/wp\/v2\/pages"}],"about":[{"href":"https:\/\/www.hri-research.org\/es\/wp-json\/wp\/v2\/types\/page"}],"author":[{"embeddable":true,"href":"https:\/\/www.hri-research.org\/es\/wp-json\/wp\/v2\/users\/1"}],"replies":[{"embeddable":true,"href":"https:\/\/www.hri-research.org\/es\/wp-json\/wp\/v2\/comments?post=5389"}],"version-history":[{"count":0,"href":"https:\/\/www.hri-research.org\/es\/wp-json\/wp\/v2\/pages\/5389\/revisions"}],"up":[{"embeddable":true,"href":"https:\/\/www.hri-research.org\/es\/wp-json\/wp\/v2\/pages\/5332"}],"wp:attachment":[{"href":"https:\/\/www.hri-research.org\/es\/wp-json\/wp\/v2\/media?parent=5389"}],"curies":[{"name":"wp","href":"https:\/\/api.w.org\/{rel}","templated":true}]}}