{"id":5385,"date":"2014-11-08T11:00:45","date_gmt":"2014-11-08T11:00:45","guid":{"rendered":"https:\/\/www.hri-research.org\/es\/homeopathy-faqs\/if-you-only-consider-high-quality-trials-they-show-homeopathy-doesnt-work\/"},"modified":"2020-03-11T16:25:24","modified_gmt":"2020-03-11T16:25:24","slug":"if-you-only-consider-high-quality-trials-they-show-homeopathy-doesnt-work","status":"publish","type":"page","link":"https:\/\/www.hri-research.org\/es\/homeopathy-faqs\/if-you-only-consider-high-quality-trials-they-show-homeopathy-doesnt-work\/","title":{"rendered":"\u201cSi solo se tienen en cuenta los ensayos de gran calidad, queda demostrado que la homeopat\u00eda no funciona\u201d"},"content":{"rendered":"<p>Esta frase, aunque se repite mucho, es totalmente falsa.<\/p>\n<p class=\"no-margin\"><span style=\"line-height: 1.5em;\">La revisi\u00f3n sistem\u00e1tica y completa m\u00e1s reciente ha demostrado que, cuando se analizan solo los ensayos controlados aleatorizados de mayor calidad, los medicamentos homeop\u00e1ticos recetados dentro de un tratamiento individualizados tienen un<strong> <strong>1,5 a 2,0 veces m\u00e1s de probabilidades de tener efecto beneficioso que el placebo<\/strong><\/strong>.<\/span><sup style=\"line-height: 1.5em;\"><a href=\"http:\/\/systematicreviewsjournal.biomedcentral.com\/articles\/10.1186\/2046-4053-3-142\" target=\"_blank\" rel=\"noopener noreferrer\">1<\/a><\/sup><\/p>\n<p class=\"no-margin\"><p><a href=\"#\" class=\"expand-content\" id=\"69f3b5df90cd8\"><span class=\"expand-content-more\">M\u00e1s<\/span><span class=\"expand-content-less\">Menos<\/span><\/a><\/p><div class=\"collapse-content\" id=\"panel-69f3b5df90cd8\"> La idea err\u00f3nea de que los ensayos de alta calidad muestran que la homeopat\u00eda no funciona parece emanar de una mala interpretaci\u00f3n de las tendencias observadas en dos revisiones sistem\u00e1ticas completas (Linde 1997<sup><span style=\"font-size: 12px;\"><a href=\"http:\/\/www.ncbi.nlm.nih.gov\/pubmed\/9310601\" target=\"_blank\" rel=\"noopener noreferrer\">2<\/a><\/span><\/sup>\u00a0y Shang 2005<span style=\"font-size: 12px;\"><a href=\"http:\/\/www.ncbi.nlm.nih.gov\/pubmed\/16125589\" target=\"_blank\" rel=\"noopener noreferrer\"><sup>3<\/sup><\/a>)\u00a0<\/span>que seleccionaron ensayos de alta calidad.<\/p>\n<p>Esto es lo que realmente nos dicen los datos de estos estudios:<\/p>\n<p><em>\u201cEn 1997 Klaus Linde y sus colaboradores identificaron 89 ensayos cl\u00ednicos que mostraban un odds ratio general de 2,45 a favor de la homeopat\u00eda por encima del placebo. Se percib\u00eda una tendencia a indicar beneficios m\u00e1s peque\u00f1os en los estudios de mejor calidad, <strong>pero los 10 ensayos con la puntuaci\u00f3n m\u00e1s alta en la escala de Jadad segu\u00edan demostrando que la homeopat\u00eda ten\u00eda un efecto estad\u00edsticamente significativo.<\/strong><em><strong>\u201d<\/strong><\/em>\u00a0<sup><span style=\"font-size: 12px;\"><a href=\"http:\/\/www.ncbi.nlm.nih.gov\/pubmed\/24200828\" target=\"_blank\" rel=\"noopener noreferrer\">4<\/a><\/span><\/sup><\/em><\/p>\n<p><em>El <a href=\"https:\/\/www.hri-research.org\/es\/resources\/homeopathy-the-debate\/the-lancet-paper-by-shang-et-al\/\">estudio de Shang de 2005<\/a> ten\u00eda como objetivo comparar la calidad de los ensayos de homeopat\u00eda y los de medicina convencional, examinando 110 ensayos similares de ambas disciplinas. Consideraron que 21 de los ensayos de homeopat\u00eda y 9 de los ensayos convencionales eran de \u201ccalidad m\u00e1s alta\u201d. El equipo de Shang decidi\u00f3 analizar solo 8 de estos ensayos de gran calidad, lo que produjo el resultado negativo de que la homeopat\u00eda no es mejor que el placebo, pero <strong>si se analizan los 21 ensayos de mejor calidad sobre homeopat\u00eda el resultado es positivo, sugiriendo que la homeopat\u00eda tiene m\u00e1s efecto que el placebo<\/strong><\/em>.<sup><a href=\"http:\/\/www.positivehealth.com\/article\/water\/letters-to-the-editor-issue-153\" target=\"_blank\" rel=\"noopener noreferrer\">5<\/a>\u00a0<\/sup><\/div><!-- es --><\/p>\n<p><a href=\"#\" class=\"expand-content button accent-bg\" id=\"69f3b5df90d07\"><span class=\"expand-content-more\">Referencias<\/span><span class=\"expand-content-less\">Menos<\/span><\/a><\/p><div class=\"collapse-content\" id=\"panel-69f3b5df90d07\">\n<p>1.Mathie RT et al. Randomised placebo-controlled trials of individualised homeopathic treatment: systematic review and meta-analysis. <em>Systematic Reviews<\/em>, 2014;<strong> 3<\/strong>: 142\u2028 | <a href=\"http:\/\/systematicreviewsjournal.biomedcentral.com\/articles\/10.1186\/2046-4053-3-142\" target=\"_blank\" rel=\"noopener noreferrer\">Full text<\/a><\/p>\n<p>2. Linde K. <em>et al.<\/em> Are the clinical effects of homeopathy placebo effects? A meta-analysis of placebo-controlled trials. <em>Lancet,<\/em>\u00a01997;\u00a0<strong>350:<\/strong>834\u2013843 | <a href=\"https:\/\/www.ncbi.nlm.nih.gov\/pubmed\/9310601\" target=\"_blank\" rel=\"noopener noreferrer\">PubMed<\/a><\/p>\n<p>3.\u00a0Shang A, Huwiler-Muntener K, Nartey L, et al. Are the clinical effects of homoeopathy placebo effects? Comparative study of placebo-controlled trials of homoeopathy and allopathy. <em>Lancet<\/em>, 2005; <strong>366<\/strong>: 726\u201332 | <a title=\"Shang A et al. Are the clinical effects of homoeopathy placebo effects? Comparative study of placebo-controlled trials of homoeopathy and allopathy. Lancet, 2005; 366: 726\u201332\" href=\"http:\/\/www.ncbi.nlm.nih.gov\/pubmed\/16125589\" target=\"_blank\" rel=\"noopener noreferrer\">PubMed<\/a><\/p>\n<p>4.\u00a0Hahn RG. Homeopathy: Meta-Analyses of Pooled Clinical Data. <em>Forsch Komplementmed,<\/em> 2013;20:000\u2013000 Published online: October 17, 2013 DOI: 10.1159\/000355916 | <a href=\"http:\/\/www.ncbi.nlm.nih.gov\/pubmed\/24200828\" target=\"_blank\" rel=\"noopener noreferrer\">PubMed<\/a><\/p>\n<p>5. Lewith G, Professor of Health Research at Southampton University, Letter to the Editor, Positive Health, December 2008 | <a href=\"http:\/\/www.positivehealth.com\/article\/water\/letters-to-the-editor-issue-153\" target=\"_blank\" rel=\"noopener noreferrer\">Full Text<\/a><br \/>\n<\/div><!-- es -->\n<p><a href=\"https:\/\/www.hri-research.org\/es\/resources\/homeopathy-faqs\/\">Volver a Homeopat\u00eda FAQ<\/a><\/p>\n","protected":false},"excerpt":{"rendered":"<p>Esta frase, aunque se repite mucho, es totalmente falsa. La revisi\u00f3n sistem\u00e1tica y completa m\u00e1s reciente ha demostrado que, cuando se analizan solo los ensayos controlados aleatorizados de mayor calidad, los medicamentos homeop\u00e1ticos recetados dentro de un tratamiento individualizados tienen un 1,5 a 2,0 veces m\u00e1s de probabilidades de tener efecto beneficioso que el placebo.1 [&hellip;]<\/p>\n","protected":false},"author":2,"featured_media":0,"parent":5332,"menu_order":10,"comment_status":"closed","ping_status":"closed","template":"page-translated-faq.php","meta":{"footnotes":""},"class_list":["post-5385","page","type-page","status-publish","hentry"],"jetpack_sharing_enabled":true,"_links":{"self":[{"href":"https:\/\/www.hri-research.org\/es\/wp-json\/wp\/v2\/pages\/5385","targetHints":{"allow":["GET"]}}],"collection":[{"href":"https:\/\/www.hri-research.org\/es\/wp-json\/wp\/v2\/pages"}],"about":[{"href":"https:\/\/www.hri-research.org\/es\/wp-json\/wp\/v2\/types\/page"}],"author":[{"embeddable":true,"href":"https:\/\/www.hri-research.org\/es\/wp-json\/wp\/v2\/users\/2"}],"replies":[{"embeddable":true,"href":"https:\/\/www.hri-research.org\/es\/wp-json\/wp\/v2\/comments?post=5385"}],"version-history":[{"count":0,"href":"https:\/\/www.hri-research.org\/es\/wp-json\/wp\/v2\/pages\/5385\/revisions"}],"up":[{"embeddable":true,"href":"https:\/\/www.hri-research.org\/es\/wp-json\/wp\/v2\/pages\/5332"}],"wp:attachment":[{"href":"https:\/\/www.hri-research.org\/es\/wp-json\/wp\/v2\/media?parent=5385"}],"curies":[{"name":"wp","href":"https:\/\/api.w.org\/{rel}","templated":true}]}}