{"id":5381,"date":"2014-11-07T17:37:25","date_gmt":"2014-11-07T17:37:25","guid":{"rendered":"https:\/\/www.hri-research.org\/es\/homeopathy-faqs\/the-best-studies-have-shown-homeopathy-doesnt-work\/"},"modified":"2025-08-19T09:55:26","modified_gmt":"2025-08-19T09:55:26","slug":"solo-se-tiene-en-cuenta-la-evidencia-mas-solida","status":"publish","type":"page","link":"https:\/\/www.hri-research.org\/es\/homeopathy-faqs\/solo-se-tiene-en-cuenta-la-evidencia-mas-solida\/","title":{"rendered":"\u00bfQu\u00e9 muestran los estudios de mayor calidad en homeopat\u00eda?"},"content":{"rendered":"<p>Cuando la gente habla de \u201clos mejores ensayos\u201d suelen referirse a las revisiones sistem\u00e1ticas completas, que analizan los resultados de todos los ensayos controlados aleatorizados (ECA) sobre un tema en particular.<\/p>\n<p>Los datos m\u00e1s s\u00f3lidos y recientes sobre la eficacia de la homeopat\u00eda vienen de 2014, de un metaan\u00e1lisis de ensayos aleatorizados, doble ciego, controlados con placebo, que estableci\u00f3 que <strong>los medicamentos homeop\u00e1ticos, cuando se recetan dentro de un tratamiento individualizado, tienen entre 1,5 y 2 veces m\u00e1s de probabilidades de tener un efecto beneficioso que el placebo<\/strong>.<sup><a href=\"http:\/\/www.systematicreviewsjournal.com\/content\/3\/1\/142\" target=\"_blank\" rel=\"noopener noreferrer\">1<\/a>\u00a0 <\/sup><\/p>\n<p><a href=\"https:\/\/www.hri-research.org\/wp-content\/uploads\/2017\/10\/ES_HRI_ResearchArticle_29_RobertsTournier_IndividualisedHomeopathyReview.pdf\" target=\"_blank\" rel=\"noopener noreferrer\">Este estudio<\/a> es una de las cuatro revisiones sistem\u00e1ticas integrales m\u00e1s recientes realizadas por el Dr. Robert Mathie\u00a0entre 2014 y 2019. Tal como dice el Dr. Mathie, <strong>al considerarlos en su conjunto, los resultados de este programa de an\u00e1lisis son \u201cclaramente positivos\u201d para la homeopat\u00eda. <\/strong><\/p>\n<p><strong>Es necesario realizar m\u00e1s estudios<\/strong> para consolidar y ampliar la base actual de evidencia sobre la homeopat\u00eda procedente de ensayos cl\u00ednicos. No obstante, estas revisiones sistem\u00e1ticas y metaan\u00e1lisis han permitido identificar los campos de investigaci\u00f3n m\u00e1s prometedores, ayudando a los investigadores a determinar d\u00f3nde centrar sus esfuerzos a fin de informar a los responsables de tomas de decisiones y a los pacientes sobre el potencial de los tratamientos homeop\u00e1ticos.<\/p>\n<p>Para m\u00e1s informaci\u00f3n sobre estas \u00faltimas revisiones sistem\u00e1ticas y otras revisiones sistem\u00e1ticas hist\u00f3ricas sobre homeopat\u00eda (1991-2005) ver <a href=\"https:\/\/www.hri-research.org\/resources\/essentialevidence\/clinical-trials-overview\/\" target=\"_blank\" rel=\"noopener noreferrer\">Resumen de Ensayos Cl\u00ednicos<\/a>.<\/p>\n<h3><span class=\"accent\">Si hay estudios positivos, \u00bfpor qu\u00e9 sigue habiendo gente que se niega a aceptar los que dice la evidencia?<\/span><\/h3>\n<p>Parece que es cuesti\u00f3n del\u00a0<a href=\"https:\/\/www.hri-research.org\/wp-content\/uploads\/2018\/02\/HRI_RIF_PLAUSIBILITY-BIAS.pdf\" target=\"_blank\" rel=\"noopener noreferrer\">\u201csesgo de verosimilitud\u201d<\/a>, es decir, aquellas personas que tienen la idea previa de que la homeopat\u00eda es imposible considerar\u00e1n los resultados de la investigaci\u00f3n de manera diferente a los que creen que la homeopat\u00eda funciona o que puede funcionar.<\/p>\n<p><span style=\"line-height: 1.5em;\">Ya en 1991, los autores del primero de estos grandes estudios lo expresaron muy claramente en su propio art\u00edculo<sup><a title=\"Kleijnen, J., Knipschild, P. &amp; ter Riet, G. Clinical trials of homeopathy. BMJ 1991; 302: 960\" href=\"http:\/\/www.ncbi.nlm.nih.gov\/pubmed\/1825800\" target=\"_blank\" rel=\"noopener noreferrer\">2<\/a><\/sup><\/span><\/p>\n<blockquote><p><em>\u201cLa cantidad de evidencia positiva que hay incluso entre los mejores estudios nos result\u00f3 sorprendente. Bas\u00e1ndonos en esta evidencia estar\u00edamos dispuestos a aceptar que la homeopat\u00eda puede ser eficaz, si el mecanismo de acci\u00f3n fuera m\u00e1s veros\u00edmil.\u201d<\/em><\/p><\/blockquote>\n<p><a href=\"#\" class=\"expand-content button accent-bg\" id=\"69f873da40af1\"><span class=\"expand-content-more\">Referencias<\/span><span class=\"expand-content-less\">Menos<\/span><\/a><\/p><div class=\"collapse-content\" id=\"panel-69f873da40af1\">\n<p>1. Mathie RT et al. Randomised placebo-controlled trials of individualised homeopathic treatment: systematic review and meta-analysis.\u00a0<em>Systematic Reviews<\/em>, 2014;\u00a0<strong>3<\/strong>: 142\u2028 |\u00a0<a href=\"http:\/\/www.systematicreviewsjournal.com\/content\/3\/1\/142\" target=\"_blank\" rel=\"noopener noreferrer\">Full text<\/a><\/p>\n<p>2. Kleijnen J, Knipschild P, ter Riet G. Clinical trials of homeopathy. <em>BMJ, <\/em>1991<em>;\u00a0<\/em><strong>302:\u00a0<\/strong>960 | <a href=\"http:\/\/www.ncbi.nlm.nih.gov\/pubmed\/1825800\" target=\"_blank\" rel=\"noopener noreferrer\">PubMed<\/a><\/p>\n<\/div><!-- es -->\n<p><a href=\"https:\/\/www.hri-research.org\/es\/resources\/homeopathy-faqs\/\">Volver a Homeopat\u00eda FAQ<\/a><\/p>\n","protected":false},"excerpt":{"rendered":"<p>Cuando la gente habla de \u201clos mejores ensayos\u201d suelen referirse a las revisiones sistem\u00e1ticas completas, que analizan los resultados de todos los ensayos controlados aleatorizados (ECA) sobre un tema en particular. Los datos m\u00e1s s\u00f3lidos y recientes sobre la eficacia de la homeopat\u00eda vienen de 2014, de un metaan\u00e1lisis de ensayos aleatorizados, doble ciego, controlados [&hellip;]<\/p>\n","protected":false},"author":2,"featured_media":0,"parent":5332,"menu_order":9,"comment_status":"closed","ping_status":"closed","template":"page-translated-faq.php","meta":{"footnotes":""},"class_list":["post-5381","page","type-page","status-publish","hentry"],"jetpack_sharing_enabled":true,"_links":{"self":[{"href":"https:\/\/www.hri-research.org\/es\/wp-json\/wp\/v2\/pages\/5381","targetHints":{"allow":["GET"]}}],"collection":[{"href":"https:\/\/www.hri-research.org\/es\/wp-json\/wp\/v2\/pages"}],"about":[{"href":"https:\/\/www.hri-research.org\/es\/wp-json\/wp\/v2\/types\/page"}],"author":[{"embeddable":true,"href":"https:\/\/www.hri-research.org\/es\/wp-json\/wp\/v2\/users\/2"}],"replies":[{"embeddable":true,"href":"https:\/\/www.hri-research.org\/es\/wp-json\/wp\/v2\/comments?post=5381"}],"version-history":[{"count":0,"href":"https:\/\/www.hri-research.org\/es\/wp-json\/wp\/v2\/pages\/5381\/revisions"}],"up":[{"embeddable":true,"href":"https:\/\/www.hri-research.org\/es\/wp-json\/wp\/v2\/pages\/5332"}],"wp:attachment":[{"href":"https:\/\/www.hri-research.org\/es\/wp-json\/wp\/v2\/media?parent=5381"}],"curies":[{"name":"wp","href":"https:\/\/api.w.org\/{rel}","templated":true}]}}