{"id":5360,"date":"2014-08-11T16:25:57","date_gmt":"2014-08-11T16:25:57","guid":{"rendered":"https:\/\/www.hri-research.org\/es\/homeopathy-faqs\/the-best-studies-have-shown-homeopathy-is-just-placebo\/"},"modified":"2022-02-16T13:52:05","modified_gmt":"2022-02-16T13:52:05","slug":"beneficios-mas-alla-del-placebo","status":"publish","type":"page","link":"https:\/\/www.hri-research.org\/es\/homeopathy-faqs\/beneficios-mas-alla-del-placebo\/","title":{"rendered":"\u00bfLos beneficios de la homeopat\u00eda son algo m\u00e1s que efecto placebo?"},"content":{"rendered":"<p>Se dice a veces que los medicamentos homeop\u00e1ticos son \u201c<a href=\"https:\/\/www.hri-research.org\/es\/resources\/homeopathy-faqs\/theres-nothing-in-it-its-just-sugar-pills\/\">solo pildoras de az\u00facar<\/a>\u201d que no contienen ingredientes activos, por lo que los beneficios que digan tener los pacientes se deben sencillamente al efecto placebo, es decir, la gente cree que las pastillas les van a ayudar, y esta creencia por s\u00ed sola desencadena un proceso de curaci\u00f3n.<\/p>\n<p>Con los tratamientos homeop\u00e1ticos, como con cualquier tratamiento m\u00e9dico, es probable que haya un cierto \u201cefecto placebo\u201d, pero la teor\u00eda de que los efectos de la homeopat\u00eda se deben <em>solo<\/em> a una respuesta placebo no est\u00e1 validada por ninguna evidencia cient\u00edfica.<\/p>\n<p>Si la homeopat\u00eda es realmente solo efecto placebo, \u00bfc\u00f3mo se puede explicar todo esto?:<\/p>\n<ol>\n<li><strong>La existencia de\u00a0<a title=\"There isn\u2019t a single good quality RCT showing homeopathy works\" href=\"https:\/\/www.hri-research.org\/es\/resources\/homeopathy-faqs\/there-isnt-a-single-good-quality-rct-showing-homeopathy-works\/\">ensayos de alta calidad, controlados con placebo<\/a>.<\/strong><br \/>\nEstos ensayos han sido dise\u00f1ados espec\u00edficamente para distinguir entre el efecto placebo y el efecto cl\u00ednico real del tratamiento que se est\u00e1 probando.<\/li>\n<li><strong>Los medicamentos homeop\u00e1ticos demuestran tener efecto en experimentos realizados <a href=\"https:\/\/www.hri-research.org\/es\/resources\/homeopathy-the-debate\/essentialevidence\/experimental-research\/\">en laboratorios<\/a>. <a title=\"\u201cThere\u2019s nothing in it \u2013 it\u2019s just water\u201d\" href=\"https:\/\/www.hri-research.org\/resources\/homeopathy-the-debate\/theres-nothing-in-it-its-just-water\/\"><br \/>\n<\/a><\/strong>Se han visto efectos en gl\u00f3bulos blancos, ranas y plantas de trigo, por poner solo unos cuantos ejemplos.<\/li>\n<li><strong>El hecho de que la homeopat\u00eda puede funcionar\u00a0en\u00a0<a href=\"https:\/\/www.hri-research.org\/es\/resources\/homeopathy-the-debate\/hri-facts\/veterinary-research\/\">animales<\/a>.<br \/>\n<\/strong>Un rigoroso estudio de investigaci\u00f3n demostr\u00f3 que la homeopat\u00eda puede evitar la diarrea provocada por <em>E. coli<\/em> en lechones<span class=\"no-underline\"><a title=\"Camerlink I, Ellinger L, Bakker EJ, Lantinga EA (2010). Homeopathy as replacement to antibiotics in the case of Escherichia coli diarrhoea in neonatal piglets. Homeopathy, 99; 57\u201362\" href=\"http:\/\/www.ncbi.nlm.nih.gov\/pubmed\/20129177\" target=\"_blank\" rel=\"noopener noreferrer\"><sup>1<\/sup><\/a><\/span> \u2013 un gran problema para la ganader\u00eda comercial.<\/li>\n<\/ol>\n<p><span class=\"embed-youtube\" style=\"text-align:center; display: block;\"><iframe loading=\"lazy\" class=\"youtube-player\" width=\"520\" height=\"293\" src=\"https:\/\/www.youtube.com\/embed\/oACBheCzE9U?version=3&#038;rel=1&#038;showsearch=0&#038;showinfo=1&#038;iv_load_policy=1&#038;fs=1&#038;hl=es-ES&#038;autohide=2&#038;wmode=transparent\" allowfullscreen=\"true\" style=\"border:0;\" sandbox=\"allow-scripts allow-same-origin allow-popups allow-presentation allow-popups-to-escape-sandbox\"><\/iframe><\/span><\/p>\n<p><a href=\"#\" class=\"expand-content button accent-bg\" id=\"69d055faea466\"><span class=\"expand-content-more\">Referencias<\/span><span class=\"expand-content-less\">Menos<\/span><\/a><\/p><div class=\"collapse-content\" id=\"panel-69d055faea466\">\n<ol>\n<li>Camerlink I, Ellinger L, Bakker EJ, Lantinga EA. Homeopathy as replacement to antibiotics in the case of Escherichia coli diarrhoea in neonatal piglets. <em>Homeopathy<\/em>, 2010;<strong>99:<\/strong>\u00a057\u201362 | <a href=\"http:\/\/www.ncbi.nlm.nih.gov\/pubmed\/20129177\">PubMed<\/a><\/li>\n<\/ol>\n<h4><strong>M\u00e1s informaci\u00f3n sobre declaraciones parecidas:<\/strong><\/h4>\n<p><span class=\"no-underline\"><a href=\"https:\/\/www.hri-research.org\/es\/resources\/homeopathy-the-debate\/the-australian-report-on-homeopathy\/\">\u201cAcaba de salir un informe de Australia que dice que la homeopat\u00eda no funciona para ninguna enfermedad y que es solo placebo\u201d<\/a><\/span><\/p>\n<p><span class=\"no-underline\"><a href=\"https:\/\/www.hri-research.org\/es\/resources\/homeopathy-the-debate\/uk-select-committee-report\/\">\u201cUn informe del parlamento brit\u00e1nico ha examinado la evidencia y ha declarado que es solo placebo\u201d<\/a><\/span><\/p>\n<\/div><!-- es -->\n<p><a href=\"https:\/\/www.hri-research.org\/es\/resources\/homeopathy-faqs\/\">Volver a Homeopat\u00eda FAQ<\/a><\/p>\n","protected":false},"excerpt":{"rendered":"<p>Se dice a veces que los medicamentos homeop\u00e1ticos son \u201csolo pildoras de az\u00facar\u201d que no contienen ingredientes activos, por lo que los beneficios que digan tener los pacientes se deben sencillamente al efecto placebo, es decir, la gente cree que las pastillas les van a ayudar, y esta creencia por s\u00ed sola desencadena un proceso [&hellip;]<\/p>\n","protected":false},"author":1,"featured_media":0,"parent":5332,"menu_order":5,"comment_status":"closed","ping_status":"closed","template":"page-translated-faq.php","meta":{"footnotes":""},"class_list":["post-5360","page","type-page","status-publish","hentry"],"jetpack_sharing_enabled":true,"_links":{"self":[{"href":"https:\/\/www.hri-research.org\/es\/wp-json\/wp\/v2\/pages\/5360","targetHints":{"allow":["GET"]}}],"collection":[{"href":"https:\/\/www.hri-research.org\/es\/wp-json\/wp\/v2\/pages"}],"about":[{"href":"https:\/\/www.hri-research.org\/es\/wp-json\/wp\/v2\/types\/page"}],"author":[{"embeddable":true,"href":"https:\/\/www.hri-research.org\/es\/wp-json\/wp\/v2\/users\/1"}],"replies":[{"embeddable":true,"href":"https:\/\/www.hri-research.org\/es\/wp-json\/wp\/v2\/comments?post=5360"}],"version-history":[{"count":0,"href":"https:\/\/www.hri-research.org\/es\/wp-json\/wp\/v2\/pages\/5360\/revisions"}],"up":[{"embeddable":true,"href":"https:\/\/www.hri-research.org\/es\/wp-json\/wp\/v2\/pages\/5332"}],"wp:attachment":[{"href":"https:\/\/www.hri-research.org\/es\/wp-json\/wp\/v2\/media?parent=5360"}],"curies":[{"name":"wp","href":"https:\/\/api.w.org\/{rel}","templated":true}]}}