{"id":5337,"date":"2014-07-25T15:59:06","date_gmt":"2014-07-25T15:59:06","guid":{"rendered":"https:\/\/www.hri-research.org\/es\/homeopathy-faqs\/there-is-no-scientific-evidence-homeopathy-works\/"},"modified":"2025-08-18T12:09:59","modified_gmt":"2025-08-18T12:09:59","slug":"pruebas-cientificas-de-la-homeopatia","status":"publish","type":"page","link":"https:\/\/www.hri-research.org\/es\/homeopathy-faqs\/pruebas-cientificas-de-la-homeopatia\/","title":{"rendered":"\u00bfQu\u00e9 pruebas cient\u00edficas hay de que la homeopat\u00eda funciona?"},"content":{"rendered":"<p>La evidencia cient\u00edfica para la homeopat\u00eda se basa en los mismos tipos de ensayos cl\u00ednicos que se utilizan para probar tratamientos m\u00e9dicos convencionales.<\/p>\n<p>Se han publicado <strong>329 estudios cl\u00ednicos<\/strong> que prueban la <a href=\"#\" class=\"definition\" title=\"Homeopat\u00eda utilizada como tratamiento o prevenci\u00f3n\">homeopat\u00eda<\/a> en revistas cient\u00edficas revisadas por pares. Estos estudios controlados comparan pacientes que reciben homeopat\u00eda con pacientes que toman un placebo, otro tratamiento o ning\u00fan tratamiento.<\/p>\n<p><strong>Aproximadamente el 75% de estos son ensayos controlados aleatorizados<\/strong> (ECA), considerados el \u00abest\u00e1ndar de oro\u00bb para demostrar si los tratamientos funcionan en condiciones experimentales. El resto son estudios no aleatorizados que proporcionan evidencia de cu\u00e1n bien funcionan los tratamientos en entornos cl\u00ednicos del \u00abmundo real\u00bb.<\/p>\n<p>Para finales de 2023, se han publicado <strong>286 ensayos controlados aleatorizados de tratamientos homeop\u00e1ticos para 152 condiciones m\u00e9dicas<\/strong> en revistas revisadas por pares, con informaci\u00f3n suficiente proporcionada para analizar los resultados.<\/p>\n<p>De ellos, <strong><a href=\"https:\/\/www.hri-research.org\/resources\/homeopathy-faqs\/there-is-no-scientific-evidence-homeopathy-works\/placebo-controlled-trials-of-homeopathic-treatment\/\" target=\"_blank\" rel=\"noopener\">166 fueron ensayos doble ciego, aleatorizados, controlados con placebo<\/a>, sobre 100 afecciones m\u00e9dicas<\/strong><a href=\"https:\/\/www.hri-research.org\/resources\/homeopathy-faqs\/there-is-no-scientific-evidence-homeopathy-works\/placebo-controlled-trials-of-homeopathic-treatment\/\" target=\"_blank\" rel=\"noopener noreferrer\"><sup>1<\/sup><\/a>:<\/p>\n<ul>\n<li><strong>El 42% fueron positivos<\/strong> (70 ensayos) \u2013 concluyendo que la homeopat\u00eda es efectiva<\/li>\n<li><strong>El 3% fueron negativos<\/strong> (5 ensayos)\u00a0\u2013\u00a0concluyendo que la homeopat\u00eda es inefectiva<\/li>\n<li><strong>El 55% fueron no concluyentes <\/strong>(91 ensayos)<\/li>\n<\/ul>\n<div class=\"highlight-box accent-border\">\n<h4 style=\"text-align: center;\"><strong>166 ECA sobre homeopat\u00eda (finales 2023)<\/strong><\/h4>\n<p><img loading=\"lazy\" decoding=\"async\" class=\"alignnone size-large wp-image-32557\" src=\"https:\/\/www.hri-research.org\/wp-content\/uploads\/2024\/06\/RCT-Data-2023-ES-e1719501959458-1024x665.png\" alt=\"\" width=\"520\" height=\"338\" srcset=\"https:\/\/www.hri-research.org\/wp-content\/uploads\/2024\/06\/RCT-Data-2023-ES-e1719501959458-1024x665.png 1024w, https:\/\/www.hri-research.org\/wp-content\/uploads\/2024\/06\/RCT-Data-2023-ES-e1719501959458-300x195.png 300w, https:\/\/www.hri-research.org\/wp-content\/uploads\/2024\/06\/RCT-Data-2023-ES-e1719501959458-768x499.png 768w, https:\/\/www.hri-research.org\/wp-content\/uploads\/2024\/06\/RCT-Data-2023-ES-e1719501959458-1536x998.png 1536w, https:\/\/www.hri-research.org\/wp-content\/uploads\/2024\/06\/RCT-Data-2023-ES-e1719501959458-2048x1330.png 2048w, https:\/\/www.hri-research.org\/wp-content\/uploads\/2024\/06\/RCT-Data-2023-ES-e1719501959458-98x64.png 98w, https:\/\/www.hri-research.org\/wp-content\/uploads\/2024\/06\/RCT-Data-2023-ES-e1719501959458-198x129.png 198w, https:\/\/www.hri-research.org\/wp-content\/uploads\/2024\/06\/RCT-Data-2023-ES-e1719501959458-158x103.png 158w, https:\/\/www.hri-research.org\/wp-content\/uploads\/2024\/06\/RCT-Data-2023-ES-e1719501959458-160x104.png 160w, https:\/\/www.hri-research.org\/wp-content\/uploads\/2024\/06\/RCT-Data-2023-ES-e1719501959458-520x338.png 520w\" sizes=\"auto, (max-width: 520px) 100vw, 520px\" \/><\/p>\n<p><strong>Diagrama A<\/strong><\/div>\n<p><a href=\"https:\/\/www.hri-research.org\/resources\/homeopathy-faqs\/there-is-no-scientific-evidence-homeopathy-works\/placebo-controlled-trials-of-homeopathic-treatment\/\"><strong>Lista completa<\/strong><\/a><strong>\u00a0de ensayos controlados con placebo, aleatorizados, <\/strong><strong>doble ciego<\/strong>.<br \/>\nEstudios excluidos: publicaciones sin revisi\u00f3n colegiada y otras fuentes no acad\u00e9micas; ensayos no humanos; ensayos de profilaxis; dise\u00f1os cruzados; ensayos simple ciego.<\/p>\n<p><span style=\"font-size: large;\">\u00bfC\u00f3mo se compara esto con la evidencia que hay sobre la medicina convencional?<\/span><\/p>\n<div class=\"highlight-box accent-border\">\n<h4><strong>1 128 Revisiones sistem\u00e1ticas de ECA sobre medicina convencional<\/strong><\/h4>\n<p><img loading=\"lazy\" decoding=\"async\" class=\"alignnone size-full wp-image-22378\" src=\"https:\/\/www.hri-research.org\/wp-content\/uploads\/2022\/05\/ConvMed_ES.png\" alt=\"\" width=\"1238\" height=\"762\" srcset=\"https:\/\/www.hri-research.org\/wp-content\/uploads\/2022\/05\/ConvMed_ES.png 1238w, https:\/\/www.hri-research.org\/wp-content\/uploads\/2022\/05\/ConvMed_ES-300x185.png 300w, https:\/\/www.hri-research.org\/wp-content\/uploads\/2022\/05\/ConvMed_ES-1024x630.png 1024w, https:\/\/www.hri-research.org\/wp-content\/uploads\/2022\/05\/ConvMed_ES-768x473.png 768w, https:\/\/www.hri-research.org\/wp-content\/uploads\/2022\/05\/ConvMed_ES-98x60.png 98w, https:\/\/www.hri-research.org\/wp-content\/uploads\/2022\/05\/ConvMed_ES-198x122.png 198w, https:\/\/www.hri-research.org\/wp-content\/uploads\/2022\/05\/ConvMed_ES-158x97.png 158w, https:\/\/www.hri-research.org\/wp-content\/uploads\/2022\/05\/ConvMed_ES-160x98.png 160w, https:\/\/www.hri-research.org\/wp-content\/uploads\/2022\/05\/ConvMed_ES-520x320.png 520w\" sizes=\"auto, (max-width: 1238px) 100vw, 1238px\" \/><\/p>\n<p><strong>Diagrama B<\/strong><\/div>\n<p>Un an\u00e1lisis de 1 128 revisiones sistem\u00e1ticas de ECA sobre la medicina convencional lleg\u00f3 a conclusiones sorprendentemente similares<sup><a title=\"El Dib RP, Atallah AN, Andriolo RB. Mapping the Cochrane evidence for decision making in health care. J Eval Clin Pract. 2007 Aug; 13(4):689-92.\" href=\"https:\/\/pubmed.ncbi.nlm.nih.gov\/22747638\/\" target=\"_blank\" rel=\"noopener noreferrer\">2<\/a><\/sup>:<\/p>\n<ul>\n<li><strong>45% fueron positivos<\/strong> \u2013 era probable que los tratamientos fueran beneficiosos<\/li>\n<li><strong>10% fueron negativos<\/strong> \u2013 era probable que los tratamientos fueran nocivos<\/li>\n<li><strong>45% fueron no concluyentes<\/strong> \u2013 no hab\u00eda evidencia clara de beneficio ni de da\u00f1o.<\/li>\n<\/ul>\n<p>Aunque la proporci\u00f3n de evidencia positiva \/ negativa es parecida, en t\u00e9rminos globales, es importante reconocer la enorme diferencia que hay en cuanto al n\u00famero de ensayos realizados. El Diagrama A muestra un an\u00e1lisis de 166 estudios, de un total de 286 ensayos Individuales sobre homeopat\u00eda. Mientras que el Diagrama B muestra un an\u00e1lisis de 1128 estudios de las m\u00e1s de 4000 revisiones sistem\u00e1ticas Cochrane sobre medicina convencional publicadas antes de 2011, en las que cada una analizaba varios ensayos individuales.<\/p>\n<p>Esto pone de manifiesto la necesidad de investigar m\u00e1s en homeopat\u00eda, sobre todo con repeticiones de gran calidad y a gran escala de los <a href=\"https:\/\/www.hri-research.org\/es\/homeopathy-faqs\/ensayos-de-buena-calidad\/\" target=\"_blank\" rel=\"noopener\">ensayos positivos<\/a> m\u00e1s prometedores.<\/p>\n<p>La diferencia en cantidad tambi\u00e9n resulta sorprendente cuando se tiene en cuenta que a la investigaci\u00f3n en \u00abmedicina complementaria y alternativa\u00bb (MCA) solo se le dedica una diminuta parte de la financiaci\u00f3n disponible. Por ejemplo, un an\u00e1lisis realizado en el Reino Unido concluy\u00f3 que, del presupuesto total de investigaci\u00f3n m\u00e9dica, solo el 0,0085% se dedic\u00f3 a la MCA<a href=\"http:\/\/www.ncbi.nlm.nih.gov\/pmc\/articles\/PMC2071985\/\"><sup>3<\/sup><\/a>, que abarca la homeopat\u00eda y otras terapias. En Estados Unidos, menos del 0,5% de los 51.000 millones de d\u00f3lares del presupuesto anual de investigaci\u00f3n m\u00e9dica se dedica a las CAM, para el uso del Centro Nacional de Sanidad Complementaria e Integradora.<sup>4<\/sup><\/p>\n<p><a href=\"#\" class=\"expand-content button accent-bg\" id=\"69d08ee30f610\"><span class=\"expand-content-more\">Referencias<\/span><span class=\"expand-content-less\">Menos<\/span><\/a><\/p><div class=\"collapse-content\" id=\"panel-69d08ee30f610\">\n<ol>\n<li>Full list of randomised placebo controlled trials in Chart A | <a href=\"https:\/\/www.hri-research.org\/resources\/homeopathy-faqs\/there-is-no-scientific-evidence-homeopathy-works\/placebo-controlled-trials-of-homeopathic-treatment\/\" target=\"_blank\" rel=\"noopener noreferrer\">Link<\/a><\/li>\n<li>Boas PJFV, Spagnuolo RS, Kamegasawa A, et al. Systematic reviews showed insufficient evidence for clinical practice in 2004: what about in 2011? The next appeal for the evidence-based medicine age.\u00a0<em>J Eval Clin Pract,<\/em>\u00a02013;\u00a0<strong>19<\/strong>(4):633-7 | <a href=\"https:\/\/pubmed.ncbi.nlm.nih.gov\/22747638\/\" target=\"_blank\" rel=\"noopener noreferrer\">PubMed<\/a><\/li>\n<li>Lewith GT. Funding for CAM.\u00a0<em>BMJ<\/em>., 2007; <strong>335<\/strong>(7627): 951. | <a href=\"http:\/\/www.ncbi.nlm.nih.gov\/pmc\/articles\/PMC2071985\/\" target=\"_blank\" rel=\"noopener noreferrer\">PubMed<\/a><\/li>\n<li>The <a href=\"https:\/\/officeofbudget.od.nih.gov\/\" target=\"_blank\" rel=\"noopener\">National Institutes of Health (NIH) Office of Budget<\/a>, states that in 2023 the NIH requested $51.1 billion for the next fiscal year. Funded by NIH, the National Center for Complementary and Integrative Health <a href=\"https:\/\/www.nccih.nih.gov\/about\/budget\/nccih-funding-appropriations-history\" target=\"_blank\" rel=\"noopener\">(NCCIH) enacted budget for 2023<\/a> was $170.3 million, of which $89.9 million was used on Research Grants. Thus, &lt;0.4% (0.33% = $170.3 million\/$51.1 billion) of the NIH budget was for Integrative Medicine<\/li>\n<\/ol>\n<\/div><!-- es -->\n<p>Para ver un an\u00e1lisis m\u00e1s riguroso y profundo de los ensayos controlados con placebo de\u00a0 homeopat\u00eda, ver el programa de revisiones sistem\u00e1ticas del Dr. Robert Mathie <a href=\"https:\/\/www.hri-research.org\/resources\/essentialevidence\/clinical-trials-overview\/\">aqu\u00ed<\/a>.<\/p>\n<p><a href=\"https:\/\/www.hri-research.org\/resources\/homeopathy-faqs\/\">Volver a las Preguntas Frecuentes de Homeopat\u00eda<\/a><\/p>\n<p>&nbsp;<\/p>\n<p>&nbsp;<\/p>\n","protected":false},"excerpt":{"rendered":"<p>La evidencia cient\u00edfica para la homeopat\u00eda se basa en los mismos tipos de ensayos cl\u00ednicos que se utilizan para probar tratamientos m\u00e9dicos convencionales. Se han publicado 329 estudios cl\u00ednicos que prueban la en revistas cient\u00edficas revisadas por pares. Estos estudios controlados comparan pacientes que reciben homeopat\u00eda con pacientes que toman un placebo, otro tratamiento o [&hellip;]<\/p>\n","protected":false},"author":1,"featured_media":0,"parent":5332,"menu_order":1,"comment_status":"closed","ping_status":"closed","template":"page-translated-faq.php","meta":{"footnotes":""},"class_list":["post-5337","page","type-page","status-publish","hentry"],"jetpack_sharing_enabled":true,"_links":{"self":[{"href":"https:\/\/www.hri-research.org\/es\/wp-json\/wp\/v2\/pages\/5337","targetHints":{"allow":["GET"]}}],"collection":[{"href":"https:\/\/www.hri-research.org\/es\/wp-json\/wp\/v2\/pages"}],"about":[{"href":"https:\/\/www.hri-research.org\/es\/wp-json\/wp\/v2\/types\/page"}],"author":[{"embeddable":true,"href":"https:\/\/www.hri-research.org\/es\/wp-json\/wp\/v2\/users\/1"}],"replies":[{"embeddable":true,"href":"https:\/\/www.hri-research.org\/es\/wp-json\/wp\/v2\/comments?post=5337"}],"version-history":[{"count":0,"href":"https:\/\/www.hri-research.org\/es\/wp-json\/wp\/v2\/pages\/5337\/revisions"}],"up":[{"embeddable":true,"href":"https:\/\/www.hri-research.org\/es\/wp-json\/wp\/v2\/pages\/5332"}],"wp:attachment":[{"href":"https:\/\/www.hri-research.org\/es\/wp-json\/wp\/v2\/media?parent=5337"}],"curies":[{"name":"wp","href":"https:\/\/api.w.org\/{rel}","templated":true}]}}