{"id":5332,"date":"2014-09-03T10:18:52","date_gmt":"2014-09-03T10:18:52","guid":{"rendered":"https:\/\/www.hri-research.org\/es\/homeopathy-faqs\/"},"modified":"2024-08-19T15:23:52","modified_gmt":"2024-08-19T15:23:52","slug":"homeopathy-faqs","status":"publish","type":"page","link":"https:\/\/www.hri-research.org\/es\/homeopathy-faqs\/","title":{"rendered":"FAQ sobre homeopat\u00eda"},"content":{"rendered":"<p>La homeopat\u00eda es pol\u00e9mica.<\/p>\n<p>Es f\u00e1cil encontrar personajes p\u00fablicos que hacen declaraciones sonadas contra la homeopat\u00eda. Pero muy poca gente ha tenido la oportunidad de leer los hechos scient\u00edficos sobre la investigaci\u00f3n homeop\u00e1tica.<\/p>\n<p>Vamos a tomar las frases que m\u00e1s se suelen repetir sobre la homeopat\u00eda y vamos a ver hasta qu\u00e9 punto son precisas, seg\u00fan la evidencia cient\u00edfica de la que se dispone hasta ahora.<\/p>\n<div class=\"icon-text-listing\">\n<div class=\"icon-text-listing-image\">\n<p><a href=\"https:\/\/www.hri-research.org\/es\/homeopathy-faqs\/pruebas-cientificas-de-la-homeopatia\/\"><img loading=\"lazy\" decoding=\"async\" class=\"alignnone wp-image-1894\" src=\"https:\/\/www.hri-research.org\/wp-content\/uploads\/2014\/09\/1-Theres-no-evidence_shutterstock_157506920-cropped.jpg\" alt=\"1-There's no evidence_shutterstock_157506920 cropped\" width=\"150\" height=\"114\" srcset=\"https:\/\/www.hri-research.org\/wp-content\/uploads\/2014\/09\/1-Theres-no-evidence_shutterstock_157506920-cropped.jpg 236w, https:\/\/www.hri-research.org\/wp-content\/uploads\/2014\/09\/1-Theres-no-evidence_shutterstock_157506920-cropped-98x74.jpg 98w, https:\/\/www.hri-research.org\/wp-content\/uploads\/2014\/09\/1-Theres-no-evidence_shutterstock_157506920-cropped-198x151.jpg 198w, https:\/\/www.hri-research.org\/wp-content\/uploads\/2014\/09\/1-Theres-no-evidence_shutterstock_157506920-cropped-158x120.jpg 158w, https:\/\/www.hri-research.org\/wp-content\/uploads\/2014\/09\/1-Theres-no-evidence_shutterstock_157506920-cropped-160x122.jpg 160w\" sizes=\"auto, (max-width: 150px) 100vw, 150px\" \/><\/a><\/p>\n<\/div>\n<div class=\"icon-text-listing-text\">\n<p>&nbsp;<\/p>\n<p><a style=\"text-decoration: none; font-size: medium; line-height: normal;\" href=\"https:\/\/www.hri-research.org\/es\/homeopathy-faqs\/pruebas-cientificas-de-la-homeopatia\/\">\u00bfQu\u00e9 pruebas cient\u00edficas hay de que la homeopat\u00eda funciona?<\/a><\/p>\n<\/div>\n<div class=\"clear\"><\/div><\/div>\n<div class=\"icon-text-listing\">\n<div class=\"icon-text-listing-image\">\n<p><a href=\"https:\/\/www.hri-research.org\/es\/homeopathy-faqs\/solo-se-tiene-en-cuenta-la-evidencia-mas-solida\/\"><img loading=\"lazy\" decoding=\"async\" class=\"alignnone wp-image-3432\" src=\"https:\/\/www.hri-research.org\/wp-content\/uploads\/2014\/09\/Best-studies-show-it-doesnt-work_213243274-300x199.jpg\" alt=\"\" width=\"150\" height=\"100\" srcset=\"https:\/\/www.hri-research.org\/wp-content\/uploads\/2014\/09\/Best-studies-show-it-doesnt-work_213243274-300x199.jpg 300w, https:\/\/www.hri-research.org\/wp-content\/uploads\/2014\/09\/Best-studies-show-it-doesnt-work_213243274-98x65.jpg 98w, https:\/\/www.hri-research.org\/wp-content\/uploads\/2014\/09\/Best-studies-show-it-doesnt-work_213243274-198x131.jpg 198w, https:\/\/www.hri-research.org\/wp-content\/uploads\/2014\/09\/Best-studies-show-it-doesnt-work_213243274-158x104.jpg 158w, https:\/\/www.hri-research.org\/wp-content\/uploads\/2014\/09\/Best-studies-show-it-doesnt-work_213243274-160x106.jpg 160w, https:\/\/www.hri-research.org\/wp-content\/uploads\/2014\/09\/Best-studies-show-it-doesnt-work_213243274.jpg 500w\" sizes=\"auto, (max-width: 150px) 100vw, 150px\" \/><\/a><\/p>\n<\/div>\n<div class=\"icon-text-listing-text\">\n<p>&nbsp;<\/p>\n<p><a style=\"text-decoration: none; font-size: medium; line-height: normal;\" href=\"https:\/\/www.hri-research.org\/es\/homeopathy-faqs\/solo-se-tiene-en-cuenta-la-evidencia-mas-solida\/\">\u00bfQu\u00e9 muestran los estudios de mayor calidad en homeopat\u00eda?<\/a><\/p>\n<\/div>\n<div class=\"clear\"><\/div><\/div>\n<div class=\"icon-text-listing\">\n<div class=\"icon-text-listing-image\">\n<p><a href=\"https:\/\/www.hri-research.org\/es\/homeopathy-faqs\/resultados-del-mundo-real\/\" target=\"_blank\" rel=\"noopener\"><img loading=\"lazy\" decoding=\"async\" class=\"alignnone wp-image-28811\" src=\"https:\/\/www.hri-research.org\/wp-content\/uploads\/2023\/08\/Observational_shutterstock_326027870-small-300x200-1.jpeg\" alt=\"\" width=\"150\" height=\"100\" srcset=\"https:\/\/www.hri-research.org\/wp-content\/uploads\/2023\/08\/Observational_shutterstock_326027870-small-300x200-1.jpeg 300w, https:\/\/www.hri-research.org\/wp-content\/uploads\/2023\/08\/Observational_shutterstock_326027870-small-300x200-1-98x65.jpeg 98w, https:\/\/www.hri-research.org\/wp-content\/uploads\/2023\/08\/Observational_shutterstock_326027870-small-300x200-1-198x132.jpeg 198w, https:\/\/www.hri-research.org\/wp-content\/uploads\/2023\/08\/Observational_shutterstock_326027870-small-300x200-1-158x105.jpeg 158w, https:\/\/www.hri-research.org\/wp-content\/uploads\/2023\/08\/Observational_shutterstock_326027870-small-300x200-1-160x107.jpeg 160w\" sizes=\"auto, (max-width: 150px) 100vw, 150px\" \/><\/a><\/p>\n<\/div>\n<div class=\"icon-text-listing-text\">\n<p>&nbsp;<\/p>\n<p><a style=\"text-decoration: none; font-size: medium; line-height: normal;\" href=\"https:\/\/www.hri-research.org\/es\/homeopathy-faqs\/resultados-del-mundo-real\/\">\u00bfQu\u00e9 podemos aprender de los resultados del \u00abmundo real\u00bb?<\/a><\/p>\n<\/div>\n<div class=\"clear\"><\/div><\/div>\n<div class=\"icon-text-listing\">\n<div class=\"icon-text-listing-image\">\n<p><a href=\"https:\/\/www.hri-research.org\/es\/homeopathy-faqs\/como-de-segura-es-la-homeopatia\/\"><img loading=\"lazy\" decoding=\"async\" class=\"alignnone wp-image-31162\" src=\"https:\/\/www.hri-research.org\/wp-content\/uploads\/2024\/03\/safety-e1709657826953.jpg\" alt=\"\" width=\"150\" height=\"100\" srcset=\"https:\/\/www.hri-research.org\/wp-content\/uploads\/2024\/03\/safety-e1709657826953.jpg 640w, https:\/\/www.hri-research.org\/wp-content\/uploads\/2024\/03\/safety-e1709657826953-300x200.jpg 300w, https:\/\/www.hri-research.org\/wp-content\/uploads\/2024\/03\/safety-e1709657826953-98x65.jpg 98w, https:\/\/www.hri-research.org\/wp-content\/uploads\/2024\/03\/safety-e1709657826953-198x132.jpg 198w, https:\/\/www.hri-research.org\/wp-content\/uploads\/2024\/03\/safety-e1709657826953-158x105.jpg 158w, https:\/\/www.hri-research.org\/wp-content\/uploads\/2024\/03\/safety-e1709657826953-160x107.jpg 160w, https:\/\/www.hri-research.org\/wp-content\/uploads\/2024\/03\/safety-e1709657826953-520x346.jpg 520w\" sizes=\"auto, (max-width: 150px) 100vw, 150px\" \/><\/a><\/p>\n<\/div>\n<div class=\"icon-text-listing-text\">\n<p>&nbsp;<\/p>\n<p><a style=\"text-decoration: none; font-size: medium; line-height: normal;\" href=\"https:\/\/www.hri-research.org\/es\/homeopathy-faqs\/como-de-segura-es-la-homeopatia\/\" target=\"_blank\" rel=\"noopener\">C\u00f3mo de segura es la homeopat\u00eda?<\/a><\/p>\n<\/div>\n<div class=\"clear\"><\/div><\/div>\n<div class=\"icon-text-listing\">\n<div class=\"icon-text-listing-image\">\n<p><a href=\"https:\/\/www.hri-research.org\/es\/homeopathy-faqs\/los-tratamientos-homeopaticos-son-efectivos-en-terminos-economicos\/\" target=\"_blank\" rel=\"noopener\"><img loading=\"lazy\" decoding=\"async\" class=\"alignnone wp-image-4351\" src=\"https:\/\/www.hri-research.org\/wp-content\/uploads\/2015\/11\/Funding_shutterstock_261057710-small.jpg\" alt=\"\" width=\"150\" height=\"100\" srcset=\"https:\/\/www.hri-research.org\/wp-content\/uploads\/2015\/11\/Funding_shutterstock_261057710-small.jpg 2401w, https:\/\/www.hri-research.org\/wp-content\/uploads\/2015\/11\/Funding_shutterstock_261057710-small-300x200.jpg 300w, https:\/\/www.hri-research.org\/wp-content\/uploads\/2015\/11\/Funding_shutterstock_261057710-small-1024x683.jpg 1024w, https:\/\/www.hri-research.org\/wp-content\/uploads\/2015\/11\/Funding_shutterstock_261057710-small-98x65.jpg 98w, https:\/\/www.hri-research.org\/wp-content\/uploads\/2015\/11\/Funding_shutterstock_261057710-small-198x132.jpg 198w, https:\/\/www.hri-research.org\/wp-content\/uploads\/2015\/11\/Funding_shutterstock_261057710-small-158x105.jpg 158w, https:\/\/www.hri-research.org\/wp-content\/uploads\/2015\/11\/Funding_shutterstock_261057710-small-160x107.jpg 160w, https:\/\/www.hri-research.org\/wp-content\/uploads\/2015\/11\/Funding_shutterstock_261057710-small-520x347.jpg 520w\" sizes=\"auto, (max-width: 150px) 100vw, 150px\" \/><\/a><\/p>\n<\/div>\n<div class=\"icon-text-listing-text\">\n<p><a style=\"text-decoration: none; font-size: medium; line-height: normal;\" href=\"https:\/\/www.hri-research.org\/resources\/homeopathy-faqs\/is-homeopathic-treatment-cost-effective\/\">Los tratamientos homeop\u00e1ticos son efectivos en t\u00e9rminos econ\u00f3micos?<br \/>\n<\/a><\/p>\n<\/div>\n<div class=\"clear\"><\/div><\/div>\n<div class=\"icon-text-listing\">\n<div class=\"icon-text-listing-image\">\n<p><a href=\"https:\/\/www.hri-research.org\/es\/homeopathy-faqs\/la-homeopatia-frente-a-la-medicina-convencional\/\"><img loading=\"lazy\" decoding=\"async\" class=\"alignnone wp-image-3258\" src=\"https:\/\/www.hri-research.org\/wp-content\/uploads\/2014\/09\/Pills_184787189-300x300.jpg\" alt=\"\" width=\"150\" height=\"150\" srcset=\"https:\/\/www.hri-research.org\/wp-content\/uploads\/2014\/09\/Pills_184787189-300x300.jpg 300w, https:\/\/www.hri-research.org\/wp-content\/uploads\/2014\/09\/Pills_184787189-150x150.jpg 150w, https:\/\/www.hri-research.org\/wp-content\/uploads\/2014\/09\/Pills_184787189-98x98.jpg 98w, https:\/\/www.hri-research.org\/wp-content\/uploads\/2014\/09\/Pills_184787189-198x198.jpg 198w, https:\/\/www.hri-research.org\/wp-content\/uploads\/2014\/09\/Pills_184787189-158x158.jpg 158w, https:\/\/www.hri-research.org\/wp-content\/uploads\/2014\/09\/Pills_184787189-160x160.jpg 160w, https:\/\/www.hri-research.org\/wp-content\/uploads\/2014\/09\/Pills_184787189.jpg 500w\" sizes=\"auto, (max-width: 150px) 100vw, 150px\" \/><\/a><\/p>\n<\/div>\n<div class=\"icon-text-listing-text\">\n<p><a style=\"text-decoration: none; font-size: medium; line-height: normal;\" href=\"https:\/\/www.hri-research.org\/es\/homeopathy-faqs\/la-homeopatia-frente-a-la-medicina-convencional\/\">\u00bfC\u00f3mo se compara la homeopat\u00eda con la medicina convencional?<\/a><\/p>\n<\/div>\n<div class=\"clear\"><\/div><\/div>\n<div class=\"icon-text-listing\">\n<div class=\"icon-text-listing-image\">\n<p><a href=\"https:\/\/www.hri-research.org\/es\/homeopathy-faqs\/medicina-basada-en-la-evidencia\/\"><img loading=\"lazy\" decoding=\"async\" class=\"alignnone wp-image-3260\" src=\"https:\/\/www.hri-research.org\/wp-content\/uploads\/2014\/09\/shutterstock_110154518-300x293.jpg\" alt=\"\" width=\"150\" height=\"147\" srcset=\"https:\/\/www.hri-research.org\/wp-content\/uploads\/2014\/09\/shutterstock_110154518-300x293.jpg 300w, https:\/\/www.hri-research.org\/wp-content\/uploads\/2014\/09\/shutterstock_110154518-98x95.jpg 98w, https:\/\/www.hri-research.org\/wp-content\/uploads\/2014\/09\/shutterstock_110154518-198x193.jpg 198w, https:\/\/www.hri-research.org\/wp-content\/uploads\/2014\/09\/shutterstock_110154518-158x154.jpg 158w, https:\/\/www.hri-research.org\/wp-content\/uploads\/2014\/09\/shutterstock_110154518-160x156.jpg 160w, https:\/\/www.hri-research.org\/wp-content\/uploads\/2014\/09\/shutterstock_110154518.jpg 500w\" sizes=\"auto, (max-width: 150px) 100vw, 150px\" \/><\/a><\/p>\n<\/div>\n<div class=\"icon-text-listing-text\">\n<p>&nbsp;<\/p>\n<p><a style=\"text-decoration: none; font-size: medium; line-height: normal;\" href=\"https:\/\/www.hri-research.org\/es\/homeopathy-faqs\/medicina-basada-en-la-evidencia\/\">\u00bfEst\u00e1n la medicina convencional y la homeopat\u00eda basadas en la evidencia?<\/a><\/p>\n<\/div>\n<div class=\"clear\"><\/div><\/div>\n<div class=\"icon-text-listing\">\n<div class=\"icon-text-listing-image\">\n<p><a href=\"https:\/\/www.hri-research.org\/es\/homeopathy-faqs\/no-son-solo-pildoras-de-azucar\/\"><img loading=\"lazy\" decoding=\"async\" class=\"alignnone wp-image-1677 size-thumbnail\" src=\"https:\/\/www.hri-research.org\/wp-content\/uploads\/2014\/09\/10-Homeopathy-not-science-150x150.jpg\" alt=\"\" width=\"150\" height=\"150\" \/><\/a><\/p>\n<\/div>\n<div class=\"icon-text-listing-text\">\n<p>&nbsp;<\/p>\n<p><a style=\"text-decoration: none; font-size: medium; line-height: normal;\" href=\"https:\/\/www.hri-research.org\/es\/homeopathy-faqs\/no-son-solo-pildoras-de-azucar\/\">\u00bfC\u00f3mo sabemos que los medicamentos homeop\u00e1ticos no son \u00absolo p\u00edldoras de az\u00facar\u00bb?<\/a><\/p>\n<\/div>\n<div class=\"clear\"><\/div><\/div>\n<div class=\"icon-text-listing\">\n<div class=\"icon-text-listing-image\">\n<p><a href=\"https:\/\/www.hri-research.org\/es\/homeopathy-faqs\/beneficios-mas-alla-del-placebo\/\"><img loading=\"lazy\" decoding=\"async\" class=\"wp-image-2494 size-thumbnail alignnone\" src=\"https:\/\/www.hri-research.org\/wp-content\/uploads\/2014\/10\/5-Placebo-resized-150x150.jpg\" alt=\"\" width=\"150\" height=\"150\" \/><\/a><\/p>\n<\/div>\n<div class=\"icon-text-listing-text\">\n<p>&nbsp;<\/p>\n<p><a style=\"text-decoration: none; font-size: medium; line-height: normal;\" href=\"https:\/\/www.hri-research.org\/es\/homeopathy-faqs\/beneficios-mas-alla-del-placebo\/\">\u00bfLos beneficios de la homeopat\u00eda son algo m\u00e1s que efecto placebo?<\/a><\/p>\n<\/div>\n<div class=\"clear\"><\/div><\/div>\n<div class=\"icon-text-listing\">\n<div class=\"icon-text-listing-image\">\n<p><a href=\"https:\/\/www.hri-research.org\/es\/homeopathy-faqs\/por-que-los-expertos-creen-que-es-posible\/\"><img loading=\"lazy\" decoding=\"async\" class=\"alignnone wp-image-3270\" src=\"https:\/\/www.hri-research.org\/wp-content\/uploads\/2014\/09\/Dont-know-how-it-works-300x300.jpg\" alt=\"\" width=\"150\" height=\"150\" srcset=\"https:\/\/www.hri-research.org\/wp-content\/uploads\/2014\/09\/Dont-know-how-it-works-300x300.jpg 300w, https:\/\/www.hri-research.org\/wp-content\/uploads\/2014\/09\/Dont-know-how-it-works-150x150.jpg 150w, https:\/\/www.hri-research.org\/wp-content\/uploads\/2014\/09\/Dont-know-how-it-works-98x98.jpg 98w, https:\/\/www.hri-research.org\/wp-content\/uploads\/2014\/09\/Dont-know-how-it-works-198x198.jpg 198w, https:\/\/www.hri-research.org\/wp-content\/uploads\/2014\/09\/Dont-know-how-it-works-158x158.jpg 158w, https:\/\/www.hri-research.org\/wp-content\/uploads\/2014\/09\/Dont-know-how-it-works-160x160.jpg 160w, https:\/\/www.hri-research.org\/wp-content\/uploads\/2014\/09\/Dont-know-how-it-works.jpg 500w\" sizes=\"auto, (max-width: 150px) 100vw, 150px\" \/><\/a><\/p>\n<\/div>\n<div class=\"icon-text-listing-text\">\n<p>&nbsp;<\/p>\n<p>&nbsp;<\/p>\n<p><a style=\"text-decoration: none; font-size: medium; line-height: normal;\" href=\"https:\/\/www.hri-research.org\/es\/homeopathy-faqs\/por-que-los-expertos-creen-que-es-posible\/\">\u00bfPor qu\u00e9 los cient\u00edficos expertos creen que la homeopat\u00eda es posible?<\/a><\/p>\n<\/div>\n<div class=\"clear\"><\/div><\/div>\n<div class=\"icon-text-listing\">\n<div class=\"icon-text-listing-image\">\n<p><a href=\"https:\/\/www.hri-research.org\/es\/homeopathy-faqs\/la-investigacion-en-homeopatia-es-fiable\/\"><img loading=\"lazy\" decoding=\"async\" class=\"alignnone wp-image-3263\" src=\"https:\/\/www.hri-research.org\/wp-content\/uploads\/2014\/09\/Bad-research_88836238-300x270.jpg\" alt=\"\" width=\"150\" height=\"135\" srcset=\"https:\/\/www.hri-research.org\/wp-content\/uploads\/2014\/09\/Bad-research_88836238-300x270.jpg 300w, https:\/\/www.hri-research.org\/wp-content\/uploads\/2014\/09\/Bad-research_88836238-98x88.jpg 98w, https:\/\/www.hri-research.org\/wp-content\/uploads\/2014\/09\/Bad-research_88836238-198x178.jpg 198w, https:\/\/www.hri-research.org\/wp-content\/uploads\/2014\/09\/Bad-research_88836238-158x142.jpg 158w, https:\/\/www.hri-research.org\/wp-content\/uploads\/2014\/09\/Bad-research_88836238-160x144.jpg 160w, https:\/\/www.hri-research.org\/wp-content\/uploads\/2014\/09\/Bad-research_88836238.jpg 500w\" sizes=\"auto, (max-width: 150px) 100vw, 150px\" \/><\/a><\/p>\n<\/div>\n<div class=\"icon-text-listing-text\">\n<p>&nbsp;<\/p>\n<p><a style=\"text-decoration: none; font-size: medium; line-height: normal;\" href=\"https:\/\/www.hri-research.org\/es\/homeopathy-faqs\/la-investigacion-en-homeopatia-es-fiable\/\">\u00bfEs la investigaci\u00f3n en homeopat\u00eda de suficiente calidad para ser fiable?<\/a><\/p>\n<\/div>\n<div class=\"clear\"><\/div><\/div>\n<div class=\"icon-text-listing\">\n<div class=\"icon-text-listing-image\">\n<p><a href=\"https:\/\/www.hri-research.org\/es\/homeopathy-faqs\/ensayos-de-buena-calidad\/\"><img loading=\"lazy\" decoding=\"async\" class=\"alignnone wp-image-3256\" src=\"https:\/\/www.hri-research.org\/wp-content\/uploads\/2014\/09\/Clinical-trials_112772884-300x225.jpg\" alt=\"\" width=\"150\" height=\"113\" srcset=\"https:\/\/www.hri-research.org\/wp-content\/uploads\/2014\/09\/Clinical-trials_112772884-300x225.jpg 300w, https:\/\/www.hri-research.org\/wp-content\/uploads\/2014\/09\/Clinical-trials_112772884-98x73.jpg 98w, https:\/\/www.hri-research.org\/wp-content\/uploads\/2014\/09\/Clinical-trials_112772884-198x148.jpg 198w, https:\/\/www.hri-research.org\/wp-content\/uploads\/2014\/09\/Clinical-trials_112772884-158x118.jpg 158w, https:\/\/www.hri-research.org\/wp-content\/uploads\/2014\/09\/Clinical-trials_112772884-160x120.jpg 160w, https:\/\/www.hri-research.org\/wp-content\/uploads\/2014\/09\/Clinical-trials_112772884.jpg 500w\" sizes=\"auto, (max-width: 150px) 100vw, 150px\" \/><\/a><\/p>\n<\/div>\n<div class=\"icon-text-listing-text\">\n<p>&nbsp;<\/p>\n<p><a style=\"text-decoration: none; font-size: medium; line-height: normal;\" href=\"https:\/\/www.hri-research.org\/es\/homeopathy-faqs\/ensayos-de-buena-calidad\/\">\u00bfExisten ensayos de buena calidad que demuestren que la homeopat\u00eda funciona?<\/a><\/p>\n<\/div>\n<div class=\"clear\"><\/div><\/div>\n<div class=\"icon-text-listing\">\n<div class=\"icon-text-listing-image\">\n<p><a href=\"https:\/\/www.hri-research.org\/es\/homeopathy-faqs\/lo-similar-cura-lo-similar\/\"><img loading=\"lazy\" decoding=\"async\" class=\"alignnone wp-image-1901\" src=\"https:\/\/www.hri-research.org\/wp-content\/uploads\/2014\/09\/9-Like-cures-like_shutterstock_197767424-300x200.jpg\" alt=\"9-Like cures like_shutterstock_197767424\" width=\"150\" height=\"100\" srcset=\"https:\/\/www.hri-research.org\/wp-content\/uploads\/2014\/09\/9-Like-cures-like_shutterstock_197767424-300x200.jpg 300w, https:\/\/www.hri-research.org\/wp-content\/uploads\/2014\/09\/9-Like-cures-like_shutterstock_197767424-98x65.jpg 98w, https:\/\/www.hri-research.org\/wp-content\/uploads\/2014\/09\/9-Like-cures-like_shutterstock_197767424-198x132.jpg 198w, https:\/\/www.hri-research.org\/wp-content\/uploads\/2014\/09\/9-Like-cures-like_shutterstock_197767424-158x105.jpg 158w, https:\/\/www.hri-research.org\/wp-content\/uploads\/2014\/09\/9-Like-cures-like_shutterstock_197767424-160x106.jpg 160w, https:\/\/www.hri-research.org\/wp-content\/uploads\/2014\/09\/9-Like-cures-like_shutterstock_197767424-520x346.jpg 520w, https:\/\/www.hri-research.org\/wp-content\/uploads\/2014\/09\/9-Like-cures-like_shutterstock_197767424.jpg 1000w\" sizes=\"auto, (max-width: 150px) 100vw, 150px\" \/><\/a><\/p>\n<\/div>\n<div class=\"icon-text-listing-text\">\n<p>&nbsp;<\/p>\n<p><a style=\"text-decoration: none; font-size: medium; line-height: normal;\" href=\"https:\/\/www.hri-research.org\/es\/homeopathy-faqs\/lo-similar-cura-lo-similar\/\">\u00bfQu\u00e9 sentido tiene el concepto homeop\u00e1tico \u00ablo similar cura lo similar\u00bb?<\/a><\/p>\n<\/div>\n<div class=\"clear\"><\/div><\/div>\n<div class=\"icon-text-listing\">\n<div class=\"icon-text-listing-image\">\n<p><a href=\"https:\/\/www.hri-research.org\/es\/homeopathy-faqs\/entender-su-funcionamiento\/\"><img loading=\"lazy\" decoding=\"async\" class=\"alignnone wp-image-3261\" src=\"https:\/\/www.hri-research.org\/wp-content\/uploads\/2014\/09\/Gears_102272059-smaller-300x200.jpeg\" alt=\"\" width=\"150\" height=\"100\" srcset=\"https:\/\/www.hri-research.org\/wp-content\/uploads\/2014\/09\/Gears_102272059-smaller-300x200.jpeg 300w, https:\/\/www.hri-research.org\/wp-content\/uploads\/2014\/09\/Gears_102272059-smaller-98x65.jpeg 98w, https:\/\/www.hri-research.org\/wp-content\/uploads\/2014\/09\/Gears_102272059-smaller-198x132.jpeg 198w, https:\/\/www.hri-research.org\/wp-content\/uploads\/2014\/09\/Gears_102272059-smaller-158x105.jpeg 158w, https:\/\/www.hri-research.org\/wp-content\/uploads\/2014\/09\/Gears_102272059-smaller-160x106.jpeg 160w, https:\/\/www.hri-research.org\/wp-content\/uploads\/2014\/09\/Gears_102272059-smaller-520x346.jpeg 520w, https:\/\/www.hri-research.org\/wp-content\/uploads\/2014\/09\/Gears_102272059-smaller.jpeg 591w\" sizes=\"auto, (max-width: 150px) 100vw, 150px\" \/><\/a><\/p>\n<\/div>\n<div class=\"icon-text-listing-text\">\n<p>&nbsp;<\/p>\n<p><a style=\"text-decoration: none; font-size: medium; line-height: normal;\" href=\"https:\/\/www.hri-research.org\/es\/homeopathy-faqs\/entender-su-funcionamiento\/\">\u00bfSe pueden utilizar los medicamentos homeop\u00e1ticos sin saber c\u00f3mo funcionan?<\/a><\/p>\n<\/div>\n<div class=\"clear\"><\/div><\/div>\n<p>&nbsp;<\/p>\n<div class=\"icon-text-listing\">\n<div class=\"icon-text-listing-image\">\n<p><a href=\"https:\/\/www.hri-research.org\/es\/homeopathy-faqs\/la-homeopatia-es-ciencia-de-verdad\/\"><img loading=\"lazy\" decoding=\"async\" class=\"wp-image-1900 size-thumbnail alignnone\" src=\"https:\/\/www.hri-research.org\/wp-content\/uploads\/2014\/09\/8-Homeopathy-research-is-poor-quality-resized-150x150.jpeg\" alt=\"\" width=\"150\" height=\"150\" \/><\/a><\/p>\n<\/div>\n<div class=\"icon-text-listing-text\">\n<p>&nbsp;<\/p>\n<p><a style=\"text-decoration: none; font-size: medium; line-height: normal;\" href=\"https:\/\/www.hri-research.org\/es\/homeopathy-faqs\/la-homeopatia-es-ciencia-de-verdad\/\">La homeopat\u00eda es \u00abciencia de verdad\u00bb<\/a><\/p>\n<\/div>\n<div class=\"clear\"><\/div><\/div>\n","protected":false},"excerpt":{"rendered":"<p>La homeopat\u00eda es pol\u00e9mica. Es f\u00e1cil encontrar personajes p\u00fablicos que hacen declaraciones sonadas contra la homeopat\u00eda. Pero muy poca gente ha tenido la oportunidad de leer los hechos scient\u00edficos sobre la investigaci\u00f3n homeop\u00e1tica. Vamos a tomar las frases que m\u00e1s se suelen repetir sobre la homeopat\u00eda y vamos a ver hasta qu\u00e9 punto son precisas, [&hellip;]<\/p>\n","protected":false},"author":4,"featured_media":21102,"parent":0,"menu_order":0,"comment_status":"closed","ping_status":"closed","template":"page-translated-faq.php","meta":{"footnotes":""},"class_list":["post-5332","page","type-page","status-publish","has-post-thumbnail","hentry"],"jetpack_sharing_enabled":true,"_links":{"self":[{"href":"https:\/\/www.hri-research.org\/es\/wp-json\/wp\/v2\/pages\/5332","targetHints":{"allow":["GET"]}}],"collection":[{"href":"https:\/\/www.hri-research.org\/es\/wp-json\/wp\/v2\/pages"}],"about":[{"href":"https:\/\/www.hri-research.org\/es\/wp-json\/wp\/v2\/types\/page"}],"author":[{"embeddable":true,"href":"https:\/\/www.hri-research.org\/es\/wp-json\/wp\/v2\/users\/4"}],"replies":[{"embeddable":true,"href":"https:\/\/www.hri-research.org\/es\/wp-json\/wp\/v2\/comments?post=5332"}],"version-history":[{"count":0,"href":"https:\/\/www.hri-research.org\/es\/wp-json\/wp\/v2\/pages\/5332\/revisions"}],"wp:featuredmedia":[{"embeddable":true,"href":"https:\/\/www.hri-research.org\/es\/wp-json\/wp\/v2\/media\/21102"}],"wp:attachment":[{"href":"https:\/\/www.hri-research.org\/es\/wp-json\/wp\/v2\/media?parent=5332"}],"curies":[{"name":"wp","href":"https:\/\/api.w.org\/{rel}","templated":true}]}}