{"id":33129,"date":"2024-08-19T15:16:05","date_gmt":"2024-08-19T15:16:05","guid":{"rendered":"https:\/\/www.hri-research.org\/?page_id=33129"},"modified":"2024-08-21T23:02:01","modified_gmt":"2024-08-21T23:02:01","slug":"los-tratamientos-homeopaticos-son-efectivos-en-terminos-economicos","status":"publish","type":"page","link":"https:\/\/www.hri-research.org\/es\/homeopathy-faqs\/los-tratamientos-homeopaticos-son-efectivos-en-terminos-economicos\/","title":{"rendered":"Los tratamientos homeop\u00e1ticos son efectivos en t\u00e9rminos econ\u00f3micos?"},"content":{"rendered":"<p>La investigaci\u00f3n en Econom\u00eda de la Salud tiene como objetivo establecer las bases cient\u00edficas para una distribuci\u00f3n eficiente de los limitados recursos econ\u00f3micos y sanitarios, garantizando a la vez que se prestan consistentemente servicios de alta calidad a los pacientes. Los m\u00e9todos de Econom\u00eda de la Salud que se utilizan para evaluar la coste-efectividad de los tratamientos de medicina convencional tambi\u00e9n pueden aplicarse a la homeopat\u00eda.<\/p>\n<p>Una <a href=\"#\" class=\"definition\" title=\"estudios que analizan los resultados combinados de m\u00faltiples ensayos similares, para as\u00ed llegar a conclusiones m\u00e1s firmes\">revisi\u00f3n sistem\u00e1tica<\/a> publicada en 2024 ofrece un resumen de la coste-efectividad de la homeopat\u00eda<sup>1<\/sup>. Los 21 estudios de esta revisi\u00f3n demostraron que <strong>la homeopat\u00eda ten\u00eda una efectividad cl\u00ednica parecida o mayor que la de los grupos de control, con una tendencia positiva clara para la coste-efectividad y un aumento estad\u00edsticamente significativo de la calidad de los ensayos a lo largo de los a\u00f1os.<\/strong><p><a href=\"#\" class=\"expand-content\" id=\"69de3bf144a27\"><span class=\"expand-content-more\">M\u00e1s<\/span><span class=\"expand-content-less\">Menos<\/span><\/a><\/p><div class=\"collapse-content\" id=\"panel-69de3bf144a27\">Esta revisi\u00f3n<sup><a href=\"https:\/\/www.tandfonline.com\/doi\/full\/10.1080\/14737167.2023.2266136\" target=\"_blank\" rel=\"noopener\">1<\/a><\/sup> del Prof. Thomas Ostermann (Universidad de Witten\/Herdecke, Alemania) incluy\u00f3 15 ensayos que ya hab\u00edan sido examinados en una revisi\u00f3n de 2014<sup><a href=\"https:\/\/pubmed.ncbi.nlm.nih.gov\/23397477\/\" target=\"_blank\" rel=\"noopener\">2<\/a><\/sup>, adem\u00e1s de 6 otros ensayos. Los hallazgos de estos 21 ensayos mostraron una tendencia positiva clara, como se resume a continuaci\u00f3n:<\/p>\n<p><img loading=\"lazy\" decoding=\"async\" class=\"alignnone size-large wp-image-33130\" src=\"https:\/\/www.hri-research.org\/wp-content\/uploads\/2024\/08\/cost-effectiveness-ES-1024x234.png\" alt=\"\" width=\"520\" height=\"119\" srcset=\"https:\/\/www.hri-research.org\/wp-content\/uploads\/2024\/08\/cost-effectiveness-ES-1024x234.png 1024w, https:\/\/www.hri-research.org\/wp-content\/uploads\/2024\/08\/cost-effectiveness-ES-300x69.png 300w, https:\/\/www.hri-research.org\/wp-content\/uploads\/2024\/08\/cost-effectiveness-ES-768x176.png 768w, https:\/\/www.hri-research.org\/wp-content\/uploads\/2024\/08\/cost-effectiveness-ES-98x22.png 98w, https:\/\/www.hri-research.org\/wp-content\/uploads\/2024\/08\/cost-effectiveness-ES-198x45.png 198w, https:\/\/www.hri-research.org\/wp-content\/uploads\/2024\/08\/cost-effectiveness-ES-158x36.png 158w, https:\/\/www.hri-research.org\/wp-content\/uploads\/2024\/08\/cost-effectiveness-ES-160x37.png 160w, https:\/\/www.hri-research.org\/wp-content\/uploads\/2024\/08\/cost-effectiveness-ES-520x119.png 520w, https:\/\/www.hri-research.org\/wp-content\/uploads\/2024\/08\/cost-effectiveness-ES.png 1234w\" sizes=\"auto, (max-width: 520px) 100vw, 520px\" \/><sup>(*2 de estos ensayos demostraron coste-efectividad mediante un an\u00e1lisis de coste-efectividad incremental.)<\/sup><\/p>\n<p>Dos investigadores independientes evaluaron <strong>la calidad de los ensayos utilizando la lista CHEC<\/strong>, espec\u00edficamente dise\u00f1ada para ser usada con evaluaciones econ\u00f3micas. Las puntuaciones CHEC <strong>fueron de 2 a 16 <\/strong>(de una puntuaci\u00f3n m\u00e1xima de 19): los ensayos publicados antes de 2009 ten\u00edan una puntuaci\u00f3n mediana m\u00e1s baja (6.7 \u00b1 3.4) que los publicados en o despu\u00e9s de 2009 (9.4 \u00b1 4.3).<\/p>\n<p>Vale la pena recalcar que <strong>los dos ensayos publicados m\u00e1s recientemente incluidos en este estudio<\/strong><sup><a href=\"https:\/\/bmchealthservres.biomedcentral.com\/articles\/10.1186\/s12913-020-05706-4\" target=\"_blank\" rel=\"noopener\">3<\/a>,<\/sup><sup><a href=\"https:\/\/resource-allocation.biomedcentral.com\/articles\/10.1186\/s12962-021-00313-4\" target=\"_blank\" rel=\"noopener\">4<\/a> <\/sup><strong>se encuentran entre los que tienen una puntuaci\u00f3n m\u00e1s alta en t\u00e9rminos de calidad<\/strong>. Ambos ensayos muestran un dise\u00f1o de ensayo bien escogido y emplean las evaluaciones econ\u00f3micas m\u00e1s avanzadas. Los autores de la revisi\u00f3n actualizada subrayan la importancia de mantener este nivel de excelencia en futuras evaluaciones econ\u00f3micas de la homeopat\u00eda. <\/div><!-- es --><\/p>\n<p>El ensayo de <a href=\"#\" class=\"definition\" title=\"lista CHEC: 89%\">mayor calidad<\/a> en t\u00e9rminos de coste-efectividad<sup><a href=\"https:\/\/resource-allocation.biomedcentral.com\/articles\/10.1186\/s12962-021-00313-4\" target=\"_blank\" rel=\"noopener\">4<\/a><\/sup> evalu\u00f3 el impacto de un producto m\u00e9dico homeop\u00e1tico \u201csin receta m\u00e9dica\u201d, <em>SilAtro-5-90<\/em>. En un ensayo de 2017 se concluy\u00f3 que <strong>el uso de <a href=\"#\" class=\"definition\" title=\"El producto contiene cinco medicamentos homeop\u00e1ticos diferentes com\u00fanmente utilizados para tratar la amigdalitis aguda y recurrente.\">SilAtro-5-90<\/a>\u00a0junto con medicina convencional redujo la recurrencia de la amigdalitis aguda<sup><a href=\"https:\/\/pubmed.ncbi.nlm.nih.gov\/28779928\/\" target=\"_blank\" rel=\"noopener\">5<\/a><\/sup><\/strong>; en una evaluaci\u00f3n econ\u00f3mica posterior se concluy\u00f3 que <strong><em>SilAtro-5-90<\/em> tambi\u00e9n reduc\u00eda los costes<\/strong> (sobre todo cuando se evitaba la cirug\u00eda), en comparaci\u00f3n con el tratamiento solo con medicina convencional.<sup><a href=\"https:\/\/resource-allocation.biomedcentral.com\/articles\/10.1186\/s12962-021-00313-4\" target=\"_blank\" rel=\"noopener\">4<\/a><\/sup><p><a href=\"#\" class=\"expand-content\" id=\"69de3bf144a74\"><span class=\"expand-content-more\">M\u00e1s<\/span><span class=\"expand-content-less\">Menos<\/span><\/a><\/p><div class=\"collapse-content\" id=\"panel-69de3bf144a74\">En un ensayo cl\u00ednico aleatorizado pragm\u00e1tico, se sigui\u00f3 durante dos a\u00f1os a 256 ni\u00f1os y adultos (de 6 a 60 a\u00f1os de edad) diagnosticados de amigdalitis moderada recurrente. Se lleg\u00f3 a la conclusi\u00f3n de que el tratamiento complementario con <em>SilAtro-5-90<\/em> era cl\u00ednicamente efectivo, reduciendo el n\u00famero de infecciones de garganta agudas, los s\u00edntomas espec\u00edficos de la amigdalitis y la necesidad de administrar antibi\u00f3ticos, en comparaci\u00f3n con el tratamiento convencional por s\u00ed solo.<sup><a href=\"https:\/\/pubmed.ncbi.nlm.nih.gov\/28779928\/\" target=\"_blank\" rel=\"noopener\">5<\/a><\/sup>\u00a0Tras esto, se llev\u00f3 a cabo una evaluaci\u00f3n econ\u00f3mica de costes incrementales basada en un modelo para las infecciones de garganta agudas, y se observ\u00f3 que:<sup><a href=\"https:\/\/resource-allocation.biomedcentral.com\/articles\/10.1186\/s12962-021-00313-4\" target=\"_blank\" rel=\"noopener\">4<\/a><\/sup><\/p>\n<ul>\n<li><strong>En ni\u00f1os de menos de 12 a\u00f1os, el tratamiento con suplemento de <em>SilAtro-5-90<\/em> siempre es efectivo econ\u00f3micamente <\/strong>(independientemente de la gravedad de la amigdalitis recurrente), reduciendo el n\u00famero de infecciones de garganta agudas a un coste menor que el tratamiento convencional por s\u00ed solo.<\/li>\n<li><strong>En adultos y ni\u00f1os de m\u00e1s de 12 a\u00f1os con amigdalitis recurrente \u201cgrave\u201d<\/strong> (m\u00e1s de tres infecciones de garganta agudas al a\u00f1o), <strong><em>SilAtro-5-90<\/em> ayud\u00f3 a evitar costosas intervenciones de amigdalectom\u00edas.<\/strong><\/div><!-- es --><\/li>\n<\/ul>\n<p>Est\u00e1 claro que este tema requiere m\u00e1s investigaci\u00f3n de gran calidad; bas\u00e1ndonos en estos prometedores hallazgos podremos evaluar de manera m\u00e1s clara si la homeopat\u00eda puede desempe\u00f1ar un papel en la gesti\u00f3n de los costes sanitarios del futuro, manteniendo a la vez niveles de efectividad cl\u00ednica comparables a los de los tratamientos existentes.<\/p>\n<p><a href=\"#\" class=\"expand-content button accent-bg\" id=\"69de3bf144a92\"><span class=\"expand-content-more\">Referencias<\/span><span class=\"expand-content-less\">Menos<\/span><\/a><\/p><div class=\"collapse-content\" id=\"panel-69de3bf144a92\">\n<ol>\n<li>Ostermann T, Burkart J, De Jaegere S, et al. Overview and quality assessment of health economic evaluations for homeopathic therapy: an updated systematic review. <em>Expert Rev Pharmacoecon Outcomes Res<\/em>, 2024;<strong>24<\/strong>:117-142 [<a href=\"https:\/\/pubmed.ncbi.nlm.nih.gov\/37795998\/\">PubMed<\/a>] [<a href=\"https:\/\/www.tandfonline.com\/doi\/full\/10.1080\/14737167.2023.2266136\">FullText<\/a>]<\/li>\n<li>Viksveen P, Dymitr Z, Simoens S. Economic evaluations of homeopathy: a review. <em>Eur J Health Econ<\/em>, 2014;<strong>15<\/strong>:157-74 [<a href=\"https:\/\/pubmed.ncbi.nlm.nih.gov\/23397477\/\">PubMed<\/a>]<\/li>\n<li>Kass B, Icke K, Witt CM, Reinhold T. Effectiveness and cost-effectiveness of treatment with additional enrolment to a homeopathic integrated care contract in Germany. <em>BMC Health Serv Res,<\/em> 2020;<strong>20<\/strong>:872 [<a href=\"https:\/\/pubmed.ncbi.nlm.nih.gov\/32933511\/\" target=\"_blank\" rel=\"noopener\">PubMed<\/a>] [<a href=\"https:\/\/bmchealthservres.biomedcentral.com\/articles\/10.1186\/s12913-020-05706-4\" target=\"_blank\" rel=\"noopener\">FullText<\/a>]<\/li>\n<li>Ostermann T, Park A-L, De Jaegere S, Fetz K, Klement P, Raak C, McDaid D. Cost-effectiveness analysis for SilAtro-5-90 adjuvant treatment in the management of recurrent tonsilitis, compared with usual care only. <em>Cost Eff Resour Alloc, <\/em>2021;<strong>19<\/strong>:60 [<a href=\"https:\/\/resource-allocation.biomedcentral.com\/articles\/10.1186\/s12962-021-00313-4\">FullText<\/a>]<\/li>\n<li>Palm J, Kishchuk VV, Ulied A, Perotti Fern\u00e1ndez J, De Jaegere S et al. Effectiveness of an add-on treatment with the homeopathic medication SilAtro-5-90 in recurrent tonsillitis: An international, pragmatic, randomized, controlled clinical trial. <em>Complement Ther Clin Pract<\/em>, 2017; <strong>28<\/strong>:181-191 [<a href=\"https:\/\/pubmed.ncbi.nlm.nih.gov\/28779928\/\">PubMed<\/a>]<\/div><!-- es --><\/li>\n<\/ol>\n","protected":false},"excerpt":{"rendered":"<p>La investigaci\u00f3n en Econom\u00eda de la Salud tiene como objetivo establecer las bases cient\u00edficas para una distribuci\u00f3n eficiente de los limitados recursos econ\u00f3micos y sanitarios, garantizando a la vez que se prestan consistentemente servicios de alta calidad a los pacientes. Los m\u00e9todos de Econom\u00eda de la Salud que se utilizan para evaluar la coste-efectividad de [&hellip;]<\/p>\n","protected":false},"author":835,"featured_media":0,"parent":5332,"menu_order":0,"comment_status":"closed","ping_status":"closed","template":"","meta":{"footnotes":""},"class_list":["post-33129","page","type-page","status-publish","hentry"],"jetpack_sharing_enabled":true,"_links":{"self":[{"href":"https:\/\/www.hri-research.org\/es\/wp-json\/wp\/v2\/pages\/33129","targetHints":{"allow":["GET"]}}],"collection":[{"href":"https:\/\/www.hri-research.org\/es\/wp-json\/wp\/v2\/pages"}],"about":[{"href":"https:\/\/www.hri-research.org\/es\/wp-json\/wp\/v2\/types\/page"}],"author":[{"embeddable":true,"href":"https:\/\/www.hri-research.org\/es\/wp-json\/wp\/v2\/users\/835"}],"replies":[{"embeddable":true,"href":"https:\/\/www.hri-research.org\/es\/wp-json\/wp\/v2\/comments?post=33129"}],"version-history":[{"count":0,"href":"https:\/\/www.hri-research.org\/es\/wp-json\/wp\/v2\/pages\/33129\/revisions"}],"up":[{"embeddable":true,"href":"https:\/\/www.hri-research.org\/es\/wp-json\/wp\/v2\/pages\/5332"}],"wp:attachment":[{"href":"https:\/\/www.hri-research.org\/es\/wp-json\/wp\/v2\/media?parent=33129"}],"curies":[{"name":"wp","href":"https:\/\/api.w.org\/{rel}","templated":true}]}}