{"id":9744,"date":"2018-05-29T08:54:10","date_gmt":"2018-05-29T08:54:10","guid":{"rendered":"https:\/\/www.hri-research.org\/?page_id=9744\/"},"modified":"2025-02-27T09:49:15","modified_gmt":"2025-02-27T09:49:15","slug":"forschung-to-go","status":"publish","type":"page","link":"https:\/\/www.hri-research.org\/de\/informationsquellen\/forschung-to-go\/","title":{"rendered":"Forschung \u201cto go\u201d"},"content":{"rendered":"<p><strong><a href=\"https:\/\/www.hri-research.org\/wp-content\/uploads\/2024\/12\/HRI_EvidenceSummary_2024.pdf\" target=\"_blank\" rel=\"noopener\">HRI-Evidenzzusammenfassung 2024<\/a><\/strong><br \/>\nDieser \u00dcberblick umfasst physikochemischen, biologischen und klinischen Forschungsbereich und bietet eine umfassende Perspektive auf die aktuellen wissenschaftlichen Erkenntnisse zur Hom\u00f6opathie.<\/p>\n<p><strong>\u201c<a href=\"https:\/\/www.hri-research.org\/wp-content\/uploads\/2022\/02\/HRI_RIF_29_RobertsTournier_IndividualisedHomeopathyReview_DE.pdf\" target=\"_blank\" rel=\"noopener noreferrer\">Trials of individualised homeopathic treatment compared to placebo<\/a>&#8220;<br \/>\n<\/strong>Diese Zusammenfassung in leicht verst\u00e4ndlichem Englisch skizziert die Ergebnisse der <a href=\"http:\/\/www.systematicreviewsjournal.com\/content\/3\/1\/142\" target=\"_blank\" rel=\"noopener\">Metaanalyse<\/a> von Dr. Robert Mathie\u00a0et\u00a0al. aus dem Jahr 2014, in der die Wirkung von individualisierten hom\u00f6opathischen Behandlungen im Vergleich zu Placebo in doppelblinden, randomisierten kontrollierten Studien beurteilt wurde.<\/p>\n<p><a href=\"https:\/\/www.hri-research.org\/wp-content\/uploads\/2022\/02\/HRI_RIF_36_Robertsetal_EPI3LASER_study_DE.pdf\" target=\"_blank\" rel=\"noopener\"><strong>EPI3 &#8211;\u00a0\u201cReal-world\u201d-Evidenz zur hom\u00f6opathischen Versorgung in franz\u00f6sischen Allgemeinpraxen<\/strong><\/a><br \/>\nBeobachtungsstudien liefern Forschern, Klinikern und Patienten wertvolle, klinisch relevante Informationen dar\u00fcber, wie sich eine Behandlung im Versorgungsalltag bew\u00e4hrt. Hier fassen wir die Ergebnisse einer Beobachtungsstudie aus Frankreich zusammen, in der die Hom\u00f6opathie in der Prim\u00e4rversorgung untersucht wurde.<\/p>\n<p><strong>\u201c<a href=\"https:\/\/www.hri-research.org\/wp-content\/uploads\/2022\/02\/HRI_RIF_13_Robertsetal_PlausbilityBias_DE.pdf\" target=\"_blank\" rel=\"noopener noreferrer\">Plausibility bias and the controversy around homeopathy<\/a>\u201d<br \/>\n<\/strong><span style=\"font-weight: 400;\">Dr. Peter Fisher erl\u00e4utert die Gr\u00fcnde, die hinter den unterschiedlichen Auslegungen der vorhandenen Wirksamkeitsbelege f\u00fcr die Hom\u00f6opathie stecken, und stellt das Konzept des \u201ePlausibilit\u00e4tsbias\u201c vor.<\/span><\/p>\n<p>&nbsp;<\/p>\n","protected":false},"excerpt":{"rendered":"<p>HRI-Evidenzzusammenfassung 2024 Dieser \u00dcberblick umfasst physikochemischen, biologischen und klinischen Forschungsbereich und bietet eine umfassende Perspektive auf die aktuellen wissenschaftlichen Erkenntnisse zur Hom\u00f6opathie. \u201cTrials of individualised homeopathic treatment compared to placebo&#8220; Diese Zusammenfassung in leicht verst\u00e4ndlichem Englisch skizziert die Ergebnisse der Metaanalyse von Dr. Robert Mathie\u00a0et\u00a0al. aus dem Jahr 2014, in der die Wirkung von individualisierten [&hellip;]<\/p>\n","protected":false},"author":835,"featured_media":0,"parent":9714,"menu_order":0,"comment_status":"closed","ping_status":"closed","template":"","meta":{"footnotes":""},"class_list":["post-9744","page","type-page","status-publish","hentry"],"jetpack_sharing_enabled":true,"_links":{"self":[{"href":"https:\/\/www.hri-research.org\/de\/wp-json\/wp\/v2\/pages\/9744","targetHints":{"allow":["GET"]}}],"collection":[{"href":"https:\/\/www.hri-research.org\/de\/wp-json\/wp\/v2\/pages"}],"about":[{"href":"https:\/\/www.hri-research.org\/de\/wp-json\/wp\/v2\/types\/page"}],"author":[{"embeddable":true,"href":"https:\/\/www.hri-research.org\/de\/wp-json\/wp\/v2\/users\/835"}],"replies":[{"embeddable":true,"href":"https:\/\/www.hri-research.org\/de\/wp-json\/wp\/v2\/comments?post=9744"}],"version-history":[{"count":0,"href":"https:\/\/www.hri-research.org\/de\/wp-json\/wp\/v2\/pages\/9744\/revisions"}],"up":[{"embeddable":true,"href":"https:\/\/www.hri-research.org\/de\/wp-json\/wp\/v2\/pages\/9714"}],"wp:attachment":[{"href":"https:\/\/www.hri-research.org\/de\/wp-json\/wp\/v2\/media?parent=9744"}],"curies":[{"name":"wp","href":"https:\/\/api.w.org\/{rel}","templated":true}]}}