{"id":9742,"date":"2018-05-29T08:52:22","date_gmt":"2018-05-29T08:52:22","guid":{"rendered":"https:\/\/www.hri-research.org\/?page_id=9742\/"},"modified":"2018-05-29T08:52:22","modified_gmt":"2018-05-29T08:52:22","slug":"artikel-aus-peer-review-zeitschriften","status":"publish","type":"page","link":"https:\/\/www.hri-research.org\/de\/informationsquellen\/artikel-aus-peer-review-zeitschriften\/","title":{"rendered":"Artikel aus Peer-Review-Zeitschriften"},"content":{"rendered":"<p><span style=\"font-weight: 400;\">Peer-Review-Zeitschriften gelten als die zuverl\u00e4ssigste Quelle f\u00fcr wissenschaftliche Informationen. Diese Artikel wurden vom HRI-Team ausgew\u00e4hlt, da sie sicherlich f\u00fcr jeden, der neugierig auf Hom\u00f6opathieforschung ist, von anhaltendem Interesse sein d\u00fcrften.<\/span><\/p>\n","protected":false},"excerpt":{"rendered":"<p>Peer-Review-Zeitschriften gelten als die zuverl\u00e4ssigste Quelle f\u00fcr wissenschaftliche Informationen. Diese Artikel wurden vom HRI-Team ausgew\u00e4hlt, da sie sicherlich f\u00fcr jeden, der neugierig auf Hom\u00f6opathieforschung ist, von anhaltendem Interesse sein d\u00fcrften.<\/p>\n","protected":false},"author":835,"featured_media":0,"parent":9714,"menu_order":50,"comment_status":"closed","ping_status":"closed","template":"page-publications.php","meta":{"footnotes":""},"class_list":["post-9742","page","type-page","status-publish","hentry"],"jetpack_sharing_enabled":true,"_links":{"self":[{"href":"https:\/\/www.hri-research.org\/de\/wp-json\/wp\/v2\/pages\/9742","targetHints":{"allow":["GET"]}}],"collection":[{"href":"https:\/\/www.hri-research.org\/de\/wp-json\/wp\/v2\/pages"}],"about":[{"href":"https:\/\/www.hri-research.org\/de\/wp-json\/wp\/v2\/types\/page"}],"author":[{"embeddable":true,"href":"https:\/\/www.hri-research.org\/de\/wp-json\/wp\/v2\/users\/835"}],"replies":[{"embeddable":true,"href":"https:\/\/www.hri-research.org\/de\/wp-json\/wp\/v2\/comments?post=9742"}],"version-history":[{"count":0,"href":"https:\/\/www.hri-research.org\/de\/wp-json\/wp\/v2\/pages\/9742\/revisions"}],"up":[{"embeddable":true,"href":"https:\/\/www.hri-research.org\/de\/wp-json\/wp\/v2\/pages\/9714"}],"wp:attachment":[{"href":"https:\/\/www.hri-research.org\/de\/wp-json\/wp\/v2\/media?parent=9742"}],"curies":[{"name":"wp","href":"https:\/\/api.w.org\/{rel}","templated":true}]}}