{"id":9735,"date":"2018-05-29T08:40:56","date_gmt":"2018-05-29T08:40:56","guid":{"rendered":"https:\/\/www.hri-research.org\/?page_id=9735\/"},"modified":"2021-04-23T10:05:39","modified_gmt":"2021-04-23T10:05:39","slug":"forscherverzeichnis-des-hri","status":"publish","type":"page","link":"https:\/\/www.hri-research.org\/de\/informationsquellen\/forscherverzeichnis-des-hri\/","title":{"rendered":"Forscherverzeichnis des HRI"},"content":{"rendered":"<p><img loading=\"lazy\" decoding=\"async\" class=\"alignnone size-full wp-image-18422\" src=\"https:\/\/www.hri-research.org\/wp-content\/uploads\/2021\/01\/researcher-directory.jpg\" alt=\"\" width=\"480\" height=\"240\" srcset=\"https:\/\/www.hri-research.org\/wp-content\/uploads\/2021\/01\/researcher-directory.jpg 480w, https:\/\/www.hri-research.org\/wp-content\/uploads\/2021\/01\/researcher-directory-300x150.jpg 300w, https:\/\/www.hri-research.org\/wp-content\/uploads\/2021\/01\/researcher-directory-98x49.jpg 98w, https:\/\/www.hri-research.org\/wp-content\/uploads\/2021\/01\/researcher-directory-198x99.jpg 198w, https:\/\/www.hri-research.org\/wp-content\/uploads\/2021\/01\/researcher-directory-158x79.jpg 158w, https:\/\/www.hri-research.org\/wp-content\/uploads\/2021\/01\/researcher-directory-160x80.jpg 160w\" sizes=\"auto, (max-width: 480px) 100vw, 480px\" \/><\/p>\n<p><strong>F\u00f6rderung der internationalen Zusammenarbeit<\/strong><\/p>\n<p>Das HRI-Forscherverzeichnis ist eine gro\u00dfartige Ressource, um Forscher mit Expertise in verschiedenen Teilbereichen der Hom\u00f6opathieforschung zu finden, von Statistikern bis hin zu Klinikern.<\/p>\n<form action=\"https:\/\/www.hri-research.org\/de\/informationsquellen\/forscherverzeichnis-des-hri\/\" method=\"get\" id=\"researcher-directory-search-form\">\r\n\t<fieldset>\r\n\t\t<input type=\"hidden\" name=\"hri_rd_s\" value=\"1\" >\r\n\t\r\n\t\t<div class=\"half-page\">\r\n\t\t\t<div class=\"hri-rd-form-field\">\r\n\t\t\t\t<label for=\"hri_rd_search\">Search for keyword \/ surname<\/label>\r\n\t\t\t\t<input type=\"text\" name=\"hri_rd_search\" id=\"hri_rd_search\" value=\"\" \/>\r\n\t\t\t<\/div>\r\n\t\t\t\r\n\t\t\t<div class=\"hri-rd-form-field\">\r\n\t\t\t\t<label for=\"hri_rd_country\">Country<\/label>\r\n\t\t\t\t<select name=\"hri_rd_country\" id=\"hri_rd_country\">\r\n\t\t\t\t\t<option value=\"\">All<\/option>\r\n\t\t\t\t\t<option>Afghanistan<\/option>\n<option>Aland Islands<\/option>\n<option>Albania<\/option>\n<option>Algeria<\/option>\n<option>American Samoa<\/option>\n<option>Andorra<\/option>\n<option>Angola<\/option>\n<option>Anguilla<\/option>\n<option>Antarctica<\/option>\n<option>Antigua and Barbuda<\/option>\n<option>Argentina<\/option>\n<option>Armenia<\/option>\n<option>Aruba<\/option>\n<option>Australia<\/option>\n<option>Austria<\/option>\n<option>Azerbaijan<\/option>\n<option>Bahamas<\/option>\n<option>Bahrain<\/option>\n<option>Bangladesh<\/option>\n<option>Barbados<\/option>\n<option>Belarus<\/option>\n<option>Belgium<\/option>\n<option>Belize<\/option>\n<option>Benin<\/option>\n<option>Bermuda<\/option>\n<option>Bhutan<\/option>\n<option>Bolivia<\/option>\n<option>Bosnia and Herzegovina<\/option>\n<option>Botswana<\/option>\n<option>Bouvet Island<\/option>\n<option>Brazil<\/option>\n<option>British Indian Ocean Territory<\/option>\n<option>Brunei Darussalam<\/option>\n<option>Bulgaria<\/option>\n<option>Burkina Faso<\/option>\n<option>Burundi<\/option>\n<option>Cambodia<\/option>\n<option>Cameroon<\/option>\n<option>Canada<\/option>\n<option>Cape Verde<\/option>\n<option>Caribbean Netherlands <\/option>\n<option>Cayman Islands<\/option>\n<option>Central African Republic<\/option>\n<option>Chad<\/option>\n<option>Chile<\/option>\n<option>China<\/option>\n<option>Christmas Island<\/option>\n<option>Cocos (Keeling) Islands<\/option>\n<option>Colombia<\/option>\n<option>Comoros<\/option>\n<option>Congo<\/option>\n<option>Congo, Democratic Republic of<\/option>\n<option>Cook Islands<\/option>\n<option>Costa Rica<\/option>\n<option>Cote d'Ivoire<\/option>\n<option>Croatia<\/option>\n<option>Cuba<\/option>\n<option>Curacao<\/option>\n<option>Cyprus<\/option>\n<option>Czech Republic<\/option>\n<option>Denmark<\/option>\n<option>Djibouti<\/option>\n<option>Dominica<\/option>\n<option>Dominican Republic<\/option>\n<option>Ecuador<\/option>\n<option>Egypt<\/option>\n<option>El Salvador<\/option>\n<option>Equatorial Guinea<\/option>\n<option>Eritrea<\/option>\n<option>Estonia<\/option>\n<option>Ethiopia<\/option>\n<option>Falkland Islands<\/option>\n<option>Faroe Islands<\/option>\n<option>Fiji<\/option>\n<option>Finland<\/option>\n<option>France<\/option>\n<option>French Guiana<\/option>\n<option>French Polynesia<\/option>\n<option>French Southern Territories<\/option>\n<option>Gabon<\/option>\n<option>Gambia<\/option>\n<option>Georgia<\/option>\n<option>Germany<\/option>\n<option>Ghana<\/option>\n<option>Gibraltar<\/option>\n<option>Greece<\/option>\n<option>Greenland<\/option>\n<option>Grenada<\/option>\n<option>Guadeloupe<\/option>\n<option>Guam<\/option>\n<option>Guatemala<\/option>\n<option>Guernsey<\/option>\n<option>Guinea<\/option>\n<option>Guinea-Bissau<\/option>\n<option>Guyana<\/option>\n<option>Haiti<\/option>\n<option>Heard and McDonald Islands<\/option>\n<option>Honduras<\/option>\n<option>Hong Kong<\/option>\n<option>Hungary<\/option>\n<option>Iceland<\/option>\n<option>India<\/option>\n<option>Indonesia<\/option>\n<option>Iran<\/option>\n<option>Iraq<\/option>\n<option>Ireland<\/option>\n<option>Isle of Man<\/option>\n<option>Israel<\/option>\n<option>Italy<\/option>\n<option>Jamaica<\/option>\n<option>Japan<\/option>\n<option>Jersey<\/option>\n<option>Jordan<\/option>\n<option>Kazakhstan<\/option>\n<option>Kenya<\/option>\n<option>Kiribati<\/option>\n<option>Kuwait<\/option>\n<option>Kyrgyzstan<\/option>\n<option>Lao People's Democratic Republic<\/option>\n<option>Latvia<\/option>\n<option>Lebanon<\/option>\n<option>Lesotho<\/option>\n<option>Liberia<\/option>\n<option>Libya<\/option>\n<option>Liechtenstein<\/option>\n<option>Lithuania<\/option>\n<option>Luxembourg<\/option>\n<option>Macau<\/option>\n<option>Macedonia<\/option>\n<option>Madagascar<\/option>\n<option>Malawi<\/option>\n<option>Malaysia<\/option>\n<option>Maldives<\/option>\n<option>Mali<\/option>\n<option>Malta<\/option>\n<option>Marshall Islands<\/option>\n<option>Martinique<\/option>\n<option>Mauritania<\/option>\n<option>Mauritius<\/option>\n<option>Mayotte<\/option>\n<option>Mexico<\/option>\n<option>Micronesia, Federated States of<\/option>\n<option>Moldova<\/option>\n<option>Monaco<\/option>\n<option>Mongolia<\/option>\n<option>Montenegro<\/option>\n<option>Montserrat<\/option>\n<option>Morocco<\/option>\n<option>Mozambique<\/option>\n<option>Myanmar<\/option>\n<option>Namibia<\/option>\n<option>Nauru<\/option>\n<option>Nepal<\/option>\n<option>New Caledonia<\/option>\n<option>New Zealand<\/option>\n<option>Nicaragua<\/option>\n<option>Niger<\/option>\n<option>Nigeria<\/option>\n<option>Niue<\/option>\n<option>Norfolk Island<\/option>\n<option>North Korea<\/option>\n<option>Northern Mariana Islands<\/option>\n<option>Norway<\/option>\n<option>Oman<\/option>\n<option>Pakistan<\/option>\n<option>Palau<\/option>\n<option>Palestinian Territory, Occupied<\/option>\n<option>Panama<\/option>\n<option>Papua New Guinea<\/option>\n<option>Paraguay<\/option>\n<option>Peru<\/option>\n<option>Philippines<\/option>\n<option>Pitcairn<\/option>\n<option>Poland<\/option>\n<option>Portugal<\/option>\n<option>Puerto Rico<\/option>\n<option>Qatar<\/option>\n<option>Reunion<\/option>\n<option>Romania<\/option>\n<option>Russian Federation<\/option>\n<option>Rwanda<\/option>\n<option>Saint Barthelemy<\/option>\n<option>Saint Helena<\/option>\n<option>Saint Kitts and Nevis<\/option>\n<option>Saint Lucia<\/option>\n<option>Saint Vincent and the Grenadines<\/option>\n<option>Saint-Martin (France)<\/option>\n<option>Saint-Martin (Pays-Bas)<\/option>\n<option>Samoa<\/option>\n<option>San Marino<\/option>\n<option>Sao Tome and Principe<\/option>\n<option>Saudi Arabia<\/option>\n<option>Senegal<\/option>\n<option>Serbia<\/option>\n<option>Seychelles<\/option>\n<option>Sierra Leone<\/option>\n<option>Singapore<\/option>\n<option>Slovakia (Slovak Republic)<\/option>\n<option>Slovenia<\/option>\n<option>Solomon Islands<\/option>\n<option>Somalia<\/option>\n<option>South Africa<\/option>\n<option>South Georgia and the South Sandwich Islands<\/option>\n<option>South Korea<\/option>\n<option>South Sudan<\/option>\n<option>Spain<\/option>\n<option>Sri Lanka<\/option>\n<option>St. Pierre and Miquelon<\/option>\n<option>Sudan<\/option>\n<option>Suriname<\/option>\n<option>Svalbard and Jan Mayen Islands<\/option>\n<option>Swaziland<\/option>\n<option>Sweden<\/option>\n<option>Switzerland<\/option>\n<option>Syria<\/option>\n<option>Taiwan<\/option>\n<option>Tajikistan<\/option>\n<option>Tanzania<\/option>\n<option>Thailand<\/option>\n<option>The Netherlands<\/option>\n<option>Timor-Leste<\/option>\n<option>Togo<\/option>\n<option>Tokelau<\/option>\n<option>Tonga<\/option>\n<option>Trinidad and Tobago<\/option>\n<option>Tunisia<\/option>\n<option>Turkey<\/option>\n<option>Turkmenistan<\/option>\n<option>Turks and Caicos Islands<\/option>\n<option>Tuvalu<\/option>\n<option>Uganda<\/option>\n<option>Ukraine<\/option>\n<option>United Arab Emirates<\/option>\n<option>United Kingdom<\/option>\n<option>United States<\/option>\n<option>United States Minor Outlying Islands<\/option>\n<option>Uruguay<\/option>\n<option>Uzbekistan<\/option>\n<option>Vanuatu<\/option>\n<option>Vatican<\/option>\n<option>Venezuela<\/option>\n<option>Vietnam<\/option>\n<option>Virgin Islands (British)<\/option>\n<option>Virgin Islands (U.S.)<\/option>\n<option>Wallis and Futuna Islands<\/option>\n<option>Western Sahara<\/option>\n<option>Yemen<\/option>\n<option>Zambia<\/option>\n<option>Zimbabwe<\/option>\n\t\t\t\t<\/select>\r\n\t\t\t<\/div>\r\n\t\t<\/div>\r\n\t\t\r\n\t\t<div class=\"half-page\">\r\n\t\t\t<div class=\"hri-rd-form-field\">\r\n\t\t\t\t<label for=\"hri_rd_field\">Field of expertise<\/label>\r\n\t\t\t\t<select name=\"hri_rd_field\" id=\"hri_rd_field\">\r\n\t\t\t\t\t<option value=\"\">All<\/option>\r\n\t\t\t\t\t<option>Biology<\/option>\n<option>Chemistry<\/option>\n<option>Clinical practice \u2013 conventional medicine<\/option>\n<option>Clinical practice \u2013 homeopathy or other TCIM<\/option>\n<option>Clinical research (quantitative)<\/option>\n<option>Clinical research (qualitative)<\/option>\n<option>Disease prevention<\/option>\n<option>Epidemiology<\/option>\n<option>Ethics<\/option>\n<option>Fundamental research<\/option>\n<option>Heath economics<\/option>\n<option>Health services research<\/option>\n<option>In vitro animal and plant-based research<\/option>\n<option>Mathematics\/Statistics<\/option>\n<option>Pathogenetic trials \/ provings<\/option>\n<option>Physics<\/option>\n<option>Research methods<\/option>\n<option>Systematic reviews<\/option>\n<option>Other<\/option>\n\t\t\t\t<\/select>\r\n\t\t\t<\/div>\r\n\t\t\t\t\t\r\n\t\t\t<div class=\"hri-rd-form-field\">\r\n\t\t\t\t<label for=\"hri_rd_condition\">Search by medical condition<\/label>\r\n\t\t\t\t<select name=\"hri_rd_condition\" id=\"hri_rd_condition\">\r\n\t\t\t\t\t<option value=\"\">All<\/option>\r\n\t\t\t\t\t<option>Allergies<\/option>\n<option>Cancer<\/option>\n<option>Cardiovascular system<\/option>\n<option>Circulatory system<\/option>\n<option>Dentistry<\/option>\n<option>Dermatology<\/option>\n<option>Ear disorders<\/option>\n<option>Eye disorders<\/option>\n<option>Gastroenterology<\/option>\n<option>Gynecology and obstetrics<\/option>\n<option>Infections<\/option>\n<option>Mental disorders<\/option>\n<option>Metabolism<\/option>\n<option>Musculoskeletal disorders<\/option>\n<option>Neurology<\/option>\n<option>Pain<\/option>\n<option>Primary care<\/option>\n<option>Respiratory tract disorders<\/option>\n<option>Rheumatology<\/option>\n<option>Safety<\/option>\n<option>Toxicology<\/option>\n<option>Traumatic injuries<\/option>\n<option>Urology<\/option>\n<option>Other<\/option>\n\t\t\t\t<\/select>\r\n\t\t\t<\/div>\r\n\t\t<\/div>\r\n\t\t\r\n\t\t<div class=\"clear\"><\/div>\r\n\t\t\r\n\t\t<input type=\"submit\" value=\"Search\" class=\"button accent-bg\" id=\"hri-rd-search-submit\" \/>\r\n\t<\/fieldset>\r\n<\/form>\n<p>Wenn Sie der Autor eines hom\u00f6opathiebezogenen Artikels sind, der in einer von Experten begutachteten Zeitschrift ver\u00f6ffentlicht wurde, tragen Sie <a href=\"https:\/\/www.hri-research.org\/resources\/researcher-directory\/join-our-directory\/\" target=\"_blank\" rel=\"noopener\">sich bitte in das Verzeichnis ein<\/a>, um anderen Wissenschaftlern innerhalb und au\u00dferhalb des Sektors zu helfen, Experten in Teilbereichen der Hom\u00f6opathieforschung zu finden.<\/p>\n<p>Bitte beachten Sie, dass dieses Verzeichnis nicht mit ResearchGate konkurrieren soll. Vielmehr ermutigen wir die Nutzer, einen Link auf ihrer ResearchGate-Seite einzuf\u00fcgen, wenn sie dies w\u00fcnschen.<\/p>\n","protected":false},"excerpt":{"rendered":"<p>F\u00f6rderung der internationalen Zusammenarbeit Das HRI-Forscherverzeichnis ist eine gro\u00dfartige Ressource, um Forscher mit Expertise in verschiedenen Teilbereichen der Hom\u00f6opathieforschung zu finden, von Statistikern bis hin zu Klinikern. Wenn Sie der Autor eines hom\u00f6opathiebezogenen Artikels sind, der in einer von Experten begutachteten Zeitschrift ver\u00f6ffentlicht wurde, tragen Sie sich bitte in das Verzeichnis ein, um anderen Wissenschaftlern [&hellip;]<\/p>\n","protected":false},"author":835,"featured_media":0,"parent":9714,"menu_order":30,"comment_status":"closed","ping_status":"closed","template":"","meta":{"footnotes":""},"class_list":["post-9735","page","type-page","status-publish","hentry"],"jetpack_sharing_enabled":true,"_links":{"self":[{"href":"https:\/\/www.hri-research.org\/de\/wp-json\/wp\/v2\/pages\/9735","targetHints":{"allow":["GET"]}}],"collection":[{"href":"https:\/\/www.hri-research.org\/de\/wp-json\/wp\/v2\/pages"}],"about":[{"href":"https:\/\/www.hri-research.org\/de\/wp-json\/wp\/v2\/types\/page"}],"author":[{"embeddable":true,"href":"https:\/\/www.hri-research.org\/de\/wp-json\/wp\/v2\/users\/835"}],"replies":[{"embeddable":true,"href":"https:\/\/www.hri-research.org\/de\/wp-json\/wp\/v2\/comments?post=9735"}],"version-history":[{"count":0,"href":"https:\/\/www.hri-research.org\/de\/wp-json\/wp\/v2\/pages\/9735\/revisions"}],"up":[{"embeddable":true,"href":"https:\/\/www.hri-research.org\/de\/wp-json\/wp\/v2\/pages\/9714"}],"wp:attachment":[{"href":"https:\/\/www.hri-research.org\/de\/wp-json\/wp\/v2\/media?parent=9735"}],"curies":[{"name":"wp","href":"https:\/\/api.w.org\/{rel}","templated":true}]}}