{"id":9733,"date":"2018-05-29T08:49:19","date_gmt":"2018-05-29T08:49:19","guid":{"rendered":"https:\/\/www.hri-research.org\/?page_id=9733\/"},"modified":"2023-05-22T10:17:04","modified_gmt":"2023-05-22T10:17:04","slug":"cam-datenbanken","status":"publish","type":"page","link":"https:\/\/www.hri-research.org\/de\/informationsquellen\/forschungsdatenbanken\/cam-datenbanken\/","title":{"rendered":"CAM-Datenbanken"},"content":{"rendered":"<p><span style=\"font-weight: 400;\">Weitere Informationen zu ver\u00f6ffentlichten Forschungsarbeiten \u00fcber die Hom\u00f6opathie und andere Arten von Komplement\u00e4r- und Alternativmedizin (CAM) finden Sie in den folgenden Fachdatenbanken:<\/span><\/p>\n<p><a href=\"http:\/\/www.cam-quest.org\" target=\"_blank\" rel=\"noopener\"><strong>CamQUEST<\/strong><\/a><\/p>\n<p><span style=\"font-weight: 400;\">Die Datenbank CAM-QUEST\u00ae teilt die Forschungsstudien in die folgenden neun Therapiegruppen ein: Akupunktur, Anthroposophie, Ayurveda, bioenergetische Medizin, Hom\u00f6opathie, manuelle Medizin, Mind-Body-Medizin, Phytotherapie und traditionelle chinesische Medizin (TCM). Suchanfragen k\u00f6nnen anhand von Erkrankung, Therapierichtung oder Studiendesign ausgef\u00fchrt werden. Die Nutzung ist kostenlos.<\/span><\/p>\n","protected":false},"excerpt":{"rendered":"<p>Weitere Informationen zu ver\u00f6ffentlichten Forschungsarbeiten \u00fcber die Hom\u00f6opathie und andere Arten von Komplement\u00e4r- und Alternativmedizin (CAM) finden Sie in den folgenden Fachdatenbanken: CamQUEST Die Datenbank CAM-QUEST\u00ae teilt die Forschungsstudien in die folgenden neun Therapiegruppen ein: Akupunktur, Anthroposophie, Ayurveda, bioenergetische Medizin, Hom\u00f6opathie, manuelle Medizin, Mind-Body-Medizin, Phytotherapie und traditionelle chinesische Medizin (TCM). Suchanfragen k\u00f6nnen anhand von Erkrankung, [&hellip;]<\/p>\n","protected":false},"author":835,"featured_media":0,"parent":9731,"menu_order":0,"comment_status":"closed","ping_status":"closed","template":"","meta":{"footnotes":""},"class_list":["post-9733","page","type-page","status-publish","hentry"],"jetpack_sharing_enabled":true,"_links":{"self":[{"href":"https:\/\/www.hri-research.org\/de\/wp-json\/wp\/v2\/pages\/9733","targetHints":{"allow":["GET"]}}],"collection":[{"href":"https:\/\/www.hri-research.org\/de\/wp-json\/wp\/v2\/pages"}],"about":[{"href":"https:\/\/www.hri-research.org\/de\/wp-json\/wp\/v2\/types\/page"}],"author":[{"embeddable":true,"href":"https:\/\/www.hri-research.org\/de\/wp-json\/wp\/v2\/users\/835"}],"replies":[{"embeddable":true,"href":"https:\/\/www.hri-research.org\/de\/wp-json\/wp\/v2\/comments?post=9733"}],"version-history":[{"count":0,"href":"https:\/\/www.hri-research.org\/de\/wp-json\/wp\/v2\/pages\/9733\/revisions"}],"up":[{"embeddable":true,"href":"https:\/\/www.hri-research.org\/de\/wp-json\/wp\/v2\/pages\/9731"}],"wp:attachment":[{"href":"https:\/\/www.hri-research.org\/de\/wp-json\/wp\/v2\/media?parent=9733"}],"curies":[{"name":"wp","href":"https:\/\/api.w.org\/{rel}","templated":true}]}}