{"id":9732,"date":"2018-05-29T08:48:43","date_gmt":"2018-05-29T08:48:43","guid":{"rendered":"https:\/\/www.hri-research.org\/?page_id=9732\/"},"modified":"2023-05-22T10:45:58","modified_gmt":"2023-05-22T10:45:58","slug":"core-hom","status":"publish","type":"page","link":"https:\/\/www.hri-research.org\/de\/informationsquellen\/forschungsdatenbanken\/core-hom\/","title":{"rendered":"CORE-Hom"},"content":{"rendered":"<div id=\"corehom-login\"><form name=\"loginform\" id=\"loginform\" action=\"https:\/\/www.hri-research.org\/wp-login.php?wpe-login=true\" method=\"post\"><p class=\"login-username\">\n\t\t\t\t<label for=\"user_login\">Benutzername oder E-Mail-Adresse<\/label>\n\t\t\t\t<input type=\"text\" name=\"log\" id=\"user_login\" autocomplete=\"username\" class=\"input\" value=\"\" size=\"20\" \/>\n\t\t\t<\/p><p class=\"login-password\">\n\t\t\t\t<label for=\"user_pass\">Passwort<\/label>\n\t\t\t\t<input type=\"password\" name=\"pwd\" id=\"user_pass\" autocomplete=\"current-password\" spellcheck=\"false\" class=\"input\" value=\"\" size=\"20\" \/>\n\t\t\t<\/p><p class=\"login-remember\"><label><input name=\"rememberme\" type=\"checkbox\" id=\"rememberme\" value=\"forever\" \/> Angemeldet bleiben<\/label><\/p><p class=\"login-submit\">\n\t\t\t\t<input type=\"submit\" name=\"wp-submit\" id=\"wp-submit\" class=\"button button-primary\" value=\"Anmelden\" \/>\n\t\t\t\t<input type=\"hidden\" name=\"redirect_to\" value=\"https:\/\/www.hri-research.org\/de\/wp-json\/wp\/v2\/pages\/9732\" \/>\n\t\t\t<\/p><\/form><p><a href=\"https:\/\/www.hri-research.org\/wp-login.php?action=register&redirect_to=https%3A%2F%2Fwww.hri-research.org%2Fde%2Fwp-json%2Fwp%2Fv2%2Fpages%2F9732%3Fnewusr%3D1\">Register<\/a> <a href=\"https:\/\/www.hri-research.org\/wp-login.php?action=lostpassword&redirect_to=https%3A%2F%2Fwww.hri-research.org%2Fde%2Fwp-json%2Fwp%2Fv2%2Fpages%2F9732\">Lost password?<\/a><\/p><\/div>\n<p>Die Datenbank \u201eClinical Outcome Research in Homeopathy\u201c (kurz: CORE-Hom) enth\u00e4lt alle Arten von klinischen Erfolgsstudien \u2013 von randomisierten kontrollierten Studien bis hin zu Beobachtungsstudien.<\/p>\n<p>Sie umfasst derzeit\u00a0<b>1.300 klinische Studien \u00fcber die Hom\u00f6opathie, <\/b>die bis Anfang 2018 ver\u00f6ffentlicht wurden.<\/p>\n<p>CORE-Hom ist die umfassendste und akademisch pr\u00e4ziseste Datenbank ihrer Art weltweit. Sie ist auch die einzige Hom\u00f6opathie-Datenbank, die \u00fcber die\u00a0<i>Qualit\u00e4t<\/i>\u00a0der darin enthaltenen Studien Auskunft gibt.<\/p>\n<p class=\"no-margin\"><span style=\"font-weight: 400;\">Diese erstklassige Quelle, die \u00fcber mehrere Jahre hinweg entwickelt wurde, ist das Ergebnis einer engen Zusammenarbeit zwischen dem HRI und der renommierten <\/span><a href=\"http:\/\/www.carstens-stiftung.de\/\"><span style=\"font-weight: 400;\">Karl und Veronica Carstens-Stiftung<\/span><\/a><span style=\"font-weight: 400;\"> in Deutschland.<\/span><\/p>\n<p><a href=\"https:\/\/www.hri-research.org\/wp-content\/uploads\/2014\/07\/Carstens_Logo_Pfad_V021.jpg\"><img loading=\"lazy\" decoding=\"async\" class=\"aligncenter wp-image-3463 size-full\" src=\"https:\/\/www.hri-research.org\/wp-content\/uploads\/2014\/07\/Carstens_Logo_Pfad_V021.jpg\" alt=\"Carstens_Logo_Pfad_V02\" width=\"435\" height=\"143\" srcset=\"https:\/\/www.hri-research.org\/wp-content\/uploads\/2014\/07\/Carstens_Logo_Pfad_V021.jpg 435w, https:\/\/www.hri-research.org\/wp-content\/uploads\/2014\/07\/Carstens_Logo_Pfad_V021-300x98.jpg 300w, https:\/\/www.hri-research.org\/wp-content\/uploads\/2014\/07\/Carstens_Logo_Pfad_V021-98x32.jpg 98w, https:\/\/www.hri-research.org\/wp-content\/uploads\/2014\/07\/Carstens_Logo_Pfad_V021-198x65.jpg 198w, https:\/\/www.hri-research.org\/wp-content\/uploads\/2014\/07\/Carstens_Logo_Pfad_V021-158x51.jpg 158w, https:\/\/www.hri-research.org\/wp-content\/uploads\/2014\/07\/Carstens_Logo_Pfad_V021-160x52.jpg 160w\" sizes=\"auto, (max-width: 435px) 100vw, 435px\" \/><\/a><\/p>\n","protected":false},"excerpt":{"rendered":"<p>Die Datenbank \u201eClinical Outcome Research in Homeopathy\u201c (kurz: CORE-Hom) enth\u00e4lt alle Arten von klinischen Erfolgsstudien \u2013 von randomisierten kontrollierten Studien bis hin zu Beobachtungsstudien. Sie umfasst derzeit\u00a01.300 klinische Studien \u00fcber die Hom\u00f6opathie, die bis Anfang 2018 ver\u00f6ffentlicht wurden. CORE-Hom ist die umfassendste und akademisch pr\u00e4ziseste Datenbank ihrer Art weltweit. Sie ist auch die einzige Hom\u00f6opathie-Datenbank, [&hellip;]<\/p>\n","protected":false},"author":835,"featured_media":0,"parent":9731,"menu_order":0,"comment_status":"closed","ping_status":"closed","template":"","meta":{"footnotes":""},"class_list":["post-9732","page","type-page","status-publish","hentry"],"jetpack_sharing_enabled":true,"_links":{"self":[{"href":"https:\/\/www.hri-research.org\/de\/wp-json\/wp\/v2\/pages\/9732","targetHints":{"allow":["GET"]}}],"collection":[{"href":"https:\/\/www.hri-research.org\/de\/wp-json\/wp\/v2\/pages"}],"about":[{"href":"https:\/\/www.hri-research.org\/de\/wp-json\/wp\/v2\/types\/page"}],"author":[{"embeddable":true,"href":"https:\/\/www.hri-research.org\/de\/wp-json\/wp\/v2\/users\/835"}],"replies":[{"embeddable":true,"href":"https:\/\/www.hri-research.org\/de\/wp-json\/wp\/v2\/comments?post=9732"}],"version-history":[{"count":0,"href":"https:\/\/www.hri-research.org\/de\/wp-json\/wp\/v2\/pages\/9732\/revisions"}],"up":[{"embeddable":true,"href":"https:\/\/www.hri-research.org\/de\/wp-json\/wp\/v2\/pages\/9731"}],"wp:attachment":[{"href":"https:\/\/www.hri-research.org\/de\/wp-json\/wp\/v2\/media?parent=9732"}],"curies":[{"name":"wp","href":"https:\/\/api.w.org\/{rel}","templated":true}]}}