{"id":9731,"date":"2018-05-29T08:38:28","date_gmt":"2018-05-29T08:38:28","guid":{"rendered":"https:\/\/www.hri-research.org\/?page_id=9731\/"},"modified":"2023-05-22T10:47:56","modified_gmt":"2023-05-22T10:47:56","slug":"forschungsdatenbanken","status":"publish","type":"page","link":"https:\/\/www.hri-research.org\/de\/informationsquellen\/forschungsdatenbanken\/","title":{"rendered":"Forschungsdatenbanken"},"content":{"rendered":"<p><strong>Wie finde ich Forschungsnachweise f\u00fcr Hom\u00f6opathie?<\/strong><\/p>\n<p>Hom\u00f6opathie ist ein Spezialgebiet, und w\u00e4hrend viele ver\u00f6ffentlichte hom\u00f6opathische Studien durch die Suche in allgemeinen wissenschaftlichen Datenbanken gefunden werden k\u00f6nnen, sind andere schwieriger zu finden.<\/p>\n<p>Hier finden Sie eine Liste allgemeiner und spezieller Datenbanken, die alle Aspekte der Hom\u00f6opathieforschung abdecken, einschlie\u00dflich klinischer und veterin\u00e4rmedizinischer Forschung sowie der Grundlagenforschung.<\/p>\n<p>Diese Datenbanken sind nicht nur per se f\u00fcr Forscher gedacht, sondern f\u00fcr jene Personen, die ein spezielles Interesse f\u00fcr Hom\u00f6opathie haben.<\/p>\n<p><span class=\"no-underline\"><a href=\"https:\/\/www.hri-research.org\/de\/informationsquellen\/forschungsdatenbanken\/datenbanken-zur-homoeopathieforschung\/\"><strong>Datenbanken zur Hom\u00f6opathieforschung<\/span><\/strong><\/a><\/p>\n<p><span class=\"no-underline\"><a href=\"https:\/\/www.hri-research.org\/de\/informationsquellen\/forschungsdatenbanken\/cam-datenbanken\/\"><strong>CAM-Datenbanken<\/span><\/strong><\/a><\/p>\n<p><span class=\"no-underline\"><a href=\"https:\/\/www.hri-research.org\/de\/informationsquellen\/forschungsdatenbanken\/allgemeine-datenbanken\/\"><strong>Allgemeine Datenbanken<\/span><\/strong><\/a><\/p>\n","protected":false},"excerpt":{"rendered":"<p>Wie finde ich Forschungsnachweise f\u00fcr Hom\u00f6opathie? Hom\u00f6opathie ist ein Spezialgebiet, und w\u00e4hrend viele ver\u00f6ffentlichte hom\u00f6opathische Studien durch die Suche in allgemeinen wissenschaftlichen Datenbanken gefunden werden k\u00f6nnen, sind andere schwieriger zu finden. Hier finden Sie eine Liste allgemeiner und spezieller Datenbanken, die alle Aspekte der Hom\u00f6opathieforschung abdecken, einschlie\u00dflich klinischer und veterin\u00e4rmedizinischer Forschung sowie der Grundlagenforschung. Diese [&hellip;]<\/p>\n","protected":false},"author":835,"featured_media":1114,"parent":9714,"menu_order":20,"comment_status":"closed","ping_status":"closed","template":"","meta":{"footnotes":""},"class_list":["post-9731","page","type-page","status-publish","has-post-thumbnail","hentry"],"jetpack_sharing_enabled":true,"_links":{"self":[{"href":"https:\/\/www.hri-research.org\/de\/wp-json\/wp\/v2\/pages\/9731","targetHints":{"allow":["GET"]}}],"collection":[{"href":"https:\/\/www.hri-research.org\/de\/wp-json\/wp\/v2\/pages"}],"about":[{"href":"https:\/\/www.hri-research.org\/de\/wp-json\/wp\/v2\/types\/page"}],"author":[{"embeddable":true,"href":"https:\/\/www.hri-research.org\/de\/wp-json\/wp\/v2\/users\/835"}],"replies":[{"embeddable":true,"href":"https:\/\/www.hri-research.org\/de\/wp-json\/wp\/v2\/comments?post=9731"}],"version-history":[{"count":0,"href":"https:\/\/www.hri-research.org\/de\/wp-json\/wp\/v2\/pages\/9731\/revisions"}],"up":[{"embeddable":true,"href":"https:\/\/www.hri-research.org\/de\/wp-json\/wp\/v2\/pages\/9714"}],"wp:featuredmedia":[{"embeddable":true,"href":"https:\/\/www.hri-research.org\/de\/wp-json\/wp\/v2\/media\/1114"}],"wp:attachment":[{"href":"https:\/\/www.hri-research.org\/de\/wp-json\/wp\/v2\/media?parent=9731"}],"curies":[{"name":"wp","href":"https:\/\/api.w.org\/{rel}","templated":true}]}}