{"id":9728,"date":"2018-05-29T06:24:02","date_gmt":"2018-05-29T06:24:02","guid":{"rendered":"https:\/\/www.hri-research.org\/?page_id=9728\/"},"modified":"2019-10-11T10:34:10","modified_gmt":"2019-10-11T10:34:10","slug":"finanzierung-der-homoeopathieforschung-und-behandlung","status":"publish","type":"page","link":"https:\/\/www.hri-research.org\/de\/informationsquellen\/wichtiges-forschungsmaterial\/finanzierung-der-homoeopathieforschung-und-behandlung\/","title":{"rendered":"Finanzierung der Hom\u00f6opathieforschung und -behandlung"},"content":{"rendered":"<h3><b>Vereinigtes K\u00f6nigreich<\/b><\/h3>\n<p><span style=\"font-weight: 400;\">Vereinigtes K\u00f6nigreich werden 0,0085 % des gesamten Budgets f\u00fcr medizinische Forschung im Bereich Komplement\u00e4r- und Alternativmedizin (CAM) ausgegeben.<\/span><sup><a href=\"http:\/\/www.ncbi.nlm.nih.gov\/pmc\/articles\/PMC2071985\/pdf\/bmj-335-7627-ltr-00951.pdf\"><span style=\"font-weight: 400;\">1<\/span><\/a><\/sup><\/p>\n<p><span style=\"font-weight: 400;\">Vom gesamten Arzneimittelbudget des National Health Service (NHS) in H\u00f6he von \u00a3 100 Milliarden pro Jahr gibt dieser \u00a3 4 Millionen (0,004 %) f\u00fcr Hom\u00f6opathie aus.<sup>2<\/sup> Diese decken s\u00e4mtliche anfallenden Kosten ab, angefangen vom Unterhalt der entsprechenden Krankenhausabteilungen bis zu den Arztgeh\u00e4ltern.<\/span><\/p>\n<p><span style=\"font-weight: 400;\">2016 wurden in Gro\u00dfbritannien 9,2 Mrd \u20ac f\u00fcr Medikamente auf Rezept ausgegeben, wovon nur ein verschwindend geringer Anteil (92.412 GBP) auf die 40,000 hom\u00f6opathische Verschreibungen entfiel.<a href=\"http:\/\/webarchive.nationalarchives.gov.uk\/20180328130852tf_\/http:\/\/content.digital.nhs.uk\/catalogue\/PUB23631\/pres-cost-anal-eng-2016-rep.pdf\/\" target=\"_blank\" rel=\"noopener noreferrer\"><sup>3<\/sup><\/a> Dennoch haben viele gefordert, dass die Ausgaben f\u00fcr hom\u00f6opathische Arzneimittel gestoppt werden sollten mit der Begr\u00fcndung, dies w\u00fcrde dem NHS Geld sparen.<\/span><\/p>\n<p>Inzwischen finanziert der NHS hom\u00f6opathische Arzneimittel nicht mehr.<\/p>\n<p><a href=\"#\" class=\"expand-content button accent-bg\" id=\"69e11594f2da6\"><span class=\"expand-content-more\">Referenzen<\/span><span class=\"expand-content-less\">Weniger<\/span><\/a><\/p><div class=\"collapse-content\" id=\"panel-69e11594f2da6\">\n<ol>\n<li>Lewith GT. Funding for CAM. <em>BMJ,<\/em>\u00a02007;\u00a0<strong>335<\/strong>\u00a0(7627): 951 |\u00a0<a href=\"http:\/\/www.ncbi.nlm.nih.gov\/pmc\/articles\/PMC2071985\/\" target=\"_blank\" rel=\"noopener noreferrer\">PubMed<\/a><\/li>\n<li>Freedom of Information Act request to the Department of Health by the Faculty of Homeopathy. Cost was \u00a311.89 million between 2005 and 2008.<\/li>\n<li>NHS Digital, March 2017. Prescription cost analysis England 2016 | <a href=\"http:\/\/webarchive.nationalarchives.gov.uk\/20180328130852tf_\/http:\/\/content.digital.nhs.uk\/catalogue\/PUB23631\/pres-cost-anal-eng-2016-rep.pdf\/\" target=\"_blank\" rel=\"noopener noreferrer\">Link<\/a><\/div><!-- de --><\/li>\n<\/ol>\n","protected":false},"excerpt":{"rendered":"<p>Vereinigtes K\u00f6nigreich Vereinigtes K\u00f6nigreich werden 0,0085 % des gesamten Budgets f\u00fcr medizinische Forschung im Bereich Komplement\u00e4r- und Alternativmedizin (CAM) ausgegeben.1 Vom gesamten Arzneimittelbudget des National Health Service (NHS) in H\u00f6he von \u00a3 100 Milliarden pro Jahr gibt dieser \u00a3 4 Millionen (0,004 %) f\u00fcr Hom\u00f6opathie aus.2 Diese decken s\u00e4mtliche anfallenden Kosten ab, angefangen vom Unterhalt [&hellip;]<\/p>\n","protected":false},"author":835,"featured_media":0,"parent":9720,"menu_order":0,"comment_status":"closed","ping_status":"closed","template":"","meta":{"footnotes":""},"class_list":["post-9728","page","type-page","status-publish","hentry"],"jetpack_sharing_enabled":true,"_links":{"self":[{"href":"https:\/\/www.hri-research.org\/de\/wp-json\/wp\/v2\/pages\/9728","targetHints":{"allow":["GET"]}}],"collection":[{"href":"https:\/\/www.hri-research.org\/de\/wp-json\/wp\/v2\/pages"}],"about":[{"href":"https:\/\/www.hri-research.org\/de\/wp-json\/wp\/v2\/types\/page"}],"author":[{"embeddable":true,"href":"https:\/\/www.hri-research.org\/de\/wp-json\/wp\/v2\/users\/835"}],"replies":[{"embeddable":true,"href":"https:\/\/www.hri-research.org\/de\/wp-json\/wp\/v2\/comments?post=9728"}],"version-history":[{"count":0,"href":"https:\/\/www.hri-research.org\/de\/wp-json\/wp\/v2\/pages\/9728\/revisions"}],"up":[{"embeddable":true,"href":"https:\/\/www.hri-research.org\/de\/wp-json\/wp\/v2\/pages\/9720"}],"wp:attachment":[{"href":"https:\/\/www.hri-research.org\/de\/wp-json\/wp\/v2\/media?parent=9728"}],"curies":[{"name":"wp","href":"https:\/\/api.w.org\/{rel}","templated":true}]}}