{"id":9727,"date":"2018-05-29T06:23:12","date_gmt":"2018-05-29T06:23:12","guid":{"rendered":"https:\/\/www.hri-research.org\/?page_id=9727\/"},"modified":"2021-11-29T18:12:39","modified_gmt":"2021-11-29T18:12:39","slug":"experimentelle-forschung","status":"publish","type":"page","link":"https:\/\/www.hri-research.org\/de\/informationsquellen\/wichtiges-forschungsmaterial\/experimentelle-forschung\/","title":{"rendered":"Experimentelle Forschung"},"content":{"rendered":"<p><span style=\"font-weight: 400;\">Zahlreiche Laborstudien haben nachgewiesen, dass hom\u00f6opathische Arzneimittel in ultrahohen Verd\u00fcnnungen biologische Wirkungen zeigen. Hier stellen wir einige der hochwertigsten und meistreproduzierten Experimente vor:<\/span><\/p>\n<h3><span class=\"accent\">D<b>er Basophilen-Degranulationstest<\/b><\/span><\/h3>\n<p class=\"no-margin\"><span style=\"font-weight: 400;\">Zu diesem Thema wurden 28 wissenschaftliche Arbeiten ver\u00f6ffentlicht, von denen 23 positive Ergebnisse berichteten. <\/span><span style=\"font-weight: 400;\">11 Ver\u00f6ffentlichungen wurden als qualitativ hochwertig beurteilt; 8 davon berichteten positive Ergebnisse<\/span>.<sup><sup><a title=\"Witt CM, Bluth M, Albrecht H, Weisshuhn TE, Baumgartner S, Willich SN. The in vitro evidence for an effect of high homeopathic potencies--a systematic review of the literature. Complement Ther Med. 2007 Jun;15(2):128-38.\" href=\"http:\/\/www.ncbi.nlm.nih.gov\/pubmed\/17544864\" target=\"_blank\" rel=\"noopener noreferrer\">1<br \/>\n<\/a><\/sup><\/sup><p><a href=\"#\" class=\"expand-content\" id=\"69f07bbeeeb34\"><span class=\"expand-content-more\">Mehr<\/span><span class=\"expand-content-less\">Weniger<\/span><\/a><\/p><div class=\"collapse-content\" id=\"panel-69f07bbeeeb34\">\n<p><span style=\"font-weight: 400;\">Die Wissenschaftler, die dieses Experiment konzipierten, erkl\u00e4ren: \u201eWenn humane polymorphkernige Basophile, eine Art von Leukozyten mit Antik\u00f6rpern vom Typ Immunglobulin\u00a0E\u00a0(IgE) auf der Oberfl\u00e4che, mit Anti-IgE-Antik\u00f6rpern in Kontakt gebracht werden, setzen sie aus ihren intrazellul\u00e4ren Granula Histamin frei und ver\u00e4ndern ihre F\u00e4rbeeigenschaften. Letzteres kann bei Verd\u00fcnnungen der Anti-IgE in einem Bereich von 10<\/span><sup><span style=\"font-weight: 400;\">-2<\/span><\/sup><span style=\"font-weight: 400;\"> bis 10<\/span><sup><span style=\"font-weight: 400;\">-120<\/span><\/sup><span style=\"font-weight: 400;\"> nachgewiesen werden; in diesem Bereich werden aufeinanderfolgende<\/span><span style=\"font-weight: 400;\"> Spitzenwerte bei der Degranulation von 40\u00a0bis 60\u00a0<\/span><span style=\"font-weight: 400;\">%<\/span><span style=\"font-weight: 400;\"> der Basophilen beobachtet\u2013 und das trotz der rechnerischen Abwesenheit jeglicher Anti-IgE-Molek\u00fcle in den h\u00f6chsten Verd\u00fcnnungen.\u201c<\/span><\/p>\n<p class=\"no-margin\"><span style=\"font-weight: 400;\">Die erste Studie, die dieses Modell verwendete, berichtete von einer Hemmung der Degranulation mit ultramolekularen Verd\u00fcnnungen von Anti-IgE<\/span><sup><a href=\"http:\/\/www.ncbi.nlm.nih.gov\/pubmed\/2455231\"><span style=\"font-weight: 400;\">2<\/span><\/a><\/sup><span style=\"font-weight: 400;\">, doch erwiesen sich diese ersten Experimente als nicht reproduzierbar.<\/span><sup><a href=\"http:\/\/www.ncbi.nlm.nih.gov\/pubmed\/1376282\"><span style=\"font-weight: 400;\">3<\/span><\/a><span style=\"font-weight: 400;\">,<\/span><a href=\"http:\/\/www.ncbi.nlm.nih.gov\/pubmed\/8255290\"><span style=\"font-weight: 400;\">4<\/span><\/a><\/sup><span style=\"font-weight: 400;\"> Weitere Studien mit einer modifizierten Methode (Anwendung ultramolekularer Verd\u00fcnnungen von Histamin anstelle von Anti-IgE) zeigten allerdings positive Ergebnisse. Diese Ergebnisse wurden in mehreren unabh\u00e4ngigen Labors<\/span><sup><a href=\"http:\/\/www.ncbi.nlm.nih.gov\/pubmed\/10350142\"><span style=\"font-weight: 400;\">5<\/span><\/a><span style=\"font-weight: 400;\">,<\/span><a href=\"http:\/\/www.ncbi.nlm.nih.gov\/pubmed\/14707480\"><span style=\"font-weight: 400;\">6<\/span><\/a><\/sup><span style=\"font-weight: 400;\"> sowie in einer multizentrischen Reihe von Experimenten reproduziert.<\/span><sup><a href=\"http:\/\/www.ncbi.nlm.nih.gov\/pubmed\/15105967\"><span style=\"font-weight: 400;\">7<\/span><\/a><\/sup><span style=\"font-size: 14px;\"><\/div><!-- de --><\/span><\/p>\n<h3><span class=\"accent\"><strong>D<b>ie Auswirkung von hom\u00f6opathisch aufbereitetem Thyroxin auf die Entwicklung von Kaulquappen<\/b><\/strong><\/span><\/h3>\n<p><span style=\"font-weight: 400;\">Bei Amphibien stimuliert das Hormon Thyroxin die Metamorphose. Seit beinahe 20 Jahren testen verschiedene Teams hom\u00f6opathische Verd\u00fcnnungen von Thyroxin an Fr\u00f6schen, indem sie das Hormon dem Badegew\u00e4sser zusetzen, in dem Kaulquappen gehalten werden.<\/span><\/p>\n<p class=\"no-margin\"><span style=\"font-weight: 400;\">Zwar fielen die genauen Ergebnisse unterschiedlich aus, doch stellten 20\/22 Experimente die gleiche Tendenz fest: <\/span><i><span style=\"font-weight: 400;\">Thyroxin D30<\/span><\/i><span style=\"font-weight: 400;\"> (in einem hom\u00f6opathischen Herstellungsprozess \u00fcber die Avogadrogrenze hinaus verd\u00fcnnt) hemmt die Metamorphose.<\/span><\/p>\n<p class=\"no-margin\"><p><a href=\"#\" class=\"expand-content\" id=\"69f07bbeeeb52\"><span class=\"expand-content-more\">Mehr<\/span><span class=\"expand-content-less\">Weniger<\/span><\/a><\/p><div class=\"collapse-content\" id=\"panel-69f07bbeeeb52\"><span style=\"font-weight: 400;\">Eine unabh\u00e4ngige Metaanalyse dieser Studien identifizierte 22 Experimente, von denen 15 von dem urspr\u00fcnglichen Team in \u00d6sterreich und 7 von unabh\u00e4ngigen Forschern durchgef\u00fchrt wurden<\/span><a href=\"http:\/\/www.ncbi.nlm.nih.gov\/pubmed\/23290876\"><span style=\"font-weight: 400;\"><sup>8<\/sup><\/span><\/a><span style=\"font-weight: 400;\">.\u00a0<\/span><span style=\"font-weight: 400;\">Dieser Effekt ist nun von Forschern aus \u00d6sterreich, Deutschland, der Schweiz und den Niederlanden beobachtet worden. <\/span>\u00a0<\/div><!-- de --><\/p>\n<h3><span class=\"accent no-underline\">D<b>ie Herausforderung der Reproduzierbarkeit<\/b><\/span><\/h3>\n<p><span style=\"font-weight: 400;\">Obwohl diese Laborstudien zeigen, dass hom\u00f6opathische Arzneimittel biologische Wirkungen erzeugen k\u00f6nnen, war bisher noch kein positives Ergebnis stark genug, um es jedes Mal von allen Forschern reproduziert werden zu k\u00f6nnen. Aber nahezu 75\u00a0<\/span><span style=\"font-weight: 400;\">%<\/span><span style=\"font-weight: 400;\"> der <\/span><i><span style=\"font-weight: 400;\">In-vitro-<\/span><\/i><span style=\"font-weight: 400;\">Experimente mit ultrahohen Verd\u00fcnnungen zeigen, dass die Substanz eine Wirkung hat, und fast 75\u00a0<\/span><span style=\"font-weight: 400;\">%<\/span><span style=\"font-weight: 400;\"> der Wiederholungen verliefen positiv<\/span>.<a href=\"http:\/\/www.ncbi.nlm.nih.gov\/pubmed\/17544864\" target=\"_blank\" rel=\"noopener noreferrer\"><sup>1<\/sup><\/a><\/p>\n<p><span style=\"font-weight: 400;\">Wissenschaftler gewinnen zunehmend Erfahrung beim Experimentieren mit ultrahohen Verd\u00fcnnungen und finden nun nach und nach heraus, welche Faktoren die Ergebnisse beeinflussen. Dementsprechend verbessert sich auch die Reproduzierbarkeit<sup>\u00a0<\/sup><\/span><sup><a href=\"http:\/\/www.ncbi.nlm.nih.gov\/pubmed\/20129174\"><span style=\"font-weight: 400;\">9<\/span><\/a><\/sup><span style=\"font-weight: 400;\"><sup>.<\/sup> Die oben beschriebenen Experimente mit Basophilen und Fr\u00f6schen zeigten bisher die beste Reproduzierbarkeit; Fortschritte werden inzwischen auch bei der Suche nach den bestreproduzierbaren <\/span><a href=\"https:\/\/www.hri-research.org\/wp-content\/uploads\/2014\/08\/HRI_ResearchArticle_16_Baumgartner_PlantModels.pdf\"><span style=\"font-weight: 400;\">pflanzenbasierten Experimenten<\/span><\/a><span style=\"font-weight: 400;\"> erzielt.<\/span><\/p>\n<p><span style=\"font-weight: 400;\">Bis man jedoch ein Experiment aufstellen kann, mit dem jedes Team jedes Mal genau dieselbe Wirkung erzielt, wird dieses Gebiet umstritten bleiben. Hierin besteht die permanente Herausforderung, vor der die Grundlagenforscher in der Hom\u00f6opathie stehen.<\/span><\/p>\n<h3><span class=\"accent\">Dr. Stephan Baumgartner, <b>Universit\u00e4t Bern, Schweiz<\/b><\/span><\/h3>\n<p><span style=\"font-weight: 400;\">Bahnbrechende Arbeit bei der Pr\u00fcfung hom\u00f6opathischer Arzneimittel an <\/span><span style=\"font-weight: 400;\">Pflanzen <\/span><i><span style=\"font-weight: 400;\">[auf Englisch]<\/span><\/i><span style=\"font-weight: 400;\">:<\/span><\/p>\n<p><span class=\"embed-youtube\" style=\"text-align:center; display: block;\"><iframe loading=\"lazy\" class=\"youtube-player\" width=\"520\" height=\"293\" src=\"https:\/\/www.youtube.com\/embed\/l5uhEG7hK-I?version=3&#038;rel=1&#038;showsearch=0&#038;showinfo=1&#038;iv_load_policy=1&#038;fs=1&#038;hl=de-DE&#038;autohide=2&#038;wmode=transparent\" allowfullscreen=\"true\" style=\"border:0;\" sandbox=\"allow-scripts allow-same-origin allow-popups allow-presentation allow-popups-to-escape-sandbox\"><\/iframe><\/span><\/p>\n<p><span style=\"font-weight: 400;\">und die raschen Fortschritte durch innovative K\u00f6pfe in der hom\u00f6opathischen Grundlagenforschung <\/span><i><span style=\"font-weight: 400;\">[auf Englisch]<\/span><\/i><span style=\"font-weight: 400;\">:<\/span><\/p>\n<p><span class=\"embed-youtube\" style=\"text-align:center; display: block;\"><iframe loading=\"lazy\" class=\"youtube-player\" width=\"520\" height=\"293\" src=\"https:\/\/www.youtube.com\/embed\/8k-GzvljpPA?version=3&#038;rel=1&#038;showsearch=0&#038;showinfo=1&#038;iv_load_policy=1&#038;fs=1&#038;hl=de-DE&#038;autohide=2&#038;wmode=transparent\" allowfullscreen=\"true\" style=\"border:0;\" sandbox=\"allow-scripts allow-same-origin allow-popups allow-presentation allow-popups-to-escape-sandbox\"><\/iframe><\/span><\/p>\n<p><a href=\"#\" class=\"expand-content button accent-bg\" id=\"69f07bbeeeb71\"><span class=\"expand-content-more\">Referenzen<\/span><span class=\"expand-content-less\">Weniger<\/span><\/a><\/p><div class=\"collapse-content\" id=\"panel-69f07bbeeeb71\">\n<ol>\n<li>Witt CM, Bluth M, Albrecht H, Weisshuhn TE, Baumgartner S, Willich SN.\u00a0The in vitro evidence for an effect of high homeopathic potencies\u2013a systematic review of the literature.\u00a0<em>Complement Ther Med<\/em>., 2007;\u00a0<strong>15<\/strong>(2):128-38 |\u00a0<a href=\"http:\/\/www.ncbi.nlm.nih.gov\/pubmed\/17544864\" target=\"_blank\" rel=\"noopener noreferrer\">PubMed<\/a><\/li>\n<li>Davenas E, Beauvais F, Amara J, et al. Human basophil de-granulation triggered by very dilute antiserum against IgE. <em>Nature<\/em>, 1988;<strong> 333<\/strong>: 816\u2013818 | <a href=\"http:\/\/www.ncbi.nlm.nih.gov\/pubmed\/2455231\" target=\"_blank\" rel=\"noopener noreferrer\">PubMed<\/a><\/li>\n<li>Ovelg\u00f6nne JH, Bol AW, Hop WC, van Wijk R. Mechanical agitation of very dilute antiserum against IgE has no effect on basophil staining properties. <em>Experientia,<\/em> 1992; <strong>48<\/strong>: 504\u2013508 |\u00a0<a href=\"http:\/\/www.ncbi.nlm.nih.gov\/pubmed\/1376282\" target=\"_blank\" rel=\"noopener noreferrer\">PubMed<\/a><\/li>\n<li>Hirst SJ, Hayes NA, Burridge J, et al. Human basophil degranulation is not triggered by very dilute antiserum against human IgE. <em>Nature<\/em>, 1993; <strong>366<\/strong>: 525\u2013527 |\u00a0<a href=\"http:\/\/www.ncbi.nlm.nih.gov\/pubmed\/8255290\" target=\"_blank\" rel=\"noopener noreferrer\">PubMed<\/a><\/li>\n<li>Belon P, Cumps J, Ennis M, et al. Inhibition of human basophil degranulation by successive histamine dilutions: results of a European multi-centre trial.<em> Inflammation Research<\/em>, 1999; <strong>48<\/strong> (Suppl 1): S17\u201318 |\u00a0<a href=\"https:\/\/www.ncbi.nlm.nih.gov\/pubmed\/10350142\" target=\"_blank\" rel=\"noopener noreferrer\">PubMed<\/a><\/li>\n<li>Lorenz I, Schneider EM, Stolz P, et al. Sensitive flow cytometric method to test basophil activation influenced by homeopathic histamine dilution. <em>Forschende Komplement\u00e4rmedizin<\/em>, 2003; <strong>10<\/strong>: 316\u2013324 |\u00a0<a href=\"http:\/\/www.ncbi.nlm.nih.gov\/pubmed\/14707480\" target=\"_blank\" rel=\"noopener noreferrer\">PubMed<\/a><\/li>\n<li>Belon P, Cumps J, Ennis M, et al. Histamine dilutions modulate basophil activation. <em>Inflammation Research<\/em>, 2004; <strong>53<\/strong>: 181\u2013188 |\u00a0<a href=\"http:\/\/www.ncbi.nlm.nih.gov\/pubmed\/15105967\" target=\"_blank\" rel=\"noopener noreferrer\">PubMed<\/a><\/li>\n<li>Harrer B. Replication of an experiment on extremely diluted thyroxine and\u2028highland amphibians. <em>Homeopathy,<\/em>\u00a02013;\u00a0<strong>102<\/strong>(1):25-303 |\u00a0<a href=\"http:\/\/www.ncbi.nlm.nih.gov\/pubmed\/23290876\" target=\"_blank\" rel=\"noopener noreferrer\">PubMed<\/a><\/li>\n<li>Endler P, Thieves K, Reich C, Matthiessen P, Bonamin L, Scherr C, Baumgartner S. Repetitions of fundamental research models for homeopathically prepared dilutions beyond 10(-23): a bibliometric study.\u00a0<em>Homeopathy,<\/em>\u00a02010; <strong>99<\/strong>(1):25-36 |\u00a0<a href=\"http:\/\/www.ncbi.nlm.nih.gov\/pubmed\/20129174\" target=\"_blank\" rel=\"noopener noreferrer\">PubMed<\/a>\u00a0|\u00a0<a href=\"https:\/\/www.hri-research.org\/wp-content\/uploads\/2014\/08\/Moebius-S_Endler-et-al_Improvements-seen-in-reproducibility-of-basic-research-results2010.pdf\">HRI Synopsis<\/a>\u00a0<\/div><!-- de --><\/li>\n<\/ol>\n","protected":false},"excerpt":{"rendered":"<p>Zahlreiche Laborstudien haben nachgewiesen, dass hom\u00f6opathische Arzneimittel in ultrahohen Verd\u00fcnnungen biologische Wirkungen zeigen. Hier stellen wir einige der hochwertigsten und meistreproduzierten Experimente vor: Der Basophilen-Degranulationstest Zu diesem Thema wurden 28 wissenschaftliche Arbeiten ver\u00f6ffentlicht, von denen 23 positive Ergebnisse berichteten. 11 Ver\u00f6ffentlichungen wurden als qualitativ hochwertig beurteilt; 8 davon berichteten positive Ergebnisse.1 Die Auswirkung von hom\u00f6opathisch [&hellip;]<\/p>\n","protected":false},"author":835,"featured_media":0,"parent":9720,"menu_order":0,"comment_status":"closed","ping_status":"closed","template":"","meta":{"footnotes":""},"class_list":["post-9727","page","type-page","status-publish","hentry"],"jetpack_sharing_enabled":true,"_links":{"self":[{"href":"https:\/\/www.hri-research.org\/de\/wp-json\/wp\/v2\/pages\/9727","targetHints":{"allow":["GET"]}}],"collection":[{"href":"https:\/\/www.hri-research.org\/de\/wp-json\/wp\/v2\/pages"}],"about":[{"href":"https:\/\/www.hri-research.org\/de\/wp-json\/wp\/v2\/types\/page"}],"author":[{"embeddable":true,"href":"https:\/\/www.hri-research.org\/de\/wp-json\/wp\/v2\/users\/835"}],"replies":[{"embeddable":true,"href":"https:\/\/www.hri-research.org\/de\/wp-json\/wp\/v2\/comments?post=9727"}],"version-history":[{"count":0,"href":"https:\/\/www.hri-research.org\/de\/wp-json\/wp\/v2\/pages\/9727\/revisions"}],"up":[{"embeddable":true,"href":"https:\/\/www.hri-research.org\/de\/wp-json\/wp\/v2\/pages\/9720"}],"wp:attachment":[{"href":"https:\/\/www.hri-research.org\/de\/wp-json\/wp\/v2\/media?parent=9727"}],"curies":[{"name":"wp","href":"https:\/\/api.w.org\/{rel}","templated":true}]}}