{"id":9723,"date":"2018-05-29T06:20:42","date_gmt":"2018-05-29T06:20:42","guid":{"rendered":"https:\/\/www.hri-research.org\/?page_id=9723\/"},"modified":"2020-12-07T14:00:28","modified_gmt":"2020-12-07T14:00:28","slug":"studien-zu-spezifischen-erkrankungen","status":"publish","type":"page","link":"https:\/\/www.hri-research.org\/de\/informationsquellen\/wichtiges-forschungsmaterial\/studien-zu-spezifischen-erkrankungen\/","title":{"rendered":"Studien zu spezifischen Erkrankungen"},"content":{"rendered":"<p><span style=\"font-weight: 400;\">Die folgenden Studien sind Beispiele f\u00fcr qualitativ hochwertige Studien, die positiv ausfielen und noch von keiner anderen direkt vergleichbaren Studie (die also dieselbe hom\u00f6opathische Behandlung f\u00fcr dieselbe Erkrankung pr\u00fcft) widerlegt worden sind:<\/span><\/p>\n<ul>\n<li style=\"font-weight: 400;\"><span class=\"accent\"><b>Durchfall<\/b><\/span><span style=\"font-weight: 400;\">:<\/span><span style=\"font-weight: 400;\"> Individualisierte hom\u00f6opathische Behandlung von Durchfall bei Kindern. Eine Metaanalyse von 3 placebokontrollierten randomisierten Studien von Jacobs\u00a0et\u00a0al. aus dem Jahr 2003 zeigte eine Verk\u00fcrzung der Durchfalldauer bei hom\u00f6opathischer Behandlung (p\u00a0=\u00a00,008).<\/span><sup><a href=\"http:\/\/www.ncbi.nlm.nih.gov\/pubmed\/12634583\"><span style=\"font-weight: 400;\">1<\/span><\/a><\/sup><\/li>\n<li style=\"font-weight: 400;\"><span class=\"accent\"><b>Otitis media (Mittelohrentz\u00fcndung)<\/b><\/span><span style=\"font-weight: 400;\">: 2 Studien zur individualisierten Behandlung von Ohrinfektionen bei Kindern ergaben signifikante positive Ergebnisse\u00a0<\/span><sup><a href=\"http:\/\/www.ncbi.nlm.nih.gov\/pubmed\/11224838\"><span style=\"font-weight: 400;\">2<\/span><\/a><span style=\"font-weight: 400;\">,<\/span><a href=\"http:\/\/www.ncbi.nlm.nih.gov\/pubmed\/22226309\"><span style=\"font-weight: 400;\">3<\/span><\/a><\/sup><\/li>\n<li style=\"font-weight: 400;\"><span class=\"accent\"><span class=\"accent\"><b>Allergische Rhinitis<\/b><\/span><\/span><span style=\"font-weight: 400;\">: Die hom\u00f6opathischen Arzneimittel <\/span><i><span style=\"font-weight: 400;\">Galphimia glauca <\/span><\/i><span style=\"font-weight: 400;\">(Metaanalyse)<\/span><sup><a href=\"https:\/\/www.karger.com\/Article\/Pdf\/210233\"><span style=\"font-weight: 400;\">4<\/span><\/a><\/sup><span style=\"font-weight: 400;\"> und <\/span><i><span style=\"font-weight: 400;\">Pollen C30<\/span><\/i><sup><a href=\"http:\/\/www.ncbi.nlm.nih.gov\/pubmed\/2876326\"><i><span style=\"font-weight: 400;\">5<\/span><\/i><\/a><\/sup><span style=\"font-weight: 400;\"> erwiesen sich bei der Behandlung von Heuschnupfen als wirksam.<\/span><\/li>\n<li style=\"font-weight: 400;\"><span class=\"accent\"><b>Schwindel<\/b><\/span><span style=\"font-weight: 400;\">:<\/span><span style=\"font-weight: 400;\"> Das hom\u00f6opathische Komplexmittel <\/span><i><span style=\"font-weight: 400;\">Vertigoheel<\/span><\/i><span style=\"font-weight: 400;\"> zur Behandlung von Schwindel.<\/span><sup><a href=\"http:\/\/www.biopathica.co.uk\/Articles\/Dizziness\/19%20-%20Vertigo%20Treatment%20with%20a%20Homeopathic%20Complex%20Remedy.pdf\"><span style=\"font-weight: 400;\">6<\/span><\/a><\/sup><\/li>\n<\/ul>\n<p><span style=\"font-weight: 400;\">Diese Studien stellen hom\u00f6opathische Arzneimittel vor, die weiter erforscht werden sollten und potenziell in gr\u00f6\u00dferem Ausma\u00df eingesetzt werden k\u00f6nnten.<\/span><\/p>\n<p><a href=\"#\" class=\"expand-content button accent-bg\" id=\"69fc8ca207a3e\"><span class=\"expand-content-more\">Referenzen<\/span><span class=\"expand-content-less\">Weniger<\/span><\/a><\/p><div class=\"collapse-content\" id=\"panel-69fc8ca207a3e\">\n<ol>\n<li>Jacobs, J., Jonas, W. B., Jim\u00e9nez-P\u00e9rez, M. &amp; Crothers, D. Homeopathy for childhood diarrhea: combined results and metaanalysis from three randomized, controlled clinical trials.<em>Pediatr. Infect. Dis. J.,<\/em>\u00a02003;\u00a0<strong>22:<\/strong>229\u2013234 |\u00a0<a href=\"http:\/\/www.ncbi.nlm.nih.gov\/pubmed\/12634583\" target=\"_blank\" rel=\"noopener noreferrer\">PubMed<\/a><\/li>\n<li>Jacobs J, Springer DA, Crothers D. Homeopathic treatment of acute otitis media in children: a preliminary randomized placebo-controlled trial. <em>Pediatr Infect Dis J<\/em>., 2001; <strong>20<\/strong>(2): 177-83 |\u00a0<a href=\"http:\/\/www.ncbi.nlm.nih.gov\/pubmed\/11224838\" target=\"_blank\" rel=\"noopener noreferrer\">PubMed<\/a><\/li>\n<li>Sinha, M. N. <em>et al.<\/em> Randomized controlled pilot study to compare Homeopathy and Conventional therapy in Acute Otitis Media.\u00a0<em>Homeopat. J. Fac. Homeopat., 2012;<\/em><strong>101:<\/strong>5\u201312 |\u00a0<a href=\"http:\/\/www.ncbi.nlm.nih.gov\/pubmed\/22226309\" target=\"_blank\" rel=\"noopener noreferrer\">PubMed<\/a><\/li>\n<li>Wiesenauer and L\u00fcdtke. A meta analysis of the homeopathic treatment of pollinosis with Galphimia glauca. <em>Forsch. Komplement\u00e4rmed.,<\/em> 1996; <strong>3<\/strong>: 230-234 | <a href=\"https:\/\/www.karger.com\/Article\/Pdf\/210233\" target=\"_blank\" rel=\"noopener noreferrer\">Link<\/a><\/li>\n<li>Reilly, D. T., Taylor, M. A., et al. \u201cIs homoeopathy a placebo response? Controlled trial of homoeopathic potency, with pollen in hayfever as model.\u201d <em>Lancet,\u00a0<\/em>1986;<strong>2<\/strong>(8512):881-886 |\u00a0<a href=\"http:\/\/www.ncbi.nlm.nih.gov\/pubmed\/2876326\" target=\"_blank\" rel=\"noopener noreferrer\">PubMed<\/a><\/li>\n<li>Schneider et al. Treatment of vertigo with a homeopathic complex remedy compared with usual treatments \u2013 a meta-analysis of clinical trials, <em>Arzneim.-Forschung,<\/em> 2005;<strong>55<\/strong>(1):23-29 | <a href=\"http:\/\/www.biopathica.co.uk\/Articles\/Dizziness\/19%20-%20Vertigo%20Treatment%20with%20a%20Homeopathic%20Complex%20Remedy.pdf\" target=\"_blank\" rel=\"noopener noreferrer\">PubMed<\/a><br \/>\n<\/div><!-- de --><\/li>\n<\/ol>\n<p>&nbsp;<\/p>\n","protected":false},"excerpt":{"rendered":"<p>Die folgenden Studien sind Beispiele f\u00fcr qualitativ hochwertige Studien, die positiv ausfielen und noch von keiner anderen direkt vergleichbaren Studie (die also dieselbe hom\u00f6opathische Behandlung f\u00fcr dieselbe Erkrankung pr\u00fcft) widerlegt worden sind: Durchfall: Individualisierte hom\u00f6opathische Behandlung von Durchfall bei Kindern. Eine Metaanalyse von 3 placebokontrollierten randomisierten Studien von Jacobs\u00a0et\u00a0al. aus dem Jahr 2003 zeigte eine [&hellip;]<\/p>\n","protected":false},"author":835,"featured_media":0,"parent":9720,"menu_order":0,"comment_status":"closed","ping_status":"closed","template":"","meta":{"footnotes":""},"class_list":["post-9723","page","type-page","status-publish","hentry"],"jetpack_sharing_enabled":true,"_links":{"self":[{"href":"https:\/\/www.hri-research.org\/de\/wp-json\/wp\/v2\/pages\/9723","targetHints":{"allow":["GET"]}}],"collection":[{"href":"https:\/\/www.hri-research.org\/de\/wp-json\/wp\/v2\/pages"}],"about":[{"href":"https:\/\/www.hri-research.org\/de\/wp-json\/wp\/v2\/types\/page"}],"author":[{"embeddable":true,"href":"https:\/\/www.hri-research.org\/de\/wp-json\/wp\/v2\/users\/835"}],"replies":[{"embeddable":true,"href":"https:\/\/www.hri-research.org\/de\/wp-json\/wp\/v2\/comments?post=9723"}],"version-history":[{"count":0,"href":"https:\/\/www.hri-research.org\/de\/wp-json\/wp\/v2\/pages\/9723\/revisions"}],"up":[{"embeddable":true,"href":"https:\/\/www.hri-research.org\/de\/wp-json\/wp\/v2\/pages\/9720"}],"wp:attachment":[{"href":"https:\/\/www.hri-research.org\/de\/wp-json\/wp\/v2\/media?parent=9723"}],"curies":[{"name":"wp","href":"https:\/\/api.w.org\/{rel}","templated":true}]}}