{"id":9721,"date":"2018-05-29T06:18:15","date_gmt":"2018-05-29T06:18:15","guid":{"rendered":"https:\/\/www.hri-research.org\/?page_id=9721\/"},"modified":"2025-02-11T13:27:07","modified_gmt":"2025-02-11T13:27:07","slug":"der-einsatz-der-homoeopathie-weltweit","status":"publish","type":"page","link":"https:\/\/www.hri-research.org\/de\/informationsquellen\/wichtiges-forschungsmaterial\/der-einsatz-der-homoeopathie-weltweit\/","title":{"rendered":"Der Einsatz der Hom\u00f6opathie weltweit"},"content":{"rendered":"<h3><span class=\"accent\">Weltweit<\/span><\/h3>\n<ul>\n<li style=\"font-weight: 400;\"><span style=\"font-weight: 400;\">Weltweit verwenden mehr als 200 Millionen Menschen regelm\u00e4\u00dfig hom\u00f6opathische Arzneimittel.<\/span><sup><a href=\"http:\/\/www.ncbi.nlm.nih.gov\/pubmed\/18035598\"><span style=\"font-weight: 400;\">1<\/span><\/a><span style=\"font-weight: 400;\">,\u00a0<\/span><a href=\"https:\/\/www.hri-research.org\/wp-content\/uploads\/2014\/11\/Commission_Report_Dir_92-73_and_92-74_Homeo_July_1997.pdf\"><span style=\"font-weight: 400;\">2<\/span><\/a><\/sup><\/li>\n<li><span style=\"font-weight: 400;\">In 16 untersuchten L\u00e4ndern haben sechs von zehn Menschen bereits Hom\u00f6opathie* angewendet, und 55 % der Menschen weltweit beabsichtigen, Hom\u00f6opathie in Zukunft anzuwenden.<\/span><sup><a href=\"https:\/\/harris-interactive.fr\/opinion_polls\/lusage-de-lhomeopathie-dans-le-monde-2\/\" target=\"_blank\" rel=\"noopener noreferrer\">3<\/a><\/sup><\/li>\n<li style=\"font-weight: 400;\"><span style=\"font-weight: 400;\">Hom\u00f6opathie ist in die nationalen Gesundheitssysteme mehrerer L\u00e4nder integriert, wie z. B. in Brasilien, Chile, Indien, Mexiko, Pakistan und der Schweiz.<\/span><\/li>\n<\/ul>\n<span id=\"india\"><\/span>\n<h3><span class=\"accent\">Europa<\/span><\/h3>\n<ul>\n<li style=\"font-weight: 400;\" aria-level=\"1\"><span style=\"font-weight: 400;\">100 Millionen EU-B\u00fcrger, etwa 29 % der EU-Bev\u00f6lkerung, verwenden hom\u00f6opathische Arzneimittel im Rahmen ihrer t\u00e4glichen Gesundheitsversorgung.<sup><a title=\"\" href=\"https:\/\/www.hri-research.org\/wp-content\/uploads\/2014\/11\/Commission_Report_Dir_92-73_and_92-74_Homeo_July_1997.pdf\" target=\"_blank\" rel=\"noopener noreferrer\" aria-describedby=\"ui-id-7\">2<\/a><\/sup><\/span><\/li>\n<li style=\"font-weight: 400;\" aria-level=\"1\">Hom\u00f6opathie wird in 40 von 42 europ\u00e4ischen L\u00e4ndern praktiziert.<span><sup><a href=\"http:\/\/apps.who.int\/medicinedocs\/pdf\/h2943e\/h2943e.pdf\" target=\"_blank\" rel=\"noopener noreferrer\">4<\/a><\/sup><\/span><\/li>\n<\/ul>\n<h3><span class=\"accent\">Indien<\/span><\/h3>\n<ul>\n<li style=\"font-weight: 400;\" aria-level=\"1\"><span style=\"font-weight: 400;\">Indien ist f\u00fchrend, was die Anzahl der Menschen angeht, die Hom\u00f6opathie anwenden: etwa 1,2 Milliarden* Menschen wenden Hom\u00f6opathie an (83 % der indischen Bev\u00f6lkerung)<\/span><span style=\"font-weight: 400;\">\u00b2<\/span><span style=\"font-weight: 400;\">, wobei 100 Millionen Menschen ausschlie\u00dflich auf Hom\u00f6opathie f\u00fcr ihre medizinische Versorgung angewiesen sind.<sup><a href=\"https:\/\/harris-interactive.fr\/opinion_polls\/lusage-de-lhomeopathie-dans-le-monde-2\/\" target=\"_blank\" rel=\"noopener noreferrer\">3<\/a><\/sup><\/span><\/li>\n<li style=\"font-weight: 400;\" aria-level=\"1\">Derzeit gibt es \u00fcber 200.000 registrierte hom\u00f6opathische \u00c4rzte, und jedes Jahr kommen etwa 12.000 weitere hinzu.<sup><a href=\"http:\/\/apps.who.int\/medicinedocs\/pdf\/h2943e\/h2943e.pdf\" target=\"_blank\" rel=\"noopener noreferrer\">4<\/a><\/sup><\/li>\n<\/ul>\n<p>&nbsp;<\/p>\n<p><span style=\"font-size: 14px;\"><span id=\"uk\"><\/span><\/span><\/p>\n<h3><span class=\"accent\">Vereinigtes K\u00f6nigreich<\/span><\/h3>\n<ul>\n<li style=\"font-weight: 400;\" aria-level=\"1\"><span style=\"font-weight: 400;\">Im Vereinigten K\u00f6nigreich wenden sch\u00e4tzungsweise 32 Millionen* Menschen Hom\u00f6opathie an (49 % der Bev\u00f6lkerung).<sup><a href=\"https:\/\/harris-interactive.fr\/opinion_polls\/lusage-de-lhomeopathie-dans-le-monde-2\/\" target=\"_blank\" rel=\"noopener noreferrer\">3<\/a><\/sup><\/span><\/li>\n<li style=\"font-weight: 400;\" aria-level=\"1\">77 % der britischen Bev\u00f6lkerung sind der Ansicht, dass sich Schulmedizin und alternative Arzneimittel wie die Hom\u00f6opathie erg\u00e4nzen.<span><sup><a href=\"https:\/\/harris-interactive.fr\/opinion_polls\/lusage-de-lhomeopathie-dans-le-monde-2\/\" target=\"_blank\" rel=\"noopener noreferrer\">3<\/a><\/sup><\/span><\/li>\n<\/ul>\n<h3><span class=\"accent\">USA<\/span><\/h3>\n<ul>\n<li style=\"font-weight: 400;\" aria-level=\"1\"><span style=\"font-weight: 400;\">In den USA haben sch\u00e4tzungsweise 193 Millionen* Menschen Hom\u00f6opathie angewendet (58 % der Bev\u00f6lkerung).<\/span><span style=\"font-weight: 400;\"><sup><a href=\"https:\/\/harris-interactive.fr\/opinion_polls\/lusage-de-lhomeopathie-dans-le-monde-2\/\" target=\"_blank\" rel=\"noopener noreferrer\">3<\/a><\/sup><\/span><\/li>\n<li style=\"font-weight: 400;\" aria-level=\"1\">90 % der Befragten waren nach der Anwendung einer hom\u00f6opathischen Behandlung zufrieden.<span><sup><a href=\"https:\/\/harris-interactive.fr\/opinion_polls\/lusage-de-lhomeopathie-dans-le-monde-2\/\" target=\"_blank\" rel=\"noopener noreferrer\">3<\/a><\/sup><\/span><\/li>\n<\/ul>\n<p><span style=\"font-weight: 400;\">* Menschen, die im Laufe ihres Lebens Hom\u00f6opathie angewendet haben<\/span><\/p>\n<p><span style=\"font-size: 14px;\"><p><a href=\"#\" class=\"expand-content button accent-bg\" id=\"69e8ee1ad4a74\"><span class=\"expand-content-more\">Referenzen<\/span><span class=\"expand-content-less\">Weniger<\/span><\/a><\/p><div class=\"collapse-content\" id=\"panel-69e8ee1ad4a74\"><\/span><\/p>\n<ol>\n<li>Prasad R. Homoeopathy booming in India.\u00a0<em>Lancet,<\/em>\u00a02007;\u00a0<strong>370<\/strong>:1679-80 |\u00a0<a href=\"http:\/\/www.thelancet.com\/journals\/lancet\/article\/PIIS0140-6736(07)61709-7\/fulltext\" target=\"_blank\" rel=\"noopener noreferrer\">Full Text<\/a><\/li>\n<li>Homeopathic medicinal products. Commission report to the European Parliament and the Council on\u00a0the application of Directives 92\/73 and 92\/74 |\u00a0<a href=\"https:\/\/www.hri-research.org\/wp-content\/uploads\/2014\/11\/Commission_Report_Dir_92-73_and_92-74_Homeo_July_1997.pdf\" target=\"_blank\" rel=\"noopener noreferrer\">Full Text<\/a><\/li>\n<li>Survey conducted by Toluna Harris Interactive. Summary published on\u00a0<b data-stringify-type=\"bold\">Harris Interactive<\/b>\u00a0website 17 July, 2024 in French and English |\u00a0<a class=\"c-link\" href=\"https:\/\/harris-interactive.fr\/opinion_polls\/lusage-de-lhomeopathie-dans-le-monde-2\/\" target=\"_blank\" rel=\"noopener noreferrer\" data-stringify-link=\"https:\/\/harris-interactive.fr\/opinion_polls\/lusage-de-lhomeopathie-dans-le-monde-2\/\" data-sk=\"tooltip_parent\">Link<\/a><\/li>\n<li>Ghosh AK. A short history of the development of homeopathy in India.<em>\u00a0Homeopathy,\u00a0<\/em>2010;<strong>99<\/strong>(2):130-6 |\u00a0<a href=\"http:\/\/www.ncbi.nlm.nih.gov\/pubmed\/20471616\" target=\"_blank\" rel=\"noopener noreferrer\">PubMed<\/a><\/li>\n<\/ol>\n<\/div><!-- de --><\/p>\n","protected":false},"excerpt":{"rendered":"<p>Weltweit Weltweit verwenden mehr als 200 Millionen Menschen regelm\u00e4\u00dfig hom\u00f6opathische Arzneimittel.1,\u00a02 In 16 untersuchten L\u00e4ndern haben sechs von zehn Menschen bereits Hom\u00f6opathie* angewendet, und 55 % der Menschen weltweit beabsichtigen, Hom\u00f6opathie in Zukunft anzuwenden.3 Hom\u00f6opathie ist in die nationalen Gesundheitssysteme mehrerer L\u00e4nder integriert, wie z. B. in Brasilien, Chile, Indien, Mexiko, Pakistan und der Schweiz. [&hellip;]<\/p>\n","protected":false},"author":835,"featured_media":0,"parent":9720,"menu_order":0,"comment_status":"closed","ping_status":"closed","template":"","meta":{"footnotes":""},"class_list":["post-9721","page","type-page","status-publish","hentry"],"jetpack_sharing_enabled":true,"_links":{"self":[{"href":"https:\/\/www.hri-research.org\/de\/wp-json\/wp\/v2\/pages\/9721","targetHints":{"allow":["GET"]}}],"collection":[{"href":"https:\/\/www.hri-research.org\/de\/wp-json\/wp\/v2\/pages"}],"about":[{"href":"https:\/\/www.hri-research.org\/de\/wp-json\/wp\/v2\/types\/page"}],"author":[{"embeddable":true,"href":"https:\/\/www.hri-research.org\/de\/wp-json\/wp\/v2\/users\/835"}],"replies":[{"embeddable":true,"href":"https:\/\/www.hri-research.org\/de\/wp-json\/wp\/v2\/comments?post=9721"}],"version-history":[{"count":0,"href":"https:\/\/www.hri-research.org\/de\/wp-json\/wp\/v2\/pages\/9721\/revisions"}],"up":[{"embeddable":true,"href":"https:\/\/www.hri-research.org\/de\/wp-json\/wp\/v2\/pages\/9720"}],"wp:attachment":[{"href":"https:\/\/www.hri-research.org\/de\/wp-json\/wp\/v2\/media?parent=9721"}],"curies":[{"name":"wp","href":"https:\/\/api.w.org\/{rel}","templated":true}]}}