{"id":9714,"date":"2018-05-29T05:45:33","date_gmt":"2018-05-29T05:45:33","guid":{"rendered":"https:\/\/www.hri-research.org\/?page_id=9714\/"},"modified":"2022-04-22T08:59:15","modified_gmt":"2022-04-22T08:59:15","slug":"informationsquellen","status":"publish","type":"page","link":"https:\/\/www.hri-research.org\/de\/informationsquellen\/","title":{"rendered":"Ressourcen"},"content":{"rendered":"<p><span style=\"font-weight: 400;\">Im Zeitalter der Informationsflut f\u00f6rdert ein Mausklick zu einem bestimmten Thema unz\u00e4hlige Meinungen zutage, die dann oft als Tatsachen dargestellt werden. Deshalb hat das HRI in diesem Register Quellen mit genauen und verl\u00e4sslichen Informationen zusammengestellt. Wir haben gro\u00dfen Wert darauf gelegt, die Fundstellen aller Informationen offenzulegen, damit Sie deren Herkunft nachverfolgen k\u00f6nnen.<\/span><\/p>\n<p><span style=\"font-weight: 400;\">Auf diesen Seiten k\u00f6nnen Sie<\/span><\/p>\n<ul>\n<li style=\"font-weight: 400;\"><span style=\"font-weight: 400;\">unter <\/span><a href=\"https:\/\/www.hri-research.org\/de\/informationsquellen\/homeopathy-faqs\/\"><span style=\"font-weight: 400;\">FAQ Hom\u00f6opathie<\/span><\/a> <span style=\"font-weight: 400;\">nachlesen, was wir auf typische Kommentare \u00fcber Hom\u00f6opathie entgegnen<\/span><\/li>\n<li style=\"font-weight: 400;\"><span style=\"font-weight: 400;\">ein bisschen tiefer in die <\/span><a href=\"https:\/\/www.hri-research.org\/de\/informationsquellen\/die-homoopathie-debatte\/\"><span style=\"font-weight: 400;\">Hom\u00f6opathie-Debatte<\/span><\/a> <span style=\"font-weight: 400;\">eintauchen<\/span><\/li>\n<li style=\"font-weight: 400;\"><span style=\"font-weight: 400;\">in unserer brandneuen <\/span><a href=\"https:\/\/www.hri-research.org\/de\/informationsquellen\/forschungsdatenbanken\/\"><span style=\"font-weight: 400;\">Datenbank<\/span><\/a><span style=\"font-weight: 400;\"> f\u00fcr klinische Forschung nach <\/span><span style=\"font-weight: 400;\">Belegen<\/span><span style=\"font-weight: 400;\"> zu spezifischen Erkrankungen suchen<\/span><\/li>\n<li style=\"font-weight: 400;\"><span style=\"font-weight: 400;\">die <\/span><a href=\"https:\/\/www.hri-research.org\/de\/informationsquellen\/hri-publikationen\/\"><span style=\"font-weight: 400;\">Publikationssammlung<\/span><\/a><span style=\"font-weight: 400;\"> einschlie\u00dflich wissenschaftlicher Arbeiten und Berichte durchst\u00f6bern<\/span><\/li>\n<li style=\"font-weight: 400;\"><span style=\"font-weight: 400;\">in unserem Online-<\/span><a href=\"https:\/\/www.hri-research.org\/de\/informationsquellen\/forscherverzeichnis-des-hri\/\"><span style=\"font-weight: 400;\">Verzeichnis<\/span><\/a><span style=\"font-weight: 400;\"> nach n\u00e4heren Informationen zu Hom\u00f6opathieforschern suchen<\/span><\/li>\n<\/ul>\n<p><span style=\"font-weight: 400;\">und vieles mehr\u2026<\/span><\/p>\n<p><span style=\"font-weight: 400;\">Bitte beachten Sie, dass diese Seite nur Auskunft \u00fcber die Hom\u00f6opathieforschung gibt. Informationen zur Hom\u00f6opathie im Allgemeinen und Zugang zu hom\u00f6opathischer Behandlung finden Sie auf <\/span><a href=\"http:\/\/www.findahomeopath.org.uk\/\"><span style=\"font-weight: 400;\">www.findahomeopath.org.uk<\/span><\/a><\/p>\n","protected":false},"excerpt":{"rendered":"<p>Im Zeitalter der Informationsflut f\u00f6rdert ein Mausklick zu einem bestimmten Thema unz\u00e4hlige Meinungen zutage, die dann oft als Tatsachen dargestellt werden. Deshalb hat das HRI in diesem Register Quellen mit genauen und verl\u00e4sslichen Informationen zusammengestellt. Wir haben gro\u00dfen Wert darauf gelegt, die Fundstellen aller Informationen offenzulegen, damit Sie deren Herkunft nachverfolgen k\u00f6nnen. Auf diesen Seiten [&hellip;]<\/p>\n","protected":false},"author":835,"featured_media":825,"parent":0,"menu_order":400,"comment_status":"closed","ping_status":"closed","template":"","meta":{"footnotes":""},"class_list":["post-9714","page","type-page","status-publish","has-post-thumbnail","hentry"],"jetpack_sharing_enabled":true,"_links":{"self":[{"href":"https:\/\/www.hri-research.org\/de\/wp-json\/wp\/v2\/pages\/9714","targetHints":{"allow":["GET"]}}],"collection":[{"href":"https:\/\/www.hri-research.org\/de\/wp-json\/wp\/v2\/pages"}],"about":[{"href":"https:\/\/www.hri-research.org\/de\/wp-json\/wp\/v2\/types\/page"}],"author":[{"embeddable":true,"href":"https:\/\/www.hri-research.org\/de\/wp-json\/wp\/v2\/users\/835"}],"replies":[{"embeddable":true,"href":"https:\/\/www.hri-research.org\/de\/wp-json\/wp\/v2\/comments?post=9714"}],"version-history":[{"count":0,"href":"https:\/\/www.hri-research.org\/de\/wp-json\/wp\/v2\/pages\/9714\/revisions"}],"wp:featuredmedia":[{"embeddable":true,"href":"https:\/\/www.hri-research.org\/de\/wp-json\/wp\/v2\/media\/825"}],"wp:attachment":[{"href":"https:\/\/www.hri-research.org\/de\/wp-json\/wp\/v2\/media?parent=9714"}],"curies":[{"name":"wp","href":"https:\/\/api.w.org\/{rel}","templated":true}]}}