{"id":5319,"date":"2014-09-24T09:41:58","date_gmt":"2014-09-24T09:41:58","guid":{"rendered":"https:\/\/www.hri-research.org\/de\/homeopathy-faqs\/conventional-medicine-is-proven-homeopathy-isnt\/"},"modified":"2026-03-24T08:26:19","modified_gmt":"2026-03-24T08:26:19","slug":"evidenzbasierte-medizin","status":"publish","type":"page","link":"https:\/\/www.hri-research.org\/de\/informationsquellen\/homeopathy-faqs\/evidenzbasierte-medizin\/","title":{"rendered":"Sind Schulmedizin und Hom\u00f6opathie beide evidenzbasiert?"},"content":{"rendered":"<p><span style=\"line-height: 1.5em;\">Egal, ob wir nun \u00fcber Schulmedizin oder Hom\u00f6opathie diskutieren, die Wissenschaft ist weit mehr Grauzone als uns lieb ist. <\/span><\/p>\n<p>The Conversation berichtete 2022: \u201eWir wissen nicht, ob der Gro\u00dfteil der<br \/>\nmedizinischen Behandlungen funktionieren, und wir wissen noch weniger dar\u00fcber, ob sie Schaden anrichten\u201c<sup><a href=\"https:\/\/theconversation.com\/we-dont-know-whether-most-medical-treatments-work-and-we-know-even-less-about-whether-they-cause-harm-new-study-185167\" target=\"_blank\" rel=\"noopener\">1<\/a><\/sup>. Die Schlagzeile wurde durch eine \u00dcberpr\u00fcfung von 1.567 konventionellen medizinischen Behandlungen ausgel\u00f6st. 13 Jahre lang (2008-2021) wurden die Daten ausgewertet und dabei wurde festgestellt, dass es f\u00fcr <strong>95 % der Behandlungen keine hochwertigen Belege f\u00fcr ihren Nutzen gibt<\/strong>.<\/p>\n<p>\u201eMehr als 9 von 10 medizinische Interventionen, die in den aktuellen Cochrane Reviews unterucht wurden, konnten nicht durch qualitativ hochwertige Evidenz gest\u00fctzt werden und die Sch\u00e4den sind nicht ausreichend erfasst.\u201c<sup><a href=\"https:\/\/pubmed.ncbi.nlm.nih.gov\/35447356\/\" target=\"_blank\" rel=\"noopener\">2<\/a><\/sup><\/p>\n<p><span style=\"line-height: 1.5em;\">Ein Artikel im renommierten <em>British Medical Journal (BMJ<\/em>)<\/span><sup style=\"line-height: 1.5em;\"><a href=\"http:\/\/clinicalevidence.bmj.com\/x\/set\/static\/cms\/efficacy-categorisations.html\" target=\"_blank\" rel=\"noopener noreferrer\">3<\/a><\/sup><span style=\"line-height: 1.5em;\">\u00a0zur wissenschaftlichen Evidenz hinter den Behandlungen des <a href=\"#\" class=\"definition\" title=\"NHS \u2013 National Health Service; staatliches Gesundheitssystem in Gro\u00dfbritannien und Nordirland\">NHS<\/a> hat festgestellt, dass <strong>50 % von 3.000 h\u00e4ufig eingesetzten NHS-Behandlungen hinsichtlich ihrer Wirksamkeit unbekannt sind<\/strong> und nur bei 11 % Gewissheit besteht, dass sie tats\u00e4chlich wirksam sind:<\/span><\/p>\n<div class=\"highlight-box accent-border\"><img loading=\"lazy\" decoding=\"async\" class=\"alignnone wp-image-20990\" src=\"https:\/\/www.hri-research.org\/wp-content\/uploads\/2022\/02\/BMJ_DE-e1644579018328-520x369.png\" alt=\"\" width=\"490\" height=\"347\" srcset=\"https:\/\/www.hri-research.org\/wp-content\/uploads\/2022\/02\/BMJ_DE-e1644579018328-520x369.png 520w, https:\/\/www.hri-research.org\/wp-content\/uploads\/2022\/02\/BMJ_DE-e1644579018328-300x213.png 300w, https:\/\/www.hri-research.org\/wp-content\/uploads\/2022\/02\/BMJ_DE-e1644579018328-768x545.png 768w, https:\/\/www.hri-research.org\/wp-content\/uploads\/2022\/02\/BMJ_DE-e1644579018328-98x69.png 98w, https:\/\/www.hri-research.org\/wp-content\/uploads\/2022\/02\/BMJ_DE-e1644579018328-198x140.png 198w, https:\/\/www.hri-research.org\/wp-content\/uploads\/2022\/02\/BMJ_DE-e1644579018328-158x112.png 158w, https:\/\/www.hri-research.org\/wp-content\/uploads\/2022\/02\/BMJ_DE-e1644579018328-160x113.png 160w, https:\/\/www.hri-research.org\/wp-content\/uploads\/2022\/02\/BMJ_DE-e1644579018328.png 777w\" sizes=\"auto, (max-width: 490px) 100vw, 490px\" \/><\/div>\n<p>Im Vergleich zu dem noch relativ neuen Feld der Hom\u00f6opathie-Forschung ist die Schulmedizin Gegenstand umfangreicher Forschungen. Schaut man sich jedoch das Verh\u00e4ltnis der Studienergebnisse \u2013 <a href=\"https:\/\/www.hri-research.org\/de\/informationsquellen\/homeopathy-faqs\/wissenschaftliche-beweise-fuer-die-homoeopathie\/\">den Anteil an positiven, negativen und nicht eindeutigen<\/a> Studien \u2013 an, so ist die \u00c4hnlichkeit zwischen den beiden Disziplinen erstaunlich.<\/p>\n<p>Forschung muss in allen Bereichen weiter fortgef\u00fchrt werden, um politischen Entscheidungstr\u00e4gern, Patienten und Medizinern zu helfen, bestm\u00f6gliche Entscheidungen zu treffen. Derzeit k\u00f6nnen jedoch viele Entscheidungen nicht auf Basis wissenschaftlicher Erkenntnisse getroffen werden, da unzureichend gesicherte Daten vorhanden sind.<\/p>\n<p><a href=\"#\" class=\"expand-content button accent-bg\" id=\"69de94e5dc144\"><span class=\"expand-content-more\">Referenzen<\/span><span class=\"expand-content-less\">Weniger<\/span><\/a><\/p><div class=\"collapse-content\" id=\"panel-69de94e5dc144\">\n<ol>\n<li>\u2018The Conversation\u2019, June 17, 2022 |\u00a0<a href=\"https:\/\/theconversation.com\/we-dont-know-whether-most-medical-treatments-work-and-we-know-even-less-about-whether-they-cause-harm-new-study-185167\" target=\"_blank\" rel=\"noopener\">Link<\/a><\/li>\n<li>Howick J, Koletsi D, Ioannidis JPA\u00a0<em>et al<\/em>. Most healthcare interventions tested in Cochrane Reviews are not effective according to high quality evidence: a systematic review and meta-analysis.\u00a0<em>J Clin Epidemiol<\/em>. 2022 Aug;148:160-169. |\u00a0<a href=\"https:\/\/pubmed.ncbi.nlm.nih.gov\/35447356\/\" target=\"_blank\" rel=\"noopener\">PubMed<\/a><\/li>\n<li>BMJ Clinical Evidence, Efficacy Categorisations. 2017. Available from\u00a0<a href=\"http:\/\/clinicalevidence.bmj.com\/x\/set\/static\/cms\/efficacy-categorisations.html\" target=\"_blank\" rel=\"noopener noreferrer\" data-saferedirecturl=\"https:\/\/www.google.com\/url?hl=en&amp;q=http:\/\/clinicalevidence.bmj.com\/x\/set\/static\/cms\/efficacy-categorisations.html&amp;source=gmail&amp;ust=1506612623741000&amp;usg=AFQjCNG7S6XpN0aOt2uT6ClqTRoM2kgHHQ\">3<\/a>\u00a0<wbr \/>[Accessed 25 Sept 2017]<\/li>\n<\/ol>\n<\/div><!-- de -->\n<p><a href=\"https:\/\/www.hri-research.org\/de\/resources\/homeopathy-faqs\/\">Zur\u00fcck zu FAQ Hom\u00f6opathie<\/a><\/p>\n<p>&nbsp;<\/p>\n","protected":false},"excerpt":{"rendered":"<p>Egal, ob wir nun \u00fcber Schulmedizin oder Hom\u00f6opathie diskutieren, die Wissenschaft ist weit mehr Grauzone als uns lieb ist. The Conversation berichtete 2022: \u201eWir wissen nicht, ob der Gro\u00dfteil der medizinischen Behandlungen funktionieren, und wir wissen noch weniger dar\u00fcber, ob sie Schaden anrichten\u201c1. Die Schlagzeile wurde durch eine \u00dcberpr\u00fcfung von 1.567 konventionellen medizinischen Behandlungen ausgel\u00f6st. [&hellip;]<\/p>\n","protected":false},"author":4,"featured_media":0,"parent":5215,"menu_order":13,"comment_status":"closed","ping_status":"closed","template":"page-translated-faq.php","meta":{"footnotes":""},"class_list":["post-5319","page","type-page","status-publish","hentry"],"jetpack_sharing_enabled":true,"_links":{"self":[{"href":"https:\/\/www.hri-research.org\/de\/wp-json\/wp\/v2\/pages\/5319","targetHints":{"allow":["GET"]}}],"collection":[{"href":"https:\/\/www.hri-research.org\/de\/wp-json\/wp\/v2\/pages"}],"about":[{"href":"https:\/\/www.hri-research.org\/de\/wp-json\/wp\/v2\/types\/page"}],"author":[{"embeddable":true,"href":"https:\/\/www.hri-research.org\/de\/wp-json\/wp\/v2\/users\/4"}],"replies":[{"embeddable":true,"href":"https:\/\/www.hri-research.org\/de\/wp-json\/wp\/v2\/comments?post=5319"}],"version-history":[{"count":0,"href":"https:\/\/www.hri-research.org\/de\/wp-json\/wp\/v2\/pages\/5319\/revisions"}],"up":[{"embeddable":true,"href":"https:\/\/www.hri-research.org\/de\/wp-json\/wp\/v2\/pages\/5215"}],"wp:attachment":[{"href":"https:\/\/www.hri-research.org\/de\/wp-json\/wp\/v2\/media?parent=5319"}],"curies":[{"name":"wp","href":"https:\/\/api.w.org\/{rel}","templated":true}]}}