{"id":5316,"date":"2014-09-25T14:18:39","date_gmt":"2014-09-25T14:18:39","guid":{"rendered":"https:\/\/www.hri-research.org\/de\/homeopathy-faqs\/homeopathy-shouldnt-be-used-because-you-cant-explain-how-it-works\/"},"modified":"2022-02-16T12:00:49","modified_gmt":"2022-02-16T12:00:49","slug":"verstehen-wie-homoeopathie-funktioniert","status":"publish","type":"page","link":"https:\/\/www.hri-research.org\/de\/informationsquellen\/homeopathy-faqs\/verstehen-wie-homoeopathie-funktioniert\/","title":{"rendered":"Kann man hom\u00f6opathische Arzneimittel verwenden, ohne zu wissen, wie sie wirken?"},"content":{"rendered":"<p><strong>Das Wissen dar\u00fcber wie ein Medikament wirkt, war noch nie Voraussetzung f\u00fcr seine Anwendung. Aspirin (Acetylsalicyls\u00e4ure) ist eines der meistbenutzten Medikamente weltweit,<\/strong><sup><a title=\"Norn S. et al. [From willow bark to acetylsalicylic acid].[Article in Danish]. Dan Medicinhist Arbog. 2009;37:79-98\" href=\"http:\/\/www.ncbi.nlm.nih.gov\/pubmed\/20509453\" target=\"_blank\" rel=\"noopener noreferrer\">1<\/a><\/sup> und dabei <strong>war es \u00fcber 70 Jahre im Einsatz, bevor sein Wirkmechanismus 1971 entdeckt wurde<\/strong>.<sup><a title=\"Bottling RM. Vane's discovery of the mechanism of action of aspirin changed our understanding of its clinical pharmacology. Pharmacol Rep. 2010; 62(3):518-25\" href=\"http:\/\/www.ncbi.nlm.nih.gov\/pubmed\/20631416\" target=\"_blank\" rel=\"noopener noreferrer\">2<\/a><\/sup>\u00a0 Dieses Arzneimittel wird auch heute noch aktiv erforscht, da es zahlreiche biologische Wirkungen aufweist, die noch immer nicht g\u00e4nzlich erfasst worden sind.<\/p>\n<p><a href=\"https:\/\/www.hri-research.org\/wp-content\/uploads\/2015\/12\/Aspirin_shutterstock_244918909-e1450361898894.jpg\"><img loading=\"lazy\" decoding=\"async\" class=\"aligncenter size-page_width_image wp-image-4864\" src=\"https:\/\/www.hri-research.org\/wp-content\/uploads\/2015\/12\/Aspirin_shutterstock_244918909-520x347.jpg\" alt=\"Aspirin_shutterstock_244918909\" width=\"520\" height=\"347\" \/><\/a><a href=\"https:\/\/www.hri-research.org\/wp-content\/uploads\/2015\/12\/stock-photo-aspirin-pill-in-a-pure-blue-water-surrounded-with-air-bubbles-241436584.jpg\"><br \/>\n<\/a>Seit dem Altertum werden Abwandlungen von Acetylsalicyls\u00e4ure zur Behandlung von Schmerzen und Fieber angewandt, angefangen mit Pr\u00e4paraten, die aus deren nat\u00fcrlichen Ausgangsstoffen &#8211; den Bl\u00e4ttern und der Rinde von Weiden und Pappeln \u2013 hergestellt werden.<sup><a title=\"Norn S. et al. [From willow bark to acetylsalicylic acid].[Article in Danish]. Dan Medicinhist Arbog. 2009;37:79-98\" href=\"http:\/\/www.ncbi.nlm.nih.gov\/pubmed\/20509453\" target=\"_blank\" rel=\"noopener noreferrer\">1<\/a><\/sup><\/p>\n<p>Im Jahre 1899 bestand schlie\u00dflich eine k\u00fcnstlich synthetisierte Form des Wirkstoffs klinische Untersuchungen und das Medikament \u201eAspirin\u201c, wie wir es heute kennen, wurde im Markt eingef\u00fchrt.<\/p>\n<p>Ganz \u00e4hnlich blickt auch die Hom\u00f6opathie auf eine lange Geschichte der traditionellen Anwendung zur\u00fcck. Dies hat dazu gef\u00fchrt, dass unser klinisches Verst\u00e4ndnis daf\u00fcr, <em>was <\/em>hom\u00f6opathische Mittel bewirken k\u00f6nnen, unserem theoretischen Wissen dar\u00fcber, <em>wie <\/em>diese Mittel sich biologisch auswirken, voraus ist.<\/p>\n<p>Die Aufdeckung des Wirkmechanismus hom\u00f6opathischer Mittel wird ein faszinierendes Ereignis sein und viele Teams leisten weltweit\u00a0<a href=\"https:\/\/www.hri-research.org\/de\/resources\/homeopathy-the-debate\/essentialevidence\/experimental-research\/\">Grundlagenforschung<\/a>, um dieser wichtigen Frage nachzukommen.<\/p>\n<p><span style=\"line-height: 1.5em;\"><p><a href=\"#\" class=\"expand-content button accent-bg\" id=\"69d1ebf06465a\"><span class=\"expand-content-more\">Referenzen<\/span><span class=\"expand-content-less\">Weniger<\/span><\/a><\/p><div class=\"collapse-content\" id=\"panel-69d1ebf06465a\"><\/span><\/p>\n<p><span style=\"line-height: 1.5em;\">1. Norn S. et al. [From willow bark to acetylsalicylic acid].[Article in Danish]. <em>Dan Medicinhist Arbog<\/em>., 2009;<strong>37<\/strong>:79-98 |\u00a0<\/span><a href=\"http:\/\/www.ncbi.nlm.nih.gov\/pubmed\/20509453\" target=\"_blank\" rel=\"noopener noreferrer\">Abstract<\/a><\/p>\n<p>2. Bottling RM. Vane&#8217;s discovery of the mechanism of action of aspirin changed our understanding of its clinical pharmacology. <em>Pharmacol Rep.,<\/em> 2010; <strong>62<\/strong>(3):518-25 | <a href=\"http:\/\/www.ncbi.nlm.nih.gov\/pubmed\/20631416\" target=\"_blank\" rel=\"noopener noreferrer\">Abstract<\/a>\u00a0|\u00a0<a href=\"http:\/\/www.if-pan.krakow.pl\/pjp\/pdf\/2010\/3_518.pdf\" target=\"_blank\" rel=\"noopener noreferrer\">Full text<\/a><\/p>\n<\/div><!-- de --><\/p>\n<p><a href=\"https:\/\/www.hri-research.org\/de\/resources\/homeopathy-faqs\/\">Zur\u00fcck zu FAQ Hom\u00f6opathie<\/a><\/p>\n","protected":false},"excerpt":{"rendered":"<p>Das Wissen dar\u00fcber wie ein Medikament wirkt, war noch nie Voraussetzung f\u00fcr seine Anwendung. Aspirin (Acetylsalicyls\u00e4ure) ist eines der meistbenutzten Medikamente weltweit,1 und dabei war es \u00fcber 70 Jahre im Einsatz, bevor sein Wirkmechanismus 1971 entdeckt wurde.2\u00a0 Dieses Arzneimittel wird auch heute noch aktiv erforscht, da es zahlreiche biologische Wirkungen aufweist, die noch immer nicht [&hellip;]<\/p>\n","protected":false},"author":2,"featured_media":0,"parent":5215,"menu_order":12,"comment_status":"closed","ping_status":"closed","template":"page-translated-faq.php","meta":{"footnotes":""},"class_list":["post-5316","page","type-page","status-publish","hentry"],"jetpack_sharing_enabled":true,"_links":{"self":[{"href":"https:\/\/www.hri-research.org\/de\/wp-json\/wp\/v2\/pages\/5316","targetHints":{"allow":["GET"]}}],"collection":[{"href":"https:\/\/www.hri-research.org\/de\/wp-json\/wp\/v2\/pages"}],"about":[{"href":"https:\/\/www.hri-research.org\/de\/wp-json\/wp\/v2\/types\/page"}],"author":[{"embeddable":true,"href":"https:\/\/www.hri-research.org\/de\/wp-json\/wp\/v2\/users\/2"}],"replies":[{"embeddable":true,"href":"https:\/\/www.hri-research.org\/de\/wp-json\/wp\/v2\/comments?post=5316"}],"version-history":[{"count":0,"href":"https:\/\/www.hri-research.org\/de\/wp-json\/wp\/v2\/pages\/5316\/revisions"}],"up":[{"embeddable":true,"href":"https:\/\/www.hri-research.org\/de\/wp-json\/wp\/v2\/pages\/5215"}],"wp:attachment":[{"href":"https:\/\/www.hri-research.org\/de\/wp-json\/wp\/v2\/media?parent=5316"}],"curies":[{"name":"wp","href":"https:\/\/api.w.org\/{rel}","templated":true}]}}