{"id":5302,"date":"2014-11-07T17:37:25","date_gmt":"2014-11-07T17:37:25","guid":{"rendered":"https:\/\/www.hri-research.org\/de\/homeopathy-faqs\/the-best-studies-have-shown-homeopathy-doesnt-work\/"},"modified":"2025-08-19T09:50:14","modified_gmt":"2025-08-19T09:50:14","slug":"mit-beruecksichtigung-der-ueberzeugensten-beweise","status":"publish","type":"page","link":"https:\/\/www.hri-research.org\/de\/informationsquellen\/homeopathy-faqs\/mit-beruecksichtigung-der-ueberzeugensten-beweise\/","title":{"rendered":"Was zeigen die hochwertigsten Studien zur Hom\u00f6opathie?"},"content":{"rendered":"<p>Unter den \u201ebesten Studien\u201c versteht man \u00fcblicherweise allgemeine systematische \u00dcbersichtsarbeiten, die die Ergebnisse aller verf\u00fcgbaren randomisierten kontrollierten Studien (RCTs) zu einer konkreten Frage analysieren.<\/p>\n<p>Die robustesten Daten zur Wirksamkeit der Hom\u00f6opathie stammen aus einer Metaanalyse von 2014 zu Placebo-kontrollierten, doppelblinden, randomisierten, kontrollierten Studien, bei denen festgestellt wurde, dass bei <strong>hom\u00f6opathischen Arzneimitteln die Wahrscheinlichkeit um eineinhalb bis zweimal h\u00f6her ist, dass sie im Vergleich zu Placebo eine Wirkung erzielen, wenn sie bei einer individuell abgestimmten Behandlung verschrieben werden<\/strong>.<a href=\"http:\/\/www.systematicreviewsjournal.com\/content\/3\/1\/142\" target=\"_blank\" rel=\"noopener noreferrer\"><sup>1 <\/sup><\/a><\/p>\n<p><a href=\"https:\/\/www.hri-research.org\/wp-content\/uploads\/2019\/10\/HRI_ResearchArticle_29_RobertsTournier_IndividualisedHomeopathyReview_DE-2.pdf\" target=\"_blank\" rel=\"noopener noreferrer\">Diese Studie<\/a>\u00a0ist eine der vier j\u00fcngsten umfassenden systematischen \u00dcberpr\u00fcfungen, die Dr. Robert Mathie im Rahmen eines zehnj\u00e4hrigen Arbeitsprogramms durchgef\u00fchrt hat. <strong>Zusammengenommen enth\u00e4lt das Arbeitsprogramm von Dr. Mathie einige wichtige positive Erkenntnisse f\u00fcr die Hom\u00f6opathie.<\/strong><\/p>\n<p><strong>Weitere Forschungen sind notwendig<\/strong> zur Konsolidierung und Verbreitung der jetzigen, evidenzbasierten Grundlagen der klinischen Studien f\u00fcr die Hom\u00f6opathie. Diese systematischen \u00dcberpr\u00fcfungen und Metaanalysen haben jedoch dazu beigetragen, vielversprechende Bereiche zu erkennen, damit die Forscher genau wissen, wo ihre Ansatzpunkte sind, um Entscheidungstr\u00e4ger und Patienten \u00fcber das Wirkungspotential von hom\u00f6opathischen Behandlungen zu informieren.<\/p>\n<p>Weitere Einzelheiten zu den j\u00fcngsten systematischen \u00dcberpr\u00fcfungen sowie fr\u00fchere systematische \u00dcberpr\u00fcfungen zu Hom\u00f6opathie (1991 \u2013 2005) sind unter <a href=\"https:\/\/www.hri-research.org\/de\/informationsquellen\/wichtiges-forschungsmaterial\/klinische-studien-im-ueberblick\/\" target=\"_blank\" rel=\"noopener noreferrer\">\u00dcberblick zu klinischen Studien<\/a> nachzulesen.<\/p>\n<h3><span class=\"accent\">Wenn es positive Studien gibt, warum weigern sich einige immer noch, die wissenschaftliche Evidenz zu akzeptieren?<\/span><\/h3>\n<p>Die Frage scheint sich um die\u00a0<a href=\"https:\/\/www.hri-research.org\/wp-content\/uploads\/2022\/01\/HRI_RIF13_Robertsetal_PlausbilityBias_DE.pdf\" target=\"_blank\" rel=\"noopener noreferrer\">\u201ePlausibilit\u00e4tsverzerrung\u201c<\/a> zu drehen; d. h. derjenige, der an dem fr\u00fcheren Glauben festh\u00e4lt, wonach Hom\u00f6opathie nicht m\u00f6glich ist, wird die Forschungsergebnisse anders sehen als diejenigen, die glauben, dass Hom\u00f6opathie wirken kann bzw. tats\u00e4chlich wirkt.<\/p>\n<p><span style=\"line-height: 1.5em;\">Bereits 1991 bringen die Autoren der ersten dieser gro\u00dfen Studien dies in ihrem eigenen Artikel sehr deutlich zum Ausdruck:<sup><a title=\"Kleijnen, J., Knipschild, P. &amp; ter Riet, G. Clinical trials of homeopathy. BMJ 1991; 302: 960\" href=\"http:\/\/www.ncbi.nlm.nih.gov\/pubmed\/1825800\" target=\"_blank\" rel=\"noopener noreferrer\">2<\/a><\/sup><\/span><\/p>\n<blockquote><p><em>\u201eWir sind von der Menge an positiven Nachweisen, sogar unter den besten Studien, \u00fcberrascht. Aufgrund der Datenlage w\u00e4ren wir bereit, zu akzeptieren, dass Hom\u00f6opathie wirksam sein kann, wenn nur der Wirkmechanismus plausibler w\u00e4re.\u201c<\/em><\/p><\/blockquote>\n<p><a href=\"#\" class=\"expand-content button accent-bg\" id=\"69e55f50c199c\"><span class=\"expand-content-more\">Referenzen<\/span><span class=\"expand-content-less\">Weniger<\/span><\/a><\/p><div class=\"collapse-content\" id=\"panel-69e55f50c199c\">\n<p>1. Mathie RT et al. Randomised placebo-controlled trials of individualised homeopathic treatment: systematic review and meta-analysis.\u00a0<em>Systematic Reviews<\/em>, 2014;\u00a0<strong>3<\/strong>: 142\u2028 |\u00a0<a href=\"http:\/\/www.systematicreviewsjournal.com\/content\/3\/1\/142\" target=\"_blank\" rel=\"noopener noreferrer\">Full text<\/a><\/p>\n<p>2. Kleijnen J, Knipschild P, ter Riet G. Clinical trials of homeopathy. <em>BMJ, <\/em>1991<em>;\u00a0<\/em><strong>302:\u00a0<\/strong>960 | <a href=\"http:\/\/www.ncbi.nlm.nih.gov\/pubmed\/1825800\" target=\"_blank\" rel=\"noopener noreferrer\">PubMed<\/a><\/p>\n<\/div><!-- de -->\n<p><a href=\"https:\/\/www.hri-research.org\/de\/resources\/homeopathy-faqs\/\">Zur\u00fcck zu FAQ Hom\u00f6opathie<\/a><\/p>\n","protected":false},"excerpt":{"rendered":"<p>Unter den \u201ebesten Studien\u201c versteht man \u00fcblicherweise allgemeine systematische \u00dcbersichtsarbeiten, die die Ergebnisse aller verf\u00fcgbaren randomisierten kontrollierten Studien (RCTs) zu einer konkreten Frage analysieren. Die robustesten Daten zur Wirksamkeit der Hom\u00f6opathie stammen aus einer Metaanalyse von 2014 zu Placebo-kontrollierten, doppelblinden, randomisierten, kontrollierten Studien, bei denen festgestellt wurde, dass bei hom\u00f6opathischen Arzneimitteln die Wahrscheinlichkeit um eineinhalb [&hellip;]<\/p>\n","protected":false},"author":2,"featured_media":0,"parent":5215,"menu_order":9,"comment_status":"closed","ping_status":"closed","template":"page-translated-faq.php","meta":{"footnotes":""},"class_list":["post-5302","page","type-page","status-publish","hentry"],"jetpack_sharing_enabled":true,"_links":{"self":[{"href":"https:\/\/www.hri-research.org\/de\/wp-json\/wp\/v2\/pages\/5302","targetHints":{"allow":["GET"]}}],"collection":[{"href":"https:\/\/www.hri-research.org\/de\/wp-json\/wp\/v2\/pages"}],"about":[{"href":"https:\/\/www.hri-research.org\/de\/wp-json\/wp\/v2\/types\/page"}],"author":[{"embeddable":true,"href":"https:\/\/www.hri-research.org\/de\/wp-json\/wp\/v2\/users\/2"}],"replies":[{"embeddable":true,"href":"https:\/\/www.hri-research.org\/de\/wp-json\/wp\/v2\/comments?post=5302"}],"version-history":[{"count":0,"href":"https:\/\/www.hri-research.org\/de\/wp-json\/wp\/v2\/pages\/5302\/revisions"}],"up":[{"embeddable":true,"href":"https:\/\/www.hri-research.org\/de\/wp-json\/wp\/v2\/pages\/5215"}],"wp:attachment":[{"href":"https:\/\/www.hri-research.org\/de\/wp-json\/wp\/v2\/media?parent=5302"}],"curies":[{"name":"wp","href":"https:\/\/api.w.org\/{rel}","templated":true}]}}