{"id":5296,"date":"2014-08-11T16:13:13","date_gmt":"2014-08-11T16:13:13","guid":{"rendered":"https:\/\/www.hri-research.org\/de\/homeopathy-faqs\/research-done-in-homeopathy-is-poor-quality-so-you-cant-trust-the-results\/"},"modified":"2023-07-19T12:49:04","modified_gmt":"2023-07-19T12:49:04","slug":"man-kann-der-homoeopathieforschung-vertrauen","status":"publish","type":"page","link":"https:\/\/www.hri-research.org\/de\/informationsquellen\/homeopathy-faqs\/man-kann-der-homoeopathieforschung-vertrauen\/","title":{"rendered":"Ist die Hom\u00f6opathieforschung von ausreichender Qualit\u00e4t und vertrauensw\u00fcrdig?"},"content":{"rendered":"<p>Nur eine Studie hat die Qualit\u00e4t von Forschung in der Hom\u00f6opathie mit Forschung im Bereich Schulmedizin verglichen. Insgesamt zeichneten sich hier die Hom\u00f6opathie-Studien durch eine h\u00f6here Qualit\u00e4t aus im Vergleich zu den schulmedizinischen Studien, denen sie gegen\u00fcbergestellt wurden.<sup><a title=\"Shang A, Huwiler-Muntener K, Nartey L, et al. Are the clinical effects of homoeopathy placebo effects? Comparative study of placebo-controlled trials of homoeopathy and allopathy. Lancet, 2005; 366: 726\u201332\" href=\"http:\/\/www.ncbi.nlm.nih.gov\/pubmed\/16125589\" target=\"_blank\" rel=\"noopener noreferrer\">1<\/a><\/sup><img loading=\"lazy\" decoding=\"async\" class=\"alignnone wp-image-5905 size-page_width_image\" src=\"https:\/\/www.hri-research.org\/wp-content\/uploads\/2014\/08\/depie4-520x370.png\" width=\"520\" height=\"370\" srcset=\"https:\/\/www.hri-research.org\/wp-content\/uploads\/2014\/08\/depie4-520x370.png 520w, https:\/\/www.hri-research.org\/wp-content\/uploads\/2014\/08\/depie4-300x213.png 300w, https:\/\/www.hri-research.org\/wp-content\/uploads\/2014\/08\/depie4-768x546.png 768w, https:\/\/www.hri-research.org\/wp-content\/uploads\/2014\/08\/depie4-98x70.png 98w, https:\/\/www.hri-research.org\/wp-content\/uploads\/2014\/08\/depie4-198x141.png 198w, https:\/\/www.hri-research.org\/wp-content\/uploads\/2014\/08\/depie4-158x112.png 158w, https:\/\/www.hri-research.org\/wp-content\/uploads\/2014\/08\/depie4-160x114.png 160w, https:\/\/www.hri-research.org\/wp-content\/uploads\/2014\/08\/depie4.png 939w\" sizes=\"auto, (max-width: 520px) 100vw, 520px\" \/><\/p>\n<p>Die Wissenschaftler hatten 110 hom\u00f6opathische mit 110 vergleichbaren schulmedizinischen Studien verglichen:\u00a0<strong>21 hom\u00f6opathische und 9 schulmedizinische Studien wurden hierbei als \u201ehochwertig\u201c eingestuft<\/strong> (19 % der hom\u00f6opathischen, 8 % der schulmedizinischen Studien).<\/p>\n<p>Diese Studie zeigt, dass das Verbessern von Forschungsstandards ein Dauerthema sowohl in der Hom\u00f6opathie als auch in der Schulmedizin ist.<\/p>\n<p>Es ist allerdings richtig, dass einige Hom\u00f6opathie-Studien von minderer Qualit\u00e4t sind, insbesondere jene, die vor einigen Jahrzehnten durchgef\u00fchrt wurden und den heutigen Qualit\u00e4tsstandards nicht entsprechen.<\/p>\n<p>Dennoch trifft die Aussage, dass alle Hom\u00f6opathie-Studien von schlechter Qualit\u00e4t w\u00e4ren, eindeutig nicht zu. Es gibt qualitativ\u00a0<a href=\"https:\/\/www.hri-research.org\/de\/informationsquellen\/homeopathy-faqs\/qualitativ-hochwertige-studien\/\">hochwertige Studien<\/a>, die gezeigt haben, dass Hom\u00f6opathie wirkt.<\/p>\n<p><a href=\"#\" class=\"expand-content button accent-bg\" id=\"6a05843d749ba\"><span class=\"expand-content-more\">Referenzen<\/span><span class=\"expand-content-less\">Weniger<\/span><\/a><\/p><div class=\"collapse-content\" id=\"panel-6a05843d749ba\">\n<ol>\n<li>Shang A, Huwiler-Muntener K, Nartey L, et al. Are the clinical effects of homoeopathy placebo effects? Comparative study of placebo-controlled trials of homoeopathy and allopathy. <em>Lancet<\/em>, 2005; <strong>366<\/strong>: 726\u201332 | <a href=\"http:\/\/www.ncbi.nlm.nih.gov\/pubmed\/16125589\" target=\"_blank\" rel=\"noopener noreferrer\">PubMed<\/a><\/li>\n<\/ol>\n<\/div><!-- de -->\n<p><a href=\"https:\/\/www.hri-research.org\/de\/resources\/homeopathy-faqs\/\">Zur\u00fcck zu FAQ Hom\u00f6opathie<\/a><\/p>\n","protected":false},"excerpt":{"rendered":"<p>Nur eine Studie hat die Qualit\u00e4t von Forschung in der Hom\u00f6opathie mit Forschung im Bereich Schulmedizin verglichen. Insgesamt zeichneten sich hier die Hom\u00f6opathie-Studien durch eine h\u00f6here Qualit\u00e4t aus im Vergleich zu den schulmedizinischen Studien, denen sie gegen\u00fcbergestellt wurden.1 Die Wissenschaftler hatten 110 hom\u00f6opathische mit 110 vergleichbaren schulmedizinischen Studien verglichen:\u00a021 hom\u00f6opathische und 9 schulmedizinische Studien wurden [&hellip;]<\/p>\n","protected":false},"author":1,"featured_media":0,"parent":5215,"menu_order":8,"comment_status":"closed","ping_status":"closed","template":"page-translated-faq.php","meta":{"footnotes":""},"class_list":["post-5296","page","type-page","status-publish","hentry"],"jetpack_sharing_enabled":true,"_links":{"self":[{"href":"https:\/\/www.hri-research.org\/de\/wp-json\/wp\/v2\/pages\/5296","targetHints":{"allow":["GET"]}}],"collection":[{"href":"https:\/\/www.hri-research.org\/de\/wp-json\/wp\/v2\/pages"}],"about":[{"href":"https:\/\/www.hri-research.org\/de\/wp-json\/wp\/v2\/types\/page"}],"author":[{"embeddable":true,"href":"https:\/\/www.hri-research.org\/de\/wp-json\/wp\/v2\/users\/1"}],"replies":[{"embeddable":true,"href":"https:\/\/www.hri-research.org\/de\/wp-json\/wp\/v2\/comments?post=5296"}],"version-history":[{"count":0,"href":"https:\/\/www.hri-research.org\/de\/wp-json\/wp\/v2\/pages\/5296\/revisions"}],"up":[{"embeddable":true,"href":"https:\/\/www.hri-research.org\/de\/wp-json\/wp\/v2\/pages\/5215"}],"wp:attachment":[{"href":"https:\/\/www.hri-research.org\/de\/wp-json\/wp\/v2\/media?parent=5296"}],"curies":[{"name":"wp","href":"https:\/\/api.w.org\/{rel}","templated":true}]}}