{"id":5264,"date":"2014-08-11T16:25:57","date_gmt":"2014-08-11T16:25:57","guid":{"rendered":"https:\/\/www.hri-research.org\/de\/homeopathy-faqs\/the-best-studies-have-shown-homeopathy-is-just-placebo\/"},"modified":"2022-06-03T19:52:42","modified_gmt":"2022-06-03T19:52:42","slug":"vorteile-abgesehen-von-placebo","status":"publish","type":"page","link":"https:\/\/www.hri-research.org\/de\/informationsquellen\/homeopathy-faqs\/vorteile-abgesehen-von-placebo\/","title":{"rendered":"Sind die Vorteile der Hom\u00f6opathie mehr als nur Placebo-Effekte?"},"content":{"rendered":"<p>Oft wird behauptet, dass hom\u00f6opathische Mittel <strong><a href=\"https:\/\/www.hri-research.org\/de\/informationsquellen\/homeopathy-faqs\/nicht-einfach-nur-zuckerpillen\/\">\u201enur Zuckertabletten\u201c<\/a><\/strong> sind, die keinerlei aktive Wirkstoffe enthalten, so dass jede von Patienten angegebene Wirkung allein auf dem Placebo-Effekt beruht, d. h. die Menschen glauben, die K\u00fcgelchen werden helfen, und allein dieser Glaube l\u00f6st eine Heilreaktion aus.<\/p>\n<p>Bei jeder medizinischen Behandlung ist ein gewisser \u201ePlacebo-Effekt\u201c wahrscheinlich und in dieser Hinsicht ist Hom\u00f6opathie nicht anders gestellt. Die Behauptung jedoch, wonach die Wirkung der Hom\u00f6opathie eine reine Placebo-Wirkung ist, wird nicht durch wissenschaftliche Evidenz gest\u00fctzt.<\/p>\n<p>Sollte die Hom\u00f6opathie tats\u00e4chlich nur auf einem Placebo-Effekt beruhen, wie erkl\u00e4rt man sich dann:<\/p>\n<ol>\n<li><strong>Das Vorhandensein <a href=\"https:\/\/www.hri-research.org\/de\/informationsquellen\/homeopathy-faqs\/qualitativ-hochwertige-studien\/\">positiver hochwertiger Placebo-kontrollierter Studien<\/a>\u00a0?<\/strong><br \/>\nDiese Studien sind eigens darauf ausgelegt, den Placebo-Effekt von der tats\u00e4chlichen klinischen Wirkung der untersuchten Behandlung zu trennen.<\/li>\n<li><strong>Die Wirkung hom\u00f6opathischer Mittel in\u00a0<a href=\"https:\/\/www.hri-research.org\/de\/resources\/homeopathy-the-debate\/essentialevidence\/experimental-research\/\">Laborexperimenten<\/a>?<a title=\"\u201cThere\u2019s nothing in it \u2013 it\u2019s just water\u201d\" href=\"https:\/\/www.hri-research.org\/resources\/homeopathy-the-debate\/theres-nothing-in-it-its-just-water\/\"><br \/>\n<\/a><\/strong>Es wurden Effekte an wei\u00dfen Blutzellen, Fr\u00f6schen und Weizenkeimlingen festgestellt, um hier nur einige Beispiele zu nennen.<\/li>\n<li><strong>Die Tatsache, dass Hom\u00f6opathie bei\u00a0<a href=\"https:\/\/www.hri-research.org\/de\/resources\/homeopathy-the-debate\/hri-facts\/veterinary-research\/\">Tieren<\/a>\u00a0wirkt?<br \/>\n<\/strong>Eine fundierte Untersuchung zeigte auf, dass der Einsatz von Hom\u00f6opathie Durchfall durch <em>E. coli <\/em>bei Ferkeln<span class=\"no-underline\"><a title=\"Camerlink I, Ellinger L, Bakker EJ, Lantinga EA (2010). Homeopathy as replacement to antibiotics in the case of Escherichia coli diarrhoea in neonatal piglets. Homeopathy, 99; 57\u201362\" href=\"http:\/\/www.ncbi.nlm.nih.gov\/pubmed\/20129177\" target=\"_blank\" rel=\"noopener noreferrer\"><sup>1<\/sup><\/a><\/span> \u2013 ein gro\u00dfes Problem in der Massentierhaltung \u2013 verhindern kann.<\/li>\n<\/ol>\n<p><span class=\"embed-youtube\" style=\"text-align:center; display: block;\"><iframe loading=\"lazy\" class=\"youtube-player\" width=\"520\" height=\"293\" src=\"https:\/\/www.youtube.com\/embed\/FQcbWnsxSzo?version=3&#038;rel=1&#038;showsearch=0&#038;showinfo=1&#038;iv_load_policy=1&#038;fs=1&#038;hl=de-DE&#038;autohide=2&#038;wmode=transparent\" allowfullscreen=\"true\" style=\"border:0;\" sandbox=\"allow-scripts allow-same-origin allow-popups allow-presentation allow-popups-to-escape-sandbox\"><\/iframe><\/span><\/p>\n<h4><strong>Erfahren Sie mehr zu \u00e4hnlichen Statements:<\/strong><\/h4>\n<p><span class=\"no-underline\"><a href=\"https:\/\/www.hri-research.org\/de\/resources\/homeopathy-the-debate\/the-australian-report-on-homeopathy\/\">\u201eEine Studie aus Australien hat k\u00fcrzlich festgestellt, dass Hom\u00f6opathie keine Wirkung zeigt und nur Placebo ist.\u201c<\/a><\/span><\/p>\n<p><span class=\"no-underline\"><a href=\"https:\/\/www.hri-research.org\/de\/resources\/homeopathy-the-debate\/uk-select-committee-report\/\">\u201eEin Bericht des britischen Parlaments hat sich mit der Evidenz besch\u00e4ftigt und kommt zu dem Schluss, dass Hom\u00f6opathie nur Placebo ist.\u201c<\/a><\/span><\/p>\n<p><a href=\"#\" class=\"expand-content button accent-bg\" id=\"69f91eb8b1d50\"><span class=\"expand-content-more\">Referenzen<\/span><span class=\"expand-content-less\">Weniger<\/span><\/a><\/p><div class=\"collapse-content\" id=\"panel-69f91eb8b1d50\">\n<ol>\n<li>Camerlink I, Ellinger L, Bakker EJ, Lantinga EA. Homeopathy as replacement to antibiotics in the case of Escherichia coli diarrhoea in neonatal piglets. <em>Homeopathy<\/em>, 2010;<strong>99:<\/strong>\u00a057\u201362 | <a href=\"http:\/\/www.ncbi.nlm.nih.gov\/pubmed\/20129177\">PubMed<\/a><\/li>\n<\/ol>\n<\/div><!-- de -->\n<p><a href=\"https:\/\/www.hri-research.org\/de\/resources\/homeopathy-faqs\/\">Zur\u00fcck zu FAQ Hom\u00f6opathie<\/a><\/p>\n","protected":false},"excerpt":{"rendered":"<p>Oft wird behauptet, dass hom\u00f6opathische Mittel \u201enur Zuckertabletten\u201c sind, die keinerlei aktive Wirkstoffe enthalten, so dass jede von Patienten angegebene Wirkung allein auf dem Placebo-Effekt beruht, d. h. die Menschen glauben, die K\u00fcgelchen werden helfen, und allein dieser Glaube l\u00f6st eine Heilreaktion aus. Bei jeder medizinischen Behandlung ist ein gewisser \u201ePlacebo-Effekt\u201c wahrscheinlich und in dieser [&hellip;]<\/p>\n","protected":false},"author":1,"featured_media":0,"parent":5215,"menu_order":5,"comment_status":"closed","ping_status":"closed","template":"page-translated-faq.php","meta":{"footnotes":""},"class_list":["post-5264","page","type-page","status-publish","hentry"],"jetpack_sharing_enabled":true,"_links":{"self":[{"href":"https:\/\/www.hri-research.org\/de\/wp-json\/wp\/v2\/pages\/5264","targetHints":{"allow":["GET"]}}],"collection":[{"href":"https:\/\/www.hri-research.org\/de\/wp-json\/wp\/v2\/pages"}],"about":[{"href":"https:\/\/www.hri-research.org\/de\/wp-json\/wp\/v2\/types\/page"}],"author":[{"embeddable":true,"href":"https:\/\/www.hri-research.org\/de\/wp-json\/wp\/v2\/users\/1"}],"replies":[{"embeddable":true,"href":"https:\/\/www.hri-research.org\/de\/wp-json\/wp\/v2\/comments?post=5264"}],"version-history":[{"count":0,"href":"https:\/\/www.hri-research.org\/de\/wp-json\/wp\/v2\/pages\/5264\/revisions"}],"up":[{"embeddable":true,"href":"https:\/\/www.hri-research.org\/de\/wp-json\/wp\/v2\/pages\/5215"}],"wp:attachment":[{"href":"https:\/\/www.hri-research.org\/de\/wp-json\/wp\/v2\/media?parent=5264"}],"curies":[{"name":"wp","href":"https:\/\/api.w.org\/{rel}","templated":true}]}}