{"id":5253,"date":"2014-08-11T16:24:45","date_gmt":"2014-08-11T16:24:45","guid":{"rendered":"https:\/\/www.hri-research.org\/de\/homeopathy-faqs\/theres-nothing-in-it-its-just-sugar-pills\/"},"modified":"2022-02-16T11:55:20","modified_gmt":"2022-02-16T11:55:20","slug":"nicht-einfach-nur-zuckerpillen","status":"publish","type":"page","link":"https:\/\/www.hri-research.org\/de\/informationsquellen\/homeopathy-faqs\/nicht-einfach-nur-zuckerpillen\/","title":{"rendered":"Woher wissen wir, dass hom\u00f6opathische Arzneimittel nicht nur &#8222;Zuckerpillen&#8220; sind?"},"content":{"rendered":"<p><strong>Laborexperimente haben nachgewiesen, dass hom\u00f6opathische Mittel nicht nur Zuckerk\u00fcgelchen sind.<\/strong><\/p>\n<p>Kritiker der Hom\u00f6opathie verweisen darauf, dass hom\u00f6opathische Mittel so stark verd\u00fcnnt sind, dass \u201enichts mehr drin ist\u201c.<\/p>\n<p>Begr\u00fcndet wird dies damit, dass die f\u00fcr die Herstellung einiger hom\u00f6opathischer Mittel eingesetzten L\u00f6sungen \u00fcber dem als Avogadro-Konstante bekannten Schwellenwert (10<sup>-23<\/sup>) hinaus verd\u00fcnnt sind, das bedeutet, die L\u00f6sung ist so hoch verd\u00fcnnt, dass ein Vorhandensein der Molek\u00fcle des Ursprungsstoffs nicht zu erwarten sei.<\/p>\n<p>Diese \u201eultrahohen Verd\u00fcnnungen\u201c (hom\u00f6opathische Mittel mit <a href=\"#\" class=\"definition\" title=\"hom\u00f6opathische Potenz: Die St\u00e4rke eines hom\u00f6opathischen Medikaments\">Potenzen<\/a> gr\u00f6\u00dfer C12 oder D24) sorgen f\u00fcr Kontroversen, da sie offensichtlich nicht wie herk\u00f6mmliche Medikamente funktionieren k\u00f6nnen, d. h. \u00fcber Molek\u00fcle, die unmittelbar \u00fcber biochemische Prozesse mit dem K\u00f6rper interagieren.<\/p>\n<p>Weltweit untersuchen Forscher <a href=\"https:\/\/www.hri-research.org\/de\/hri-research\/how-do-homeopathic-medicines-work\/\" target=\"_blank\" rel=\"noopener noreferrer\">den Wirkmechanismus<\/a> dieser Medikamente, der wahrscheinlich eher auf einer physikalischen als auf einer chemischen Grundlage beruht. Obwohl aktuell mehrere Theorien erforscht werden, haben wir bislang noch keine Erkl\u00e4rung daf\u00fcr, wie hom\u00f6opathische Mittel wirken.<\/p>\n<p>Was wir aber sehr wohl wissen, ist, dass viele experimentelle Studien nachgewiesen haben, dass ultrahoch verd\u00fcnnte hom\u00f6opathische Mittel biologische Wirkungen aufweisen, die nicht feststellbar w\u00e4ren, wenn es sich lediglich um \u201eWasser\u201c oder \u201eZuckerk\u00fcgelchen\u201c handeln w\u00fcrde, wie beispielsweise folgende:<\/p>\n<p class=\"no-margin\"><strong>Die Zugabe von hom\u00f6opathisch-aufbereitetem Histamins zu wei\u00dfen Blutk\u00f6rperchen kann dazu f\u00fchren, dass diese Histamin aussch\u00fctten.<\/strong><\/p>\n<p class=\"no-margin\"><p><a href=\"#\" class=\"expand-content\" id=\"69e241c7029f2\"><span class=\"expand-content-more\">Mehr<\/span><span class=\"expand-content-less\">Weniger<\/span><\/a><\/p><div class=\"collapse-content\" id=\"panel-69e241c7029f2\"> Die Autoren dieses Experiments erkl\u00e4ren hierzu Folgendes: \u201eWenn menschliche polymorphkernige Basophile, eine spezielle Art wei\u00dfer Blutzellen, die Antik\u00f6rpern vom Typ Immunglobulin E (IgE) auf der Oberfl\u00e4che tragen, IgE-Antik\u00f6rpern ausgesetzt sind, sch\u00fctten sie aus ihren intrazellul\u00e4ren Granula Histamin aus und ver\u00e4ndern dadurch ihre F\u00e4rbeeigenschaften. Letzteres kann bei Verd\u00fcnnungen von Anti-IgE zwischen 10<sup>-2<\/sup> und 10<sup>-120<\/sup> nachgewiesen werden: \u00fcber die gesamte (Verd\u00fcnnungs-)Bandbreite gibt es sukzessive Degranulationsspitzen, welche zwischen 40 und 60 % der Basophilen einschlie\u00dfen, und das trotz eines rechnerischen Nicht-Vorhandenseins jeglicher Anti-IgE-Molek\u00fcle im Falle der h\u00f6chsten Verd\u00fcnnungen.\u201c<\/p>\n<p>Zu dieser Frage wurden bereits 28 wissenschaftliche Artikel ver\u00f6ffentlicht, von denen 23 ein positives Ergebnis aufweisen. 11 Publikationen wurden als hochwertig eingestuft, von denen 8 zu positiven Ergebnissen f\u00fchrten.<span class=\"no-underline\"><sup><a title=\"Witt CM, Bluth M, Albrecht H, Weisshuhn TE, Baumgartner S, Willich SN. The in vitro evidence for an effect of high homeopathic potencies--a systematic review of the literature. Complement Ther Med. 2007 Jun;15(2):128-38.\" href=\"http:\/\/www.ncbi.nlm.nih.gov\/pubmed\/17544864\" target=\"_blank\" rel=\"noopener noreferrer\">1<\/a><\/sup><\/span><\/p>\n<p>Die erste Studie zu diesem Thema berichtete \u00fcber eine Hemmung der Degranulation mit ultramolekularen Verd\u00fcnnungen von Anti-IgE,<span class=\"no-underline\"><sup><a title=\"Davenas E, Beauvais F, Amara J, et al. Human basophil de-granulation triggered by very dilute antiserum against IgE. Nature, 1988; 333: 816\u2013818.\" href=\"http:\/\/www.ncbi.nlm.nih.gov\/pubmed\/2455231\" target=\"_blank\" rel=\"noopener noreferrer\">2<\/a>\u00a0<\/sup><\/span>doch diese ersten Experimente erwiesen sich als nicht reproduzierbar.<sup><a title=\"Ovelg\u00f6nne JH, Bol AW, Hop WC, van Wijk R. Mechanical agitation of very dilute antiserum against IgE has no effect on basophil staining properties. Experientia, 1992; 48: 504\u2013508. \" href=\"http:\/\/www.ncbi.nlm.nih.gov\/pubmed\/1376282\" target=\"_blank\" rel=\"noopener noreferrer\">3<\/a>,<a title=\"Hirst SJ, Hayes NA, Burridge J, et al. Human basophil degranulation is not triggered by very dilute antiserum against human IgE. Nature, 1993; 366: 525\u2013527. \" href=\"http:\/\/www.ncbi.nlm.nih.gov\/pubmed\/8255290\" target=\"_blank\" rel=\"noopener noreferrer\">4<\/a><\/sup><\/p>\n<p>Indessen zeigten nachfolgende Studien, die eine abgewandelte Methodik und ultramolekulare Verd\u00fcnnungen von Histamin verwendet hatten, positive Ergebnisse. Diese Ergebnisse konnten in mehreren unabh\u00e4ngigen Labors<sup><a title=\"Belon P, Cumps J, Ennis M, et al. Inhibition of human basophil degranulation by successive histamine dilutions: results of a European multi-centre trial. Inflammation Research, 1999; 48 (Suppl 1): S17\u201318.\" href=\"http:\/\/www.ncbi.nlm.nih.gov\/pubmed\/10350142\" target=\"_blank\" rel=\"noopener noreferrer\">5<\/a>,<a title=\"Lorenz I, Schneider EM, Stolz P, et al. Sensitive flow cytometric method to test basophil activation influenced by homeopathic histamine dilution. Forschende Komplement\u00e4rmedizin, 2003; 10: 316\u2013324. \" href=\"http:\/\/www.ncbi.nlm.nih.gov\/pubmed\/14707480\" target=\"_blank\" rel=\"noopener noreferrer\">6<\/a><\/sup> sowie in einer multizentrischen Versuchsreihe<sup><a title=\"Belon P, Cumps J, Ennis M, et al. Histamine dilutions modulate basophil activation. Inflammation Research, 2004; 53: 181\u2013188. \" href=\"http:\/\/www.ncbi.nlm.nih.gov\/pubmed\/15105967\" target=\"_blank\" rel=\"noopener noreferrer\">7<\/a>\u00a0<\/sup>reproduziert werden.<\/div><!-- de --><\/p>\n<p class=\"no-margin\"><strong>Hom\u00f6opathisch-aufbereitetes Thyroxin in einer ultrahohen Verd\u00fcnnung von D30 verlangsamt die Entwicklung von Kaulquappen in Fr\u00f6sche.\u00a0<\/strong><sup><a title=\"Harrer B. Replication of an experiment on extremely diluted thyroxine and\u2028highland amphibians. Homeopathy. 2013 Jan;102(1):25-303\" href=\"http:\/\/www.ncbi.nlm.nih.gov\/pubmed\/23290876\" target=\"_blank\" rel=\"noopener noreferrer\">8<br \/>\n<\/a><\/sup><p><a href=\"#\" class=\"expand-content\" id=\"69e241c702a1c\"><span class=\"expand-content-more\">Mehr<\/span><span class=\"expand-content-less\">Weniger<\/span><\/a><\/p><div class=\"collapse-content\" id=\"panel-69e241c702a1c\"> Bei Amphibien stimuliert das Hormon Thyroxin die Metamorphose. Seit mehr als 20 Jahren haben verschiedene Forscherteams hom\u00f6opathische Verd\u00fcnnungen von Thyroxin an Fr\u00f6schen getestet, die dem Wasser der Kaulquappen zugef\u00fcgt wurden. Eine unabh\u00e4ngige Metaanalyse dieser Versuche umfasste 22 verschiedene Experimente &#8211; 15 durch das urspr\u00fcngliche Team in \u00d6sterreich, 5 durch unabh\u00e4ngige Forscher durchgef\u00fchrt.<sup><a title=\"Harrer B. Replication of an experiment on extremely diluted thyroxine and\u2028highland amphibians. Homeopathy. 2013 Jan;102(1):25-303\" href=\"http:\/\/www.ncbi.nlm.nih.gov\/pubmed\/23290876\" target=\"_blank\" rel=\"noopener noreferrer\">8<\/a>\u00a0<\/sup>Alle 22 Experimente stellten denselben Entwicklungstrend fest, n\u00e4mlich, dass Thyroxin D30 (durch das hom\u00f6opathische Herstellungsverfahren jenseits der Avogadro-Konstante hinaus verd\u00fcnnt) die Metamorphose hemmt, auch wenn die exakten Ergebnisse variierten. Derselbe Effekt wurde hiermit nun von 7 Forschern aus \u00d6sterreich, Deutschland, der Schweiz und den Niederlanden beobachtet.<\/p>\n<\/div><!-- de --><\/p>\n<h3><span class=\"accent\">Sind diese Ergebnisse einfach \u00a0das Resultat \u201eschlechter Wissenschaft\u201c?<\/span><\/h3>\n<p>Dieses Argument h\u00e4lt keiner n\u00e4heren Pr\u00fcfung stand, da selbst Experimente mit einem hohen methodischen Anspruch nachweisen k\u00f6nnen, dass ultrahohe Verd\u00fcnnungen (auch \u201eHochpotenzen\u201c genannt) Wirkung zeigen.<sup><a title=\"Witt CM, Bluth M, Albrecht H, Weisshuhn TE, Baumgartner S, Willich SN. The in vitro evidence for an effect of high homeopathic potencies--a systematic review of the literature. Complement Ther Med. 2007 Jun;15(2):128-38.\" href=\"http:\/\/www.ncbi.nlm.nih.gov\/pubmed\/17544864\" target=\"_blank\" rel=\"noopener noreferrer\">1<\/a><\/sup><\/p>\n<h3><span class=\"accent\">Warum werden diese Ergebnisse von einigen Wissenschaftlern nicht akzeptiert?<\/span><\/h3>\n<p>Bisher war kein positives Ergebnis ausreichend belastbar, um jederzeit von allen Forschern reproduziert werden zu k\u00f6nnen. Fast 75 % aller in-vitro Experimente mit ultrahohen Verd\u00fcnnungen belegen, dass die Substanz Wirkung zeigt, und fast 75 % aller Replikationen sind positiv verlaufen.<sup><a title=\"Witt CM, Bluth M, Albrecht H, Weisshuhn TE, Baumgartner S, Willich SN. The in vitro evidence for an effect of high homeopathic potencies--a systematic review of the literature. Complement Ther Med. 2007 Jun;15(2):128-38.\" href=\"http:\/\/www.ncbi.nlm.nih.gov\/pubmed\/17544864\" target=\"_blank\" rel=\"noopener noreferrer\">1<\/a><\/sup><\/p>\n<p>Indem Wissenschaftler mehr Erfahrung im Experimentieren mit ultrahohen Verd\u00fcnnungen bekommen, gewinnen sie zunehmend neue Erkenntnisse \u00fcber die Faktoren, die die Ergebnisse beeinflussen, wodurch die Reproduzierbarkeit gesteigert wird.<sup><a title=\"Endler P, Thieves K, Reich C, Matthiessen P, Bonamin L, Scherr C, Baumgartner S. Repetitions of fundamental research models for homeopathically prepared dilutions beyond 10(-23): a bibliometric study. Homeopathy. 2010 Jan; 99(1):25-36. \" href=\"http:\/\/www.ncbi.nlm.nih.gov\/pubmed\/20129174\" target=\"_blank\" rel=\"noopener noreferrer\">9<\/a><\/sup>\u00a0Die eingangs beschriebenen Experimente mit Basophilen und Fr\u00f6schen haben bislang die beste Reproduzierbarkeit gezeigt, und auch beim Auffinden der am besten reproduzierbaren\u00a0<a href=\"https:\/\/www.hri-research.org\/wp-content\/uploads\/2014\/08\/HRI_ResearchArticle_16_Baumgartner_PlantModels.pdf\" target=\"_blank\" rel=\"noopener noreferrer\">Experimente auf Pflanzenbasis<\/a> werden Fortschritte erzielt.<\/p>\n<p>Solange aber kein Experiment gelingt, bei dem jedes Forscherteam jedes Mal genau die gleiche Wirkung feststellt, wird dieses Forschungsgebiet umstritten bleiben. Vor dieser permanenten Herausforderung stehen Grundlagenforscher in der Hom\u00f6opathie.<\/p>\n<h3><span class=\"accent\">Der Schl\u00fcssel scheint darin zu liegen, wie hom\u00f6opathische Mittel hergestellt werden<\/span><\/h3>\n<p>Hom\u00f6opathische Mittel werden aus pflanzlichen, chemischen, mineralischen oder tierischen Quellen hergestellt. Das Ausgangsmaterial wird verd\u00fcnnt und anschlie\u00dfend versch\u00fcttelt. Die Anzahl der Wiederholungen dieses Vorgangs bestimmt die St\u00e4rke oder \u201ePotenz\u201c des Mittels. So wird beispielsweise ein Mittel mit der Potenz \u201eC6\u201c im Verh\u00e4ltnis 1:100 verd\u00fcnnt und versch\u00fcttelt und dieser Vorgang wird dann anschlie\u00dfend sechsmal wiederholt.<\/p>\n<p>Wird eine Substanz immer und immer wieder verd\u00fcnnt, dann bleibt nat\u00fcrlich letzten Endes nur eine inaktive Fl\u00fcssigkeit \u00fcbrig, die tats\u00e4chlich \u201enur Wasser\u201c ist. Erst durch das zus\u00e4tzliche Versch\u00fctteln zwischen jedem einzelnen Verd\u00fcnnungsschritt, scheint eine Information von dem Ausgangsstoff auf die Wasser\/Alkohol-Mischung, in der er verd\u00fcnnt wird, \u00fcbertragen zu werden.<\/p>\n<p>Diese theoretische \u00dcberlegung wird von Experimenten gest\u00fctzt, die belegen, dass unversch\u00fcttelte Verd\u00fcnnungen inaktiv sind, versch\u00fcttelte Verd\u00fcnnungen dahingegen biologische Wirkungen ausl\u00f6sen k\u00f6nnen, was nahelegt, dass dieser Aspekt des Herstellungsprozesses f\u00fcr die Fertigung von hom\u00f6opathischen Mitteln essentiell ist.<sup><a href=\"https:\/\/www.researchgate.net\/publication\/277017581_Effectiveness_of_ultra_high_diluted_arsenic_is_a_function_of_succussion_number_as_evidenced_by_wheat_germination_test_and_droplet_evaporation_method\" target=\"_blank\" rel=\"noopener noreferrer\">10<\/a><\/sup><\/p>\n<p>Welche physikalisch-chemischen Ver\u00e4nderungen das Versch\u00fctteln genau hervorruft, und wie diese es dem Wasser erm\u00f6glichen, die Information der darin verd\u00fcnnten Stoffe aufzunehmen, sind die gro\u00dfen Fragen, <a href=\"https:\/\/www.hri-research.org\/de\/hri-research\/how-do-homeopathic-medicines-work\/\" target=\"_blank\" rel=\"noopener noreferrer\">die die Forscher zu beantworten suchen<\/a>.<\/p>\n<p><a href=\"#\" class=\"expand-content button accent-bg\" id=\"69e241c702a4b\"><span class=\"expand-content-more\">Referenzen<\/span><span class=\"expand-content-less\">Weniger<\/span><\/a><\/p><div class=\"collapse-content\" id=\"panel-69e241c702a4b\">\n<ol>\n<li>Witt CM, Bluth M, Albrecht H, Weisshuhn TE, Baumgartner S, Willich SN.\u00a0The in vitro evidence for an effect of high homeopathic potencies&#8211;a systematic review of the literature.\u00a0<em>Complement Ther Med<\/em>., 2007;\u00a0<strong>15<\/strong>(2): 128-38 | <a href=\"http:\/\/www.ncbi.nlm.nih.gov\/pubmed\/17544864\" target=\"_blank\" rel=\"noopener noreferrer\">PubMed<\/a><\/li>\n<li>Davenas E, Beauvais F, Amara J, et al. Human basophil de-granulation triggered by very dilute antiserum against IgE. <em>Nature<\/em>, 1988; <strong>333<\/strong>: 816\u2013818 | <a href=\"http:\/\/www.ncbi.nlm.nih.gov\/pubmed\/2455231\" target=\"_blank\" rel=\"noopener noreferrer\">PubMed<\/a><\/li>\n<li>Ovelg\u00f6nne JH, Bol AW, Hop WC, van Wijk R. Mechanical agitation of very dilute antiserum against IgE has no effect on basophil staining properties. <em>Experientia,<\/em> 1992; <strong>48<\/strong>: 504\u2013508 | <a href=\"http:\/\/www.ncbi.nlm.nih.gov\/pubmed\/1376282\" target=\"_blank\" rel=\"noopener noreferrer\">PubMed<\/a><\/li>\n<li>Hirst SJ, Hayes NA, Burridge J, et al. Human basophil degranulation is not triggered by very dilute antiserum against human IgE. <em>Nature,<\/em> 1993;<strong>366<\/strong>: 525\u2013527 | <a href=\"http:\/\/www.ncbi.nlm.nih.gov\/pubmed\/8255290\" target=\"_blank\" rel=\"noopener noreferrer\">PubMed<\/a><\/li>\n<li>Belon P, Cumps J, Ennis M, et al. Inhibition of human basophil degranulation by successive histamine dilutions: results of a European multi-centre trial. <em>Inflammation Research,<\/em> 1999; <strong>48<\/strong> (Suppl 1): S17\u201318 | <a href=\"https:\/\/www.ncbi.nlm.nih.gov\/pubmed\/10350142\" target=\"_blank\" rel=\"noopener noreferrer\">PubMed<\/a><\/li>\n<li>Lorenz I, Schneider EM, Stolz P, et al. Sensitive flow cytometric method to test basophil activation influenced by homeopathic histamine dilution. <em>Forschende Komplement\u00e4rmedizin,<\/em> 2003; <strong>10<\/strong>: 316\u2013324 | <a href=\"http:\/\/www.ncbi.nlm.nih.gov\/pubmed\/14707480\" target=\"_blank\" rel=\"noopener noreferrer\">PubMed<\/a><\/li>\n<li>Belon P, Cumps J, Ennis M, et al. Histamine dilutions modulate basophil activation. <em>Inflammation Research,<\/em> 2004; <strong>53<\/strong>: 181\u2013188 | <a href=\"http:\/\/www.ncbi.nlm.nih.gov\/pubmed\/15105967\" target=\"_blank\" rel=\"noopener noreferrer\">PubMed<\/a><\/li>\n<li>Harrer B. Replication of an experiment on extremely diluted thyroxine and\u2028highland amphibians. <em>Homeopathy,<\/em>\u00a02013;<strong>102<\/strong>(1):25-303 | <a href=\"http:\/\/www.ncbi.nlm.nih.gov\/pubmed\/23290876\" target=\"_blank\" rel=\"noopener noreferrer\">PubMed<\/a><\/li>\n<li>Endler P, Thieves K, Reich C, Matthiessen P, Bonamin L, Scherr C, Baumgartner S. Repetitions of fundamental research models for homeopathically prepared dilutions beyond 10(-23): a bibliometric study.\u00a0<em>Homeopathy,<\/em>\u00a02010; <strong>99<\/strong>(1): 25-36 |\u00a0<a href=\"http:\/\/www.ncbi.nlm.nih.gov\/pubmed\/20129174\" target=\"_blank\" rel=\"noopener noreferrer\">PubMed<\/a>\u00a0|\u00a0<a href=\"https:\/\/www.hri-research.org\/wp-content\/uploads\/2014\/08\/Moebius-S_Endler-et-al_Improvements-seen-in-reproducibility-of-basic-research-results2010.pdf\" target=\"_blank\" rel=\"noopener noreferrer\">HRI Synopsis<\/a><\/li>\n<li>Betti L,\u00a0et al.\u00a0Effectiveness of ultra high diluted arsenic is a function of succussion number as evidenced by wheat germination test and droplet evaporation method.\u00a0<i>Int J High Dilution Res, 2013;<\/i>\u00a0<b>12 <\/b>(44):<b>\u00a0<\/b>127\u2013128 | <a href=\"https:\/\/www.researchgate.net\/publication\/277017581_Effectiveness_of_ultra_high_diluted_arsenic_is_a_function_of_succussion_number_as_evidenced_by_wheat_germination_test_and_droplet_evaporation_method\" target=\"_blank\" rel=\"noopener noreferrer\">Full text<\/a><\/li>\n<\/ol>\n<\/div><!-- de -->\n<p><a href=\"https:\/\/www.hri-research.org\/de\/resources\/homeopathy-faqs\/\">Zur\u00fcck zu FAQ Hom\u00f6opathie<\/a><\/p>\n","protected":false},"excerpt":{"rendered":"<p>Laborexperimente haben nachgewiesen, dass hom\u00f6opathische Mittel nicht nur Zuckerk\u00fcgelchen sind. Kritiker der Hom\u00f6opathie verweisen darauf, dass hom\u00f6opathische Mittel so stark verd\u00fcnnt sind, dass \u201enichts mehr drin ist\u201c. Begr\u00fcndet wird dies damit, dass die f\u00fcr die Herstellung einiger hom\u00f6opathischer Mittel eingesetzten L\u00f6sungen \u00fcber dem als Avogadro-Konstante bekannten Schwellenwert (10-23) hinaus verd\u00fcnnt sind, das bedeutet, die L\u00f6sung [&hellip;]<\/p>\n","protected":false},"author":1,"featured_media":0,"parent":5215,"menu_order":4,"comment_status":"closed","ping_status":"closed","template":"page-translated-faq.php","meta":{"footnotes":""},"class_list":["post-5253","page","type-page","status-publish","hentry"],"jetpack_sharing_enabled":true,"_links":{"self":[{"href":"https:\/\/www.hri-research.org\/de\/wp-json\/wp\/v2\/pages\/5253","targetHints":{"allow":["GET"]}}],"collection":[{"href":"https:\/\/www.hri-research.org\/de\/wp-json\/wp\/v2\/pages"}],"about":[{"href":"https:\/\/www.hri-research.org\/de\/wp-json\/wp\/v2\/types\/page"}],"author":[{"embeddable":true,"href":"https:\/\/www.hri-research.org\/de\/wp-json\/wp\/v2\/users\/1"}],"replies":[{"embeddable":true,"href":"https:\/\/www.hri-research.org\/de\/wp-json\/wp\/v2\/comments?post=5253"}],"version-history":[{"count":0,"href":"https:\/\/www.hri-research.org\/de\/wp-json\/wp\/v2\/pages\/5253\/revisions"}],"up":[{"embeddable":true,"href":"https:\/\/www.hri-research.org\/de\/wp-json\/wp\/v2\/pages\/5215"}],"wp:attachment":[{"href":"https:\/\/www.hri-research.org\/de\/wp-json\/wp\/v2\/media?parent=5253"}],"curies":[{"name":"wp","href":"https:\/\/api.w.org\/{rel}","templated":true}]}}