{"id":5248,"date":"2014-07-25T16:05:55","date_gmt":"2014-07-25T16:05:55","guid":{"rendered":"https:\/\/www.hri-research.org\/de\/homeopathy-faqs\/scientists-say-homeopathy-is-impossible\/"},"modified":"2022-02-16T11:35:59","modified_gmt":"2022-02-16T11:35:59","slug":"warum-halten-fachwissenschaftler-homoeopathie-fuer-moeglich","status":"publish","type":"page","link":"https:\/\/www.hri-research.org\/de\/informationsquellen\/homeopathy-faqs\/warum-halten-fachwissenschaftler-homoeopathie-fuer-moeglich\/","title":{"rendered":"Warum halten Fachwissenschaftler Hom\u00f6opathie f\u00fcr m\u00f6glich?"},"content":{"rendered":"<p><strong>Nicht alle Wissenschaftler glauben, dass Hom\u00f6opathie nicht m\u00f6glich ist. Prof. Luc Montagnier, der 2008 f\u00fcr seine Beteiligung an der Entdeckung von HIV mit dem Nobelpreis ausgezeichnet wurde, behauptet, dass Hom\u00f6opathen derart hohe Verd\u00fcnnungen zu Recht anwenden.<\/strong><\/p>\n<p class=\"no-margin\">In einem Interview mit der Zeitschrift \u201eScience\u201c antwortete er auf die Frage: <em>\u201eGlauben Sie, dass an der Hom\u00f6opathie etwas Wahres dran ist?\u201c<\/em> \u2013 <em>\u201eWas ich hier und heute behaupten kann, ist, dass die hohen Verd\u00fcnnungen berechtigt sind. Hohe Verd\u00fcnnungen von etwas sind nicht Nichts. Es sind Wasserstrukturen, die die urspr\u00fcnglichen Molek\u00fcle nachbilden.\u201c<\/em> <sup><a title=\"Martin Enserink &quot;French Nobelist Escapes &quot;Intellectual Terror&quot; to Pursue Radical Ideas in China&quot;, Science 24 Dec 2010 330 (6012): 1732 \" href=\"http:\/\/www.scribd.com\/doc\/47426344\/Luc-Montagnier-French-Nobelist-on-homeopathy\" target=\"_blank\" rel=\"noopener noreferrer\">1<\/a><\/sup><\/p>\n<p><a href=\"#\" class=\"expand-content\" id=\"69d0d8f7e8bc3\"><span class=\"expand-content-more\">Mehr<\/span><span class=\"expand-content-less\">Weniger<\/span><\/a><\/p><div class=\"collapse-content\" id=\"panel-69d0d8f7e8bc3\">Prof. Luc Montagnier ist ein franz\u00f6sischer Virologe. Seine aktuelle Forschung konzentriert sich g\u00e4nzlich auf das Studium der elektromagnetischen Eigenschaften biologischer Substanzen (z. B. DNA und Bakterien), die unter Einsatz derselben Herstellungstechnik wie bei hom\u00f6opathischen Mitteln, d. h. serielle Verd\u00fcnnung abwechselnd mit Versch\u00fcttelung, zu hohen Verd\u00fcnnungen aufbereitet werden. In dem Interview aus dem Jahr 2011 sprach er \u00fcber seine Arbeit und die Gr\u00fcnde f\u00fcr seinen Wechsel nach China im Alter von 78 Jahren, darunter die \u201emit diesem Thema verbundenen \u00c4ngste\u201c in Europa.<\/p>\n<\/div><!-- de -->\n<p><strong>Die Wissenschaft ist einem st\u00e4ndigen Wandel unterworfen. Was das wissenschaftliche Establishment zu einem Zeitpunkt f\u00fcr \u201eunm\u00f6glich\u201c h\u00e4lt, ist zu einem sp\u00e4teren Zeitpunkt eine bewiesene \u201eTatsache\u201c.<\/strong><\/p>\n<p>Ein ber\u00fchmtes Beispiel einer medizinischen Kehrtwende finden wir im Jahr 1982: Als Dr. Barry Marshall und Dr. Robin Warren erstmals ihre Theorie formulierten, dass eine bakterielle Infektion die Ursache f\u00fcr Magengeschw\u00fcre ist, wurde deren Gedanke bel\u00e4chelt.<sup><span class=\"no-underline\"><a title=\"Pincock, S. Nobel Prize winners Robin Warren and Barry Marshall. The Lancet, 2005; 366(9495):1429\" href=\"http:\/\/www.thelancet.com\/journals\/lancet\/article\/PIIS0140-6736(05)67587-3\/fulltext\" target=\"_blank\" rel=\"noopener noreferrer\">2<\/a><\/span>\u00a0\u00a0<\/sup><\/p>\n<p>Die Wissenschaftler behaupteten, Bakterien k\u00f6nnten unm\u00f6glich im sauren Milieu des Magens \u00fcberleben, geschweige denn gedeihen. Erst Jahre sp\u00e4ter wurden Marshall und Warren rehabilitiert, als sich ihre Annahmen als richtig herausstellten \u2013\u00a0die Infektion mit <em>Helicobacter pylori\u00a0<\/em>ist tats\u00e4chlich die h\u00e4ufigste Ursache f\u00fcr Magengeschw\u00fcre.<\/p>\n<p>2005 wurden sie mit dem Medizin-Nobelpreis ausgezeichnet. In der Laudatio wurden die Mediziner f\u00fcr ihre \u201eHartn\u00e4ckigkeit und ihren Willen vorherrschende Dogmen in Frage zu stellen\u201c gelobt.<\/p>\n<p>Solange es Wissenschaftler gibt, die die biologische Wirkung hom\u00f6opathischer Mittel weiter erforschen, sollten wir vielleicht etwas zur\u00fcckhaltender mit dem Begriff \u201eunm\u00f6glich\u201c im Zusammenhang\u00a0mit jeglicher Art<em> von<\/em> Medizin umgehen.<\/p>\n<p><a href=\"#\" class=\"expand-content button accent-bg\" id=\"69d0d8f7e8bf9\"><span class=\"expand-content-more\">Referenzen<\/span><span class=\"expand-content-less\">Weniger<\/span><\/a><\/p><div class=\"collapse-content\" id=\"panel-69d0d8f7e8bf9\">\n<ol>\n<li>Martin Enserink\u00a0&#8222;French Nobelist Escapes &#8222;Intellectual Terror&#8220; to Pursue Radical Ideas in China&#8220;. <em>Science,\u00a0<\/em>2010;\u00a0<strong>330<\/strong>(6012): 1732 | <a href=\"http:\/\/dx.doi.org\/10.1126\/science.330.6012.1732\" target=\"_blank\" rel=\"noopener noreferrer\">Sciencemag<\/a>\u00a0|\u00a0<a href=\"http:\/\/www.scribd.com\/doc\/47426344\/Luc-Montagnier-French-Nobelist-on-homeopathy\" target=\"_blank\" rel=\"noopener noreferrer\">FullText<\/a><\/li>\n<li>Pincock S. Nobel Prize winners Robin Warren and Barry Marshall. <em>Lancet,<\/em> 2005; <strong>366<\/strong>(9495):1429 | <a href=\"http:\/\/www.thelancet.com\/journals\/lancet\/article\/PIIS0140-6736(05)67587-3\/fulltext\" target=\"_blank\" rel=\"noopener noreferrer\">FullText<\/a><\/li>\n<\/ol>\n<\/div><!-- de -->\n<p><a href=\"https:\/\/www.hri-research.org\/de\/resources\/homeopathy-faqs\/\">Zur\u00fcck zu FAQ Hom\u00f6opathie<\/a><\/p>\n","protected":false},"excerpt":{"rendered":"<p>Nicht alle Wissenschaftler glauben, dass Hom\u00f6opathie nicht m\u00f6glich ist. Prof. Luc Montagnier, der 2008 f\u00fcr seine Beteiligung an der Entdeckung von HIV mit dem Nobelpreis ausgezeichnet wurde, behauptet, dass Hom\u00f6opathen derart hohe Verd\u00fcnnungen zu Recht anwenden. In einem Interview mit der Zeitschrift \u201eScience\u201c antwortete er auf die Frage: \u201eGlauben Sie, dass an der Hom\u00f6opathie etwas [&hellip;]<\/p>\n","protected":false},"author":1,"featured_media":0,"parent":5215,"menu_order":3,"comment_status":"closed","ping_status":"closed","template":"page-translated-faq.php","meta":{"footnotes":""},"class_list":["post-5248","page","type-page","status-publish","hentry"],"jetpack_sharing_enabled":true,"_links":{"self":[{"href":"https:\/\/www.hri-research.org\/de\/wp-json\/wp\/v2\/pages\/5248","targetHints":{"allow":["GET"]}}],"collection":[{"href":"https:\/\/www.hri-research.org\/de\/wp-json\/wp\/v2\/pages"}],"about":[{"href":"https:\/\/www.hri-research.org\/de\/wp-json\/wp\/v2\/types\/page"}],"author":[{"embeddable":true,"href":"https:\/\/www.hri-research.org\/de\/wp-json\/wp\/v2\/users\/1"}],"replies":[{"embeddable":true,"href":"https:\/\/www.hri-research.org\/de\/wp-json\/wp\/v2\/comments?post=5248"}],"version-history":[{"count":0,"href":"https:\/\/www.hri-research.org\/de\/wp-json\/wp\/v2\/pages\/5248\/revisions"}],"up":[{"embeddable":true,"href":"https:\/\/www.hri-research.org\/de\/wp-json\/wp\/v2\/pages\/5215"}],"wp:attachment":[{"href":"https:\/\/www.hri-research.org\/de\/wp-json\/wp\/v2\/media?parent=5248"}],"curies":[{"name":"wp","href":"https:\/\/api.w.org\/{rel}","templated":true}]}}