{"id":5238,"date":"2014-08-11T13:40:50","date_gmt":"2014-08-11T13:40:50","guid":{"rendered":"https:\/\/www.hri-research.org\/de\/homeopathy-faqs\/there-isnt-a-single-good-quality-rct-showing-homeopathy-works\/"},"modified":"2022-02-16T11:13:58","modified_gmt":"2022-02-16T11:13:58","slug":"qualitativ-hochwertige-studien","status":"publish","type":"page","link":"https:\/\/www.hri-research.org\/de\/informationsquellen\/homeopathy-faqs\/qualitativ-hochwertige-studien\/","title":{"rendered":"Gibt es qualitativ hochwertige Studien, die zeigen, dass Hom\u00f6opathie wirkt?"},"content":{"rendered":"<p>Viele Menschen glauben, dass alle hochwertigen randomisierten kontrollierten Studien (RCTs) zur Hom\u00f6opathie negativ verlaufen sind. Das stimmt so nicht.<\/p>\n<p>Nachfolgend werden Beispiele von positiven qualitativ hochwertigen <a href=\"#\" class=\"definition\" title=\"randomisierte kontrollierte Studie: Studientyp, der \u00fcblicherweise zur Pr\u00fcfung der Wirksamkeit schulmedizinischer Medikamente eingesetzt wird und der f\u00fcr einige immer noch als \u201eGoldstandard\u201c gilt\">RCTs<\/a> und <a href=\"#\" class=\"definition\" title=\"die die kombinierten Ergebnisse zahlreicher \u00e4hnlich-gestalteter Studien miteinander vergleicht, um verl\u00e4sslichere Erkenntnisse zu erlangen \">systematischen \u00dcbersichtsarbeiten\/Metaanalysen<\/a> angef\u00fchrt, in denen unterschiedliche hom\u00f6opathische Behandlungen getestet wurden:<\/p>\n<ul>\n<li><strong>Individualisierte hom\u00f6opathische Behandlung von Durchfall bei Kindern <\/strong>Eine Metaanalyse von drei Placebo-kontrollierten randomisierten Studien von Jacobs et al. aus dem Jahr 2003 hat nachgewiesen, dass eine hom\u00f6opathische Behandlung die Dauer eines Durchfalls verk\u00fcrzt (p = 0,008).<sup><a title=\"Jacobs, J., Jonas, W. B., Jim\u00e9nez-P\u00e9rez, M. &amp; Crothers, D. Homeopathy for childhood diarrhea: combined results and metaanalysis from three randomized, controlled clinical trials. Pediatr. Infect. Dis. J. 22, 229\u2013234 (2003).\" href=\"http:\/\/www.ncbi.nlm.nih.gov\/pubmed\/12634583\" target=\"_blank\" rel=\"noopener noreferrer\">1<\/a><\/sup><\/li>\n<li><strong>Individualisierte hom\u00f6opathische Behandlung von Ohrentz\u00fcndungen (Otitis media) bei Kindern<\/strong>\u00a0<sup><a title=\"Jacobs J, Springer DA, Crothers D. Homeopathic treatment of acute otitis media in children: a preliminary randomized placebo-controlled trial. Pediatr Infect Dis J. 2001; 20(2): 177-83\" href=\"http:\/\/www.ncbi.nlm.nih.gov\/pubmed\/11224838\" target=\"_blank\" rel=\"noopener noreferrer\">2<\/a>,<a title=\"Sinha, M. N. et al. Randomized controlled pilot study to compare Homeopathy and Conventional therapy in Acute Otitis Media. Homeopat. J. Fac. Homeopat. 101, 5\u201312 (2012).\" href=\"http:\/\/www.ncbi.nlm.nih.gov\/pubmed\/22226309\" target=\"_blank\" rel=\"noopener noreferrer\">3<\/a><\/sup><\/li>\n<li><strong>Einsatz des hom\u00f6opathischen Mittels <\/strong><em><strong>Galphimia glauca<\/strong><\/em><strong>\u00a0<\/strong><strong>gegen Heuschnupfen <\/strong>(allergische Rhinitis)<sup><a title=\"Wiesenauer and L\u00fcdtke. A meta analysis of the homeopathic treatment of pollinosis with Galphimia glauca. Forsch. Komplement\u00e4rmed. 1996; 3: 230-234.\" href=\"https:\/\/www.karger.com\/Article\/Pdf\/210233\" target=\"_blank\" rel=\"noopener noreferrer\">4<\/a><\/sup><\/li>\n<li><strong>Einsatz von <em>Pollen<\/em> C30 als <a href=\"#\" class=\"definition\" title=\"ein Subtyp der Hom\u00f6opathie, bei dem das eingesetzte hom\u00f6opathische Medikament aus der gleichen Substanz besteht, die die zu behandelnden Symptome verursacht\">isopathisches<\/a> Mittel gegen Heuschnupfe<\/strong><strong><strong>n<\/strong><\/strong><sup><a title=\"Reilly, D. T., Taylor, M. A., et al. (1986). &quot;Is homoeopathy a placebo response? Controlled trial of homoeopathic potency, with pollen in hayfever as model.&quot; Lancet 2(8512): 881-886.\" href=\"http:\/\/www.ncbi.nlm.nih.gov\/pubmed\/2876326\" target=\"_blank\" rel=\"noopener noreferrer\">5<\/a><\/sup><\/li>\n<li><strong>Einsatz des <a href=\"#\" class=\"definition\" title=\"Medikament, das sich aus mehreren hom\u00f6opathischen Einzelsubstanzen zusammensetzt\">hom\u00f6opathischen Komplexmittels<\/a> <\/strong><em><strong>Vertigoheel<\/strong><\/em><strong>\u00a0<\/strong><strong>gegen Schwindel<\/strong><sup><a title=\"Schneider et al. Treatment of vertigo with a homeopathic complex remedy compared with usual treatments \u2013 a meta-analysis of clinical trials, Arzneim.-Forschung 2005, 55(1) 23-29.\" href=\"http:\/\/www.biopathica.co.uk\/Articles\/Dizziness\/19%20-%20Vertigo%20Treatment%20with%20a%20Homeopathic%20Complex%20Remedy.pdf\" target=\"_blank\" rel=\"noopener noreferrer\">6<\/a><\/sup><\/li>\n<\/ul>\n<p><span style=\"line-height: 1.5em;\">Zur Best\u00e4tigung der Ergebnisse dieser vielversprechenden Studien ist mehr Forschung notwendig, insbesondere in Form gro\u00df angelegter Wiederholungen durch andere Forschungsteams.<\/span><\/p>\n<p>Wenn Sie mehr \u00fcber vielversprechende Forschungsbereiche in der klinischen Medizin erfahren wollen, lesen Sie `<a href=\"https:\/\/www.hri-research.org\/wp-content\/uploads\/2014\/08\/HRI_ResearchArticle_21_TournierRoberts_TargetedResearch.pdf\">Homeopathy on trial \u2013 The need for targeted research<\/a>` von Tournier &amp; Roberts, 2013.<\/p>\n<h3><span class=\"accent\"><strong>Das Problem des \u201eRosinenpickens\u201c<\/strong><\/span><\/h3>\n<p style=\"text-align: left;\"><a href=\"https:\/\/www.hri-research.org\/wp-content\/uploads\/2015\/12\/Cherries_shutterstock_213948859-e1450362194674.jpg\"><img loading=\"lazy\" decoding=\"async\" class=\"alignright size-thumbnail wp-image-4866\" src=\"https:\/\/www.hri-research.org\/wp-content\/uploads\/2015\/12\/Cherries_shutterstock_213948859-150x150.jpg\" alt=\"Cherries_shutterstock_213948859\" width=\"150\" height=\"150\" \/><\/a>\u201eRosinenpickerei\u201c ist eine bekannte Praxis, bei der nur die positiven Studien zu einer bestimmten Behandlung ver\u00f6ffentlicht oder zitiert werden, w\u00e4hrend widerspr\u00fcchliche negative Studien verschwiegen werden. Dies kann zu einer Verzerrung der Datenlage f\u00fchren, weshalb es j\u00fcngst Bem\u00fchungen gegeben hat, Forschungsinstitute und Pharmaunternehmen zur Ver\u00f6ffentlichung aller \u2013 positiver wie negativer \u2013 Studienergebnisse aufzufordern, so dass die Datenlage in ihrer Gesamtheit beurteilt werden kann.<\/p>\n<p>Wenn den Kritikern der Hom\u00f6opathie die positiven Studien vorgelegt werden, behaupten sie oft, dies sei Rosinenpickerei, da es andere negative Studien zur Hom\u00f6opathie gebe. Diese negativen Studien sind aber nur dann relevant, wenn sie dieselbe hom\u00f6opathische Behandlung f\u00fcr dieselbe Erkrankung untersuchen. Im Falle der oben genannten Studien gibt es, unseres Wissens nach, keine anderweitigen Wiederholungen mit negativen Ergebnissen. Somit sind die Ergebnisse unwiderlegt.<\/p>\n<h3><span class=\"accent\">Die Notwendigkeit der Replikation aktueller Studien<\/span><strong><br \/>\n<\/strong><\/h3>\n<p>Da die Forschung im Bereich Hom\u00f6opathie ein noch relativ neues Feld ist und sehr wenige Finanzmittel f\u00fcr neue Studien zur Verf\u00fcgung stehen, wurden nur wenige hochwertige Studien durchgef\u00fchrt bzw. wiederholt. Dem HRI ist sehr daran gelegen, dies zu \u00e4ndern.<\/p>\n<p><span style=\"line-height: 1.5em;\">In dem Ma\u00dfe, in dem mehr Studien zur weiteren \u00dcberpr\u00fcfung derselben hom\u00f6opathischen Behandlungen verf\u00fcgbar werden, wird anhand der Best\u00e4tigung bzw. Widerlegung durch neue Erkenntnisse die wissenschaftliche Datengrundlage aktualisiert werden.<\/span><\/p>\n<p><span style=\"line-height: 1.5em;\"><p><a href=\"#\" class=\"expand-content button accent-bg\" id=\"6a08c73d33f30\"><span class=\"expand-content-more\">Referenzen<\/span><span class=\"expand-content-less\">Weniger<\/span><\/a><\/p><div class=\"collapse-content\" id=\"panel-6a08c73d33f30\"><\/span><\/p>\n<ol>\n<li>Jacobs J, Jonas WB, Jim\u00e9nez-P\u00e9rez M &amp; Crothers D. Homeopathy for childhood diarrhea: combined results and metaanalysis from three randomized, controlled clinical trials. <em>Pediatr. Infect. Dis. J.,<\/em>\u00a02003;<strong>22:<\/strong>229\u2013234 |\u00a0<a href=\"http:\/\/www.ncbi.nlm.nih.gov\/pubmed\/12634583\" target=\"_blank\" rel=\"noopener noreferrer\">PubMed<\/a><\/li>\n<li>Jacobs J, Springer DA, Crothers D. Homeopathic treatment of acute otitis media in children: a preliminary randomized placebo-controlled trial. <em>Pediatr Infect Dis J<\/em>., 2001; <strong>20<\/strong>(2): 177-83 | <a href=\"http:\/\/www.ncbi.nlm.nih.gov\/pubmed\/11224838\" target=\"_blank\" rel=\"noopener noreferrer\">PubMed<\/a><\/li>\n<li>Sinha MN,\u00a0<em>et al.<\/em> Randomized controlled pilot study to compare Homeopathy and Conventional therapy in Acute Otitis Media. <em>Homeopat. J. Fac. Homeopat., <\/em>2012; <strong>101:<\/strong>\u00a05\u201312 | <a href=\"http:\/\/www.ncbi.nlm.nih.gov\/pubmed\/22226309\" target=\"_blank\" rel=\"noopener noreferrer\">PubMed<\/a><\/li>\n<li>Wiesenauer M &amp; L\u00fcdtke R. A meta analysis of the homeopathic treatment of pollinosis with Galphimia glauca. <em>Forsch. Komplement\u00e4rmed.,<\/em> 1996; <strong>3<\/strong>: 230-234 | <a href=\"https:\/\/www.karger.com\/Article\/Pdf\/210233\" target=\"_blank\" rel=\"noopener noreferrer\">Link<\/a><\/li>\n<li>Reilly DT, Taylor MA, et al. Is homoeopathy a placebo response? Controlled trial of homoeopathic potency, with pollen in hayfever as model. <em>Lancet, <\/em>1986; <strong>2<\/strong>(8512): 881-886 | <a href=\"http:\/\/www.ncbi.nlm.nih.gov\/pubmed\/2876326\" target=\"_blank\" rel=\"noopener noreferrer\">PubMed<\/a><\/li>\n<li>Schneider B, et al. Treatment of vertigo with a homeopathic complex remedy compared with usual treatments \u2013 a meta-analysis of clinical trials, <em>Arzneim.-Forschung<\/em>, 2005;\u00a0<strong>55<\/strong>(1): 23-29 |\u00a0<a href=\"http:\/\/www.biopathica.co.uk\/Articles\/Dizziness\/19%20-%20Vertigo%20Treatment%20with%20a%20Homeopathic%20Complex%20Remedy.pdf\" target=\"_blank\" rel=\"noopener noreferrer\">PubMed<br \/>\n<\/a><\/div><!-- de --><\/li>\n<\/ol>\n<p><a href=\"https:\/\/www.hri-research.org\/de\/resources\/homeopathy-faqs\/\">Zur\u00fcck zu FAQ Hom\u00f6opathie<\/a><\/p>\n","protected":false},"excerpt":{"rendered":"<p>Viele Menschen glauben, dass alle hochwertigen randomisierten kontrollierten Studien (RCTs) zur Hom\u00f6opathie negativ verlaufen sind. Das stimmt so nicht. Nachfolgend werden Beispiele von positiven qualitativ hochwertigen und angef\u00fchrt, in denen unterschiedliche hom\u00f6opathische Behandlungen getestet wurden: Individualisierte hom\u00f6opathische Behandlung von Durchfall bei Kindern Eine Metaanalyse von drei Placebo-kontrollierten randomisierten Studien von Jacobs et al. aus dem [&hellip;]<\/p>\n","protected":false},"author":1,"featured_media":0,"parent":5215,"menu_order":2,"comment_status":"closed","ping_status":"closed","template":"page-translated-faq.php","meta":{"footnotes":""},"class_list":["post-5238","page","type-page","status-publish","hentry"],"jetpack_sharing_enabled":true,"_links":{"self":[{"href":"https:\/\/www.hri-research.org\/de\/wp-json\/wp\/v2\/pages\/5238","targetHints":{"allow":["GET"]}}],"collection":[{"href":"https:\/\/www.hri-research.org\/de\/wp-json\/wp\/v2\/pages"}],"about":[{"href":"https:\/\/www.hri-research.org\/de\/wp-json\/wp\/v2\/types\/page"}],"author":[{"embeddable":true,"href":"https:\/\/www.hri-research.org\/de\/wp-json\/wp\/v2\/users\/1"}],"replies":[{"embeddable":true,"href":"https:\/\/www.hri-research.org\/de\/wp-json\/wp\/v2\/comments?post=5238"}],"version-history":[{"count":0,"href":"https:\/\/www.hri-research.org\/de\/wp-json\/wp\/v2\/pages\/5238\/revisions"}],"up":[{"embeddable":true,"href":"https:\/\/www.hri-research.org\/de\/wp-json\/wp\/v2\/pages\/5215"}],"wp:attachment":[{"href":"https:\/\/www.hri-research.org\/de\/wp-json\/wp\/v2\/media?parent=5238"}],"curies":[{"name":"wp","href":"https:\/\/api.w.org\/{rel}","templated":true}]}}