{"id":5221,"date":"2014-07-25T15:59:06","date_gmt":"2014-07-25T15:59:06","guid":{"rendered":"https:\/\/www.hri-research.org\/de\/homeopathy-faqs\/there-is-no-scientific-evidence-homeopathy-works\/"},"modified":"2025-08-18T11:56:11","modified_gmt":"2025-08-18T11:56:11","slug":"wissenschaftliche-beweise-fuer-die-homoeopathie","status":"publish","type":"page","link":"https:\/\/www.hri-research.org\/de\/informationsquellen\/homeopathy-faqs\/wissenschaftliche-beweise-fuer-die-homoeopathie\/","title":{"rendered":"Welche wissenschaftlichen Beweise gibt es f\u00fcr die Wirkung der Hom\u00f6opathie?"},"content":{"rendered":"<p>Die wissenschaftlichen Beweise f\u00fcr die Hom\u00f6opathie beruhen auf denselben klinischen Studien, die auch f\u00fcr die Pr\u00fcfung konventioneller medizinischer Behandlungen verwendet werden.<\/p>\n<p>Bis Ende 2023 wurden <strong>286 randomisierte, kontrollierte Studien zur hom\u00f6opathischen Behandlung von 152 Krankheiten<\/strong>\u00a0in Fachzeitschriften mit Peer-Review ver\u00f6ffentlicht und ausreichende Informationen zur Analyse der Ergebnisse bereitgestellt.<\/p>\n<p>Davon\u00a0<strong>waren<\/strong>\u00a0<a href=\"https:\/\/www.hri-research.org\/resources\/homeopathy-faqs\/there-is-no-scientific-evidence-homeopathy-works\/placebo-controlled-trials-of-homeopathic-treatment\/\"><strong>166<\/strong><strong>\u00a0placebokontrollierte Studien<\/strong><\/a><strong>, die 100 verschiedene Erkrankungen abdeckten<\/strong><a href=\"https:\/\/www.hri-research.org\/resources\/homeopathy-faqs\/there-is-no-scientific-evidence-homeopathy-works\/placebo-controlled-trials-of-homeopathic-treatment\/\"><sup>1<\/sup><\/a>:<\/p>\n<ul>\n<li><strong>42 % fielen positiv aus (70 Studien)<\/strong>\u00a0\u2013 sie stellten fest, dass Hom\u00f6opathie wirksam ist<\/li>\n<li><strong>3 % \u00a0fielen negativ aus (5 Studien)<\/strong>\u00a0\u2013\u00a0sie stellten fest, dass Hom\u00f6opathie unwirksam ist<\/li>\n<li><strong>55 % waren nicht eindeutig\u00a0 (91 Studien)<\/strong><\/li>\n<\/ul>\n<div class=\"highlight-box accent-border\">\n<h4 style=\"text-align: center;\"><strong>166 DB-RCTs zu Hom\u00f6opathie (St<\/strong><strong style=\"font-family: -apple-system, BlinkMacSystemFont, 'Segoe UI', Roboto, Oxygen-Sans, Ubuntu, Cantarell, 'Helvetica Neue', sans-serif;\">and Ende 2023)<\/strong><\/h4>\n<p><strong><img loading=\"lazy\" decoding=\"async\" class=\"alignnone size-large wp-image-32531\" src=\"https:\/\/www.hri-research.org\/wp-content\/uploads\/2024\/06\/RCT-Data-2023-DE-e1719500974976-1024x652.png\" alt=\"\" width=\"520\" height=\"331\" srcset=\"https:\/\/www.hri-research.org\/wp-content\/uploads\/2024\/06\/RCT-Data-2023-DE-e1719500974976-1024x652.png 1024w, https:\/\/www.hri-research.org\/wp-content\/uploads\/2024\/06\/RCT-Data-2023-DE-e1719500974976-300x191.png 300w, https:\/\/www.hri-research.org\/wp-content\/uploads\/2024\/06\/RCT-Data-2023-DE-e1719500974976-768x489.png 768w, https:\/\/www.hri-research.org\/wp-content\/uploads\/2024\/06\/RCT-Data-2023-DE-e1719500974976-1536x978.png 1536w, https:\/\/www.hri-research.org\/wp-content\/uploads\/2024\/06\/RCT-Data-2023-DE-e1719500974976-2048x1304.png 2048w, https:\/\/www.hri-research.org\/wp-content\/uploads\/2024\/06\/RCT-Data-2023-DE-e1719500974976-98x62.png 98w, https:\/\/www.hri-research.org\/wp-content\/uploads\/2024\/06\/RCT-Data-2023-DE-e1719500974976-198x126.png 198w, https:\/\/www.hri-research.org\/wp-content\/uploads\/2024\/06\/RCT-Data-2023-DE-e1719500974976-158x101.png 158w, https:\/\/www.hri-research.org\/wp-content\/uploads\/2024\/06\/RCT-Data-2023-DE-e1719500974976-160x102.png 160w, https:\/\/www.hri-research.org\/wp-content\/uploads\/2024\/06\/RCT-Data-2023-DE-e1719500974976-520x331.png 520w\" sizes=\"auto, (max-width: 520px) 100vw, 520px\" \/>Graphik A<\/strong><\/div>\n<p><a href=\"https:\/\/www.hri-research.org\/resources\/homeopathy-faqs\/scientific-evidence-for-homeopathy\/placebo-controlled-trials-of-homeopathic-treatment\/\"><strong>Vollst\u00e4ndige Liste<\/strong><\/a><strong>\u00a0der doppelblinden randomisierten placebokontrollierten Studien.<br \/>\n<\/strong>Mit Ausnahme von: Nicht von Fachleuten \u00fcberpr\u00fcfte Zeitschriften und andere nichtakademische Quellen; Studien, die nicht am Menschen durchgef\u00fchrt wurden; Prophylaxestudien; Cross-over-Design; Einfachblindstudien.<\/p>\n<p><span style=\"font-size: large;\">Wie l\u00e4sst sich dies mit den Nachweisen \u00a0zur Schulmedizin vergleichen?<\/span><\/p>\n<div class=\"highlight-box accent-border\">\n<h4 style=\"text-align: center;\"><strong>1128 systematische \u00dcbersichtsarbeiten von RCTs zur Schulmedizin<\/strong><\/h4>\n<p><strong><img loading=\"lazy\" decoding=\"async\" class=\"alignnone size-full wp-image-22354\" src=\"https:\/\/www.hri-research.org\/wp-content\/uploads\/2022\/05\/ConvMed_DE.png\" alt=\"\" width=\"1220\" height=\"742\" srcset=\"https:\/\/www.hri-research.org\/wp-content\/uploads\/2022\/05\/ConvMed_DE.png 1220w, https:\/\/www.hri-research.org\/wp-content\/uploads\/2022\/05\/ConvMed_DE-300x182.png 300w, https:\/\/www.hri-research.org\/wp-content\/uploads\/2022\/05\/ConvMed_DE-1024x623.png 1024w, https:\/\/www.hri-research.org\/wp-content\/uploads\/2022\/05\/ConvMed_DE-768x467.png 768w, https:\/\/www.hri-research.org\/wp-content\/uploads\/2022\/05\/ConvMed_DE-98x60.png 98w, https:\/\/www.hri-research.org\/wp-content\/uploads\/2022\/05\/ConvMed_DE-198x120.png 198w, https:\/\/www.hri-research.org\/wp-content\/uploads\/2022\/05\/ConvMed_DE-158x96.png 158w, https:\/\/www.hri-research.org\/wp-content\/uploads\/2022\/05\/ConvMed_DE-160x97.png 160w, https:\/\/www.hri-research.org\/wp-content\/uploads\/2022\/05\/ConvMed_DE-520x316.png 520w\" sizes=\"auto, (max-width: 1220px) 100vw, 1220px\" \/>Graphik B<\/strong><\/div>\n<p>Eine Analyse von 1128 systematischen \u00dcbersichtsarbeiten von RCTs zu schulmedizinischen Behandlungen kam zu einem auff\u00e4llig \u00e4hnlichen Ergebnis:<sup><a title=\"El Dib RP, Atallah AN, Andriolo RB. Mapping the Cochrane evidence for decision making in health care. J Eval Clin Pract. 2007 Aug; 13(4):689-92.\" href=\"http:\/\/www.ncbi.nlm.nih.gov\/pubmed\/17683315\" target=\"_blank\" rel=\"noopener noreferrer\">2<\/a><\/sup><\/p>\n<ul>\n<li><strong>45 % fielen positiv aus <\/strong>\u2013 die Behandlung war wahrscheinlich n\u00fctzlich<\/li>\n<li><strong>10 % \u00a0fielen negativ aus <\/strong>\u2013 die Behandlung war wahrscheinlich sch\u00e4dlich<\/li>\n<li><strong>45 % waren nicht eindeutig <\/strong>\u2013 die Ergebnisse zeigten weder einen Nutzen noch einen Schaden<\/li>\n<\/ul>\n<p>Obwohl die Prozents\u00e4tze an positiven, negativen und nicht eindeutigen Ergebnissen f\u00fcr Hom\u00f6opathie und Schulmedizin \u00e4hnlich ausfallen, ist es wichtig, einen <strong>gro\u00dfen Unterschied in der Anzahl <\/strong>ausgef\u00fchrter Forschungsarbeiten anzuerkennen. Grafik A zeigt 166 hom\u00f6opathische Studien aus insgesamt 286 Einzelstudien zur Hom\u00f6opathie. Im Gegensatz w\u00e4hrend Grafik B 1128 schulmedizinische \u00dcbersichtsarbeiten erfasst, von denen jede mehrere Studien analysiert.<\/p>\n<p>Dies unterstreicht den dringenden Bedarf nach mehr Forschung in der Hom\u00f6opathie, insbesondere an gro\u00df angelegten, qualitativ hochwertigen Wiederholungen der vielversprechendsten\u00a0<a href=\"https:\/\/www.hri-research.org\/de\/resources\/homeopathy-faqs\/there-isnt-a-single-good-quality-rct-showing-homeopathy-works\/\">positiven Studien<\/a>.<\/p>\n<p>Der quantitative Unterschied ist auch nicht \u00fcberraschend, wenn man bedenkt, dass nur ein winziger Bruchteil der verf\u00fcgbaren Mittel f\u00fcr die Erforschung der &#8222;komplement\u00e4ren und alternativen Medizin&#8220; (CAM) bereitgestellt wird.\u00a0 So ergab eine Analyse im Vereinigten K\u00f6nigreich, dass nur 0,0085 % des gesamten medizinischen Forschungsbudgets f\u00fcr die Komplement\u00e4r- und Alternativmedizin<a href=\"http:\/\/www.ncbi.nlm.nih.gov\/pmc\/articles\/PMC2071985\/\"><sup>3<\/sup><\/a> verwendet werden, von denen die Hom\u00f6opathie nur ein Beispiel ist. In den USA werden &lt; 0,5 % des j\u00e4hrlichen Budgets f\u00fcr medizinische Forschung in H\u00f6he von 51 Milliarden Dollar f\u00fcr CAM bereitgestellt, die vom National Centre for Complementary and Integrative Health verwendet werden.<sup>4<\/sup><\/p>\n<p><a href=\"#\" class=\"expand-content button accent-bg\" id=\"69d0afd32e3a4\"><span class=\"expand-content-more\">Referenzen<\/span><span class=\"expand-content-less\">Weniger<\/span><\/a><\/p><div class=\"collapse-content\" id=\"panel-69d0afd32e3a4\">\n<ol>\n<li>Full list of randomised placebo controlled trials in Chart A |\u00a0<a href=\"https:\/\/www.hri-research.org\/resources\/homeopathy-faqs\/there-is-no-scientific-evidence-homeopathy-works\/placebo-controlled-trials-of-homeopathic-treatment\/\" target=\"_blank\" rel=\"noopener noreferrer\">Link<\/a><\/li>\n<li>El Dib RP, Atallah AN, Andriolo RB.\u00a0Mapping the Cochrane evidence for decision making in health care. <em>J Eval Clin Pract.,<\/em> 2007;<strong>13<\/strong>(4):689-92 | <a href=\"http:\/\/www.ncbi.nlm.nih.gov\/pubmed\/17683315\" target=\"_blank\" rel=\"noopener noreferrer\">PubMed<\/a><\/li>\n<li>Lewith GT. Funding for CAM.\u00a0<em>BMJ<\/em>., 2007; <strong>335<\/strong>(7627): 951. | <a href=\"http:\/\/www.ncbi.nlm.nih.gov\/pmc\/articles\/PMC2071985\/\" target=\"_blank\" rel=\"noopener noreferrer\">PubMed<\/a><\/li>\n<li>Das <a href=\"https:\/\/officeofbudget.od.nih.gov\/\">Haushaltsamt der National Institutes of Health (NIH)<\/a> gibt an, dass das NIH im Jahr 2023 51,1 Milliarden US-Dollar f\u00fcr das n\u00e4chste Gesch\u00e4ftsjahr beantragt hat. Das vom <a href=\"https:\/\/www.nccih.nih.gov\/about\/budget\/nccih-funding-appropriations-history\" target=\"_blank\" rel=\"noopener\">NIH finanzierte Budget des National Center for Complementary and Integrative Health (NCCIH)<\/a> belief sich f\u00fcr 2023 auf 170,3 Millionen US-Dollar, wovon 89,9 Millionen US-Dollar f\u00fcr Forschungsstipendien verwendet wurden. Somit waren &lt;0,4 % (0,33 % = 170,3 Millionen US-Dollar\/51,1 Milliarden US-Dollar) des NIH-Budgets f\u00fcr Integrative Medizin bestimmt.<\/li>\n<\/ol>\n<\/div><!-- de -->\n<p><a href=\"https:\/\/www.hri-research.org\/de\/resources\/homeopathy-faqs\/\">Zur\u00fcck zu FAQ Hom\u00f6opathie<\/a><\/p>\n<p>&nbsp;<\/p>\n<p>&nbsp;<\/p>\n","protected":false},"excerpt":{"rendered":"<p>Die wissenschaftlichen Beweise f\u00fcr die Hom\u00f6opathie beruhen auf denselben klinischen Studien, die auch f\u00fcr die Pr\u00fcfung konventioneller medizinischer Behandlungen verwendet werden. Bis Ende 2023 wurden 286 randomisierte, kontrollierte Studien zur hom\u00f6opathischen Behandlung von 152 Krankheiten\u00a0in Fachzeitschriften mit Peer-Review ver\u00f6ffentlicht und ausreichende Informationen zur Analyse der Ergebnisse bereitgestellt. Davon\u00a0waren\u00a0166\u00a0placebokontrollierte Studien, die 100 verschiedene Erkrankungen abdeckten1: 42 [&hellip;]<\/p>\n","protected":false},"author":1,"featured_media":0,"parent":5215,"menu_order":1,"comment_status":"closed","ping_status":"closed","template":"page-translated-faq.php","meta":{"footnotes":""},"class_list":["post-5221","page","type-page","status-publish","hentry"],"jetpack_sharing_enabled":true,"_links":{"self":[{"href":"https:\/\/www.hri-research.org\/de\/wp-json\/wp\/v2\/pages\/5221","targetHints":{"allow":["GET"]}}],"collection":[{"href":"https:\/\/www.hri-research.org\/de\/wp-json\/wp\/v2\/pages"}],"about":[{"href":"https:\/\/www.hri-research.org\/de\/wp-json\/wp\/v2\/types\/page"}],"author":[{"embeddable":true,"href":"https:\/\/www.hri-research.org\/de\/wp-json\/wp\/v2\/users\/1"}],"replies":[{"embeddable":true,"href":"https:\/\/www.hri-research.org\/de\/wp-json\/wp\/v2\/comments?post=5221"}],"version-history":[{"count":0,"href":"https:\/\/www.hri-research.org\/de\/wp-json\/wp\/v2\/pages\/5221\/revisions"}],"up":[{"embeddable":true,"href":"https:\/\/www.hri-research.org\/de\/wp-json\/wp\/v2\/pages\/5215"}],"wp:attachment":[{"href":"https:\/\/www.hri-research.org\/de\/wp-json\/wp\/v2\/media?parent=5221"}],"curies":[{"name":"wp","href":"https:\/\/api.w.org\/{rel}","templated":true}]}}