{"id":5215,"date":"2014-09-03T10:18:52","date_gmt":"2014-09-03T10:18:52","guid":{"rendered":"https:\/\/www.hri-research.org\/de\/homeopathy-faqs\/"},"modified":"2024-06-06T14:52:19","modified_gmt":"2024-06-06T14:52:19","slug":"homeopathy-faqs","status":"publish","type":"page","link":"https:\/\/www.hri-research.org\/de\/informationsquellen\/homeopathy-faqs\/","title":{"rendered":"FAQ Hom\u00f6opathie"},"content":{"rendered":"<p>Hom\u00f6opathie ist umstritten.<\/p>\n<p>Prominente Personen des \u00f6ffentlichen Lebens \u00e4u\u00dfern sich oft sehr kritisch gegen\u00fcber der Hom\u00f6opathie, aber nur sehr wenige Menschen hatten bisher die Gelegenheit, selber die Fakten zur Hom\u00f6opathie-Forschung nachzulesen.<\/p>\n<p>Hier beantworten wir die am h\u00e4ufigsten gestellten Fragen zur Hom\u00f6opathie auf der Grundlage der besten verf\u00fcgbaren wissenschaftlichen Erkenntnisse.<\/p>\n<div class=\"icon-text-listing\">\n<div class=\"icon-text-listing-image\">\n<p><a href=\"https:\/\/www.hri-research.org\/de\/informationsquellen\/homeopathy-faqs\/wissenschaftliche-beweise-fuer-die-homoeopathie\/\"><img loading=\"lazy\" decoding=\"async\" class=\"alignnone wp-image-1894\" src=\"https:\/\/www.hri-research.org\/wp-content\/uploads\/2014\/09\/1-Theres-no-evidence_shutterstock_157506920-cropped.jpg\" alt=\"1-There's no evidence_shutterstock_157506920 cropped\" width=\"150\" height=\"114\" srcset=\"https:\/\/www.hri-research.org\/wp-content\/uploads\/2014\/09\/1-Theres-no-evidence_shutterstock_157506920-cropped.jpg 236w, https:\/\/www.hri-research.org\/wp-content\/uploads\/2014\/09\/1-Theres-no-evidence_shutterstock_157506920-cropped-98x74.jpg 98w, https:\/\/www.hri-research.org\/wp-content\/uploads\/2014\/09\/1-Theres-no-evidence_shutterstock_157506920-cropped-198x151.jpg 198w, https:\/\/www.hri-research.org\/wp-content\/uploads\/2014\/09\/1-Theres-no-evidence_shutterstock_157506920-cropped-158x120.jpg 158w, https:\/\/www.hri-research.org\/wp-content\/uploads\/2014\/09\/1-Theres-no-evidence_shutterstock_157506920-cropped-160x122.jpg 160w\" sizes=\"auto, (max-width: 150px) 100vw, 150px\" \/><\/a><\/p>\n<\/div>\n<div class=\"icon-text-listing-text\">\n<p>&nbsp;<\/p>\n<p><a style=\"text-decoration: none; font-size: medium; line-height: normal;\" href=\"https:\/\/www.hri-research.org\/de\/informationsquellen\/homeopathy-faqs\/wissenschaftliche-beweise-fuer-die-homoeopathie\/\">Welche wissenschaftlichen Beweise gibt es f\u00fcr die Wirkung der Hom\u00f6opathie?<\/a><\/p>\n<\/div>\n<div class=\"clear\"><\/div><\/div>\n<div class=\"icon-text-listing\">\n<div class=\"icon-text-listing-image\">\n<p><a href=\"https:\/\/www.hri-research.org\/de\/informationsquellen\/homeopathy-faqs\/mit-beruecksichtigung-der-ueberzeugensten-beweise\/\"><img loading=\"lazy\" decoding=\"async\" class=\"alignnone wp-image-3432\" src=\"https:\/\/www.hri-research.org\/wp-content\/uploads\/2014\/09\/Best-studies-show-it-doesnt-work_213243274-300x199.jpg\" alt=\"\" width=\"150\" height=\"100\" srcset=\"https:\/\/www.hri-research.org\/wp-content\/uploads\/2014\/09\/Best-studies-show-it-doesnt-work_213243274-300x199.jpg 300w, https:\/\/www.hri-research.org\/wp-content\/uploads\/2014\/09\/Best-studies-show-it-doesnt-work_213243274-98x65.jpg 98w, https:\/\/www.hri-research.org\/wp-content\/uploads\/2014\/09\/Best-studies-show-it-doesnt-work_213243274-198x131.jpg 198w, https:\/\/www.hri-research.org\/wp-content\/uploads\/2014\/09\/Best-studies-show-it-doesnt-work_213243274-158x104.jpg 158w, https:\/\/www.hri-research.org\/wp-content\/uploads\/2014\/09\/Best-studies-show-it-doesnt-work_213243274-160x106.jpg 160w, https:\/\/www.hri-research.org\/wp-content\/uploads\/2014\/09\/Best-studies-show-it-doesnt-work_213243274.jpg 500w\" sizes=\"auto, (max-width: 150px) 100vw, 150px\" \/><\/a><\/p>\n<\/div>\n<div class=\"icon-text-listing-text\">\n<p>&nbsp;<\/p>\n<p><a style=\"text-decoration: none; font-size: medium; line-height: normal;\" href=\"https:\/\/www.hri-research.org\/de\/informationsquellen\/homeopathy-faqs\/mit-beruecksichtigung-der-ueberzeugensten-beweise\/\">Was zeigen die hochwertigsten Studien zur Hom\u00f6opathie?<\/a><\/p>\n<\/div>\n<div class=\"clear\"><\/div><\/div>\n<div class=\"icon-text-listing\">\n<div class=\"icon-text-listing-image\">\n<p><a href=\"https:\/\/www.hri-research.org\/de\/informationsquellen\/homeopathy-faqs\/studien-zur-realen-welt\/\" target=\"_blank\" rel=\"noopener\"><img loading=\"lazy\" decoding=\"async\" class=\"alignnone wp-image-28801\" src=\"https:\/\/www.hri-research.org\/wp-content\/uploads\/2023\/08\/Observational_shutterstock_326027870-small-300x200-1.jpeg\" alt=\"\" width=\"150\" height=\"100\" srcset=\"https:\/\/www.hri-research.org\/wp-content\/uploads\/2023\/08\/Observational_shutterstock_326027870-small-300x200-1.jpeg 300w, https:\/\/www.hri-research.org\/wp-content\/uploads\/2023\/08\/Observational_shutterstock_326027870-small-300x200-1-98x65.jpeg 98w, https:\/\/www.hri-research.org\/wp-content\/uploads\/2023\/08\/Observational_shutterstock_326027870-small-300x200-1-198x132.jpeg 198w, https:\/\/www.hri-research.org\/wp-content\/uploads\/2023\/08\/Observational_shutterstock_326027870-small-300x200-1-158x105.jpeg 158w, https:\/\/www.hri-research.org\/wp-content\/uploads\/2023\/08\/Observational_shutterstock_326027870-small-300x200-1-160x107.jpeg 160w\" sizes=\"auto, (max-width: 150px) 100vw, 150px\" \/><\/a><\/p>\n<\/div>\n<div class=\"icon-text-listing-text\">\n<p>&nbsp;<\/p>\n<p><a style=\"text-decoration: none; font-size: medium; line-height: normal;\" href=\"https:\/\/www.hri-research.org\/de\/informationsquellen\/homeopathy-faqs\/studien-zur-realen-welt\/\" target=\"_blank\" rel=\"noopener\">Was k\u00f6nnen wir aus den Ergebnissen der \u201erealen Welt\u201c lernen?<\/a><\/p>\n<\/div>\n<div class=\"clear\"><\/div><\/div>\n<div class=\"icon-text-listing\">\n<div class=\"icon-text-listing-image\">\n<p><a href=\"https:\/\/www.hri-research.org\/resources\/homeopathy-faqs\/how-safe-is-homeopathy\/\"><img loading=\"lazy\" decoding=\"async\" class=\"alignnone wp-image-31162\" src=\"https:\/\/www.hri-research.org\/wp-content\/uploads\/2024\/03\/safety-e1709657826953.jpg\" alt=\"\" width=\"150\" height=\"100\" srcset=\"https:\/\/www.hri-research.org\/wp-content\/uploads\/2024\/03\/safety-e1709657826953.jpg 640w, https:\/\/www.hri-research.org\/wp-content\/uploads\/2024\/03\/safety-e1709657826953-300x200.jpg 300w, https:\/\/www.hri-research.org\/wp-content\/uploads\/2024\/03\/safety-e1709657826953-98x65.jpg 98w, https:\/\/www.hri-research.org\/wp-content\/uploads\/2024\/03\/safety-e1709657826953-198x132.jpg 198w, https:\/\/www.hri-research.org\/wp-content\/uploads\/2024\/03\/safety-e1709657826953-158x105.jpg 158w, https:\/\/www.hri-research.org\/wp-content\/uploads\/2024\/03\/safety-e1709657826953-160x107.jpg 160w, https:\/\/www.hri-research.org\/wp-content\/uploads\/2024\/03\/safety-e1709657826953-520x346.jpg 520w\" sizes=\"auto, (max-width: 150px) 100vw, 150px\" \/><\/a><\/p>\n<\/div>\n<div class=\"icon-text-listing-text\">\n<p>&nbsp;<\/p>\n<p><a style=\"text-decoration: none; font-size: medium; line-height: normal;\" href=\"https:\/\/www.hri-research.org\/resources\/homeopathy-faqs\/how-safe-is-homeopathy\/\">Wie sicher ist Hom\u00f6opathie?<\/a><\/p>\n<\/div>\n<div class=\"clear\"><\/div><\/div>\n<div class=\"icon-text-listing\">\n<div class=\"icon-text-listing-image\">\n<p><a href=\"https:\/\/www.hri-research.org\/de\/informationsquellen\/homeopathy-faqs\/ist-eine-homoeopathische-behandlung-kosteneffizient\/\" target=\"_blank\" rel=\"noopener\"><img loading=\"lazy\" decoding=\"async\" class=\"alignnone wp-image-4351\" src=\"https:\/\/www.hri-research.org\/wp-content\/uploads\/2015\/11\/Funding_shutterstock_261057710-small.jpg\" alt=\"\" width=\"150\" height=\"100\" srcset=\"https:\/\/www.hri-research.org\/wp-content\/uploads\/2015\/11\/Funding_shutterstock_261057710-small.jpg 2401w, https:\/\/www.hri-research.org\/wp-content\/uploads\/2015\/11\/Funding_shutterstock_261057710-small-300x200.jpg 300w, https:\/\/www.hri-research.org\/wp-content\/uploads\/2015\/11\/Funding_shutterstock_261057710-small-1024x683.jpg 1024w, https:\/\/www.hri-research.org\/wp-content\/uploads\/2015\/11\/Funding_shutterstock_261057710-small-98x65.jpg 98w, https:\/\/www.hri-research.org\/wp-content\/uploads\/2015\/11\/Funding_shutterstock_261057710-small-198x132.jpg 198w, https:\/\/www.hri-research.org\/wp-content\/uploads\/2015\/11\/Funding_shutterstock_261057710-small-158x105.jpg 158w, https:\/\/www.hri-research.org\/wp-content\/uploads\/2015\/11\/Funding_shutterstock_261057710-small-160x107.jpg 160w, https:\/\/www.hri-research.org\/wp-content\/uploads\/2015\/11\/Funding_shutterstock_261057710-small-520x347.jpg 520w\" sizes=\"auto, (max-width: 150px) 100vw, 150px\" \/><\/a><\/p>\n<\/div>\n<div class=\"icon-text-listing-text\">\n<p>&nbsp;<\/p>\n<p><a style=\"text-decoration: none; font-size: medium; line-height: normal;\" href=\"https:\/\/www.hri-research.org\/resources\/homeopathy-faqs\/is-homeopathic-treatment-cost-effective\/\" target=\"_blank\" rel=\"noopener\">Ist eine hom\u00f6opathische Behandlung kosteneffizient?<\/a><\/p>\n<\/div>\n<div class=\"clear\"><\/div><\/div>\n<div class=\"icon-text-listing\">\n<div class=\"icon-text-listing-image\">\n<p><a href=\"https:\/\/www.hri-research.org\/de\/informationsquellen\/homeopathy-faqs\/wie-schneidet-die-homoeopathie-im-vergleich-zur-schulmedizin-ab\/\"><img loading=\"lazy\" decoding=\"async\" class=\"alignnone wp-image-3258\" src=\"https:\/\/www.hri-research.org\/wp-content\/uploads\/2014\/09\/Pills_184787189-300x300.jpg\" alt=\"\" width=\"150\" height=\"150\" srcset=\"https:\/\/www.hri-research.org\/wp-content\/uploads\/2014\/09\/Pills_184787189-300x300.jpg 300w, https:\/\/www.hri-research.org\/wp-content\/uploads\/2014\/09\/Pills_184787189-150x150.jpg 150w, https:\/\/www.hri-research.org\/wp-content\/uploads\/2014\/09\/Pills_184787189-98x98.jpg 98w, https:\/\/www.hri-research.org\/wp-content\/uploads\/2014\/09\/Pills_184787189-198x198.jpg 198w, https:\/\/www.hri-research.org\/wp-content\/uploads\/2014\/09\/Pills_184787189-158x158.jpg 158w, https:\/\/www.hri-research.org\/wp-content\/uploads\/2014\/09\/Pills_184787189-160x160.jpg 160w, https:\/\/www.hri-research.org\/wp-content\/uploads\/2014\/09\/Pills_184787189.jpg 500w\" sizes=\"auto, (max-width: 150px) 100vw, 150px\" \/><\/a><\/p>\n<\/div>\n<div class=\"icon-text-listing-text\">\n<p>&nbsp;<\/p>\n<p><a style=\"text-decoration: none; font-size: medium; line-height: normal;\" href=\"https:\/\/www.hri-research.org\/de\/informationsquellen\/homeopathy-faqs\/wie-schneidet-die-homoeopathie-im-vergleich-zur-schulmedizin-ab\/\">Wie schneidet die Hom\u00f6opathie im Vergleich zur Schulmedizin ab?<\/a><\/p>\n<\/div>\n<div class=\"clear\"><\/div><\/div>\n<div class=\"icon-text-listing\">\n<div class=\"icon-text-listing-image\">\n<p><a href=\"https:\/\/www.hri-research.org\/de\/informationsquellen\/homeopathy-faqs\/evidenzbasierte-medizin\/\"><img loading=\"lazy\" decoding=\"async\" class=\"alignnone wp-image-3260\" src=\"https:\/\/www.hri-research.org\/wp-content\/uploads\/2014\/09\/shutterstock_110154518-300x293.jpg\" alt=\"\" width=\"150\" height=\"147\" srcset=\"https:\/\/www.hri-research.org\/wp-content\/uploads\/2014\/09\/shutterstock_110154518-300x293.jpg 300w, https:\/\/www.hri-research.org\/wp-content\/uploads\/2014\/09\/shutterstock_110154518-98x95.jpg 98w, https:\/\/www.hri-research.org\/wp-content\/uploads\/2014\/09\/shutterstock_110154518-198x193.jpg 198w, https:\/\/www.hri-research.org\/wp-content\/uploads\/2014\/09\/shutterstock_110154518-158x154.jpg 158w, https:\/\/www.hri-research.org\/wp-content\/uploads\/2014\/09\/shutterstock_110154518-160x156.jpg 160w, https:\/\/www.hri-research.org\/wp-content\/uploads\/2014\/09\/shutterstock_110154518.jpg 500w\" sizes=\"auto, (max-width: 150px) 100vw, 150px\" \/><\/a><\/p>\n<\/div>\n<div class=\"icon-text-listing-text\">\n<p>&nbsp;<\/p>\n<p><a style=\"text-decoration: none; font-size: medium; line-height: normal;\" href=\"https:\/\/www.hri-research.org\/de\/informationsquellen\/homeopathy-faqs\/evidenzbasierte-medizin\/\">Sind Schulmedizin und Hom\u00f6opathie beide evidenzbasiert?<\/a><\/p>\n<\/div>\n<div class=\"clear\"><\/div><\/div>\n<div class=\"icon-text-listing\">\n<div class=\"icon-text-listing-image\">\n<p><a href=\"https:\/\/www.hri-research.org\/de\/informationsquellen\/homeopathy-faqs\/nicht-einfach-nur-zuckerpillen\/\"><img loading=\"lazy\" decoding=\"async\" class=\"alignnone wp-image-1677 size-thumbnail\" src=\"https:\/\/www.hri-research.org\/wp-content\/uploads\/2014\/09\/10-Homeopathy-not-science-150x150.jpg\" alt=\"\" width=\"150\" height=\"150\" \/><\/a><\/p>\n<\/div>\n<div class=\"icon-text-listing-text\">\n<p>&nbsp;<\/p>\n<p><a style=\"text-decoration: none; font-size: medium; line-height: normal;\" href=\"https:\/\/www.hri-research.org\/de\/informationsquellen\/homeopathy-faqs\/nicht-einfach-nur-zuckerpillen\/\">Woher wissen wir, dass hom\u00f6opathische Arzneimittel nicht nur \u201eZuckerpillen\u201c sind?<\/a><\/p>\n<\/div>\n<div class=\"clear\"><\/div><\/div>\n<div class=\"icon-text-listing\">\n<div class=\"icon-text-listing-image\">\n<p><a href=\"https:\/\/www.hri-research.org\/de\/informationsquellen\/homeopathy-faqs\/vorteile-abgesehen-von-placebo\/\"><img loading=\"lazy\" decoding=\"async\" class=\"alignnone wp-image-2494 size-thumbnail\" src=\"https:\/\/www.hri-research.org\/wp-content\/uploads\/2014\/10\/5-Placebo-resized-150x150.jpg\" alt=\"\" width=\"150\" height=\"150\" \/><\/a><\/p>\n<\/div>\n<div class=\"icon-text-listing-text\">\n<p>&nbsp;<\/p>\n<p><a style=\"text-decoration: none; font-size: medium; line-height: normal;\" href=\"https:\/\/www.hri-research.org\/de\/informationsquellen\/homeopathy-faqs\/vorteile-abgesehen-von-placebo\/\">Sind die Vorteile der Hom\u00f6opathie mehr als nur Placebo-Effekte?<\/a><\/p>\n<\/div>\n<div class=\"clear\"><\/div><\/div>\n<div class=\"icon-text-listing\">\n<div class=\"icon-text-listing-image\">\n<p><a href=\"https:\/\/www.hri-research.org\/de\/informationsquellen\/homeopathy-faqs\/warum-halten-fachwissenschaftler-homoeopathie-fuer-moeglich\/\"><img loading=\"lazy\" decoding=\"async\" class=\"alignnone wp-image-3270\" src=\"https:\/\/www.hri-research.org\/wp-content\/uploads\/2014\/09\/Dont-know-how-it-works-300x300.jpg\" alt=\"\" width=\"150\" height=\"150\" srcset=\"https:\/\/www.hri-research.org\/wp-content\/uploads\/2014\/09\/Dont-know-how-it-works-300x300.jpg 300w, https:\/\/www.hri-research.org\/wp-content\/uploads\/2014\/09\/Dont-know-how-it-works-150x150.jpg 150w, https:\/\/www.hri-research.org\/wp-content\/uploads\/2014\/09\/Dont-know-how-it-works-98x98.jpg 98w, https:\/\/www.hri-research.org\/wp-content\/uploads\/2014\/09\/Dont-know-how-it-works-198x198.jpg 198w, https:\/\/www.hri-research.org\/wp-content\/uploads\/2014\/09\/Dont-know-how-it-works-158x158.jpg 158w, https:\/\/www.hri-research.org\/wp-content\/uploads\/2014\/09\/Dont-know-how-it-works-160x160.jpg 160w, https:\/\/www.hri-research.org\/wp-content\/uploads\/2014\/09\/Dont-know-how-it-works.jpg 500w\" sizes=\"auto, (max-width: 150px) 100vw, 150px\" \/><\/a><\/p>\n<\/div>\n<div class=\"icon-text-listing-text\">\n<p>&nbsp;<\/p>\n<p>&nbsp;<\/p>\n<p><a style=\"text-decoration: none; font-size: medium; line-height: normal;\" href=\"https:\/\/www.hri-research.org\/de\/informationsquellen\/homeopathy-faqs\/warum-halten-fachwissenschaftler-homoeopathie-fuer-moeglich\/\">Warum halten Fachwissenschaftler Hom\u00f6opathie f\u00fcr m\u00f6glich?<\/a><\/p>\n<\/div>\n<div class=\"clear\"><\/div><\/div>\n<div class=\"icon-text-listing\">\n<div class=\"icon-text-listing-image\">\n<p><a href=\"https:\/\/www.hri-research.org\/de\/informationsquellen\/homeopathy-faqs\/man-kann-der-homoeopathieforschung-vertrauen\/\"><img loading=\"lazy\" decoding=\"async\" class=\"alignnone wp-image-3263\" src=\"https:\/\/www.hri-research.org\/wp-content\/uploads\/2014\/09\/Bad-research_88836238-300x270.jpg\" alt=\"\" width=\"150\" height=\"135\" srcset=\"https:\/\/www.hri-research.org\/wp-content\/uploads\/2014\/09\/Bad-research_88836238-300x270.jpg 300w, https:\/\/www.hri-research.org\/wp-content\/uploads\/2014\/09\/Bad-research_88836238-98x88.jpg 98w, https:\/\/www.hri-research.org\/wp-content\/uploads\/2014\/09\/Bad-research_88836238-198x178.jpg 198w, https:\/\/www.hri-research.org\/wp-content\/uploads\/2014\/09\/Bad-research_88836238-158x142.jpg 158w, https:\/\/www.hri-research.org\/wp-content\/uploads\/2014\/09\/Bad-research_88836238-160x144.jpg 160w, https:\/\/www.hri-research.org\/wp-content\/uploads\/2014\/09\/Bad-research_88836238.jpg 500w\" sizes=\"auto, (max-width: 150px) 100vw, 150px\" \/><\/a><\/p>\n<\/div>\n<div class=\"icon-text-listing-text\">\n<p>&nbsp;<\/p>\n<p><a style=\"text-decoration: none; font-size: medium; line-height: normal;\" href=\"https:\/\/www.hri-research.org\/de\/informationsquellen\/homeopathy-faqs\/man-kann-der-homoeopathieforschung-vertrauen\/\">Ist die Hom\u00f6opathieforschung von ausreichender Qualit\u00e4t und vertrauensw\u00fcrdig?<\/a><\/p>\n<\/div>\n<div class=\"clear\"><\/div><\/div>\n<div class=\"icon-text-listing\">\n<div class=\"icon-text-listing-image\">\n<p><a href=\"https:\/\/www.hri-research.org\/de\/informationsquellen\/homeopathy-faqs\/qualitativ-hochwertige-studien\/\"><img loading=\"lazy\" decoding=\"async\" class=\"alignnone wp-image-3256\" src=\"https:\/\/www.hri-research.org\/wp-content\/uploads\/2014\/09\/Clinical-trials_112772884-300x225.jpg\" alt=\"\" width=\"150\" height=\"113\" srcset=\"https:\/\/www.hri-research.org\/wp-content\/uploads\/2014\/09\/Clinical-trials_112772884-300x225.jpg 300w, https:\/\/www.hri-research.org\/wp-content\/uploads\/2014\/09\/Clinical-trials_112772884-98x73.jpg 98w, https:\/\/www.hri-research.org\/wp-content\/uploads\/2014\/09\/Clinical-trials_112772884-198x148.jpg 198w, https:\/\/www.hri-research.org\/wp-content\/uploads\/2014\/09\/Clinical-trials_112772884-158x118.jpg 158w, https:\/\/www.hri-research.org\/wp-content\/uploads\/2014\/09\/Clinical-trials_112772884-160x120.jpg 160w, https:\/\/www.hri-research.org\/wp-content\/uploads\/2014\/09\/Clinical-trials_112772884.jpg 500w\" sizes=\"auto, (max-width: 150px) 100vw, 150px\" \/><\/a><\/p>\n<\/div>\n<div class=\"icon-text-listing-text\">\n<p>&nbsp;<\/p>\n<p><a style=\"text-decoration: none; font-size: medium; line-height: normal;\" href=\"https:\/\/www.hri-research.org\/de\/informationsquellen\/homeopathy-faqs\/qualitativ-hochwertige-studien\/\">Gibt es qualitativ hochwertige Studien, die zeigen, dass Hom\u00f6opathie wirkt?<\/a><\/p>\n<\/div>\n<div class=\"clear\"><\/div><\/div>\n<div class=\"icon-text-listing\">\n<div class=\"icon-text-listing-image\">\n<p><a href=\"https:\/\/www.hri-research.org\/de\/informationsquellen\/homeopathy-faqs\/gleiches-heilt-gleiches\/\"><img loading=\"lazy\" decoding=\"async\" class=\"alignnone wp-image-1901\" src=\"https:\/\/www.hri-research.org\/wp-content\/uploads\/2014\/09\/9-Like-cures-like_shutterstock_197767424-300x200.jpg\" alt=\"9-Like cures like_shutterstock_197767424\" width=\"150\" height=\"100\" srcset=\"https:\/\/www.hri-research.org\/wp-content\/uploads\/2014\/09\/9-Like-cures-like_shutterstock_197767424-300x200.jpg 300w, https:\/\/www.hri-research.org\/wp-content\/uploads\/2014\/09\/9-Like-cures-like_shutterstock_197767424-98x65.jpg 98w, https:\/\/www.hri-research.org\/wp-content\/uploads\/2014\/09\/9-Like-cures-like_shutterstock_197767424-198x132.jpg 198w, https:\/\/www.hri-research.org\/wp-content\/uploads\/2014\/09\/9-Like-cures-like_shutterstock_197767424-158x105.jpg 158w, https:\/\/www.hri-research.org\/wp-content\/uploads\/2014\/09\/9-Like-cures-like_shutterstock_197767424-160x106.jpg 160w, https:\/\/www.hri-research.org\/wp-content\/uploads\/2014\/09\/9-Like-cures-like_shutterstock_197767424-520x346.jpg 520w, https:\/\/www.hri-research.org\/wp-content\/uploads\/2014\/09\/9-Like-cures-like_shutterstock_197767424.jpg 1000w\" sizes=\"auto, (max-width: 150px) 100vw, 150px\" \/><\/a><\/p>\n<\/div>\n<div class=\"icon-text-listing-text\">\n<p>&nbsp;<\/p>\n<p><a style=\"text-decoration: none; font-size: medium; line-height: normal;\" href=\"https:\/\/www.hri-research.org\/de\/informationsquellen\/homeopathy-faqs\/gleiches-heilt-gleiches\/\">Inwiefern ist das hom\u00f6opathische Konzept \u201eGleiches heilt Gleiches\u201c sinnvoll?<\/a><\/p>\n<\/div>\n<div class=\"clear\"><\/div><\/div>\n<div class=\"icon-text-listing\">\n<div class=\"icon-text-listing-image\">\n<p><a href=\"https:\/\/www.hri-research.org\/de\/informationsquellen\/homeopathy-faqs\/verstehen-wie-homoeopathie-funktioniert\/\"><img loading=\"lazy\" decoding=\"async\" class=\"alignnone wp-image-3261\" src=\"https:\/\/www.hri-research.org\/wp-content\/uploads\/2014\/09\/Gears_102272059-smaller-300x200.jpeg\" alt=\"\" width=\"150\" height=\"100\" srcset=\"https:\/\/www.hri-research.org\/wp-content\/uploads\/2014\/09\/Gears_102272059-smaller-300x200.jpeg 300w, https:\/\/www.hri-research.org\/wp-content\/uploads\/2014\/09\/Gears_102272059-smaller-98x65.jpeg 98w, https:\/\/www.hri-research.org\/wp-content\/uploads\/2014\/09\/Gears_102272059-smaller-198x132.jpeg 198w, https:\/\/www.hri-research.org\/wp-content\/uploads\/2014\/09\/Gears_102272059-smaller-158x105.jpeg 158w, https:\/\/www.hri-research.org\/wp-content\/uploads\/2014\/09\/Gears_102272059-smaller-160x106.jpeg 160w, https:\/\/www.hri-research.org\/wp-content\/uploads\/2014\/09\/Gears_102272059-smaller-520x346.jpeg 520w, https:\/\/www.hri-research.org\/wp-content\/uploads\/2014\/09\/Gears_102272059-smaller.jpeg 591w\" sizes=\"auto, (max-width: 150px) 100vw, 150px\" \/><\/a><\/p>\n<\/div>\n<div class=\"icon-text-listing-text\">\n<p>&nbsp;<\/p>\n<p><a style=\"text-decoration: none; font-size: medium; line-height: normal;\" href=\"https:\/\/www.hri-research.org\/de\/informationsquellen\/homeopathy-faqs\/verstehen-wie-homoeopathie-funktioniert\/\">Kann man hom\u00f6opathische Arzneimittel verwenden, ohne zu wissen, wie sie wirken?<\/a><\/p>\n<\/div>\n<div class=\"clear\"><\/div><\/div>\n<div class=\"icon-text-listing\">\n<div class=\"icon-text-listing-image\">\n<p><a href=\"https:\/\/www.hri-research.org\/de\/informationsquellen\/homeopathy-faqs\/homoeopathie-ist-echte-wissenschaft\/\"><img loading=\"lazy\" decoding=\"async\" class=\"alignnone wp-image-1900 size-thumbnail\" src=\"https:\/\/www.hri-research.org\/wp-content\/uploads\/2014\/09\/8-Homeopathy-research-is-poor-quality-resized-150x150.jpeg\" alt=\"\" width=\"150\" height=\"150\" \/><\/a><\/p>\n<\/div>\n<div class=\"icon-text-listing-text\">\n<p>&nbsp;<\/p>\n<p><a style=\"text-decoration: none; font-size: medium; line-height: normal;\" href=\"https:\/\/www.hri-research.org\/de\/informationsquellen\/homeopathy-faqs\/homoeopathie-ist-echte-wissenschaft\/\">Hom\u00f6opathie ist \u201aechte Wissenschaft\u2018<\/a><\/p>\n<\/div>\n<div class=\"clear\"><\/div><\/div>\n","protected":false},"excerpt":{"rendered":"<p>Hom\u00f6opathie ist umstritten. Prominente Personen des \u00f6ffentlichen Lebens \u00e4u\u00dfern sich oft sehr kritisch gegen\u00fcber der Hom\u00f6opathie, aber nur sehr wenige Menschen hatten bisher die Gelegenheit, selber die Fakten zur Hom\u00f6opathie-Forschung nachzulesen. Hier beantworten wir die am h\u00e4ufigsten gestellten Fragen zur Hom\u00f6opathie auf der Grundlage der besten verf\u00fcgbaren wissenschaftlichen Erkenntnisse.<\/p>\n","protected":false},"author":4,"featured_media":20953,"parent":9714,"menu_order":0,"comment_status":"closed","ping_status":"closed","template":"page-translated-faq.php","meta":{"footnotes":""},"class_list":["post-5215","page","type-page","status-publish","has-post-thumbnail","hentry"],"jetpack_sharing_enabled":true,"_links":{"self":[{"href":"https:\/\/www.hri-research.org\/de\/wp-json\/wp\/v2\/pages\/5215","targetHints":{"allow":["GET"]}}],"collection":[{"href":"https:\/\/www.hri-research.org\/de\/wp-json\/wp\/v2\/pages"}],"about":[{"href":"https:\/\/www.hri-research.org\/de\/wp-json\/wp\/v2\/types\/page"}],"author":[{"embeddable":true,"href":"https:\/\/www.hri-research.org\/de\/wp-json\/wp\/v2\/users\/4"}],"replies":[{"embeddable":true,"href":"https:\/\/www.hri-research.org\/de\/wp-json\/wp\/v2\/comments?post=5215"}],"version-history":[{"count":0,"href":"https:\/\/www.hri-research.org\/de\/wp-json\/wp\/v2\/pages\/5215\/revisions"}],"up":[{"embeddable":true,"href":"https:\/\/www.hri-research.org\/de\/wp-json\/wp\/v2\/pages\/9714"}],"wp:featuredmedia":[{"embeddable":true,"href":"https:\/\/www.hri-research.org\/de\/wp-json\/wp\/v2\/media\/20953"}],"wp:attachment":[{"href":"https:\/\/www.hri-research.org\/de\/wp-json\/wp\/v2\/media?parent=5215"}],"curies":[{"name":"wp","href":"https:\/\/api.w.org\/{rel}","templated":true}]}}